{"id":219,"date":"2022-04-13T16:46:39","date_gmt":"2022-04-13T14:46:39","guid":{"rendered":"https:\/\/mirabel-campings.com\/?page_id=219"},"modified":"2024-04-08T14:10:13","modified_gmt":"2024-04-08T12:10:13","slug":"sport-und-freizeit","status":"publish","type":"page","link":"https:\/\/mirabel-campings.com\/de\/sports-et-loisirs\/","title":{"rendered":"Sport und Freizeit"},"content":{"rendered":"<h1 class=\"wp-block-heading\" id=\"on-garde-la-forme-au-camping-les-prairies-de-la-mer\"><strong><strong>Unsere Freizeitaktivit\u00e4ten f\u00fcr Kinder und die ganze Familie<\/strong><\/strong><\/h1>\n\n\n\n<div class=\"wp-block-media-text alignwide has-media-on-the-right is-stacked-on-mobile\"><div class=\"wp-block-media-text__content\">\n<h2 class=\"wp-block-heading\">Unsere sicheren Spielpl\u00e4tze f\u00fcr Kinder<\/h2>\n\n\n\n<figure class=\"wp-block-image size-full\"><img loading=\"lazy\" decoding=\"async\" width=\"50\" height=\"8\" src=\"https:\/\/mirabel-campings.com\/wp-content\/uploads\/2022\/05\/barre-bleue.png\" alt=\"\" class=\"wp-image-3044\"\/><\/figure>\n\n\n\n<figure class=\"wp-block-image alignright size-full is-resized\"><img loading=\"lazy\" decoding=\"async\" width=\"320\" height=\"292\" src=\"https:\/\/mirabel-campings.com\/wp-content\/uploads\/2022\/04\/Soleil.png\" alt=\"Sonne\" class=\"wp-image-300\" style=\"width:80px;height:73px\" srcset=\"https:\/\/mirabel-campings.com\/wp-content\/uploads\/2022\/04\/Soleil.png 320w, https:\/\/mirabel-campings.com\/wp-content\/uploads\/2022\/04\/Soleil-300x274.png 300w\" sizes=\"auto, (max-width: 320px) 100vw, 320px\" \/><\/figure>\n\n\n\n<p>Jeder unserer Campingpl\u00e4tze, die f\u00fcr die Vermietung ge\u00f6ffnet sind, hat f\u00fcr die j\u00fcngeren Kinder eingerichtete Spielpl\u00e4tze. So k\u00f6nnen sich die Kinder ohne Risiko und in aller Ruhe f\u00fcr die Eltern vergn\u00fcgen. <strong>Rutschen<\/strong>, <strong>Schaukeln<\/strong>, <strong>Seilstrecken<\/strong> warten auf die Kleinsten. Von <strong>H\u00fcpfburgen<\/strong> werden ebenfalls aufgestellt, um unbegrenzt zu h\u00fcpfen und zu rutschen, in Form einer riesigen Burg oder eines Seeungeheuers. Alles ist darauf ausgerichtet, dass die Kinder echte Momente des Spa\u00dfes und der Freude verbringen!<\/p>\n<\/div><figure class=\"wp-block-media-text__media\"><img loading=\"lazy\" decoding=\"async\" width=\"1024\" height=\"768\" src=\"https:\/\/mirabel-campings.com\/wp-content\/uploads\/2022\/04\/chateau-gonflable-ouistreham-mirabel-1024x768.jpg\" alt=\"H\u00fcpfburg\" class=\"wp-image-1083 size-full\" srcset=\"https:\/\/mirabel-campings.com\/wp-content\/uploads\/2022\/04\/chateau-gonflable-ouistreham-mirabel-1024x768.jpg 1024w, https:\/\/mirabel-campings.com\/wp-content\/uploads\/2022\/04\/chateau-gonflable-ouistreham-mirabel-300x225.jpg 300w, https:\/\/mirabel-campings.com\/wp-content\/uploads\/2022\/04\/chateau-gonflable-ouistreham-mirabel-768x576.jpg 768w, https:\/\/mirabel-campings.com\/wp-content\/uploads\/2022\/04\/chateau-gonflable-ouistreham-mirabel.jpg 1200w\" sizes=\"auto, (max-width: 1024px) 100vw, 1024px\" \/><\/figure><\/div>\n\n\n\n<div style=\"height:14px\" aria-hidden=\"true\" class=\"wp-block-spacer\"><\/div>\n\n\n\n<div class=\"wp-block-media-text alignwide is-stacked-on-mobile front-page-section grey\"><figure class=\"wp-block-media-text__media\"><img loading=\"lazy\" decoding=\"async\" width=\"1024\" height=\"683\" src=\"https:\/\/mirabel-campings.com\/wp-content\/uploads\/2023\/04\/multisports-camping-terrain-sport-1024x683.jpg\" alt=\"Multisportplatz\" class=\"wp-image-1095 size-full\" srcset=\"https:\/\/mirabel-campings.com\/wp-content\/uploads\/2023\/04\/multisports-camping-terrain-sport-1024x683.jpg 1024w, https:\/\/mirabel-campings.com\/wp-content\/uploads\/2023\/04\/multisports-camping-terrain-sport-300x200.jpg 300w, https:\/\/mirabel-campings.com\/wp-content\/uploads\/2023\/04\/multisports-camping-terrain-sport-768x512.jpg 768w, https:\/\/mirabel-campings.com\/wp-content\/uploads\/2023\/04\/multisports-camping-terrain-sport.jpg 1200w\" sizes=\"auto, (max-width: 1024px) 100vw, 1024px\" \/><\/figure><div class=\"wp-block-media-text__content\">\n<p class=\"texte-rond has-orange-color has-text-color has-large-font-size\">Unsere Sportpl\u00e4tze zum gemeinsamen Spielen\u00a0<\/p>\n\n\n\n<figure class=\"wp-block-image size-full\"><img loading=\"lazy\" decoding=\"async\" width=\"50\" height=\"8\" src=\"https:\/\/mirabel-campings.com\/wp-content\/uploads\/2022\/05\/barre-bleue.png\" alt=\"\" class=\"wp-image-3044\"\/><\/figure>\n\n\n\n<p>In unseren <strong>Campingpl\u00e4tze Mirabel<\/strong>, Wir tun alles daf\u00fcr, dass Sie sich mit Ihrer Familie oder Ihren Freunden treffen k\u00f6nnen, um gemeinsam zu spielen und Spa\u00df zu haben. Unsere Multisportpl\u00e4tze eignen sich hervorragend f\u00fcr diesen Austausch, <strong>Sneakerboards<\/strong>, <strong>Handballtore<\/strong>, Sie sind der ideale Ort f\u00fcr die sportlichen Momente des Tages. Hier trifft man sich gerne, um den Ball zu kicken, sich auszuruhen und zu plaudern oder in Teams gegeneinander anzutreten. <strong>Volleyballturnier<\/strong> oder Basketball zum Beispiel. In der Saison treffen sich unsere Betreuer dort regelm\u00e4\u00dfig, um gro\u00dfe Spiele zu organisieren, wie z. B. <strong>Olympiade<\/strong>, oder <strong>Muskelerwachen<\/strong> um einen sch\u00f6nen Sommertag zu beginnen.<\/p>\n\n\n\n<p>Jetzt m\u00fcssen Sie nur noch Ihre Turnschuhe anziehen und wir sehen uns auf dem Multisportplatz Ihres Campingplatzes!<\/p>\n<\/div><\/div>\n\n\n\n<div style=\"height:14px\" aria-hidden=\"true\" class=\"wp-block-spacer\"><\/div>\n\n\n\n<div class=\"wp-block-media-text alignwide has-media-on-the-right is-stacked-on-mobile front-page-section grey\"><div class=\"wp-block-media-text__content\">\n<h2 class=\"wp-block-heading\">Unsere Boulodrome f\u00fcr P\u00e9tanque-Partien<\/h2>\n\n\n\n<figure class=\"wp-block-image size-full\"><img loading=\"lazy\" decoding=\"async\" width=\"50\" height=\"8\" src=\"https:\/\/mirabel-campings.com\/wp-content\/uploads\/2022\/05\/barre-bleue.png\" alt=\"\" class=\"wp-image-3044\"\/><\/figure>\n\n\n\n<p>Eine <strong>Campingaufenthalt<\/strong> ohne eine <strong>Boule-Partie<\/strong> ist doch kein richtiger Campingurlaub, oder? Das trifft sich gut, denn wir haben darauf geachtet, spezielle Bereiche einzurichten. Von <strong>Boulodrome<\/strong>, Die Schule ist in verschiedene Bereiche unterteilt, um die M\u00f6glichkeit zu haben, Spiele zu organisieren. <strong>Turniere<\/strong>, stehen Ihnen zur Verf\u00fcgung. Sie sind kein gro\u00dfer Fan von Boulespielen? Das ist nicht schlimm, denn nichts hindert Sie daran, eine Partie Boule zu spielen. <strong>Bretonische Paletten<\/strong> oder M\u00f6lkky!<\/p>\n\n\n\n<figure class=\"wp-block-image size-full is-resized\"><img loading=\"lazy\" decoding=\"async\" width=\"163\" height=\"93\" src=\"https:\/\/mirabel-campings.com\/wp-content\/uploads\/2022\/04\/boules.png\" alt=\"Boulodrome\" class=\"wp-image-295\" style=\"width:82px;height:47px\"\/><\/figure>\n<\/div><figure class=\"wp-block-media-text__media\"><img loading=\"lazy\" decoding=\"async\" width=\"1024\" height=\"681\" src=\"https:\/\/mirabel-campings.com\/wp-content\/uploads\/2023\/04\/boulodrome-camping-petanque-vacances-1024x681.jpg\" alt=\"Boule-Turnier Camping\" class=\"wp-image-1053 size-full\" srcset=\"https:\/\/mirabel-campings.com\/wp-content\/uploads\/2023\/04\/boulodrome-camping-petanque-vacances-1024x681.jpg 1024w, https:\/\/mirabel-campings.com\/wp-content\/uploads\/2023\/04\/boulodrome-camping-petanque-vacances-300x200.jpg 300w, https:\/\/mirabel-campings.com\/wp-content\/uploads\/2023\/04\/boulodrome-camping-petanque-vacances-768x511.jpg 768w, https:\/\/mirabel-campings.com\/wp-content\/uploads\/2023\/04\/boulodrome-camping-petanque-vacances.jpg 1200w\" sizes=\"auto, (max-width: 1024px) 100vw, 1024px\" \/><\/figure><\/div>\n\n\n\n<div class=\"wp-block-group is-layout-flow wp-block-group-is-layout-flow\">\n<figure class=\"wp-block-image aligncenter size-full is-resized mt-5\"><img loading=\"lazy\" decoding=\"async\" width=\"1024\" height=\"84\" src=\"https:\/\/mirabel-campings.com\/wp-content\/uploads\/2022\/04\/diapo-photos.png\" alt=\"Fotodias\" class=\"wp-image-276\" style=\"width:768px;height:63px\" srcset=\"https:\/\/mirabel-campings.com\/wp-content\/uploads\/2022\/04\/diapo-photos.png 1024w, https:\/\/mirabel-campings.com\/wp-content\/uploads\/2022\/04\/diapo-photos-300x25.png 300w, https:\/\/mirabel-campings.com\/wp-content\/uploads\/2022\/04\/diapo-photos-768x63.png 768w\" sizes=\"auto, (max-width: 1024px) 100vw, 1024px\" \/><\/figure>\n\n\n\t\t\t<div id=\"sevgallery-1586609537\" class=\"sev-diaporama sev-diaporama-portfolio\">\n\t\t\t\t<div class=\"row\">\n\n\t\t\t\t\t\n\t\t\t\t\t\t\n\t\t\t\t\t\t<div class=\"sev-diaporama-portfolio-item   btnseeall btnseeall-xl col-12 col-md  col-grow\">\n\t\t\t\t\t\t\t<a href=\"https:\/\/mirabel-campings.com\/wp-content\/uploads\/2022\/04\/salle-fitness-sport.jpg\" data-lightbox=\"sevgallery-1586609537\" style=\"background-image: url(https:\/\/mirabel-campings.com\/wp-content\/uploads\/2022\/04\/salle-fitness-sport.jpg)\">\n\t\t\t\t\t\t\t\t<img decoding=\"async\" src=\"https:\/\/mirabel-campings.com\/wp-content\/uploads\/2022\/04\/salle-fitness-sport.jpg\" alt=\"fitnessraum camping am meer\" loading=\"lazy\">\n\t\t\t\t\t\t\t<\/a>\n\t\t\t\t\t\t<\/div>\n\n\t\t\t\t\t\t\n\t\t\t\t\t\t\t\t\t\t\t\t\t\t\t\t\t\n\t\t\t\t\t\t\n\t\t\t\t\t\t<div class=\"sev-diaporama-portfolio-item   btnseeall btnseeall-xl col-12 col-md\">\n\t\t\t\t\t\t\t<a href=\"https:\/\/mirabel-campings.com\/wp-content\/uploads\/2022\/04\/chateau-gonflable-ouistreham-mirabel.jpg\" data-lightbox=\"sevgallery-1586609537\" style=\"background-image: url(https:\/\/mirabel-campings.com\/wp-content\/uploads\/2022\/04\/chateau-gonflable-ouistreham-mirabel.jpg)\">\n\t\t\t\t\t\t\t\t<img decoding=\"async\" src=\"https:\/\/mirabel-campings.com\/wp-content\/uploads\/2022\/04\/chateau-gonflable-ouistreham-mirabel.jpg\" alt=\"aufblasbare Burg Familiencamping\" loading=\"lazy\">\n\t\t\t\t\t\t\t<\/a>\n\t\t\t\t\t\t<\/div>\n\n\t\t\t\t\t\t\n\t\t\t\t\t\t\t\t\t\t\t\t\t\t\t\t\t\n\t\t\t\t\t\t\n\t\t\t\t\t\t<div class=\"sev-diaporama-portfolio-item   btnseeall btnseeall-xl col-12 col-md  col-grow\">\n\t\t\t\t\t\t\t<a href=\"https:\/\/mirabel-campings.com\/wp-content\/uploads\/2022\/04\/balancoire-enfants-jeux.jpg\" data-lightbox=\"sevgallery-1586609537\" style=\"background-image: url(https:\/\/mirabel-campings.com\/wp-content\/uploads\/2022\/04\/balancoire-enfants-jeux.jpg)\">\n\t\t\t\t\t\t\t\t<img decoding=\"async\" src=\"https:\/\/mirabel-campings.com\/wp-content\/uploads\/2022\/04\/balancoire-enfants-jeux.jpg\" alt=\"Schaukel Familiencampingplatz am Meer\" loading=\"lazy\">\n\t\t\t\t\t\t\t<\/a>\n\t\t\t\t\t\t<\/div>\n\n\t\t\t\t\t\t\n\t\t\t\t\t\t\t\t\t\t\t\t\t\t\t\t\t\n\t\t\t\t\t\t\n\t\t\t\t\t\t<div class=\"sev-diaporama-portfolio-item   btnseeall btnseeall-xl col-12 col-md  col-grow\">\n\t\t\t\t\t\t\t<a href=\"https:\/\/mirabel-campings.com\/wp-content\/uploads\/2023\/11\/club-enfant-animation-camping.jpg\" data-lightbox=\"sevgallery-1586609537\" style=\"background-image: url(https:\/\/mirabel-campings.com\/wp-content\/uploads\/2023\/11\/club-enfant-animation-camping.jpg)\">\n\t\t\t\t\t\t\t\t<img decoding=\"async\" src=\"https:\/\/mirabel-campings.com\/wp-content\/uploads\/2023\/11\/club-enfant-animation-camping.jpg\" alt=\"kinderclub camping animationen ouistreham\" loading=\"lazy\">\n\t\t\t\t\t\t\t<\/a>\n\t\t\t\t\t\t<\/div>\n\n\t\t\t\t\t\t\t\t\t\t\t\t\t<div class=\"w-100\"><\/div>\n\t\t\t\t\t\t\t\t\t\t\t\t\t\n\t\t\t\t\t\t\t\t\t\t\t\t\t\t\t\t\t\n\t\t\t\t\t\t\n\t\t\t\t\t\t<div class=\"sev-diaporama-portfolio-item   btnseeall btnseeall-xl col-12 col-md\">\n\t\t\t\t\t\t\t<a href=\"https:\/\/mirabel-campings.com\/wp-content\/uploads\/2023\/02\/actualites-campings-Mirabel.jpg\" data-lightbox=\"sevgallery-1586609537\" style=\"background-image: url(https:\/\/mirabel-campings.com\/wp-content\/uploads\/2023\/02\/actualites-campings-Mirabel.jpg)\">\n\t\t\t\t\t\t\t\t<img decoding=\"async\" src=\"https:\/\/mirabel-campings.com\/wp-content\/uploads\/2023\/02\/actualites-campings-Mirabel.jpg\" alt=\"Boulespieler auf dem Campingplatz und unter der Sommersonne\" loading=\"lazy\">\n\t\t\t\t\t\t\t<\/a>\n\t\t\t\t\t\t<\/div>\n\n\t\t\t\t\t\t\n\t\t\t\t\t\t\t\t\t\t\t\t\t\t\t\t\t\n\t\t\t\t\t\t\n\t\t\t\t\t\t<div class=\"sev-diaporama-portfolio-item   btnseeall btnseeall-xl col-12 col-md  col-shrink\">\n\t\t\t\t\t\t\t<a href=\"https:\/\/mirabel-campings.com\/wp-content\/uploads\/2023\/04\/multisports-camping-terrain-sport.jpg\" data-lightbox=\"sevgallery-1586609537\" style=\"background-image: url(https:\/\/mirabel-campings.com\/wp-content\/uploads\/2023\/04\/multisports-camping-terrain-sport.jpg)\">\n\t\t\t\t\t\t\t\t<img decoding=\"async\" src=\"https:\/\/mirabel-campings.com\/wp-content\/uploads\/2023\/04\/multisports-camping-terrain-sport.jpg\" alt=\"Multisportplatz Familienurlaub auf dem Campingplatz\" loading=\"lazy\">\n\t\t\t\t\t\t\t<\/a>\n\t\t\t\t\t\t<\/div>\n\n\t\t\t\t\t\t\n\t\t\t\t\t\t\t\t\t\t\t\t\t\t\t\t\t\n\t\t\t\t\t\t\n\t\t\t\t\t\t<div class=\"sev-diaporama-portfolio-item   btnseeall btnseeall-xl col-12 col-md  col-grow\">\n\t\t\t\t\t\t\t<a href=\"https:\/\/mirabel-campings.com\/wp-content\/uploads\/2022\/04\/salle-jeux-cayola.jpg\" data-lightbox=\"sevgallery-1586609537\" style=\"background-image: url(https:\/\/mirabel-campings.com\/wp-content\/uploads\/2022\/04\/salle-jeux-cayola.jpg)\">\n\t\t\t\t\t\t\t\t<img decoding=\"async\" src=\"https:\/\/mirabel-campings.com\/wp-content\/uploads\/2022\/04\/salle-jeux-cayola.jpg\" alt=\"spielzimmer zeltplatz am meer\" loading=\"lazy\">\n\t\t\t\t\t\t\t<\/a>\n\t\t\t\t\t\t<\/div>\n\n\t\t\t\t\t\t\n\t\t\t\t\t\t\t\t\t\t\t\t\t\t\t\t\t\n\t\t\t\t\t\t\n\t\t\t\t\t\t<div class=\"sev-diaporama-portfolio-item   btnseeall btnseeall-xl col-12 col-md  col-grow last-visible\">\n\t\t\t\t\t\t\t<a href=\"https:\/\/mirabel-campings.com\/wp-content\/uploads\/2022\/04\/chateau-gonflable-mielles.jpg\" data-lightbox=\"sevgallery-1586609537\" style=\"background-image: url(https:\/\/mirabel-campings.com\/wp-content\/uploads\/2022\/04\/chateau-gonflable-mielles.jpg)\">\n\t\t\t\t\t\t\t\t<img decoding=\"async\" src=\"https:\/\/mirabel-campings.com\/wp-content\/uploads\/2022\/04\/chateau-gonflable-mielles.jpg\" alt=\"aufblasbare Burg Familiencamping\" loading=\"lazy\">\n\t\t\t\t\t\t\t<\/a>\n\t\t\t\t\t\t<\/div>\n\n\t\t\t\t\t\t\t\t\t\t\t\t\t<div class=\"w-100\"><\/div>\n\t\t\t\t\t\t\t\t\t\t\t\t\t\n\t\t\t\t\t\t\t\t\t\t\t\t\t\t\t\t\t\n\t\t\t\t\t\t\n\t\t\t\t\t\t<div class=\"sev-diaporama-portfolio-item   btnseeall btnseeall-xl col-12 col-md  col-shrink d-none\">\n\t\t\t\t\t\t\t<a href=\"https:\/\/mirabel-campings.com\/wp-content\/uploads\/2022\/04\/table-ping-pong.jpg\" data-lightbox=\"sevgallery-1586609537\" style=\"background-image: url(https:\/\/mirabel-campings.com\/wp-content\/uploads\/2022\/04\/table-ping-pong.jpg)\">\n\t\t\t\t\t\t\t\t<img decoding=\"async\" src=\"https:\/\/mirabel-campings.com\/wp-content\/uploads\/2022\/04\/table-ping-pong.jpg\" alt=\"Tischtennisplatte Campingplatz in der N\u00e4he von Str\u00e4nden\" loading=\"lazy\">\n\t\t\t\t\t\t\t<\/a>\n\t\t\t\t\t\t<\/div>\n\n\t\t\t\t\t\t\n\t\t\t\t\t\t\t\t\t\t\t\t\t\t\t\t\t\n\t\t\t\t\t\t\n\t\t\t\t\t\t<div class=\"sev-diaporama-portfolio-item   btnseeall btnseeall-xl col-12 col-md  d-none\">\n\t\t\t\t\t\t\t<a href=\"https:\/\/mirabel-campings.com\/wp-content\/uploads\/2022\/04\/jeux-toboggan-enfant.jpg\" data-lightbox=\"sevgallery-1586609537\" style=\"background-image: url(https:\/\/mirabel-campings.com\/wp-content\/uploads\/2022\/04\/jeux-toboggan-enfant.jpg)\">\n\t\t\t\t\t\t\t\t<img decoding=\"async\" src=\"https:\/\/mirabel-campings.com\/wp-content\/uploads\/2022\/04\/jeux-toboggan-enfant.jpg\" alt=\"rutsche kinder camping am meer\" loading=\"lazy\">\n\t\t\t\t\t\t\t<\/a>\n\t\t\t\t\t\t<\/div>\n\n\t\t\t\t\t\t\n\t\t\t\t\t\t\t\t\t\t\t\t\t\t\t\t\t\n\t\t\t\t\t\t\n\t\t\t\t\t\t<div class=\"sev-diaporama-portfolio-item   btnseeall btnseeall-xl col-12 col-md  col-grow d-none\">\n\t\t\t\t\t\t\t<a href=\"https:\/\/mirabel-campings.com\/wp-content\/uploads\/2022\/04\/salle-jeux-enfant.jpg\" data-lightbox=\"sevgallery-1586609537\" style=\"background-image: url(https:\/\/mirabel-campings.com\/wp-content\/uploads\/2022\/04\/salle-jeux-enfant.jpg)\">\n\t\t\t\t\t\t\t\t<img decoding=\"async\" src=\"https:\/\/mirabel-campings.com\/wp-content\/uploads\/2022\/04\/salle-jeux-enfant.jpg\" alt=\"spielzimmer kinder camping am meer\" loading=\"lazy\">\n\t\t\t\t\t\t\t<\/a>\n\t\t\t\t\t\t<\/div>\n\n\t\t\t\t\t\t\n\t\t\t\t\t\t\t\t\t\t\t\t\t\t\t\t\t\n\t\t\t\t\t\t\n\t\t\t\t\t\t<div class=\"sev-diaporama-portfolio-item   btnseeall btnseeall-xl col-12 col-md  col-shrink d-none\">\n\t\t\t\t\t\t\t<a href=\"https:\/\/mirabel-campings.com\/wp-content\/uploads\/2022\/04\/SALLE_DE_FITNESS.jpg\" data-lightbox=\"sevgallery-1586609537\" style=\"background-image: url(https:\/\/mirabel-campings.com\/wp-content\/uploads\/2022\/04\/SALLE_DE_FITNESS.jpg)\">\n\t\t\t\t\t\t\t\t<img decoding=\"async\" src=\"https:\/\/mirabel-campings.com\/wp-content\/uploads\/2022\/04\/SALLE_DE_FITNESS.jpg\" alt=\"fitnessraum camping am meer\" loading=\"lazy\">\n\t\t\t\t\t\t\t<\/a>\n\t\t\t\t\t\t<\/div>\n\n\t\t\t\t\t\t\t\t\t\t\t\t\t<div class=\"w-100 d-none\"><\/div>\n\t\t\t\t\t\t\t\t\t\t\t\t\t\n\t\t\t\t\t\t\t\t\t\t\t\t\t\t\t\t\t\n\t\t\t\t\t\t\n\t\t\t\t\t\t<div class=\"sev-diaporama-portfolio-item   btnseeall btnseeall-xl col-12 col-md  col-grow d-none\">\n\t\t\t\t\t\t\t<a href=\"https:\/\/mirabel-campings.com\/wp-content\/uploads\/2022\/04\/aire-de-jeux-enfants.jpg\" data-lightbox=\"sevgallery-1586609537\" style=\"background-image: url(https:\/\/mirabel-campings.com\/wp-content\/uploads\/2022\/04\/aire-de-jeux-enfants.jpg)\">\n\t\t\t\t\t\t\t\t<img decoding=\"async\" src=\"https:\/\/mirabel-campings.com\/wp-content\/uploads\/2022\/04\/aire-de-jeux-enfants.jpg\" alt=\"Kinderspielplatz Familiencamping\" loading=\"lazy\">\n\t\t\t\t\t\t\t<\/a>\n\t\t\t\t\t\t<\/div>\n\n\t\t\t\t\t\t\n\t\t\t\t\t\t\t\t\t\t\t\t\t\t\t\t\t\n\t\t\t\t\t\t\n\t\t\t\t\t\t<div class=\"sev-diaporama-portfolio-item   btnseeall btnseeall-xl col-12 col-md  col-grow d-none\">\n\t\t\t\t\t\t\t<a href=\"https:\/\/mirabel-campings.com\/wp-content\/uploads\/2022\/04\/jeux-famille-molkky-mirabel.jpg\" data-lightbox=\"sevgallery-1586609537\" style=\"background-image: url(https:\/\/mirabel-campings.com\/wp-content\/uploads\/2022\/04\/jeux-famille-molkky-mirabel.jpg)\">\n\t\t\t\t\t\t\t\t<img decoding=\"async\" src=\"https:\/\/mirabel-campings.com\/wp-content\/uploads\/2022\/04\/jeux-famille-molkky-mirabel.jpg\" alt=\"molkky familienanimation am meer\" loading=\"lazy\">\n\t\t\t\t\t\t\t<\/a>\n\t\t\t\t\t\t<\/div>\n\n\t\t\t\t\t\t\n\t\t\t\t\t\t\t\t\t\t\t\t\t\t\t\t\t\n\t\t\t\t\t\t\n\t\t\t\t\t\t<div class=\"sev-diaporama-portfolio-item  limitsm btnseeall btnseeall-xl col-12 col-md  col-grow d-none\">\n\t\t\t\t\t\t\t<a href=\"https:\/\/mirabel-campings.com\/wp-content\/uploads\/2022\/04\/jeux-enfant-amusement.jpg\" data-lightbox=\"sevgallery-1586609537\" style=\"background-image: url(https:\/\/mirabel-campings.com\/wp-content\/uploads\/2022\/04\/jeux-enfant-amusement.jpg)\">\n\t\t\t\t\t\t\t\t<img decoding=\"async\" src=\"https:\/\/mirabel-campings.com\/wp-content\/uploads\/2022\/04\/jeux-enfant-amusement.jpg\" alt=\"kinderspiele camping am meer an der atlantikk\u00fcste\" loading=\"lazy\">\n\t\t\t\t\t\t\t<\/a>\n\t\t\t\t\t\t<\/div>\n\n\t\t\t\t\t\t\n\t\t\t\t\t\t\t\t\t\t\t\t\t\t\t\t\t\t\t\t\t<\/div>\n\t\t\t<\/div>\n\n\t\t\t<script>\n\t\t\tjQuery(function($) {\n\n\t\t\t\tvar marginPortfolio = function() {\n\n\t\t\t\t\tvar $diapo          = $('#sevgallery-1586609537');\n\t\t\t\t\tvar container_width = $diapo.parent().outerWidth();\n\t\t\t\t\tvar side            = ( $(window).innerWidth() - container_width ) \/ 2;\n\n\t\t\t\t\t$diapo.css( {\n\t\t\t\t\t\t'margin-left': '-' + side + 'px',\n\t\t\t\t\t\t'margin-right': '-' + side + 'px',\n\t\t\t\t\t} );\n\t\t\t\t};\n\n\t\t\t\t$( window ).resize( function() {\n\t\t\t\t\tmarginPortfolio();\n\t\t\t\t} );\n\t\t\t\tmarginPortfolio();\n\t\t\t});\n\t\t\t<\/script>\n\t\t\t\n<\/div>","protected":false},"excerpt":{"rendered":"<p>Unsere Freizeitaktivit\u00e4ten f\u00fcr Kinder und die ganze Familie<\/p>","protected":false},"author":1,"featured_media":0,"parent":0,"menu_order":0,"comment_status":"closed","ping_status":"closed","template":"","meta":{"_seopress_robots_primary_cat":"","_seopress_titles_title":"Retrouvez les \u00e9quipements de nos campings 1 \u00e0 4* bord de mer","_seopress_titles_desc":"Chacun de nos campings MIRABEL Campings & R\u00e9sidences, ouverts \u00e0 la location ont, pour les plus jeunes, des aires de jeux am\u00e9nag\u00e9es","_seopress_robots_index":"","footnotes":""},"class_list":["post-219","page","type-page","status-publish","hentry"],"_links":{"self":[{"href":"https:\/\/mirabel-campings.com\/de\/wp-json\/wp\/v2\/pages\/219","targetHints":{"allow":["GET"]}}],"collection":[{"href":"https:\/\/mirabel-campings.com\/de\/wp-json\/wp\/v2\/pages"}],"about":[{"href":"https:\/\/mirabel-campings.com\/de\/wp-json\/wp\/v2\/types\/page"}],"author":[{"embeddable":true,"href":"https:\/\/mirabel-campings.com\/de\/wp-json\/wp\/v2\/users\/1"}],"replies":[{"embeddable":true,"href":"https:\/\/mirabel-campings.com\/de\/wp-json\/wp\/v2\/comments?post=219"}],"version-history":[{"count":35,"href":"https:\/\/mirabel-campings.com\/de\/wp-json\/wp\/v2\/pages\/219\/revisions"}],"predecessor-version":[{"id":8944,"href":"https:\/\/mirabel-campings.com\/de\/wp-json\/wp\/v2\/pages\/219\/revisions\/8944"}],"wp:attachment":[{"href":"https:\/\/mirabel-campings.com\/de\/wp-json\/wp\/v2\/media?parent=219"}],"curies":[{"name":"wp","href":"https:\/\/api.w.org\/{rel}","templated":true}]}}