{"id":2986,"date":"2022-05-10T15:57:06","date_gmt":"2022-05-10T13:57:06","guid":{"rendered":"https:\/\/mirabel-campings.com\/?page_id=2986"},"modified":"2025-04-02T15:45:03","modified_gmt":"2025-04-02T13:45:03","slug":"unsere-reiseziele","status":"publish","type":"page","link":"https:\/\/mirabel-campings.com\/de\/nos-destinations\/","title":{"rendered":"Unsere Reiseziele"},"content":{"rendered":"<h1 class=\"wp-block-heading\">Unsere Mirabel-Campingpl\u00e4tze befinden sich im Grand Ouest in K\u00fcstenn\u00e4he.<\/h1>\n\n\n\n<h2 class=\"wp-block-heading has-text-align-center\">W\u00e4hlen Sie ein Reiseziel, das zu Ihnen passt<\/h2>\n\n\n\n<figure class=\"wp-block-image aligncenter size-full is-resized\"><img loading=\"lazy\" decoding=\"async\" width=\"50\" height=\"8\" src=\"https:\/\/mirabel-campings.com\/wp-content\/uploads\/2022\/04\/barre-bleue.png\" alt=\"\" class=\"wp-image-309\" style=\"width:50px;height:8px\"\/><\/figure>\n\n\n\n<div class=\"wp-block-columns alignwide are-vertically-aligned-top is-layout-flex wp-container-core-columns-is-layout-28f84493 wp-block-columns-is-layout-flex\">\n<div class=\"wp-block-column is-vertically-aligned-top is-layout-flow wp-block-column-is-layout-flow\">\n<div class=\"wp-block-create-block-sevgutenberg-navigation\"><aside class=\"encart-sev-navigation moyen arrondi\"><a href=\"https:\/\/mirabel-campings.com\/de\/normandie\/\" class=\"d-flex flex-column align-items-center\"><div class=\"encart-title\"><span>Normandie<\/span><\/div><div class=\"vague\"><\/div><img decoding=\"async\" src=\"https:\/\/mirabel-campings.com\/wp-content\/uploads\/2022\/04\/encart-normandie.jpg\" alt=\"Campingpl\u00e4tze in der Normandie\"\/><div class=\"ligne\"><\/div><div class=\"hover\"><\/div><\/a><\/aside><\/div>\n<\/div>\n\n\n\n<div class=\"wp-block-column is-vertically-aligned-top is-layout-flow wp-block-column-is-layout-flow\">\n<div class=\"wp-block-create-block-sevgutenberg-navigation mw-100\"><aside class=\"encart-sev-navigation moyen arrondi\"><a href=\"https:\/\/mirabel-campings.com\/de\/bretagne\/\" class=\"d-flex flex-column align-items-center\"><div class=\"encart-title\"><span>Bretagne<\/span><\/div><div class=\"vague\"><\/div><img decoding=\"async\" src=\"https:\/\/mirabel-campings.com\/wp-content\/uploads\/2022\/04\/encart-bretagne.jpg\" alt=\"Campingpl\u00e4tze in der Bretagne\"\/><div class=\"ligne\"><\/div><div class=\"hover\"><\/div><\/a><\/aside><\/div>\n<\/div>\n\n\n\n<div class=\"wp-block-column is-vertically-aligned-top is-layout-flow wp-block-column-is-layout-flow\">\n<div class=\"wp-block-create-block-sevgutenberg-navigation\"><aside class=\"encart-sev-navigation moyen arrondi\"><a href=\"https:\/\/mirabel-campings.com\/de\/pays-de-la-loire\/\" class=\"d-flex flex-column align-items-center\"><div class=\"encart-title\"><span>Pays de la Loire<\/span><\/div><div class=\"vague\"><\/div><img decoding=\"async\" src=\"https:\/\/mirabel-campings.com\/wp-content\/uploads\/2022\/04\/encart-pays-de-la-loire.jpg\" alt=\"campingpl\u00e4tze pays de la loire\"\/><div class=\"ligne\"><\/div><div class=\"hover\"><\/div><\/a><\/aside><\/div>\n<\/div>\n<\/div>\n\n\n\n<h2 class=\"wp-block-heading\">Unsere 9 Mirabel-Campingpl\u00e4tze alle in der N\u00e4he des Meeres<\/h2>\n\n\n\n<p>Alle unsere Campingpl\u00e4tze befinden sich an der K\u00fcste, wo es sich gut leben l\u00e4sst! <strong>In der Normandie,<\/strong> werden Sie seine <strong>gro\u00dfe Str\u00e4nde<\/strong> und ein reiches kulturelles Erbe. Wenn Sie lieber <strong>kleine Buchten <\/strong>und smaragdgr\u00fcnem Wasser, fahren Sie zu den <strong>C\u00f4tes d'Armor in der Bretagne<\/strong>, Die Landschaft ist atemberaubend! Wenn Sie lieber die <strong>Atlantische K\u00fcste<\/strong>, Die <strong>Pays de la Loire<\/strong>, Entdecken Sie die Fischereien der C\u00f4te de Jade oder die wundersch\u00f6ne Landschaft der C\u00f4te de Jade. <strong>Badeort Les Sables d'Olonne.<\/strong> Es gibt f\u00fcr jeden Geschmack etwas, die Hauptsache ist, dass Sie den Ort finden, der Ihnen gef\u00e4llt, um einen wundersch\u00f6nen Urlaub in einem unserer <strong>Campingpl\u00e4tze Mirabel.<\/strong><\/p>","protected":false},"excerpt":{"rendered":"<p>Nos Campings Mirabel situ\u00e9s dans le Grand Ouest pr\u00e8s des c\u00f4tes. Choisissez la destination qui vous ressemble Nos 9 Campings [&hellip;]<\/p>\n","protected":false},"author":1,"featured_media":0,"parent":0,"menu_order":0,"comment_status":"closed","ping_status":"closed","template":"","meta":{"_seopress_robots_primary_cat":"","_seopress_titles_title":"Mirabel Campings - Normandie, Bretagne, Pays de la Loire","_seopress_titles_desc":"Choisissez la destination qui vous ressemble, Normandie, Bretagne, Pays de la Loire","_seopress_robots_index":"","footnotes":""},"class_list":["post-2986","page","type-page","status-publish","hentry"],"_links":{"self":[{"href":"https:\/\/mirabel-campings.com\/de\/wp-json\/wp\/v2\/pages\/2986","targetHints":{"allow":["GET"]}}],"collection":[{"href":"https:\/\/mirabel-campings.com\/de\/wp-json\/wp\/v2\/pages"}],"about":[{"href":"https:\/\/mirabel-campings.com\/de\/wp-json\/wp\/v2\/types\/page"}],"author":[{"embeddable":true,"href":"https:\/\/mirabel-campings.com\/de\/wp-json\/wp\/v2\/users\/1"}],"replies":[{"embeddable":true,"href":"https:\/\/mirabel-campings.com\/de\/wp-json\/wp\/v2\/comments?post=2986"}],"version-history":[{"count":17,"href":"https:\/\/mirabel-campings.com\/de\/wp-json\/wp\/v2\/pages\/2986\/revisions"}],"predecessor-version":[{"id":10891,"href":"https:\/\/mirabel-campings.com\/de\/wp-json\/wp\/v2\/pages\/2986\/revisions\/10891"}],"wp:attachment":[{"href":"https:\/\/mirabel-campings.com\/de\/wp-json\/wp\/v2\/media?parent=2986"}],"curies":[{"name":"wp","href":"https:\/\/api.w.org\/{rel}","templated":true}]}}