{"id":44,"date":"2022-04-13T14:45:28","date_gmt":"2022-04-13T12:45:28","guid":{"rendered":"https:\/\/mirabel-campings.com\/?page_id=44"},"modified":"2025-11-10T14:52:28","modified_gmt":"2025-11-10T13:52:28","slug":"eingerichtete-zelte","status":"publish","type":"page","link":"https:\/\/mirabel-campings.com\/de\/tentes-amenagees\/","title":{"rendered":"Eingerichtete Zelte"},"content":{"rendered":"<h1 class=\"wp-block-heading\">Mieten Sie eingerichtete Zelte auf einem Campingplatz am Meer!<\/h1>\n\n\n\n<h2 class=\"wp-block-heading\">Unsere ungew\u00f6hnlichen Unterk\u00fcnfte in der Bretagne!<\/h2>\n\n\n\n<figure class=\"wp-block-image size-full\"><img loading=\"lazy\" decoding=\"async\" width=\"50\" height=\"8\" src=\"https:\/\/mirabel-campings.com\/wp-content\/uploads\/2022\/05\/barre-bleue.png\" alt=\"\" class=\"wp-image-3044\"\/><\/figure>\n\n\n\n<div class=\"wp-block-media-text alignwide has-media-on-the-right is-stacked-on-mobile is-vertically-aligned-center\"><div class=\"wp-block-media-text__content\">\n<figure class=\"wp-block-image alignleft size-full is-resized\"><img loading=\"lazy\" decoding=\"async\" width=\"320\" height=\"214\" src=\"https:\/\/mirabel-campings.com\/wp-content\/uploads\/2022\/04\/Smile-1.png\" alt=\"smile\" class=\"wp-image-288\" style=\"width:100px\" srcset=\"https:\/\/mirabel-campings.com\/wp-content\/uploads\/2022\/04\/Smile-1.png 320w, https:\/\/mirabel-campings.com\/wp-content\/uploads\/2022\/04\/Smile-1-300x201.png 300w\" sizes=\"auto, (max-width: 320px) 100vw, 320px\" \/><\/figure>\n\n\n\n<p class=\"translation-block\">Lust auf ein Campingabenteuer, aber unbehaglich unter der Leinwand? Erleben Sie das Abenteuer mit unseren **eingerichteten und ausgestatteten Zelten**. Diese Unterkunftsart bietet Ihnen die W\u00e4rme und Authentizit\u00e4t der Campingatmosph\u00e4re im Zelt, aber mit zus\u00e4tzlichem Equipment und dem Komfort unserer Dienstleistungen. Alle unsere Mietzelte bieten einen **wundersch\u00f6nen Meerblick**. In unseren **<a href=\"https:\/\/mirabel-campings.com\/de\/bretagne\/\" target=\"_blank\" rel=\"noreferrer noopener\">Campingpl\u00e4tzen in der Bretagne<\/a>** in **Saint-Cast-le-Guildo** stehen Ihnen 2 Kategorien zur Verf\u00fcgung: der Tit'Home und der Coco Sweet.<\/p>\n<\/div><figure class=\"wp-block-media-text__media\"><img loading=\"lazy\" decoding=\"async\" width=\"600\" height=\"400\" src=\"https:\/\/mirabel-campings.com\/wp-content\/uploads\/2023\/04\/tente-camping-vue-mer-bretagne.jpg\" alt=\"vermietung eingerichtetes zelt 4 personen camping\" class=\"wp-image-6016 size-full\" srcset=\"https:\/\/mirabel-campings.com\/wp-content\/uploads\/2023\/04\/tente-camping-vue-mer-bretagne.jpg 600w, https:\/\/mirabel-campings.com\/wp-content\/uploads\/2023\/04\/tente-camping-vue-mer-bretagne-300x200.jpg 300w\" sizes=\"auto, (max-width: 600px) 100vw, 600px\" \/><\/figure><\/div>\n\n\n\n<div style=\"height:20px\" aria-hidden=\"true\" class=\"wp-block-spacer\"><\/div>\n\n\n\n<div class=\"wp-block-media-text alignwide is-stacked-on-mobile is-vertically-aligned-center animate left\"><figure class=\"wp-block-media-text__media\"><img loading=\"lazy\" decoding=\"async\" width=\"700\" height=\"466\" src=\"https:\/\/mirabel-campings.com\/wp-content\/uploads\/2024\/03\/IMG_0017-1-Personnalise.jpg\" alt=\"Haustierfreundliche Campingpl\u00e4tze in der Bretagne\" class=\"wp-image-8855 size-full\" srcset=\"https:\/\/mirabel-campings.com\/wp-content\/uploads\/2024\/03\/IMG_0017-1-Personnalise.jpg 700w, https:\/\/mirabel-campings.com\/wp-content\/uploads\/2024\/03\/IMG_0017-1-Personnalise-300x200.jpg 300w\" sizes=\"auto, (max-width: 700px) 100vw, 700px\" \/><\/figure><div class=\"wp-block-media-text__content\">\n<div style=\"height:30px\" aria-hidden=\"true\" class=\"wp-block-spacer\"><\/div>\n\n\n\n<p class=\"texte-rond has-orange-color has-text-color has-large-font-size\">Zum Campingplatz kommen, ohne sich aufzuladen!<\/p>\n\n\n\n<h2 class=\"wp-block-heading\">Das Tit'home<\/h2>\n\n\n\n<figure class=\"wp-block-image size-full\"><img loading=\"lazy\" decoding=\"async\" width=\"50\" height=\"8\" src=\"https:\/\/mirabel-campings.com\/wp-content\/uploads\/2022\/05\/barre-bleue.png\" alt=\"\" class=\"wp-image-3044\"\/><\/figure>\n\n\n\n<p>Zwischen Wohnwagen und Mobilheim liegt diese<strong> Ferienvermietung <\/strong>halbsteif von <strong>25m2 ohne Sanit\u00e4ranlagen<\/strong> hat eine K\u00fcche mit Kochplatten, K\u00fchlschrank und allem, was Sie f\u00fcr Ihre Mahlzeiten brauchen, zwei Schlafzimmer, ein Badezimmer und ein Badezimmer mit Dusche. <strong>\u00fcberdachte Terrasse<\/strong> mit Gartenm\u00f6beln und einer kleinen Gr\u00fcnfl\u00e4che, um in aller Ruhe zu genie\u00dfen. Um sie zu entdecken, w\u00e4hlen Sie unseren Campingplatz <a href=\"https:\/\/mirabel-campings.com\/de\/camping-les-4-vaulx\/\" target=\"_blank\" rel=\"noreferrer noopener\">Les 4 Vaulx<\/a> in den <strong>C\u00f4tes d'Armor<\/strong> und buchen Sie Ihren Aufenthalt.<\/p>\n<\/div><\/div>\n\n\n\n<div style=\"height:20px\" aria-hidden=\"true\" class=\"wp-block-spacer\"><\/div>\n\n\n\n<p class=\"has-text-align-center texte-rond has-large-font-size\">Camping mit Tit'home<\/p>\n\n\n\n<div class=\"wp-block-columns front-page-section grey is-layout-flex wp-container-core-columns-is-layout-28f84493 wp-block-columns-is-layout-flex\">\n<div class=\"wp-block-column is-layout-flow wp-block-column-is-layout-flow\"><\/div>\n\n\n\n<div class=\"wp-block-column is-layout-flow wp-block-column-is-layout-flow\"><\/div>\n\n\n\n<div class=\"wp-block-column is-layout-flow wp-block-column-is-layout-flow\">\n<div class=\"wp-block-create-block-sevgutenberg-navigation\"><aside class=\"encart-sev-navigation small carre\"><a href=\"https:\/\/mirabel-campings.com\/de\/camping-les-4-vaulx\/\" class=\"d-flex flex-column align-items-center\"><div class=\"encart-title\"><span>Die 4 Vaulx **<\/span><\/div><div class=\"vague\"><\/div><img decoding=\"async\" src=\"https:\/\/mirabel-campings.com\/wp-content\/uploads\/2022\/04\/4-vaulx.jpg\" alt=\"camping les 4 vaulx Bretagne\"\/><div class=\"ligne\"><\/div><div class=\"hover\"><\/div><\/a><\/aside><\/div>\n<\/div>\n\n\n\n<div class=\"wp-block-column is-layout-flow wp-block-column-is-layout-flow\"><\/div>\n\n\n\n<div class=\"wp-block-column is-layout-flow wp-block-column-is-layout-flow\"><\/div>\n<\/div>\n\n\n\n<div class=\"wp-block-media-text alignwide has-media-on-the-right is-stacked-on-mobile is-vertically-aligned-center is-image-fill-element\"><div class=\"wp-block-media-text__content\">\n<h2 class=\"wp-block-heading\">Die <strong>Coco Sweet: zwischen Zelt und Mobilheim <\/strong> <\/h2>\n\n\n\n<figure class=\"wp-block-image size-full\"><img loading=\"lazy\" decoding=\"async\" width=\"50\" height=\"8\" src=\"https:\/\/mirabel-campings.com\/wp-content\/uploads\/2022\/05\/barre-bleue.png\" alt=\"\" class=\"wp-image-3044\"\/><\/figure>\n\n\n\n<p class=\"translation-block\">Die Coco Sweet-Unterkunft, eine perfekte Mischung aus **Zelt** und **Mobilheim**, verf\u00fchrt Urlauber, die eine funktionale, gem\u00fctliche und erschwingliche Unterkunft suchen. Diese Zelte bieten Platz f\u00fcr bis zu **4 Personen** und sind bestens f\u00fcr einen komfortablen Urlaub mitten in der Natur ausgestattet. Eine **Terrasse mit Gartenm\u00f6beln, Liegest\u00fchlen und einem Grill** steht zu Ihrer Verf\u00fcgung. F\u00fcr einen Urlaub mit den F\u00fc\u00dfen im Wasser mieten Sie ein Coco Sweet auf unserem <a href=\"https:\/\/mirabel-campings.com\/de\/camping-les-4-vaulx\/\" target=\"_self\">Campingplatz Les 4 Vaulx<\/a> in **Saint Cast le Guildo**.<\/p>\n\n\n\n<p>Auf einem Roadtrip mit dem Fahrrad? Sie brauchen sich nicht mehr mit dem Zelt auf dem R\u00fccken zu belasten, unsere Zelte sind bereits aufgestellt, Sie m\u00fcssen sich nur noch niederlassen und entspannen!<\/p>\n<\/div><figure class=\"wp-block-media-text__media\"><img loading=\"lazy\" decoding=\"async\" width=\"600\" height=\"400\" src=\"https:\/\/mirabel-campings.com\/wp-content\/uploads\/2023\/04\/coco-sweet-tente-amenagee-location.jpg\" alt=\"Zelt mit Einrichtung coco sweet ohne Sanit\u00e4ranlagen\" class=\"wp-image-6543 size-full\" style=\"object-position:50% 50%\" srcset=\"https:\/\/mirabel-campings.com\/wp-content\/uploads\/2023\/04\/coco-sweet-tente-amenagee-location.jpg 600w, https:\/\/mirabel-campings.com\/wp-content\/uploads\/2023\/04\/coco-sweet-tente-amenagee-location-300x200.jpg 300w\" sizes=\"auto, (max-width: 600px) 100vw, 600px\" \/><\/figure><\/div>\n\n\n\n<div style=\"height:20px\" aria-hidden=\"true\" class=\"wp-block-spacer\"><\/div>\n\n\n\n<p class=\"has-text-align-center texte-rond has-large-font-size\">Camping mit Coco Sweet<\/p>\n\n\n\n<div class=\"wp-block-columns front-page-section grey is-layout-flex wp-container-core-columns-is-layout-28f84493 wp-block-columns-is-layout-flex\">\n<div class=\"wp-block-column is-layout-flow wp-block-column-is-layout-flow\"><\/div>\n\n\n\n<div class=\"wp-block-column is-layout-flow wp-block-column-is-layout-flow\"><\/div>\n\n\n\n<div class=\"wp-block-column is-layout-flow wp-block-column-is-layout-flow\">\n<div class=\"wp-block-create-block-sevgutenberg-navigation\"><aside class=\"encart-sev-navigation small carre\"><a href=\"https:\/\/mirabel-campings.com\/de\/camping-les-4-vaulx\/\" class=\"d-flex flex-column align-items-center\"><div class=\"encart-title\"><span>Die 4 Vaulx **<\/span><\/div><div class=\"vague\"><\/div><img decoding=\"async\" src=\"https:\/\/mirabel-campings.com\/wp-content\/uploads\/2022\/04\/4-vaulx.jpg\" alt=\"camping les 4 vaulx Bretagne\"\/><div class=\"ligne\"><\/div><div class=\"hover\"><\/div><\/a><\/aside><\/div>\n<\/div>\n\n\n\n<div class=\"wp-block-column is-layout-flow wp-block-column-is-layout-flow\"><\/div>\n\n\n\n<div class=\"wp-block-column is-layout-flow wp-block-column-is-layout-flow\"><\/div>\n<\/div>\n\n\n\n<div class=\"wp-block-media-text has-media-on-the-right is-stacked-on-mobile\"><div class=\"wp-block-media-text__content\">\n<h2 class=\"wp-block-heading\">Kenia-Zelte, Urlaub und Natur garantiert!<\/h2>\n\n\n\n<p>F\u00fcr eine einzigartige Erfahrung in der Normandie auf dem Campingplatz w\u00e4hlen Sie die Kenya Lodge Zelte von unserem <strong>Campingplatz l'Ermitage in der N\u00e4he von Granville.<\/strong> Der perfekte Kompromiss zwischen Komfort und Camping. Diese Unterk\u00fcnfte f\u00fcr 5 Personen werden Sie begeistern. 2 Schlafzimmer, ein Wohnraum mit K\u00fcchenzeile und eine gro\u00dfe \u00fcberdachte Terrasse (mit Meerblick), auf der Sie in aller Ruhe Ihre Mahlzeiten einnehmen k\u00f6nnen! Das gro\u00dfe Plus: ein Wasserbereich mit Dusche, Waschbecken und WC. <\/p>\n\n\n\n<p>In der K\u00fcche finden Sie alles, was Sie f\u00fcr einen gelungenen Aufenthalt ben\u00f6tigen: 1 Kochplatte mit 4 Gaskochstellen, 1 K\u00fchlschrank, 1 Mikrowelle, 1 elektrische Kaffeemaschine und alle Utensilien.<\/p>\n<\/div><figure class=\"wp-block-media-text__media\"><img loading=\"lazy\" decoding=\"async\" width=\"600\" height=\"515\" src=\"https:\/\/mirabel-campings.com\/wp-content\/uploads\/2025\/04\/lodge-keyna-hebergement-donville.jpg\" alt=\"lodge kenia unterkunft camping donville\" class=\"wp-image-10895 size-full\" srcset=\"https:\/\/mirabel-campings.com\/wp-content\/uploads\/2025\/04\/lodge-keyna-hebergement-donville.jpg 600w, https:\/\/mirabel-campings.com\/wp-content\/uploads\/2025\/04\/lodge-keyna-hebergement-donville-300x258.jpg 300w\" sizes=\"auto, (max-width: 600px) 100vw, 600px\" \/><\/figure><\/div>\n\n\n\n<div style=\"height:30px\" aria-hidden=\"true\" class=\"wp-block-spacer\"><\/div>\n\n\n\n<p class=\"has-text-align-center texte-rond has-large-font-size\">Camping mit Zelt Lodge Kenia<\/p>\n\n\n\n<div class=\"wp-block-columns is-layout-flex wp-container-core-columns-is-layout-28f84493 wp-block-columns-is-layout-flex\">\n<div class=\"wp-block-column is-layout-flow wp-block-column-is-layout-flow\" style=\"flex-basis:20%\"><\/div>\n\n\n\n<div class=\"wp-block-column is-layout-flow wp-block-column-is-layout-flow\" style=\"flex-basis:20%\"><\/div>\n\n\n\n<div class=\"wp-block-column is-layout-flow wp-block-column-is-layout-flow\" style=\"flex-basis:20%\">\n<div class=\"wp-block-create-block-sevgutenberg-navigation\"><aside class=\"encart-sev-navigation small carre\"><a href=\"https:\/\/mirabel-campings.com\/de\/page-camping\/\" class=\"d-flex flex-column align-items-center\"><div class=\"encart-title\"><span>L'Ermitage ***<\/span><\/div><div class=\"vague\"><\/div><img decoding=\"async\" src=\"https:\/\/mirabel-campings.com\/wp-content\/uploads\/2025\/03\/header-camping-ermitage-donville.png\" alt=\"header camping ermitage donville manche\"\/><div class=\"ligne\"><\/div><div class=\"hover\"><\/div><\/a><\/aside><\/div>\n<\/div>\n\n\n\n<div class=\"wp-block-column is-layout-flow wp-block-column-is-layout-flow\" style=\"flex-basis:20%\"><\/div>\n\n\n\n<div class=\"wp-block-column is-layout-flow wp-block-column-is-layout-flow\" style=\"flex-basis:20%\"><\/div>\n<\/div>\n\n\n\n<figure class=\"wp-block-image aligncenter size-full is-resized mt-5\"><img loading=\"lazy\" decoding=\"async\" width=\"1024\" height=\"84\" src=\"https:\/\/mirabel-campings.com\/wp-content\/uploads\/2022\/04\/diapo-photos.png\" alt=\"Fotodias\" class=\"wp-image-276\" style=\"width:768px;height:63px\" srcset=\"https:\/\/mirabel-campings.com\/wp-content\/uploads\/2022\/04\/diapo-photos.png 1024w, https:\/\/mirabel-campings.com\/wp-content\/uploads\/2022\/04\/diapo-photos-300x25.png 300w, https:\/\/mirabel-campings.com\/wp-content\/uploads\/2022\/04\/diapo-photos-768x63.png 768w\" sizes=\"auto, (max-width: 1024px) 100vw, 1024px\" \/><\/figure>\n\n\n\t\t\t<div id=\"sevgallery-138362104\" class=\"sev-diaporama sev-diaporama-portfolio\">\n\t\t\t\t<div class=\"row\">\n\n\t\t\t\t\t\n\t\t\t\t\t\t\n\t\t\t\t\t\t<div class=\"sev-diaporama-portfolio-item   btnseeall btnseeall-xl col-12 col-md\">\n\t\t\t\t\t\t\t<a href=\"https:\/\/mirabel-campings.com\/wp-content\/uploads\/2023\/12\/coco-sweet-location-4vaulx.jpg\" data-lightbox=\"sevgallery-138362104\" style=\"background-image: url(https:\/\/mirabel-campings.com\/wp-content\/uploads\/2023\/12\/coco-sweet-location-4vaulx.jpg)\">\n\t\t\t\t\t\t\t\t<img decoding=\"async\" src=\"https:\/\/mirabel-campings.com\/wp-content\/uploads\/2023\/12\/coco-sweet-location-4vaulx.jpg\" alt=\"coco sweet Zelt eingerichtet Terrasse\" loading=\"lazy\">\n\t\t\t\t\t\t\t<\/a>\n\t\t\t\t\t\t<\/div>\n\n\t\t\t\t\t\t\n\t\t\t\t\t\t\t\t\t\t\t\t\t\t\t\t\t\n\t\t\t\t\t\t\n\t\t\t\t\t\t<div class=\"sev-diaporama-portfolio-item   btnseeall btnseeall-xl col-12 col-md\">\n\t\t\t\t\t\t\t<a href=\"https:\/\/mirabel-campings.com\/wp-content\/uploads\/2025\/11\/tit-home-location-tente-camping.jpg\" data-lightbox=\"sevgallery-138362104\" style=\"background-image: url(https:\/\/mirabel-campings.com\/wp-content\/uploads\/2025\/11\/tit-home-location-tente-camping.jpg)\">\n\t\t\t\t\t\t\t\t<img decoding=\"async\" src=\"https:\/\/mirabel-campings.com\/wp-content\/uploads\/2025\/11\/tit-home-location-tente-camping.jpg\" alt=\"\" loading=\"lazy\">\n\t\t\t\t\t\t\t<\/a>\n\t\t\t\t\t\t<\/div>\n\n\t\t\t\t\t\t\n\t\t\t\t\t\t\t\t\t\t\t\t\t\t\t\t\t\n\t\t\t\t\t\t\n\t\t\t\t\t\t<div class=\"sev-diaporama-portfolio-item   btnseeall btnseeall-xl col-12 col-md\">\n\t\t\t\t\t\t\t<a href=\"https:\/\/mirabel-campings.com\/wp-content\/uploads\/2023\/12\/pive-vie-tit-home-location.jpg\" data-lightbox=\"sevgallery-138362104\" style=\"background-image: url(https:\/\/mirabel-campings.com\/wp-content\/uploads\/2023\/12\/pive-vie-tit-home-location.jpg)\">\n\t\t\t\t\t\t\t\t<img decoding=\"async\" src=\"https:\/\/mirabel-campings.com\/wp-content\/uploads\/2023\/12\/pive-vie-tit-home-location.jpg\" alt=\"Wohnraum Wohnzimmer tit home\" loading=\"lazy\">\n\t\t\t\t\t\t\t<\/a>\n\t\t\t\t\t\t<\/div>\n\n\t\t\t\t\t\t\n\t\t\t\t\t\t\t\t\t\t\t\t\t\t\t\t\t\n\t\t\t\t\t\t\n\t\t\t\t\t\t<div class=\"sev-diaporama-portfolio-item   btnseeall btnseeall-xl col-12 col-md  col-shrink\">\n\t\t\t\t\t\t\t<a href=\"https:\/\/mirabel-campings.com\/wp-content\/uploads\/2023\/12\/chambre-enfant-3.jpg\" data-lightbox=\"sevgallery-138362104\" style=\"background-image: url(https:\/\/mirabel-campings.com\/wp-content\/uploads\/2023\/12\/chambre-enfant-3.jpg)\">\n\t\t\t\t\t\t\t\t<img decoding=\"async\" src=\"https:\/\/mirabel-campings.com\/wp-content\/uploads\/2023\/12\/chambre-enfant-3.jpg\" alt=\"kinderzimmer tit home\" loading=\"lazy\">\n\t\t\t\t\t\t\t<\/a>\n\t\t\t\t\t\t<\/div>\n\n\t\t\t\t\t\t\t\t\t\t\t\t\t<div class=\"w-100\"><\/div>\n\t\t\t\t\t\t\t\t\t\t\t\t\t\n\t\t\t\t\t\t\t\t\t\t\t\t\t\t\t\t\t\n\t\t\t\t\t\t\n\t\t\t\t\t\t<div class=\"sev-diaporama-portfolio-item   btnseeall btnseeall-xl col-12 col-md\">\n\t\t\t\t\t\t\t<a href=\"https:\/\/mirabel-campings.com\/wp-content\/uploads\/2023\/12\/Tithome-terrasse.jpg\" data-lightbox=\"sevgallery-138362104\" style=\"background-image: url(https:\/\/mirabel-campings.com\/wp-content\/uploads\/2023\/12\/Tithome-terrasse.jpg)\">\n\t\t\t\t\t\t\t\t<img decoding=\"async\" src=\"https:\/\/mirabel-campings.com\/wp-content\/uploads\/2023\/12\/Tithome-terrasse.jpg\" alt=\"Zeltbungalow mit Terrasse\" loading=\"lazy\">\n\t\t\t\t\t\t\t<\/a>\n\t\t\t\t\t\t<\/div>\n\n\t\t\t\t\t\t\n\t\t\t\t\t\t\t\t\t\t\t\t\t\t\t\t\t\n\t\t\t\t\t\t\n\t\t\t\t\t\t<div class=\"sev-diaporama-portfolio-item   btnseeall btnseeall-xl col-12 col-md  col-shrink\">\n\t\t\t\t\t\t\t<a href=\"https:\/\/mirabel-campings.com\/wp-content\/uploads\/2023\/04\/coco-sweet-tente-amenagee-location.jpg\" data-lightbox=\"sevgallery-138362104\" style=\"background-image: url(https:\/\/mirabel-campings.com\/wp-content\/uploads\/2023\/04\/coco-sweet-tente-amenagee-location.jpg)\">\n\t\t\t\t\t\t\t\t<img decoding=\"async\" src=\"https:\/\/mirabel-campings.com\/wp-content\/uploads\/2023\/04\/coco-sweet-tente-amenagee-location.jpg\" alt=\"Zelt mit Einrichtung coco sweet ohne Sanit\u00e4ranlagen\" loading=\"lazy\">\n\t\t\t\t\t\t\t<\/a>\n\t\t\t\t\t\t<\/div>\n\n\t\t\t\t\t\t\n\t\t\t\t\t\t\t\t\t\t\t\t\t\t\t\t\t\n\t\t\t\t\t\t\n\t\t\t\t\t\t<div class=\"sev-diaporama-portfolio-item   btnseeall btnseeall-xl col-12 col-md  col-shrink\">\n\t\t\t\t\t\t\t<a href=\"https:\/\/mirabel-campings.com\/wp-content\/uploads\/2023\/12\/coco-sweet-chambre-2lits.jpg\" data-lightbox=\"sevgallery-138362104\" style=\"background-image: url(https:\/\/mirabel-campings.com\/wp-content\/uploads\/2023\/12\/coco-sweet-chambre-2lits.jpg)\">\n\t\t\t\t\t\t\t\t<img decoding=\"async\" src=\"https:\/\/mirabel-campings.com\/wp-content\/uploads\/2023\/12\/coco-sweet-chambre-2lits.jpg\" alt=\"coco sweet Kinderzimmer\" loading=\"lazy\">\n\t\t\t\t\t\t\t<\/a>\n\t\t\t\t\t\t<\/div>\n\n\t\t\t\t\t\t\n\t\t\t\t\t\t\t\t\t\t\t\t\t\t\t\t\t\n\t\t\t\t\t\t\n\t\t\t\t\t\t<div class=\"sev-diaporama-portfolio-item   btnseeall btnseeall-xl col-12 col-md  col-grow last-visible\">\n\t\t\t\t\t\t\t<a href=\"https:\/\/mirabel-campings.com\/wp-content\/uploads\/2023\/11\/coco-sweet-4vaulx.jpg\" data-lightbox=\"sevgallery-138362104\" style=\"background-image: url(https:\/\/mirabel-campings.com\/wp-content\/uploads\/2023\/11\/coco-sweet-4vaulx.jpg)\">\n\t\t\t\t\t\t\t\t<img decoding=\"async\" src=\"https:\/\/mirabel-campings.com\/wp-content\/uploads\/2023\/11\/coco-sweet-4vaulx.jpg\" alt=\"Standort des ausgestatteten Zeltes in Saint-Cast-le-Guildo\" loading=\"lazy\">\n\t\t\t\t\t\t\t<\/a>\n\t\t\t\t\t\t<\/div>\n\n\t\t\t\t\t\t\t\t\t\t\t\t\t<div class=\"w-100\"><\/div>\n\t\t\t\t\t\t\t\t\t\t\t\t\t\n\t\t\t\t\t\t\t\t\t\t\t\t\t\t\t\t\t\n\t\t\t\t\t\t\n\t\t\t\t\t\t<div class=\"sev-diaporama-portfolio-item   btnseeall btnseeall-xl col-12 col-md  col-shrink d-none\">\n\t\t\t\t\t\t\t<a href=\"https:\/\/mirabel-campings.com\/wp-content\/uploads\/2023\/12\/coco-sweet-chambre-double.jpg\" data-lightbox=\"sevgallery-138362104\" style=\"background-image: url(https:\/\/mirabel-campings.com\/wp-content\/uploads\/2023\/12\/coco-sweet-chambre-double.jpg)\">\n\t\t\t\t\t\t\t\t<img decoding=\"async\" src=\"https:\/\/mirabel-campings.com\/wp-content\/uploads\/2023\/12\/coco-sweet-chambre-double.jpg\" alt=\"coco sweet zelt elternschlafzimmer\" loading=\"lazy\">\n\t\t\t\t\t\t\t<\/a>\n\t\t\t\t\t\t<\/div>\n\n\t\t\t\t\t\t\n\t\t\t\t\t\t\t\t\t\t\t\t\t\t\t\t\t\n\t\t\t\t\t\t\n\t\t\t\t\t\t<div class=\"sev-diaporama-portfolio-item  limitsm btnseeall btnseeall-xl col-12 col-md  col-grow d-none\">\n\t\t\t\t\t\t\t<a href=\"https:\/\/mirabel-campings.com\/wp-content\/uploads\/2023\/12\/chambre-tit-home-camping.jpg\" data-lightbox=\"sevgallery-138362104\" style=\"background-image: url(https:\/\/mirabel-campings.com\/wp-content\/uploads\/2023\/12\/chambre-tit-home-camping.jpg)\">\n\t\t\t\t\t\t\t\t<img decoding=\"async\" src=\"https:\/\/mirabel-campings.com\/wp-content\/uploads\/2023\/12\/chambre-tit-home-camping.jpg\" alt=\"tit home zelt doppelzimmer\" loading=\"lazy\">\n\t\t\t\t\t\t\t<\/a>\n\t\t\t\t\t\t<\/div>\n\n\t\t\t\t\t\t\n\t\t\t\t\t\t\t\t\t\t\t\t\t\t\t\t\t\t\t\t\t<\/div>\n\t\t\t<\/div>\n\n\t\t\t<script>\n\t\t\tjQuery(function($) {\n\n\t\t\t\tvar marginPortfolio = function() {\n\n\t\t\t\t\tvar $diapo          = $('#sevgallery-138362104');\n\t\t\t\t\tvar container_width = $diapo.parent().outerWidth();\n\t\t\t\t\tvar side            = ( $(window).innerWidth() - container_width ) \/ 2;\n\n\t\t\t\t\t$diapo.css( {\n\t\t\t\t\t\t'margin-left': '-' + side + 'px',\n\t\t\t\t\t\t'margin-right': '-' + side + 'px',\n\t\t\t\t\t} );\n\t\t\t\t};\n\n\t\t\t\t$( window ).resize( function() {\n\t\t\t\t\tmarginPortfolio();\n\t\t\t\t} );\n\t\t\t\tmarginPortfolio();\n\t\t\t});\n\t\t\t<\/script>","protected":false},"excerpt":{"rendered":"<p>Location de tentes am\u00e9nag\u00e9es en camping au bord de mer\u00a0! Nos h\u00e9bergements insolites en Bretagne ! Camping avec Tit&rsquo;home Camping [&hellip;]<\/p>\n","protected":false},"author":1,"featured_media":0,"parent":0,"menu_order":0,"comment_status":"closed","ping_status":"closed","template":"","meta":{"_seopress_robots_primary_cat":"","_seopress_titles_title":"Location tente am\u00e9nag\u00e9e en Bretagne | Campings MIRABEL","_seopress_titles_desc":"Toutes nos tentes en location ont une vue magnifique sur la mer. 2 gammes sont disponibles dans nos campings en Bretagne.","_seopress_robots_index":"","footnotes":""},"class_list":["post-44","page","type-page","status-publish","hentry"],"_links":{"self":[{"href":"https:\/\/mirabel-campings.com\/de\/wp-json\/wp\/v2\/pages\/44","targetHints":{"allow":["GET"]}}],"collection":[{"href":"https:\/\/mirabel-campings.com\/de\/wp-json\/wp\/v2\/pages"}],"about":[{"href":"https:\/\/mirabel-campings.com\/de\/wp-json\/wp\/v2\/types\/page"}],"author":[{"embeddable":true,"href":"https:\/\/mirabel-campings.com\/de\/wp-json\/wp\/v2\/users\/1"}],"replies":[{"embeddable":true,"href":"https:\/\/mirabel-campings.com\/de\/wp-json\/wp\/v2\/comments?post=44"}],"version-history":[{"count":56,"href":"https:\/\/mirabel-campings.com\/de\/wp-json\/wp\/v2\/pages\/44\/revisions"}],"predecessor-version":[{"id":11335,"href":"https:\/\/mirabel-campings.com\/de\/wp-json\/wp\/v2\/pages\/44\/revisions\/11335"}],"wp:attachment":[{"href":"https:\/\/mirabel-campings.com\/de\/wp-json\/wp\/v2\/media?parent=44"}],"curies":[{"name":"wp","href":"https:\/\/api.w.org\/{rel}","templated":true}]}}