{"id":47,"date":"2022-04-13T14:45:37","date_gmt":"2022-04-13T12:45:37","guid":{"rendered":"https:\/\/mirabel-campings.com\/?page_id=47"},"modified":"2025-11-27T10:24:50","modified_gmt":"2025-11-27T09:24:50","slug":"wohnungen","status":"publish","type":"page","link":"https:\/\/mirabel-campings.com\/de\/appartements\/","title":{"rendered":"Wohnungen"},"content":{"rendered":"<h1 class=\"wp-block-heading\"><strong>Appartement in Les Sables d'Olonne f\u00fcr Ihren Urlaub mieten<\/strong><\/h1>\n\n\n\n<div class=\"wp-block-media-text has-media-on-the-right is-stacked-on-mobile is-vertically-aligned-center is-image-fill-element\"><div class=\"wp-block-media-text__content\">\n<h2 class=\"wp-block-heading\">Ein Aufenthalt mit gro\u00dfem Komfort auf Ihrem 4-Sterne-Campingplatz in der Vend\u00e9e<\/h2>\n\n\n\n<figure class=\"wp-block-image size-full\"><img loading=\"lazy\" decoding=\"async\" width=\"50\" height=\"8\" src=\"https:\/\/mirabel-campings.com\/wp-content\/uploads\/2022\/05\/barre-bleue.png\" alt=\"\" class=\"wp-image-3044\"\/><\/figure>\n\n\n\n<p>In einem gro\u00dfen, komplett renovierten Geb\u00e4ude unseres <strong><a href=\"https:\/\/mirabel-campings.com\/de\/camping-la-baie-de-cayola-les-sables-dolonne\/\" target=\"_blank\" rel=\"noreferrer noopener\">Campingplatz Mirabel La Baie de Cayola<\/a><\/strong>, in der Vend\u00e9e, mieten Sie einen unserer <strong>5 Wohnungen mit hohem Komfort<\/strong>.<\/p>\n\n\n\n<p>Mit einer <strong>Ansicht<\/strong> un\u00fcberwindlich <strong>auf dem Ozean<\/strong>, Sie verf\u00fcgen \u00fcber ein gro\u00dfes Wohnzimmer, eine K\u00fcche, einen Essbereich und ein Badezimmer. <strong>ausgestattete K\u00fcche <\/strong>mit Backofen, Geschirrsp\u00fcler, K\u00fchlschrank, Plancha, 2 bis 3 ger\u00e4umige und geschmackvoll eingerichtete Schlafzimmer, ein Badezimmer mit begehbarer Dusche und ein separates WC. Um die Sonne bis zum Ende zu genie\u00dfen, ist ein <strong>Terrasse<\/strong> erwartet Sie mit Gartenm\u00f6beln und Sonnenschirm.<\/p>\n\n\n\n<div class=\"wp-block-buttons is-layout-flex wp-block-buttons-is-layout-flex\">\n<div class=\"wp-block-button\"><a class=\"wp-block-button__link has-corail-background-color has-background wp-element-button\" href=\"https:\/\/www.youtube.com\/watch?v=-On9mnbhjYM&amp;t=3s\">Wohnungen in Videos ansehen<\/a><\/div>\n<\/div>\n<\/div><figure class=\"wp-block-media-text__media\"><img loading=\"lazy\" decoding=\"async\" width=\"900\" height=\"600\" src=\"https:\/\/mirabel-campings.com\/wp-content\/uploads\/2023\/04\/chambre-appartement-4-personnes.jpg\" alt=\"Duplex-Wohnung 3 Schlafzimmer\" class=\"wp-image-5588 size-full\" style=\"object-position:50% 50%\" srcset=\"https:\/\/mirabel-campings.com\/wp-content\/uploads\/2023\/04\/chambre-appartement-4-personnes.jpg 900w, https:\/\/mirabel-campings.com\/wp-content\/uploads\/2023\/04\/chambre-appartement-4-personnes-300x200.jpg 300w, https:\/\/mirabel-campings.com\/wp-content\/uploads\/2023\/04\/chambre-appartement-4-personnes-768x512.jpg 768w\" sizes=\"auto, (max-width: 900px) 100vw, 900px\" \/><\/figure><\/div>\n\n\n\n<div style=\"height:40px\" aria-hidden=\"true\" class=\"wp-block-spacer\"><\/div>\n\n\n\n<div class=\"wp-block-media-text alignwide is-stacked-on-mobile front-page-section grey is-style-default animate left\"><figure class=\"wp-block-media-text__media\"><img loading=\"lazy\" decoding=\"async\" width=\"1024\" height=\"493\" src=\"https:\/\/mirabel-campings.com\/wp-content\/uploads\/2022\/05\/photo-appartement-paragraphesejour-salon-salle-a-manger-1024x493.jpg\" alt=\"\" class=\"wp-image-3171 size-full\" srcset=\"https:\/\/mirabel-campings.com\/wp-content\/uploads\/2022\/05\/photo-appartement-paragraphesejour-salon-salle-a-manger-1024x493.jpg 1024w, https:\/\/mirabel-campings.com\/wp-content\/uploads\/2022\/05\/photo-appartement-paragraphesejour-salon-salle-a-manger-300x144.jpg 300w, https:\/\/mirabel-campings.com\/wp-content\/uploads\/2022\/05\/photo-appartement-paragraphesejour-salon-salle-a-manger-768x370.jpg 768w, https:\/\/mirabel-campings.com\/wp-content\/uploads\/2022\/05\/photo-appartement-paragraphesejour-salon-salle-a-manger-1536x739.jpg 1536w, https:\/\/mirabel-campings.com\/wp-content\/uploads\/2022\/05\/photo-appartement-paragraphesejour-salon-salle-a-manger-2048x986.jpg 2048w\" sizes=\"auto, (max-width: 1024px) 100vw, 1024px\" \/><\/figure><div class=\"wp-block-media-text__content\">\n<h2 class=\"wp-block-heading\">Wohnungen f\u00fcr die ganze Familie!<\/h2>\n\n\n\n<figure class=\"wp-block-image size-full\"><img loading=\"lazy\" decoding=\"async\" width=\"50\" height=\"8\" src=\"https:\/\/mirabel-campings.com\/wp-content\/uploads\/2022\/05\/barre-bleue.png\" alt=\"\" class=\"wp-image-3044\"\/><\/figure>\n\n\n\n<p>Von 50m\u00b2 bis 90m\u00b2, in Duplex oder nicht, bieten unsere Wohnungen Platz f\u00fcr&nbsp;<strong>bis zu 6 Personen.<\/strong> Sch\u00f6ne und ger\u00e4umige Wohnzimmer, in denen Sie leckere Gerichte kochen, mit Ihren Lieben zu Abend essen oder ein Gesellschaftsspiel am Tisch spielen k\u00f6nnen, bieten sich Ihnen an. So haben Sie die Mu\u00dfe, jeden Winkel Ihrer Komfortwohnung zu genie\u00dfen.<strong> Urlaub mit der Familie<\/strong> oder unter Freunden, w\u00e4hlen Sie eine andere Art der Unterbringung f\u00fcr eine neue <strong>Erfahrung<\/strong> beim Zelten in den <strong>Pays-de-la-Loire.<\/strong><\/p>\n<\/div><\/div>\n\n\n\n<div class=\"wp-block-media-text alignwide has-media-on-the-right is-stacked-on-mobile is-style-default animate right\"><div class=\"wp-block-media-text__content\">\n<div style=\"height:30px\" aria-hidden=\"true\" class=\"wp-block-spacer\"><\/div>\n\n\n\n<p class=\"texte-rond has-corail-color has-text-color has-large-font-size\">Atemberaubende Sonnenunterg\u00e4nge!<\/p>\n\n\n\n<p>Bei einer Aussicht wie der, die unsere Wohnungen bieten, werden Sie nicht widerstehen k\u00f6nnen, auf den <strong>Sonnenuntergang<\/strong> um das Spektakel zu bewundern. Wenn die Nacht hereinbricht, vermischen sich die Farben des Himmels und die Magie ist da. Z\u00fccken Sie den Fotoapparat, um den Moment festzuhalten, und schalten Sie alles andere aus, um sich wieder auf das Wesentliche zu konzentrieren: das Gl\u00fcck der <strong>Urlaub in der Vend\u00e9e<\/strong>&nbsp;!<\/p>\n\n\n\n<figure class=\"wp-block-image alignleft size-full is-resized\"><img loading=\"lazy\" decoding=\"async\" width=\"320\" height=\"292\" src=\"https:\/\/mirabel-campings.com\/wp-content\/uploads\/2022\/04\/Soleil.png\" alt=\"\" class=\"wp-image-300\" style=\"width:100px\" srcset=\"https:\/\/mirabel-campings.com\/wp-content\/uploads\/2022\/04\/Soleil.png 320w, https:\/\/mirabel-campings.com\/wp-content\/uploads\/2022\/04\/Soleil-300x274.png 300w\" sizes=\"auto, (max-width: 320px) 100vw, 320px\" \/><\/figure>\n<\/div><figure class=\"wp-block-media-text__media\"><img loading=\"lazy\" decoding=\"async\" width=\"1024\" height=\"683\" src=\"https:\/\/mirabel-campings.com\/wp-content\/uploads\/2022\/05\/PARAGRAPHE_COUCHER_DE_SOLEIL_APPART-1024x683.jpg\" alt=\"\" class=\"wp-image-3174 size-full\" srcset=\"https:\/\/mirabel-campings.com\/wp-content\/uploads\/2022\/05\/PARAGRAPHE_COUCHER_DE_SOLEIL_APPART-1024x683.jpg 1024w, https:\/\/mirabel-campings.com\/wp-content\/uploads\/2022\/05\/PARAGRAPHE_COUCHER_DE_SOLEIL_APPART-300x200.jpg 300w, https:\/\/mirabel-campings.com\/wp-content\/uploads\/2022\/05\/PARAGRAPHE_COUCHER_DE_SOLEIL_APPART-768x512.jpg 768w, https:\/\/mirabel-campings.com\/wp-content\/uploads\/2022\/05\/PARAGRAPHE_COUCHER_DE_SOLEIL_APPART.jpg 1200w\" sizes=\"auto, (max-width: 1024px) 100vw, 1024px\" \/><\/figure><\/div>\n\n\n\n<div style=\"height:40px\" aria-hidden=\"true\" class=\"wp-block-spacer\"><\/div>\n\n\n\n<p class=\"has-text-align-center texte-rond has-large-font-size\">Campingplatz bietet Appartements an!<\/p>\n\n\n\n<div class=\"wp-block-columns front-page-section grey is-layout-flex wp-container-core-columns-is-layout-28f84493 wp-block-columns-is-layout-flex\">\n<div class=\"wp-block-column is-layout-flow wp-block-column-is-layout-flow\"><\/div>\n\n\n\n<div class=\"wp-block-column is-layout-flow wp-block-column-is-layout-flow\"><\/div>\n\n\n\n<div class=\"wp-block-column is-layout-flow wp-block-column-is-layout-flow\">\n<div class=\"wp-block-create-block-sevgutenberg-navigation\"><aside class=\"encart-sev-navigation small carre\"><a href=\"https:\/\/mirabel-campings.com\/de\/camping-la-baie-de-cayola-les-sables-dolonne\/\" class=\"d-flex flex-column align-items-center\"><div class=\"encart-title\"><span>Die Bucht von Cayola ****<\/span><\/div><div class=\"vague\"><\/div><img decoding=\"async\" src=\"https:\/\/mirabel-campings.com\/wp-content\/uploads\/2022\/04\/appartement-cayola-vue-mer.jpg\" alt=\"Meerblick Vermietung Wohnung Les Sables d&#039;Olonne\"\/><div class=\"ligne\"><\/div><div class=\"hover\"><\/div><\/a><\/aside><\/div>\n<\/div>\n\n\n\n<div class=\"wp-block-column is-layout-flow wp-block-column-is-layout-flow\"><\/div>\n\n\n\n<div class=\"wp-block-column is-layout-flow wp-block-column-is-layout-flow\"><\/div>\n<\/div>\n\n\n\n<figure class=\"wp-block-image aligncenter size-full is-resized mt-5\"><img loading=\"lazy\" decoding=\"async\" width=\"1024\" height=\"84\" src=\"https:\/\/mirabel-campings.com\/wp-content\/uploads\/2022\/04\/diapo-photos.png\" alt=\"Fotodias\" class=\"wp-image-276\" style=\"width:768px;height:63px\" srcset=\"https:\/\/mirabel-campings.com\/wp-content\/uploads\/2022\/04\/diapo-photos.png 1024w, https:\/\/mirabel-campings.com\/wp-content\/uploads\/2022\/04\/diapo-photos-300x25.png 300w, https:\/\/mirabel-campings.com\/wp-content\/uploads\/2022\/04\/diapo-photos-768x63.png 768w\" sizes=\"auto, (max-width: 1024px) 100vw, 1024px\" \/><\/figure>\n\n\n\t\t\t<div id=\"sevgallery-598406345\" class=\"sev-diaporama sev-diaporama-portfolio\">\n\t\t\t\t<div class=\"row\">\n\n\t\t\t\t\t\n\t\t\t\t\t\t\n\t\t\t\t\t\t<div class=\"sev-diaporama-portfolio-item   btnseeall btnseeall-xl col-12 col-md  col-grow\">\n\t\t\t\t\t\t\t<a href=\"https:\/\/mirabel-campings.com\/wp-content\/uploads\/2023\/12\/exterieur-vue-mer.jpg\" data-lightbox=\"sevgallery-598406345\" style=\"background-image: url(https:\/\/mirabel-campings.com\/wp-content\/uploads\/2023\/12\/exterieur-vue-mer.jpg)\">\n\t\t\t\t\t\t\t\t<img decoding=\"async\" src=\"https:\/\/mirabel-campings.com\/wp-content\/uploads\/2023\/12\/exterieur-vue-mer.jpg\" alt=\"Wohnung mit Meerblick\" loading=\"lazy\">\n\t\t\t\t\t\t\t<\/a>\n\t\t\t\t\t\t<\/div>\n\n\t\t\t\t\t\t\n\t\t\t\t\t\t\t\t\t\t\t\t\t\t\t\t\t\n\t\t\t\t\t\t\n\t\t\t\t\t\t<div class=\"sev-diaporama-portfolio-item   btnseeall btnseeall-xl col-12 col-md  col-shrink\">\n\t\t\t\t\t\t\t<a href=\"https:\/\/mirabel-campings.com\/wp-content\/uploads\/2023\/04\/header-location-appartement-1-1.jpg\" data-lightbox=\"sevgallery-598406345\" style=\"background-image: url(https:\/\/mirabel-campings.com\/wp-content\/uploads\/2023\/04\/header-location-appartement-1-1.jpg)\">\n\t\t\t\t\t\t\t\t<img decoding=\"async\" src=\"https:\/\/mirabel-campings.com\/wp-content\/uploads\/2023\/04\/header-location-appartement-1-1.jpg\" alt=\"vermietung wohnung camping sables d&#039;olonne\" loading=\"lazy\">\n\t\t\t\t\t\t\t<\/a>\n\t\t\t\t\t\t<\/div>\n\n\t\t\t\t\t\t\n\t\t\t\t\t\t\t\t\t\t\t\t\t\t\t\t\t\n\t\t\t\t\t\t\n\t\t\t\t\t\t<div class=\"sev-diaporama-portfolio-item   btnseeall btnseeall-xl col-12 col-md  col-shrink\">\n\t\t\t\t\t\t\t<a href=\"https:\/\/mirabel-campings.com\/wp-content\/uploads\/2023\/12\/appart-ptit-dej.jpg\" data-lightbox=\"sevgallery-598406345\" style=\"background-image: url(https:\/\/mirabel-campings.com\/wp-content\/uploads\/2023\/12\/appart-ptit-dej.jpg)\">\n\t\t\t\t\t\t\t\t<img decoding=\"async\" src=\"https:\/\/mirabel-campings.com\/wp-content\/uploads\/2023\/12\/appart-ptit-dej.jpg\" alt=\"\" loading=\"lazy\">\n\t\t\t\t\t\t\t<\/a>\n\t\t\t\t\t\t<\/div>\n\n\t\t\t\t\t\t\n\t\t\t\t\t\t\t\t\t\t\t\t\t\t\t\t\t\n\t\t\t\t\t\t\n\t\t\t\t\t\t<div class=\"sev-diaporama-portfolio-item   btnseeall btnseeall-xl col-12 col-md  col-grow\">\n\t\t\t\t\t\t\t<a href=\"https:\/\/mirabel-campings.com\/wp-content\/uploads\/2023\/04\/chambre-appartement-4-personnes.jpg\" data-lightbox=\"sevgallery-598406345\" style=\"background-image: url(https:\/\/mirabel-campings.com\/wp-content\/uploads\/2023\/04\/chambre-appartement-4-personnes.jpg)\">\n\t\t\t\t\t\t\t\t<img decoding=\"async\" src=\"https:\/\/mirabel-campings.com\/wp-content\/uploads\/2023\/04\/chambre-appartement-4-personnes.jpg\" alt=\"Duplex-Wohnung 3 Schlafzimmer\" loading=\"lazy\">\n\t\t\t\t\t\t\t<\/a>\n\t\t\t\t\t\t<\/div>\n\n\t\t\t\t\t\t\t\t\t\t\t\t\t<div class=\"w-100\"><\/div>\n\t\t\t\t\t\t\t\t\t\t\t\t\t\n\t\t\t\t\t\t\t\t\t\t\t\t\t\t\t\t\t\n\t\t\t\t\t\t\n\t\t\t\t\t\t<div class=\"sev-diaporama-portfolio-item   btnseeall btnseeall-xl col-12 col-md  col-shrink\">\n\t\t\t\t\t\t\t<a href=\"https:\/\/mirabel-campings.com\/wp-content\/uploads\/2022\/04\/appartement-cayola-cuisine.jpg\" data-lightbox=\"sevgallery-598406345\" style=\"background-image: url(https:\/\/mirabel-campings.com\/wp-content\/uploads\/2022\/04\/appartement-cayola-cuisine.jpg)\">\n\t\t\t\t\t\t\t\t<img decoding=\"async\" src=\"https:\/\/mirabel-campings.com\/wp-content\/uploads\/2022\/04\/appartement-cayola-cuisine.jpg\" alt=\"k\u00fcche vermietung wohnung Les Sables d&#039;Olonne\" loading=\"lazy\">\n\t\t\t\t\t\t\t<\/a>\n\t\t\t\t\t\t<\/div>\n\n\t\t\t\t\t\t\n\t\t\t\t\t\t\t\t\t\t\t\t\t\t\t\t\t\n\t\t\t\t\t\t\n\t\t\t\t\t\t<div class=\"sev-diaporama-portfolio-item   btnseeall btnseeall-xl col-12 col-md  col-shrink\">\n\t\t\t\t\t\t\t<a href=\"https:\/\/mirabel-campings.com\/wp-content\/uploads\/2022\/04\/appartement-cayola-vue-mer.jpg\" data-lightbox=\"sevgallery-598406345\" style=\"background-image: url(https:\/\/mirabel-campings.com\/wp-content\/uploads\/2022\/04\/appartement-cayola-vue-mer.jpg)\">\n\t\t\t\t\t\t\t\t<img decoding=\"async\" src=\"https:\/\/mirabel-campings.com\/wp-content\/uploads\/2022\/04\/appartement-cayola-vue-mer.jpg\" alt=\"Meerblick Vermietung Wohnung Les Sables d&#039;Olonne\" loading=\"lazy\">\n\t\t\t\t\t\t\t<\/a>\n\t\t\t\t\t\t<\/div>\n\n\t\t\t\t\t\t\n\t\t\t\t\t\t\t\t\t\t\t\t\t\t\t\t\t\n\t\t\t\t\t\t\n\t\t\t\t\t\t<div class=\"sev-diaporama-portfolio-item   btnseeall btnseeall-xl col-12 col-md\">\n\t\t\t\t\t\t\t<a href=\"https:\/\/mirabel-campings.com\/wp-content\/uploads\/2022\/04\/appart-canap.jpg\" data-lightbox=\"sevgallery-598406345\" style=\"background-image: url(https:\/\/mirabel-campings.com\/wp-content\/uploads\/2022\/04\/appart-canap.jpg)\">\n\t\t\t\t\t\t\t\t<img decoding=\"async\" src=\"https:\/\/mirabel-campings.com\/wp-content\/uploads\/2022\/04\/appart-canap.jpg\" alt=\"Vermietung Wohnung Les Sables d&#039;Olonne\" loading=\"lazy\">\n\t\t\t\t\t\t\t<\/a>\n\t\t\t\t\t\t<\/div>\n\n\t\t\t\t\t\t\n\t\t\t\t\t\t\t\t\t\t\t\t\t\t\t\t\t\n\t\t\t\t\t\t\n\t\t\t\t\t\t<div class=\"sev-diaporama-portfolio-item   btnseeall btnseeall-xl col-12 col-md  col-shrink last-visible\">\n\t\t\t\t\t\t\t<a href=\"https:\/\/mirabel-campings.com\/wp-content\/uploads\/2023\/02\/Cayola-duplex3ch.jpg\" data-lightbox=\"sevgallery-598406345\" style=\"background-image: url(https:\/\/mirabel-campings.com\/wp-content\/uploads\/2023\/02\/Cayola-duplex3ch.jpg)\">\n\t\t\t\t\t\t\t\t<img decoding=\"async\" src=\"https:\/\/mirabel-campings.com\/wp-content\/uploads\/2023\/02\/Cayola-duplex3ch.jpg\" alt=\"Duplex-Wohnung mit 3 Schlafzimmern in La Baie de Cayola\" loading=\"lazy\">\n\t\t\t\t\t\t\t<\/a>\n\t\t\t\t\t\t<\/div>\n\n\t\t\t\t\t\t\t\t\t\t\t\t\t<div class=\"w-100\"><\/div>\n\t\t\t\t\t\t\t\t\t\t\t\t\t\n\t\t\t\t\t\t\t\t\t\t\t\t\t\t\t\t\t\n\t\t\t\t\t\t\n\t\t\t\t\t\t<div class=\"sev-diaporama-portfolio-item  limitsm btnseeall btnseeall-xl col-12 col-md  col-shrink d-none\">\n\t\t\t\t\t\t\t<a href=\"https:\/\/mirabel-campings.com\/wp-content\/uploads\/2022\/05\/HEADER_APPARTEMENT.jpg\" data-lightbox=\"sevgallery-598406345\" style=\"background-image: url(https:\/\/mirabel-campings.com\/wp-content\/uploads\/2022\/05\/HEADER_APPARTEMENT.jpg)\">\n\t\t\t\t\t\t\t\t<img decoding=\"async\" src=\"https:\/\/mirabel-campings.com\/wp-content\/uploads\/2022\/05\/HEADER_APPARTEMENT.jpg\" alt=\"vermietung von familienwohnungen in Vend\u00e9e\" loading=\"lazy\">\n\t\t\t\t\t\t\t<\/a>\n\t\t\t\t\t\t<\/div>\n\n\t\t\t\t\t\t\n\t\t\t\t\t\t\t\t\t\t\t\t\t\t\t\t\t\t\t\t\t<\/div>\n\t\t\t<\/div>\n\n\t\t\t<script>\n\t\t\tjQuery(function($) {\n\n\t\t\t\tvar marginPortfolio = function() {\n\n\t\t\t\t\tvar $diapo          = $('#sevgallery-598406345');\n\t\t\t\t\tvar container_width = $diapo.parent().outerWidth();\n\t\t\t\t\tvar side            = ( $(window).innerWidth() - container_width ) \/ 2;\n\n\t\t\t\t\t$diapo.css( {\n\t\t\t\t\t\t'margin-left': '-' + side + 'px',\n\t\t\t\t\t\t'margin-right': '-' + side + 'px',\n\t\t\t\t\t} );\n\t\t\t\t};\n\n\t\t\t\t$( window ).resize( function() {\n\t\t\t\t\tmarginPortfolio();\n\t\t\t\t} );\n\t\t\t\tmarginPortfolio();\n\t\t\t});\n\t\t\t<\/script>","protected":false},"excerpt":{"rendered":"<p>Location d&rsquo;appartement aux Sables d&rsquo;Olonne pour vos vacances Camping proposant des appartements !<\/p>","protected":false},"author":1,"featured_media":0,"parent":0,"menu_order":0,"comment_status":"closed","ping_status":"closed","template":"","meta":{"_seopress_robots_primary_cat":"","_seopress_titles_title":"Locations Appartements - Campings Mirabel","_seopress_titles_desc":"De 50m\u00b2 \u00e0 90m\u00b2, en duplex ou non, les appartements du camping La Baie de Cayola aux Sables d'Olonne peuvent accueillir jusqu\u2019\u00e0 6 personnes.","_seopress_robots_index":"","footnotes":""},"class_list":["post-47","page","type-page","status-publish","hentry"],"_links":{"self":[{"href":"https:\/\/mirabel-campings.com\/de\/wp-json\/wp\/v2\/pages\/47","targetHints":{"allow":["GET"]}}],"collection":[{"href":"https:\/\/mirabel-campings.com\/de\/wp-json\/wp\/v2\/pages"}],"about":[{"href":"https:\/\/mirabel-campings.com\/de\/wp-json\/wp\/v2\/types\/page"}],"author":[{"embeddable":true,"href":"https:\/\/mirabel-campings.com\/de\/wp-json\/wp\/v2\/users\/1"}],"replies":[{"embeddable":true,"href":"https:\/\/mirabel-campings.com\/de\/wp-json\/wp\/v2\/comments?post=47"}],"version-history":[{"count":40,"href":"https:\/\/mirabel-campings.com\/de\/wp-json\/wp\/v2\/pages\/47\/revisions"}],"predecessor-version":[{"id":11383,"href":"https:\/\/mirabel-campings.com\/de\/wp-json\/wp\/v2\/pages\/47\/revisions\/11383"}],"wp:attachment":[{"href":"https:\/\/mirabel-campings.com\/de\/wp-json\/wp\/v2\/media?parent=47"}],"curies":[{"name":"wp","href":"https:\/\/api.w.org\/{rel}","templated":true}]}}