{"id":67,"date":"2022-04-13T14:49:15","date_gmt":"2022-04-13T12:49:15","guid":{"rendered":"https:\/\/mirabel-campings.com\/?page_id=67"},"modified":"2025-04-09T16:01:44","modified_gmt":"2025-04-09T14:01:44","slug":"unsere-geschichte","status":"publish","type":"page","link":"https:\/\/mirabel-campings.com\/de\/notre-histoire\/","title":{"rendered":"Unsere Geschichte"},"content":{"rendered":"<h1 class=\"wp-block-heading\"><strong>Campingpl\u00e4tze: eine Familiengeschichte<\/strong><\/h1>\n\n\n\n<p><em>Willkommen auf der Seite der Campingpl\u00e4tze und Wohnheime<strong> MIRABEL<\/strong>. Vielleicht sagt Ihnen der Name nichts, dann lassen Sie sich von uns seine Geschichte erz\u00e4hlen.<\/em><\/p>\n\n\n\n<div class=\"wp-block-media-text alignwide is-stacked-on-mobile\"><figure class=\"wp-block-media-text__media\"><img loading=\"lazy\" decoding=\"async\" width=\"711\" height=\"474\" src=\"https:\/\/mirabel-campings.com\/wp-content\/uploads\/2023\/02\/photo-famille.jpg\" alt=\"Foto des F\u00fchrungsteams von Mirabel Campings &amp; R\u00e9sidences\" class=\"wp-image-5506 size-full\" srcset=\"https:\/\/mirabel-campings.com\/wp-content\/uploads\/2023\/02\/photo-famille.jpg 711w, https:\/\/mirabel-campings.com\/wp-content\/uploads\/2023\/02\/photo-famille-300x200.jpg 300w\" sizes=\"auto, (max-width: 711px) 100vw, 711px\" \/><\/figure><div class=\"wp-block-media-text__content\">\n<p>Seit drei Generationen ist unsere Familie LENEVEU in der Freizeitbranche und insbesondere in der Freilufthotellerie t\u00e4tig. Am Anfang: Zwei Br\u00fcder, die durch die gleiche Leidenschaft vereint sind, beschlie\u00dfen 1996, ihr eigenes Unternehmen zu erwerben. <strong>erster Campingplatz in der Normandie<\/strong>, in der N\u00e4he von Caen. Einige Jahre sp\u00e4ter folgten weitere Akquisitionen in der <strong>Gro\u00dfer Westen<\/strong>, Die meisten Menschen leben in K\u00fcstenorten mit gro\u00dfem touristischen Potenzial.<\/p>\n\n\n\n<p>Heute sind wir vier Cousins-Gesellschafter, die dieses Familienabenteuer fortgesetzt haben: Marion, Thomas, David und Olivier Leneveu (sowie Christophe, unser Partner aus der Bretagne). Wir betreuen nun mit unseren Teams 9 Campingpl\u00e4tze, die sich in der Normandie, dem Pays de la Loire und der Bretagne befinden. Diese <strong>Familiengeist<\/strong> strahlt auf jedem unserer Campingpl\u00e4tze und es liegt uns am Herzen, dies an unsere Mitarbeiter, Bewohner und Urlauber weiterzugeben.<\/p>\n\n\n\n<p class=\"texte-rond has-corail-color has-text-color has-large-font-size\">Sie sind hier zu Hause!<\/p>\n<\/div><\/div>\n\n\n\n<p><\/p>\n\n\n\n<p><\/p>\n\n\n\n<p>Ob im Zelt, im Wohnmobil, im Mobilheim oder in einer Wohnung mit allem Komfort; ob Sie Eigent\u00fcmer Ihres Mobilheims oder Urlauber sind, wir legen besonderen Wert auf <strong>Sie wie zu Hause empfangen<\/strong> und Ihren Urlaubsort zu einem echten Kuschelnest zu machen, einem kleinen Kokon, in dem Sie neue Kraft sch\u00f6pfen und Ihre Lieben wiedersehen k\u00f6nnen.<\/p>\n\n\n\n<p>Wir stehen f\u00fcr Werte, die uns und unserer Familie am Herzen liegen: Aufrichtigkeit, Vertrauen, Wohlwollen, Authentizit\u00e4t und Einfachheit.<\/p>\n\n\n\n<p>Unsere Priorit\u00e4t: dass Sie unsere Campingpl\u00e4tze mit dem Wunsch verlassen, bald wiederzukommen!<\/p>\n\n\n\n<figure class=\"wp-block-image alignfull size-full front-page-section\"><img loading=\"lazy\" decoding=\"async\" width=\"1920\" height=\"600\" src=\"https:\/\/mirabel-campings.com\/wp-content\/uploads\/2025\/04\/Carte-bandeau-sites-campings.png\" alt=\"\" class=\"wp-image-10973\" title=\"\" srcset=\"https:\/\/mirabel-campings.com\/wp-content\/uploads\/2025\/04\/Carte-bandeau-sites-campings.png 1920w, https:\/\/mirabel-campings.com\/wp-content\/uploads\/2025\/04\/Carte-bandeau-sites-campings-300x94.png 300w, https:\/\/mirabel-campings.com\/wp-content\/uploads\/2025\/04\/Carte-bandeau-sites-campings-1024x320.png 1024w, https:\/\/mirabel-campings.com\/wp-content\/uploads\/2025\/04\/Carte-bandeau-sites-campings-768x240.png 768w, https:\/\/mirabel-campings.com\/wp-content\/uploads\/2025\/04\/Carte-bandeau-sites-campings-1536x480.png 1536w\" sizes=\"auto, (max-width: 1920px) 100vw, 1920px\" \/><\/figure>\n\n\n\n<h2 class=\"wp-block-heading\">3 Regionen, 9 Campingpl\u00e4tze bis zu 4 Sternen!<\/h2>\n\n\n\n<figure class=\"wp-block-image size-full\"><img loading=\"lazy\" decoding=\"async\" width=\"50\" height=\"8\" src=\"https:\/\/mirabel-campings.com\/wp-content\/uploads\/2022\/05\/barre-bleue.png\" alt=\"\" class=\"wp-image-3044\"\/><\/figure>\n\n\n\n<p>Nach dem Erwerb unseres ersten Campingplatzes, Les Prairies de la Mer in Ouistreham Mitte der 90er Jahre, baute unsere Familie ihr Gesch\u00e4ft mit einem zweiten Campingplatz in Lion-sur-Mer, Les Roches, weiter aus, immer noch in<a href=\"https:\/\/mirabel-campings.com\/de\/normandie\/\"> Normandie<\/a>. Dann ein dritter <a href=\"https:\/\/mirabel-campings.com\/de\/camping-la-baie-de-cayola-les-sables-dolonne\/\">zu den Sables d\u2019Olonne<\/a>, La Baie de Cayola. Um unsere Tour durch den Gro\u00dfen Westen fortzusetzen, verwalten wir auch 4 Campingpl\u00e4tze in Saint-Cast-le-Guildo in den C\u00f4tes d'Armor in <a href=\"https:\/\/mirabel-campings.com\/de\/bretagne\/\">Bretagne<\/a>, und der Campingplatz La Renaudi\u00e8re in der N\u00e4he des reizenden Badeortes <a href=\"https:\/\/mirabel-campings.com\/de\/camping-la-renaudiere-pornic\/\">Pornic<\/a>. Seit M\u00e4rz 2025 hat uns die Gemeinde Donville-les-Bains die Verwaltung ihres gemeinde\u00fcbergreifenden Campingplatzes \"L'Ermitage\" anvertraut, den wir gerne in unsere Gruppe aufnehmen. Jeder Campingplatz verf\u00fcgt \u00fcber seine eigenen Dienstleistungen, seine verschiedenen Unterkunftsarten: Mietunterk\u00fcnfte oder Stellpl\u00e4tze, seine Infrastruktur: mit oder ohne Pool, mit den F\u00fc\u00dfen im Wasser oder 2 km von den Str\u00e4nden entfernt, aber alle haben einen <strong>Gemeinsamkeit: die N\u00e4he zum Meer<\/strong>&nbsp;!<\/p>\n\n\n\n<figure class=\"wp-block-image aligncenter size-full is-resized\"><img loading=\"lazy\" decoding=\"async\" width=\"320\" height=\"216\" src=\"https:\/\/mirabel-campings.com\/wp-content\/uploads\/2022\/04\/eclaboussure.png\" alt=\"Campingplatz mit Pool\" class=\"wp-image-269\" style=\"width:100px\" srcset=\"https:\/\/mirabel-campings.com\/wp-content\/uploads\/2022\/04\/eclaboussure.png 320w, https:\/\/mirabel-campings.com\/wp-content\/uploads\/2022\/04\/eclaboussure-300x203.png 300w\" sizes=\"auto, (max-width: 320px) 100vw, 320px\" \/><\/figure>\n\n\n\n<p>Unser Reichtum sind die vielen M\u00f6glichkeiten, die wir f\u00fcr jeden Urlaubsstil anbieten, je nach Ihren W\u00fcnschen, Ihrem Budget und Ihrem Rhythmus.<\/p>\n\n\n\n<p>Wir entscheiden uns daf\u00fcr, Wohnparzellen zu erhalten und sogar neue zu schaffen, denn Camping kann auch Ihr <strong>ganzj\u00e4hriges Ferienhaus<\/strong>&nbsp;!<\/p>\n\n\n\n<p>Im Laufe dieser vielen Jahre haben wir uns ein echtes Fachwissen im Bereich der Freilufthotellerie angeeignet. Unsere 8 Campingpl\u00e4tze haben zwar alle ihre eigene Identit\u00e4t und ihren eigenen Standort, aber die Seele jedes einzelnen spiegelt das wider, was wir heute sind.  Aus diesem Grund konnte unser Projekt an der Schwelle zum Jahr 2022 endlich das Licht der Welt erblicken!<\/p>\n\n\n\n<div class=\"wp-block-group card border border-info p-md-3 p-2 is-layout-flow wp-block-group-is-layout-flow\">\n<p class=\"has-text-align-center texte-rond has-corail-color has-text-color has-large-font-size\">Unsere 5 Verpflichtungen <\/p>\n\n\n\n<div class=\"wp-block-columns is-layout-flex wp-container-core-columns-is-layout-28f84493 wp-block-columns-is-layout-flex\">\n<div class=\"wp-block-column is-layout-flow wp-block-column-is-layout-flow\">\n<figure class=\"wp-block-image aligncenter size-full is-resized\"><img loading=\"lazy\" decoding=\"async\" width=\"200\" height=\"200\" src=\"https:\/\/mirabel-campings.com\/wp-content\/uploads\/2022\/05\/Picto-Bienveillance.png\" alt=\"camping willkommen\" class=\"wp-image-2910\" style=\"width:100px;height:100px\" srcset=\"https:\/\/mirabel-campings.com\/wp-content\/uploads\/2022\/05\/Picto-Bienveillance.png 200w, https:\/\/mirabel-campings.com\/wp-content\/uploads\/2022\/05\/Picto-Bienveillance-150x150.png 150w\" sizes=\"auto, (max-width: 200px) 100vw, 200px\" \/><\/figure>\n\n\n\n<p class=\"has-text-align-center\"><strong>Wohlwollen<\/strong><\/p>\n\n\n\n<p class=\"has-text-align-center\">Lassen Sie sich wie zu Hause empfangen<\/p>\n<\/div>\n\n\n\n<div class=\"wp-block-column is-layout-flow wp-block-column-is-layout-flow\">\n<figure class=\"wp-block-image aligncenter size-full is-resized\"><img loading=\"lazy\" decoding=\"async\" width=\"200\" height=\"200\" src=\"https:\/\/mirabel-campings.com\/wp-content\/uploads\/2022\/05\/Picto-Efficacite.png\" alt=\"effektives Zelten\" class=\"wp-image-2913\" style=\"width:100px;height:100px\" srcset=\"https:\/\/mirabel-campings.com\/wp-content\/uploads\/2022\/05\/Picto-Efficacite.png 200w, https:\/\/mirabel-campings.com\/wp-content\/uploads\/2022\/05\/Picto-Efficacite-150x150.png 150w\" sizes=\"auto, (max-width: 200px) 100vw, 200px\" \/><\/figure>\n\n\n\n<p class=\"has-text-align-center\"><strong>Wirksamkeit<\/strong><\/p>\n\n\n\n<p class=\"has-text-align-center\">Ihr Urlaub, unsere Priorit\u00e4t<\/p>\n<\/div>\n\n\n\n<div class=\"wp-block-column is-layout-flow wp-block-column-is-layout-flow\">\n<figure class=\"wp-block-image aligncenter size-full is-resized\"><img loading=\"lazy\" decoding=\"async\" width=\"200\" height=\"200\" src=\"https:\/\/mirabel-campings.com\/wp-content\/uploads\/2022\/05\/Picto-Transparence-Info.png\" alt=\"idealer Campingplatz f\u00fcr Ihren Urlaub\" class=\"wp-image-2922\" style=\"width:100px;height:100px\" srcset=\"https:\/\/mirabel-campings.com\/wp-content\/uploads\/2022\/05\/Picto-Transparence-Info.png 200w, https:\/\/mirabel-campings.com\/wp-content\/uploads\/2022\/05\/Picto-Transparence-Info-150x150.png 150w\" sizes=\"auto, (max-width: 200px) 100vw, 200px\" \/><\/figure>\n\n\n\n<p class=\"has-text-align-center\"><strong>Transparenz<\/strong><\/p>\n\n\n\n<p class=\"has-text-align-center\">Sie das ganze Jahr \u00fcber laufend informieren<\/p>\n<\/div>\n\n\n\n<div class=\"wp-block-column is-layout-flow wp-block-column-is-layout-flow\">\n<figure class=\"wp-block-image aligncenter size-full is-resized\"><img loading=\"lazy\" decoding=\"async\" width=\"200\" height=\"200\" src=\"https:\/\/mirabel-campings.com\/wp-content\/uploads\/2022\/05\/Picto-Securite.png\" alt=\"gesicherter Campingplatz\" class=\"wp-image-2919\" style=\"width:100px;height:100px\" srcset=\"https:\/\/mirabel-campings.com\/wp-content\/uploads\/2022\/05\/Picto-Securite.png 200w, https:\/\/mirabel-campings.com\/wp-content\/uploads\/2022\/05\/Picto-Securite-150x150.png 150w\" sizes=\"auto, (max-width: 200px) 100vw, 200px\" \/><\/figure>\n\n\n\n<p class=\"has-text-align-center\"><strong>Sicherheit<\/strong><\/p>\n\n\n\n<p class=\"has-text-align-center\">Ein Urlaub in aller Ruhe<\/p>\n<\/div>\n\n\n\n<div class=\"wp-block-column is-layout-flow wp-block-column-is-layout-flow\">\n<figure class=\"wp-block-image aligncenter size-full is-resized\"><img loading=\"lazy\" decoding=\"async\" width=\"200\" height=\"200\" src=\"https:\/\/mirabel-campings.com\/wp-content\/uploads\/2022\/05\/Picto-Proprete.png\" alt=\"sauberer Campingplatz\" class=\"wp-image-2916\" style=\"width:100px;height:100px\" srcset=\"https:\/\/mirabel-campings.com\/wp-content\/uploads\/2022\/05\/Picto-Proprete.png 200w, https:\/\/mirabel-campings.com\/wp-content\/uploads\/2022\/05\/Picto-Proprete-150x150.png 150w\" sizes=\"auto, (max-width: 200px) 100vw, 200px\" \/><\/figure>\n\n\n\n<p class=\"has-text-align-center\"><strong>Sauberkeit<\/strong><\/p>\n\n\n\n<p class=\"has-text-align-center\">Besondere Sorgfalt f\u00fcr alle Ihre R\u00e4ume<\/p>\n<\/div>\n<\/div>\n<\/div>\n\n\n\n<div style=\"height:50px\" aria-hidden=\"true\" class=\"wp-block-spacer\"><\/div>\n\n\n\n<h2 class=\"wp-block-heading\">Unser neuer Ehrgeiz!<\/h2>\n\n\n\n<figure class=\"wp-block-image size-full\"><img loading=\"lazy\" decoding=\"async\" width=\"50\" height=\"8\" src=\"https:\/\/mirabel-campings.com\/wp-content\/uploads\/2022\/05\/barre-bleue.png\" alt=\"\" class=\"wp-image-3044\"\/><\/figure>\n\n\n\n<div class=\"wp-block-media-text alignwide is-stacked-on-mobile\"><figure class=\"wp-block-media-text__media\"><img loading=\"lazy\" decoding=\"async\" width=\"1024\" height=\"683\" src=\"https:\/\/mirabel-campings.com\/wp-content\/uploads\/2023\/04\/mirabel-campings-notre-histoire.jpg\" alt=\"Mirabel-Team\" class=\"wp-image-5512 size-full\" srcset=\"https:\/\/mirabel-campings.com\/wp-content\/uploads\/2023\/04\/mirabel-campings-notre-histoire.jpg 1024w, https:\/\/mirabel-campings.com\/wp-content\/uploads\/2023\/04\/mirabel-campings-notre-histoire-300x200.jpg 300w, https:\/\/mirabel-campings.com\/wp-content\/uploads\/2023\/04\/mirabel-campings-notre-histoire-768x512.jpg 768w\" sizes=\"auto, (max-width: 1024px) 100vw, 1024px\" \/><\/figure><div class=\"wp-block-media-text__content\">\n<p>Da wir feststellen mussten, dass unsere Ambitionen immer gr\u00f6\u00dfer werden, wollten wir einen Namen finden, der alle unsere 8 Campingpl\u00e4tze und die 3 Regionen, die sie repr\u00e4sentieren, vereint, zusammenf\u00fchrt und all diese Werte verteidigt. Und aus diesem Willen heraus wurde die Marke <img loading=\"lazy\" decoding=\"async\" width=\"150\" height=\"53\" class=\"wp-image-2055\" style=\"width: 150px;\" src=\"https:\/\/mirabel-campings.com\/wp-content\/uploads\/2022\/04\/logo-mirabel-contenu.png\" alt=\"Mirabel Campins und Residenzen\" srcset=\"https:\/\/mirabel-campings.com\/wp-content\/uploads\/2022\/04\/logo-mirabel-contenu.png 611w, https:\/\/mirabel-campings.com\/wp-content\/uploads\/2022\/04\/logo-mirabel-contenu-300x107.png 300w\" sizes=\"auto, (max-width: 150px) 100vw, 150px\" \/> ist geboren!<\/p>\n\n\n\n<p>Dieser einfache und unverwechselbare Name erm\u00f6glicht es jedem, seine eigenen W\u00fcnsche, Werte und Empfindungen damit zu verbinden. Das Wort <strong>MIRABEL<\/strong>, Der Name \u00abMirabel\u00bb ruft spontan verschiedene Ideen hervor: eine kleine, sonnenverw\u00f6hnte Frucht, der Duft von Marmelade oder Kuchen, das Hausgemachte als Synonym f\u00fcr Erinnerungen und die R\u00fcckkehr in die Kindheit. Er kann auch ganz einfach mit dem Namen eines Familienhauses in Verbindung gebracht werden: \u00abLa Villa Mirabel\u00bb oder \"Chez Mirabel\". Wir wollten eine Marke schaffen, die zu jedem unserer Campingpl\u00e4tze passt: von 1* bis 4***, von der Meeresk\u00fcste bis zum Land, vom Zelt bis zum Mobilheim mit allem Komfort.<\/p>\n\n\n\n<p>Diese gemeinsame Marke tr\u00e4gt unsere Daseinsberechtigung. Auf unseren Mirabel Campingpl\u00e4tzen &amp; Residenzen finden Sie einen erf\u00fcllenden und sicheren Urlaubsort, als ob Sie zu Hause w\u00e4ren. Das ist das Versprechen, das wir Ihnen geben!<\/p>\n<\/div><\/div>\n\n\n\n<p class=\"has-text-align-center texte-rond has-corail-color has-text-color has-x-large-font-size\">Um unsere 9 Campingpl\u00e4tze zu entdecken, <a href=\"https:\/\/mirabel-campings.com\/de\/unsere-reiseziele\/\" data-type=\"page\" data-id=\"8\">w\u00e4hlen Sie Ihre Herzregion<\/a> und lassen Sie sich f\u00fchren!<\/p>","protected":false},"excerpt":{"rendered":"<p>Les campings&nbsp;: une Histoire de famille Bienvenue sur la page des Campings et R\u00e9sidences MIRABEL. Ce nom ne vous dit [&hellip;]<\/p>\n","protected":false},"author":1,"featured_media":0,"parent":0,"menu_order":0,"comment_status":"closed","ping_status":"closed","template":"","meta":{"_seopress_robots_primary_cat":"","_seopress_titles_title":"Les campings : une Histoire de famille - Mirabel Campings","_seopress_titles_desc":"Bienvenue sur la page des Campings et R\u00e9sidences MIRABEL. 8 campings 1* \u00e0 4**** \u00e9toiles en Bretagne, Pays de la Loire et Normandie","_seopress_robots_index":"","footnotes":""},"class_list":["post-67","page","type-page","status-publish","hentry"],"_links":{"self":[{"href":"https:\/\/mirabel-campings.com\/de\/wp-json\/wp\/v2\/pages\/67","targetHints":{"allow":["GET"]}}],"collection":[{"href":"https:\/\/mirabel-campings.com\/de\/wp-json\/wp\/v2\/pages"}],"about":[{"href":"https:\/\/mirabel-campings.com\/de\/wp-json\/wp\/v2\/types\/page"}],"author":[{"embeddable":true,"href":"https:\/\/mirabel-campings.com\/de\/wp-json\/wp\/v2\/users\/1"}],"replies":[{"embeddable":true,"href":"https:\/\/mirabel-campings.com\/de\/wp-json\/wp\/v2\/comments?post=67"}],"version-history":[{"count":50,"href":"https:\/\/mirabel-campings.com\/de\/wp-json\/wp\/v2\/pages\/67\/revisions"}],"predecessor-version":[{"id":10985,"href":"https:\/\/mirabel-campings.com\/de\/wp-json\/wp\/v2\/pages\/67\/revisions\/10985"}],"wp:attachment":[{"href":"https:\/\/mirabel-campings.com\/de\/wp-json\/wp\/v2\/media?parent=67"}],"curies":[{"name":"wp","href":"https:\/\/api.w.org\/{rel}","templated":true}]}}