{"id":7971,"date":"2023-12-11T10:01:22","date_gmt":"2023-12-11T09:01:22","guid":{"rendered":"https:\/\/mirabel-campings.com\/?page_id=7971"},"modified":"2023-12-11T10:01:22","modified_gmt":"2023-12-11T09:01:22","slug":"haustiere","status":"publish","type":"page","link":"https:\/\/mirabel-campings.com\/de\/les-animaux-de-compagnie\/","title":{"rendered":"Haustiere"},"content":{"rendered":"<h1 class=\"wp-block-heading\">Ihr Haustier auf unseren Mirabel-Campingpl\u00e4tzen<\/h1>\n\n\n\n<p class=\"has-text-align-center\">Auf unseren Mirabel-Campingpl\u00e4tzen ist Ihr Haustier, ob Hund oder Katze, willkommen, damit Sie einen Traumurlaub mit Ihrer ganzen Familie verbringen k\u00f6nnen! Es ist wichtig, dass jeder seinen eigenen Platz hat, also nehmen Sie Ihren Vierbeiner mit und los geht das Abenteuer!<\/p>\n\n\n\n<figure class=\"wp-block-image aligncenter size-full\"><img loading=\"lazy\" decoding=\"async\" width=\"50\" height=\"8\" src=\"https:\/\/mirabel-campings.com\/wp-content\/uploads\/2022\/05\/barre-bleue.png\" alt=\"\" class=\"wp-image-3044\"\/><\/figure>\n\n\n\n<div class=\"wp-block-media-text alignwide has-media-on-the-right is-stacked-on-mobile\"><div class=\"wp-block-media-text__content\">\n<p class=\"texte-rond has-orange-color has-text-color has-large-font-size\">Mit dem Haustier auf einen Campingausflug gehen<\/p>\n\n\n\n<figure class=\"wp-block-image size-full\"><img loading=\"lazy\" decoding=\"async\" width=\"50\" height=\"8\" src=\"https:\/\/mirabel-campings.com\/wp-content\/uploads\/2022\/05\/barre-bleue.png\" alt=\"\" class=\"wp-image-3044\"\/><\/figure>\n\n\n\n<p>W\u00e4hrend der <strong>Ferien,<\/strong> kann es schwierig sein, eine Aufbewahrung zu veranlassen oder sich sogar einfach von seinem <strong>Haustier<\/strong>. Und wir sind uns dessen sehr bewusst. In allen unseren <strong>Campingpl\u00e4tze Mirabel<\/strong> vom 1- bis zum 4-Sterne-Hotel, wir begr\u00fc\u00dfen gerne Ihre Haustiere <strong>Katzen und Hunde<\/strong> (au\u00dfer Kategorie 1 und 2). <\/p>\n\n\n\n<figure class=\"wp-block-image alignright size-full is-resized\"><img loading=\"lazy\" decoding=\"async\" width=\"320\" height=\"214\" src=\"https:\/\/mirabel-campings.com\/wp-content\/uploads\/2022\/04\/Smile.png\" alt=\"smile\" class=\"wp-image-272\" style=\"width:102px;height:auto\" srcset=\"https:\/\/mirabel-campings.com\/wp-content\/uploads\/2022\/04\/Smile.png 320w, https:\/\/mirabel-campings.com\/wp-content\/uploads\/2022\/04\/Smile-300x201.png 300w\" sizes=\"auto, (max-width: 320px) 100vw, 320px\" \/><\/figure>\n\n\n\n<p>Auf Ihrem Standort, in <strong><a href=\"https:\/\/mirabel-campings.com\/de\/unsere-unterkunfte\/\" target=\"_blank\" rel=\"noreferrer noopener\">Ihre Miete<\/a><\/strong> oder <strong><a href=\"https:\/\/mirabel-campings.com\/de\/eigenheimbesitzer-werden\/\" target=\"_blank\" rel=\"noreferrer noopener\">Zweitwohnsitz<\/a><\/strong>, Auch sie haben ein Recht auf einen kleinen Urlaub. <\/p>\n\n\n\n<p>F\u00fcr jedes Haustier werden Geb\u00fchren zwischen 3\u20ac und 5\u20ac pro Nacht erhoben. Z\u00f6gern Sie nicht, unsere Webseiten zu besuchen, um sich zu informieren.<\/p>\n<\/div><figure class=\"wp-block-media-text__media\"><img loading=\"lazy\" decoding=\"async\" width=\"600\" height=\"400\" src=\"https:\/\/mirabel-campings.com\/wp-content\/uploads\/2023\/12\/ALLEE_CHIEN_BALADE.jpg\" alt=\"zelten mit hund\" class=\"wp-image-7994 size-full\" srcset=\"https:\/\/mirabel-campings.com\/wp-content\/uploads\/2023\/12\/ALLEE_CHIEN_BALADE.jpg 600w, https:\/\/mirabel-campings.com\/wp-content\/uploads\/2023\/12\/ALLEE_CHIEN_BALADE-300x200.jpg 300w\" sizes=\"auto, (max-width: 600px) 100vw, 600px\" \/><\/figure><\/div>\n\n\n\n<p><\/p>\n\n\n\n<div class=\"wp-block-media-text is-stacked-on-mobile\"><figure class=\"wp-block-media-text__media\"><img loading=\"lazy\" decoding=\"async\" width=\"1024\" height=\"607\" src=\"https:\/\/mirabel-campings.com\/wp-content\/uploads\/2023\/12\/chien-plage-balade-camping-1024x607.jpg\" alt=\"Spaziergang mit dem Hund am Meer\" class=\"wp-image-7998 size-full\" srcset=\"https:\/\/mirabel-campings.com\/wp-content\/uploads\/2023\/12\/chien-plage-balade-camping-1024x607.jpg 1024w, https:\/\/mirabel-campings.com\/wp-content\/uploads\/2023\/12\/chien-plage-balade-camping-300x178.jpg 300w, https:\/\/mirabel-campings.com\/wp-content\/uploads\/2023\/12\/chien-plage-balade-camping-768x455.jpg 768w, https:\/\/mirabel-campings.com\/wp-content\/uploads\/2023\/12\/chien-plage-balade-camping.jpg 1200w\" sizes=\"auto, (max-width: 1024px) 100vw, 1024px\" \/><\/figure><div class=\"wp-block-media-text__content\">\n<h2 class=\"wp-block-heading\">Wo kann man mit seinem Hund in den Urlaub fahren?<\/h2>\n\n\n\n<p>Ihre Haustiere, <strong>Hunde oder Katzen<\/strong>, Auf allen Mirabel-Campingpl\u00e4tzen sind Sie herzlich willkommen. So k\u00f6nnen Sie Ihren Urlaub auf unseren Campingpl\u00e4tzen in <strong>Normandie,<\/strong> in <strong>Bretagne<\/strong> oder in den <strong>Pays de la Loire<\/strong>. <\/p>\n\n\n\n<p>F\u00fcr die <strong>lange Spazierg\u00e4nge<\/strong>, Wir haben das Gl\u00fcck, dass das Meer von jedem unserer Campingpl\u00e4tze aus in der N\u00e4he ist (der am weitesten entfernte ist weniger als 2 km entfernt). Sie k\u00f6nnen sich die Beine vertreten und unbegrenzt auf unseren sch\u00f6nen <strong>Sandstr\u00e4nde<\/strong> ! <\/p>\n\n\n\n<p><\/p>\n<\/div><\/div>\n\n\n\n<p><\/p>\n\n\n\n<div class=\"wp-block-group border border-info card p-4 is-layout-constrained wp-block-group-is-layout-constrained\">\n<p class=\"has-text-align-center\">Wanderungen,<strong> Wanderwege<\/strong>, W\u00e4lder sind der perfekte Ort, um mit Ihren Haustieren spazieren zu gehen und sch\u00f6ne Momente mit ihnen zu verbringen. Finden Sie einige<strong> Wanderideen <\/strong>in der N\u00e4he unserer Campingpl\u00e4tze :<\/p>\n\n\n\n<ul class=\"wp-block-list\">\n<li><a href=\"https:\/\/emmenetonchien.com\/destinations-voyage-avec-un-chien\/le-calvados-avec-son-chien-astuces-et-conseils-de-voyage\/\" target=\"_blank\" rel=\"noreferrer noopener\">Im Calvados<\/a> - Campingplatz Les Prairies de la Mer ****<\/li>\n\n\n\n<li><a href=\"http:\/\/www.chienvoyageur.com\/destinations-voyages-chien\/voyager-france-chien\/loire-atlantique-chien\" target=\"_blank\" rel=\"noreferrer noopener\">In der N\u00e4he von Pornic<\/a> - Campingplatz La Renaudi\u00e8re ****<\/li>\n\n\n\n<li><a href=\"https:\/\/www.tourisme-avec-mon-chien.com\/que-faire-aux-sables-dolonne-avec-un-chien\/\" target=\"_blank\" rel=\"noreferrer noopener\">In Les Sables d'Olonne<\/a> - Campingplatz La Baie de Cayola ****<\/li>\n\n\n\n<li><a href=\"https:\/\/www.cotesdarmor.com\/infos-pratiques\/avec-mon-chien\/activites\/\" target=\"_blank\" rel=\"noreferrer noopener\">In der N\u00e4he von Saint-Cast-le-Guildo<\/a> - Campingpl\u00e4tze Mirabel in Saint-Cast-le-Guildo<\/li>\n<\/ul>\n<\/div>\n\n\n\n<p><\/p>\n\n\n\n<div class=\"wp-block-media-text has-media-on-the-right is-stacked-on-mobile animate right\"><div class=\"wp-block-media-text__content\">\n<h2 class=\"wp-block-heading\">Regeln f\u00fcr das Campen mit seinem Haustier<\/h2>\n\n\n\n<p>Es ist wichtig zu beachten <strong>bestimmte Anweisungen <\/strong>f\u00fcr das Wohlbefinden und <strong>Komfort f\u00fcr alle,<\/strong> Urlauber und Angestellte. <\/p>\n\n\n\n<ul class=\"wp-block-list\">\n<li>Alle Tiere m\u00fcssen auf dem Campingplatz an der Leine gehalten werden.<\/li>\n\n\n\n<li>Es ist Pflicht, die Hinterlassenschaften zu sammeln und in den M\u00fclleimer zu werfen.<\/li>\n\n\n\n<li> Das Gesundheitsheft mit aktuellen Impfungen muss bei der Ankunft am Empfang vorgelegt werden.<\/li>\n\n\n\n<li>Ihr Haustier darf w\u00e4hrend Ihrer Abwesenheit nicht allein in Ihrem Mietobjekt bleiben (<em>ein Teil der Kaution kann im Falle einer Besch\u00e4digung einbehalten werden<\/em>)<\/li>\n\n\n\n<li><strong>Orte, die Ihr Tier nicht betreten darf <\/strong>: <em>Wasserbereiche, Kinderspielplatz und Sandk\u00e4sten, Sanit\u00e4ranlagen, Indoor-Spielr\u00e4ume<\/em>.<\/li>\n<\/ul>\n<\/div><figure class=\"wp-block-media-text__media\"><img loading=\"lazy\" decoding=\"async\" width=\"686\" height=\"500\" src=\"https:\/\/mirabel-campings.com\/wp-content\/uploads\/2023\/12\/chien-crotte-dejection.jpg\" alt=\"hund dejektion kot regel\" class=\"wp-image-8001 size-full\" srcset=\"https:\/\/mirabel-campings.com\/wp-content\/uploads\/2023\/12\/chien-crotte-dejection.jpg 686w, https:\/\/mirabel-campings.com\/wp-content\/uploads\/2023\/12\/chien-crotte-dejection-300x219.jpg 300w\" sizes=\"auto, (max-width: 686px) 100vw, 686px\" \/><\/figure><\/div>","protected":false},"excerpt":{"rendered":"<p>Votre animal de compagnie dans nos Campings Mirabel Dans nos Campings Mirabel, nous acceptons votre animal de compagnie, chien ou [&hellip;]<\/p>\n","protected":false},"author":1,"featured_media":0,"parent":0,"menu_order":0,"comment_status":"closed","ping_status":"closed","template":"","meta":{"_seopress_robots_primary_cat":"","_seopress_titles_title":"Partir en camping avec son animal de compagnie","_seopress_titles_desc":"O\u00f9 partir avec son chien ou chat ? Tous nos Campings Mirabel accueillent vos animaux de compagnie (hors cat\u00e9gorie 1 et 2). Soyez les bienvenues !","_seopress_robots_index":"","footnotes":""},"class_list":["post-7971","page","type-page","status-publish","hentry"],"_links":{"self":[{"href":"https:\/\/mirabel-campings.com\/de\/wp-json\/wp\/v2\/pages\/7971","targetHints":{"allow":["GET"]}}],"collection":[{"href":"https:\/\/mirabel-campings.com\/de\/wp-json\/wp\/v2\/pages"}],"about":[{"href":"https:\/\/mirabel-campings.com\/de\/wp-json\/wp\/v2\/types\/page"}],"author":[{"embeddable":true,"href":"https:\/\/mirabel-campings.com\/de\/wp-json\/wp\/v2\/users\/1"}],"replies":[{"embeddable":true,"href":"https:\/\/mirabel-campings.com\/de\/wp-json\/wp\/v2\/comments?post=7971"}],"version-history":[{"count":19,"href":"https:\/\/mirabel-campings.com\/de\/wp-json\/wp\/v2\/pages\/7971\/revisions"}],"predecessor-version":[{"id":8029,"href":"https:\/\/mirabel-campings.com\/de\/wp-json\/wp\/v2\/pages\/7971\/revisions\/8029"}],"wp:attachment":[{"href":"https:\/\/mirabel-campings.com\/de\/wp-json\/wp\/v2\/media?parent=7971"}],"curies":[{"name":"wp","href":"https:\/\/api.w.org\/{rel}","templated":true}]}}