{"id":90,"date":"2022-04-13T14:52:19","date_gmt":"2022-04-13T12:52:19","guid":{"rendered":"https:\/\/mirabel-campings.com\/?page_id=90"},"modified":"2024-04-08T14:49:22","modified_gmt":"2024-04-08T12:49:22","slug":"kontakt","status":"publish","type":"page","link":"https:\/\/mirabel-campings.com\/de\/contact\/","title":{"rendered":"Kontakt"},"content":{"rendered":"<h1 class=\"wp-block-heading\">Kontaktieren Sie unsere Campingpl\u00e4tze am Meer <\/h1>\n\n\n\n<p class=\"has-text-align-center\">Wenn Sie mehr \u00fcber die Mirabel-Gruppe erfahren m\u00f6chten, senden Sie uns eine Nachricht \u00fcber das folgende Formular<\/p>\n\n\n\n<figure class=\"wp-block-image aligncenter size-full\"><img loading=\"lazy\" decoding=\"async\" width=\"50\" height=\"8\" src=\"https:\/\/mirabel-campings.com\/wp-content\/uploads\/2022\/04\/barre-bleue.png\" alt=\"\" class=\"wp-image-309\"\/><\/figure>\n\n\n\n<div class=\"wp-block-group alignfull has-gris-background-color has-background is-layout-constrained wp-container-core-group-is-layout-ca09131d wp-block-group-is-layout-constrained\" style=\"padding-top:var(--wp--preset--spacing--60);padding-right:var(--wp--preset--spacing--60);padding-bottom:var(--wp--preset--spacing--60);padding-left:var(--wp--preset--spacing--60)\">\n\t\t<script>\n\t\t\tvar customOptions = {\n\t\t\t\tIdentity:{\n\t\t\t\t\tCompanyId: '233',\n\t\t\t\t\t\t\t\t\t\tEngineId: '1900',\n\t\t\t\t\tLanguage: 'fr',\n\t\t\t\t\tPolice: 'Open Sans',\n\t\t\t\t\tShowHeader: 'false',\n\t\t\t\t\tTextColor: '266674',\n\t\t\t\t\tBackgroundColor: 'e7e7e7',\n\t\t\t\t\tPoliceColor: '266674',\n\t\t\t\t\tButtonColor: 'ff665c',\n\t\t\t\t\tHoverColor: '266674'\n\t\t\t\t}\n\t\t\t};\n\t\t\t!function(){var e=new window.CTV.Widget(\"CRM\", \"Estimate\", customOptions);\n\t\t\tdocument.write(e.Write()),window.CTV.WidgetsCollection.push(e), e.Send()}();\n\t\t<\/script>\n\t\t\n<\/div>\n\n\n\n<p>Finden Sie auch die Kontaktdaten von jedem der <a href=\"https:\/\/mirabel-campings.com\/de\/unsere-reiseziele\/\">unsere Campingpl\u00e4tze<\/a> auf den Seiten unserer Reiseziele sowie Antworten auf Ihre Fragen in unserem <a href=\"https:\/\/mirabel-campings.com\/de\/faq\/\" data-type=\"page\" data-id=\"7\">FAQ<\/a>.<\/p>\n\n\n\n<h2 class=\"wp-block-heading has-text-align-center\">Bis bald in der Mirabel-Familie!<\/h2>","protected":false},"excerpt":{"rendered":"<p>Contactez nos campings en bord mer Vous souhaitez en savoir plus sur le groupe Mirabel, envoyez-nous un message via le [&hellip;]<\/p>\n","protected":false},"author":1,"featured_media":0,"parent":0,"menu_order":0,"comment_status":"closed","ping_status":"closed","template":"","meta":{"_seopress_robots_primary_cat":"","_seopress_titles_title":"Contacter Mirabel Campings & R\u00e9sidences","_seopress_titles_desc":"Vous souhaitez en savoir plus sur le groupe Mirabel, envoyez-nous un message via le formulaire ou t\u00e9l\u00e9phonez nous","_seopress_robots_index":"","footnotes":""},"class_list":["post-90","page","type-page","status-publish","hentry"],"_links":{"self":[{"href":"https:\/\/mirabel-campings.com\/de\/wp-json\/wp\/v2\/pages\/90","targetHints":{"allow":["GET"]}}],"collection":[{"href":"https:\/\/mirabel-campings.com\/de\/wp-json\/wp\/v2\/pages"}],"about":[{"href":"https:\/\/mirabel-campings.com\/de\/wp-json\/wp\/v2\/types\/page"}],"author":[{"embeddable":true,"href":"https:\/\/mirabel-campings.com\/de\/wp-json\/wp\/v2\/users\/1"}],"replies":[{"embeddable":true,"href":"https:\/\/mirabel-campings.com\/de\/wp-json\/wp\/v2\/comments?post=90"}],"version-history":[{"count":10,"href":"https:\/\/mirabel-campings.com\/de\/wp-json\/wp\/v2\/pages\/90\/revisions"}],"predecessor-version":[{"id":9016,"href":"https:\/\/mirabel-campings.com\/de\/wp-json\/wp\/v2\/pages\/90\/revisions\/9016"}],"wp:attachment":[{"href":"https:\/\/mirabel-campings.com\/de\/wp-json\/wp\/v2\/media?parent=90"}],"curies":[{"name":"wp","href":"https:\/\/api.w.org\/{rel}","templated":true}]}}