{"id":9526,"date":"2024-05-06T09:05:52","date_gmt":"2024-05-06T07:05:52","guid":{"rendered":"https:\/\/mirabel-campings.com\/?page_id=9526"},"modified":"2024-05-06T09:52:14","modified_gmt":"2024-05-06T07:52:14","slug":"aufenthalt-auf-einer-bretonischen-halbinsel","status":"publish","type":"page","link":"https:\/\/mirabel-campings.com\/de\/idees-vacances\/sejour-sur-une-presquile-bretonne\/","title":{"rendered":"S\u00e9jour sur une presqu&rsquo;\u00eele bretonne"},"content":{"rendered":"<h1 class=\"wp-block-heading\"><strong>Saint-Cast-le-Guildo - Badeort in C\u00f4tes d'Armor<\/strong><\/h1>\n\n\n\n<h2 class=\"wp-block-heading\">Wie w\u00e4re es, ein paar Tage auf einer Halbinsel in der Bretagne zu verbringen? Tr\u00e4umen Sie von t\u00fcrkisfarbenem Wasser, Buchten mit wilden Landschaften oder auch von einem breiten, feinen Sandstrand? Der Badeort Saint-Cast-le-Guildo wird Sie begeistern!<\/h2>\n\n\n\n<div class=\"wp-block-media-text is-stacked-on-mobile\"><figure class=\"wp-block-media-text__media\"><img loading=\"lazy\" decoding=\"async\" width=\"600\" height=\"451\" src=\"https:\/\/mirabel-campings.com\/wp-content\/uploads\/2024\/04\/crique-plage-vue-mer.jpg\" alt=\"Plage de la Mare, Bucht in Saint-Cast-le-Guildo mit Blick auf das Fort Lalatte\" class=\"wp-image-9530 size-full\" srcset=\"https:\/\/mirabel-campings.com\/wp-content\/uploads\/2024\/04\/crique-plage-vue-mer.jpg 600w, https:\/\/mirabel-campings.com\/wp-content\/uploads\/2024\/04\/crique-plage-vue-mer-300x226.jpg 300w\" sizes=\"auto, (max-width: 600px) 100vw, 600px\" \/><\/figure><div class=\"wp-block-media-text__content\">\n<h2 class=\"wp-block-heading\">Die 7 Str\u00e4nde von Saint-Cast-le-Guildo<\/h2>\n\n\n\n<p>Feiner Sand, Buchten, alle langgezogen, Buchten, flach, felsig, sonnig oder schattig... w\u00e4hrend Ihres Aufenthalts in Saint-Cast wird es Ihnen nicht an Str\u00e4nden fehlen. Hier ein kleiner \u00dcberblick :<\/p>\n\n\n\n<ul class=\"wp-block-list\">\n<li><strong>La Grande Plage (2 km feiner Sand)<\/strong> : Sie k\u00f6nnen das beaufsichtigte Schwimmen, den <strong>Strandclub<\/strong> und du <strong><a href=\"http:\/\/centre-nautique-saint-cast.fr\">Wassersportzentrum<\/a><\/strong>. M\u00f6chten Sie Ihre Kinder in den Segelsport einf\u00fchren? W\u00e4hlen Sie aus den Kursen oder Privatstunden im Piratenclub des Point Passion Plage: Optimist, Katamaran, Windsurf, Jolle, Funboard und f\u00fcr die Gr\u00f6\u00dferen das Segelboot J80, aber auch Windsurf, Wasserski, Wakeboard, Wakesurf, Canap\u00e9 und Donuts Paddles. <\/li>\n\n\n\n<li><strong>La Plage de la Mare<\/strong> : charmant <strong>Bucht gegen\u00fcber dem Fort Lalatte<\/strong> die Sie von Ihrem Mobilheim oder Stellplatz in unserem <a href=\"https:\/\/mirabel-campings.com\/de\/camping-la-crique-saint-cast-le-guildo\/\">Campingplatz Mirabel La Crique<\/a>. Es ist auch ein unumg\u00e4nglicher Ort zum Angeln oder zu Fu\u00df, \u00abidealer Spot\u00bb f\u00fcr den Sonnenuntergang \u00fcber dem Fort Lalatte und zum Tauchen.<\/li>\n\n\n\n<li><strong>Der Strand von Pen Guen<\/strong> : Seine Aussicht von den Anh\u00f6hen bei der Ankunft in Saint-Cast ist herrlich! Er ist auch ein Badestrand zwischen der Pointe du Bay und der Pointe de la Garde.<\/li>\n\n\n\n<li><strong>Der Strand von 4 Vaulx<\/strong> : Er ist ideal zum Angeln, bei Flut reizvoll und liegt gegen\u00fcber den Ebihen-Inseln. Nur ein paar Dutzend Meter vom <a href=\"https:\/\/mirabel-campings.com\/de\/camping-les-4-vaulx\/\">Campingplatz Mirabel des 4 Vaulx<\/a>, Sie werden vom Rauschen der Wellen geweckt. Die Conchylien und die Muschelzucht sind die Hauptaktivit\u00e4ten, wenn die gro\u00dfen Gezeiten kommen.<\/li>\n\n\n\n<li><strong>Plage de la Pissotte, Plage de la Fresnaye, Plage de la Fosse<\/strong> : in der Bucht von La Fresnaye.<\/li>\n<\/ul>\n<\/div><\/div>\n\n\n\n<div class=\"wp-block-group is-layout-constrained wp-block-group-is-layout-constrained\">\n<div class=\"wp-block-media-text has-media-on-the-right is-stacked-on-mobile\"><div class=\"wp-block-media-text__content\">\n<h2 class=\"wp-block-heading\">Der Hafen von Armor<\/h2>\n\n\n\n<p>Die Esplanade des Fischerei- und Jachthafens ist mit Restaurants, Bars, Cr\u00eaperien, Teestuben und Gesch\u00e4ften belebt. Sie liegt 800 m vom gro\u00dfen Strand entfernt, \u00fcber die Fu\u00dfg\u00e4ngerverbindung \"Soleil levant\".<\/p>\n\n\n\n<p><strong>Bootsverleih :<\/strong><\/p>\n\n\n\n<ul class=\"wp-block-list\">\n<li>Ausfahrt an Bord der&nbsp;<a href=\"https:\/\/www.centre-nautique-saint-cast.fr\/bateaux-collectifs.html\" target=\"_blank\" rel=\"noreferrer noopener\">Dragous<\/a>, altes Rigg<\/li>\n\n\n\n<li>Ausfl\u00fcge auf dem 12-Personen-Halbruder \u2018Perlezenn Du\u2019 mit&nbsp;<a href=\"https:\/\/www.emeraude-emotions.com\/\" target=\"_blank\" rel=\"noreferrer noopener\">Smaragd Emotionen<\/a>&nbsp;(halbsteif, 12 Pl\u00e4tze): Entdecken, Unvergesslich oder Unvergessen, oder Ausfl\u00fcge \u00e0 la carte ...<\/li>\n\n\n\n<li>Abfahrt zu den \u00dcberfahrten nach Saint Malo (Taxi, Shuttle), Spaziergang am Meer zu F\u00fc\u00dfen des Fort Lalatte und des Cap Fr\u00e9hel.<\/li>\n\n\n\n<li>Wassersportzentrum, Tauchschulen (<a href=\"http:\/\/www.saintcastplongee.eu\/\" target=\"_blank\" rel=\"noreferrer noopener\">Saint Cast Tauchen<\/a>&nbsp;und&nbsp;<a href=\"http:\/\/www.plongevasion.com\/\" target=\"_blank\" rel=\"noreferrer noopener\">plong'\u00e9vasion<\/a>),<\/li>\n<\/ul>\n<\/div><figure class=\"wp-block-media-text__media\"><img loading=\"lazy\" decoding=\"async\" width=\"1024\" height=\"768\" src=\"https:\/\/mirabel-campings.com\/wp-content\/uploads\/2024\/04\/port-saint-cast-club-nautique.jpeg\" alt=\"Hafen in der N\u00e4he des Campingplatzes in Saint Cast le Guildo\" class=\"wp-image-9192 size-full\" srcset=\"https:\/\/mirabel-campings.com\/wp-content\/uploads\/2024\/04\/port-saint-cast-club-nautique.jpeg 1024w, https:\/\/mirabel-campings.com\/wp-content\/uploads\/2024\/04\/port-saint-cast-club-nautique-300x225.jpeg 300w, https:\/\/mirabel-campings.com\/wp-content\/uploads\/2024\/04\/port-saint-cast-club-nautique-768x576.jpeg 768w\" sizes=\"auto, (max-width: 1024px) 100vw, 1024px\" \/><\/figure><\/div>\n<\/div>\n\n\n\n<div class=\"wp-block-media-text is-stacked-on-mobile\"><figure class=\"wp-block-media-text__media\"><img loading=\"lazy\" decoding=\"async\" width=\"800\" height=\"533\" src=\"https:\/\/mirabel-campings.com\/wp-content\/uploads\/2024\/04\/st-cast-digue-villas.jpg\" alt=\"Damm, der den Hafen und den Badeort Saint-Cast verbindet\" class=\"wp-image-9555 size-full\" srcset=\"https:\/\/mirabel-campings.com\/wp-content\/uploads\/2024\/04\/st-cast-digue-villas.jpg 800w, https:\/\/mirabel-campings.com\/wp-content\/uploads\/2024\/04\/st-cast-digue-villas-300x200.jpg 300w, https:\/\/mirabel-campings.com\/wp-content\/uploads\/2024\/04\/st-cast-digue-villas-768x512.jpg 768w\" sizes=\"auto, (max-width: 800px) 100vw, 800px\" \/><\/figure><div class=\"wp-block-media-text__content\">\n<h2 class=\"wp-block-heading\">Die Villen im Badeort<\/h2>\n\n\n\n<p>Der Badeort Saint-Cast-le-Guildo war im 19. Jahrhundert sehr beliebt. <strong>Hotels und Villen mit Blick auf das smaragdgr\u00fcne Meer<\/strong>. Auf der Halbinsel gibt es viele Touristenpfade und die Wanderwege des GR34. Das Viertel Pointe de la Garde beherbergt wundersch\u00f6ne Villen mit einem bemerkenswerten Blick auf&nbsp;<strong>die Inselgruppe der Ebihen&nbsp;<\/strong>und die Halbinsel Saint-Jacut. Jede Wanderung auf der Halbinsel bietet Ihnen einen Blick auf kontrastreiche und atemberaubende Landschaften und Panoramen!<\/p>\n<\/div><\/div>\n\n\n\n<p><\/p>\n\n\n\n<p class=\"has-text-align-center texte-rond has-large-font-size\">Unsere 4 Campingpl\u00e4tze in Saint-Cast-le-Guildo<\/p>\n\n\n\n<div class=\"wp-block-columns front-page-section grey is-layout-flex wp-container-core-columns-is-layout-28f84493 wp-block-columns-is-layout-flex\">\n<div class=\"wp-block-column is-layout-flow wp-block-column-is-layout-flow\"><\/div>\n\n\n\n<div class=\"wp-block-column is-layout-flow wp-block-column-is-layout-flow\">\n<div class=\"wp-block-create-block-sevgutenberg-navigation\"><aside class=\"encart-sev-navigation small carre\"><a href=\"https:\/\/mirabel-campings.com\/de\/camping-les-mielles-saint-cast-le-guildo\/\" class=\"d-flex flex-column align-items-center\"><div class=\"encart-title\"><span>Les Mielles ****<\/span><\/div><div class=\"vague\"><\/div><img decoding=\"async\" src=\"https:\/\/mirabel-campings.com\/wp-content\/uploads\/2024\/03\/piscine-chauffee-mielles-bretagne-camping-Personnalise.jpg\" alt=\"Campingplatz mit direktem Zugang zum Strand Bretagne\"\/><div class=\"ligne\"><\/div><div class=\"hover\"><\/div><\/a><\/aside><\/div>\n<\/div>\n\n\n\n<div class=\"wp-block-column is-layout-flow wp-block-column-is-layout-flow\">\n<div class=\"wp-block-create-block-sevgutenberg-navigation\"><aside class=\"encart-sev-navigation small carre\"><a href=\"https:\/\/mirabel-campings.com\/de\/camping-la-crique-saint-cast-le-guildo\/\" class=\"d-flex flex-column align-items-center\"><div class=\"encart-title\"><span>La Crique***<\/span><\/div><div class=\"vague\"><\/div><img decoding=\"async\" src=\"https:\/\/mirabel-campings.com\/wp-content\/uploads\/2022\/04\/camping-crique-fort-lalatte.jpg\" alt=\"camping la crique bretagne\"\/><div class=\"ligne\"><\/div><div class=\"hover\"><\/div><\/a><\/aside><\/div>\n<\/div>\n\n\n\n<div class=\"wp-block-column is-layout-flow wp-block-column-is-layout-flow\">\n<div class=\"wp-block-create-block-sevgutenberg-navigation\"><aside class=\"encart-sev-navigation small carre\"><a href=\"https:\/\/mirabel-campings.com\/de\/camping-le-clos-tranquille-saint-cast-le-guildo\/\" class=\"d-flex flex-column align-items-center\"><div class=\"encart-title\"><span>Le Clos Tranquille **<\/span><\/div><div class=\"vague\"><\/div><img decoding=\"async\" src=\"https:\/\/mirabel-campings.com\/wp-content\/uploads\/2022\/04\/clos-tranquille-emplacement-tente.jpg\" alt=\"stellpl\u00e4tze zelt le clos tranquille\"\/><div class=\"ligne\"><\/div><div class=\"hover\"><\/div><\/a><\/aside><\/div>\n<\/div>\n\n\n\n<div class=\"wp-block-column is-layout-flow wp-block-column-is-layout-flow\">\n<div class=\"wp-block-create-block-sevgutenberg-navigation\"><aside class=\"encart-sev-navigation small carre\"><a href=\"https:\/\/mirabel-campings.com\/de\/camping-les-4-vaulx\/\" class=\"d-flex flex-column align-items-center\"><div class=\"encart-title\"><span>Die 4 Vaulx **<\/span><\/div><div class=\"vague\"><\/div><img decoding=\"async\" src=\"https:\/\/mirabel-campings.com\/wp-content\/uploads\/2022\/04\/4-vaulx-1.jpg\" alt=\"\"\/><div class=\"ligne\"><\/div><div class=\"hover\"><\/div><\/a><\/aside><\/div>\n<\/div>\n\n\n\n<div class=\"wp-block-column is-layout-flow wp-block-column-is-layout-flow\"><\/div>\n<\/div>\n\n\n\n<p class=\"has-text-align-center texte-rond mt-5 has-large-font-size\"><\/p>","protected":false},"excerpt":{"rendered":"<p>Saint-Cast-le-Guildo &#8211; Station baln\u00e9aire en C\u00f4tes d&rsquo;Armor Que diriez-vous de vous \u00e9vader quelques jours sur une presqu&rsquo;\u00eele en Bretagne ? [&hellip;]<\/p>\n","protected":false},"author":1,"featured_media":0,"parent":1901,"menu_order":0,"comment_status":"closed","ping_status":"closed","template":"","meta":{"_seopress_robots_primary_cat":"","_seopress_titles_title":"Saint-Cast-le-Guildo - Station baln\u00e9aire en C\u00f4tes d'Armor","_seopress_titles_desc":"Profitez de nos campings Mirabel situ\u00e9s dans la petite commune de Saint Cast le Guildo. D\u00e9couvrez le Port d'Armor et ses 7 plages.","_seopress_robots_index":"","footnotes":""},"class_list":["post-9526","page","type-page","status-publish","hentry"],"_links":{"self":[{"href":"https:\/\/mirabel-campings.com\/de\/wp-json\/wp\/v2\/pages\/9526","targetHints":{"allow":["GET"]}}],"collection":[{"href":"https:\/\/mirabel-campings.com\/de\/wp-json\/wp\/v2\/pages"}],"about":[{"href":"https:\/\/mirabel-campings.com\/de\/wp-json\/wp\/v2\/types\/page"}],"author":[{"embeddable":true,"href":"https:\/\/mirabel-campings.com\/de\/wp-json\/wp\/v2\/users\/1"}],"replies":[{"embeddable":true,"href":"https:\/\/mirabel-campings.com\/de\/wp-json\/wp\/v2\/comments?post=9526"}],"version-history":[{"count":12,"href":"https:\/\/mirabel-campings.com\/de\/wp-json\/wp\/v2\/pages\/9526\/revisions"}],"predecessor-version":[{"id":9575,"href":"https:\/\/mirabel-campings.com\/de\/wp-json\/wp\/v2\/pages\/9526\/revisions\/9575"}],"up":[{"embeddable":true,"href":"https:\/\/mirabel-campings.com\/de\/wp-json\/wp\/v2\/pages\/1901"}],"wp:attachment":[{"href":"https:\/\/mirabel-campings.com\/de\/wp-json\/wp\/v2\/media?parent=9526"}],"curies":[{"name":"wp","href":"https:\/\/api.w.org\/{rel}","templated":true}]}}