{"id":10,"date":"2022-04-12T15:37:44","date_gmt":"2022-04-12T13:37:44","guid":{"rendered":"https:\/\/mirabel-campings.com\/?page_id=10"},"modified":"2025-11-14T15:02:49","modified_gmt":"2025-11-14T14:02:49","slug":"our-accommodations","status":"publish","type":"page","link":"https:\/\/mirabel-campings.com\/en\/nos-hebergements\/","title":{"rendered":"Our accommodations"},"content":{"rendered":"<h1 class=\"wp-block-heading\">All our camping pitches and vacation rentals<\/h1>\n\n\n\n<h2 class=\"wp-block-heading\">Choose your accommodation<\/h2>\n\n\n\n<p>From 1-star to 4-star campsites, we offer a wide range of accommodation types to ensure your vacations are always a success. <strong>Mobile home rentals<\/strong> comforts, <strong>apartments<\/strong> or even <strong>converted tents<\/strong>, There's something for everyone. Come and spend a relaxing vacation in our <strong>Campsites Mirabel<\/strong>, All close to the sea, and enjoy a haven of peace where you'll be welcomed with open arms!<\/p>\n\n\n\n<p>Are you a tent enthusiast or a camper at heart? Our <strong>locations<\/strong> are sure to win you over!<\/p>\n\n\n\n<p>Whether you're a family, a couple or a group of friends, choose the accommodation that's right for you.<\/p>\n\n\n\n<div class=\"wp-block-columns is-layout-flex wp-container-core-columns-is-layout-28f84493 wp-block-columns-is-layout-flex\">\n<div class=\"wp-block-column is-layout-flow wp-block-column-is-layout-flow\">\n<div class=\"wp-block-create-block-sevgutenberg\"><aside class=\"encart-sev small carre\"><a href=\"https:\/\/mirabel-campings.com\/en\/pitches\/\" class=\"d-flex flex-column align-items-center\"><div class=\"encart-title\"><h3>Locations<\/h3><\/div><div class=\"vague\"><\/div><img decoding=\"async\" src=\"https:\/\/mirabel-campings.com\/wp-content\/uploads\/2022\/04\/emplacements.jpg\" alt=\"camping pitches\"\/><div class=\"ligne\"><\/div><div class=\"hover\"><\/div><\/a><\/aside><\/div>\n<\/div>\n\n\n\n<div class=\"wp-block-column is-layout-flow wp-block-column-is-layout-flow\">\n<div class=\"wp-block-create-block-sevgutenberg\"><aside class=\"encart-sev small carre\"><a href=\"https:\/\/mirabel-campings.com\/en\/mobile-homes\/\" class=\"d-flex flex-column align-items-center\"><div class=\"encart-title\"><h3>Mobile homes<\/h3><\/div><div class=\"vague\"><\/div><img decoding=\"async\" src=\"https:\/\/mirabel-campings.com\/wp-content\/uploads\/2022\/04\/mobil-homes-e1651826296484.jpg\" alt=\"mobile home rental\"\/><div class=\"ligne\"><\/div><div class=\"hover\"><\/div><\/a><\/aside><\/div>\n<\/div>\n<\/div>\n\n\n\n<div class=\"wp-block-columns is-layout-flex wp-container-core-columns-is-layout-28f84493 wp-block-columns-is-layout-flex\">\n<div class=\"wp-block-column is-layout-flow wp-block-column-is-layout-flow\">\n<div class=\"wp-block-create-block-sevgutenberg\"><aside class=\"encart-sev small carre\"><a href=\"https:\/\/mirabel-campings.com\/en\/converted-tents\/\" class=\"d-flex flex-column align-items-center\"><div class=\"encart-title\"><h3>Furnished tents<\/h3><\/div><div class=\"vague\"><\/div><img decoding=\"async\" src=\"https:\/\/mirabel-campings.com\/wp-content\/uploads\/2023\/04\/coco-sweet-chambre-double.jpg\" alt=\"furnished tents\"\/><div class=\"ligne\"><\/div><div class=\"hover\"><\/div><\/a><\/aside><\/div>\n<\/div>\n\n\n\n<div class=\"wp-block-column is-layout-flow wp-block-column-is-layout-flow\">\n<div class=\"wp-block-create-block-sevgutenberg\"><aside class=\"encart-sev small carre\"><a href=\"https:\/\/mirabel-campings.com\/en\/apartments\/\" class=\"d-flex flex-column align-items-center\"><div class=\"encart-title\"><h3>The apartments<\/h3><\/div><div class=\"vague\"><\/div><img decoding=\"async\" src=\"https:\/\/mirabel-campings.com\/wp-content\/uploads\/2022\/04\/appartements.jpg\" alt=\"apartment rentals\"\/><div class=\"ligne\"><\/div><div class=\"hover\"><\/div><\/a><\/aside><\/div>\n<\/div>\n<\/div>","protected":false},"excerpt":{"rendered":"<p>Tous nos emplacements et locations de vacances en camping Choisissez votre h\u00e9bergement Du camping 1 \u00e9toile au 4 \u00e9toiles, nous [&hellip;]<\/p>\n","protected":false},"author":1,"featured_media":0,"parent":0,"menu_order":0,"comment_status":"closed","ping_status":"closed","template":"","meta":{"_seopress_robots_primary_cat":"","_seopress_titles_title":"Location mobil homes, tentes ou emplacements","_seopress_titles_desc":"Campings familiaux dans le Grand Ouest avec emplacements et h\u00e9bergements : mobil-homes conforts, appartements tout \u00e9quip\u00e9s ou encore tentes am\u00e9nag\u00e9es.","_seopress_robots_index":"","footnotes":""},"class_list":["post-10","page","type-page","status-publish","hentry"],"_links":{"self":[{"href":"https:\/\/mirabel-campings.com\/en\/wp-json\/wp\/v2\/pages\/10","targetHints":{"allow":["GET"]}}],"collection":[{"href":"https:\/\/mirabel-campings.com\/en\/wp-json\/wp\/v2\/pages"}],"about":[{"href":"https:\/\/mirabel-campings.com\/en\/wp-json\/wp\/v2\/types\/page"}],"author":[{"embeddable":true,"href":"https:\/\/mirabel-campings.com\/en\/wp-json\/wp\/v2\/users\/1"}],"replies":[{"embeddable":true,"href":"https:\/\/mirabel-campings.com\/en\/wp-json\/wp\/v2\/comments?post=10"}],"version-history":[{"count":12,"href":"https:\/\/mirabel-campings.com\/en\/wp-json\/wp\/v2\/pages\/10\/revisions"}],"predecessor-version":[{"id":11366,"href":"https:\/\/mirabel-campings.com\/en\/wp-json\/wp\/v2\/pages\/10\/revisions\/11366"}],"wp:attachment":[{"href":"https:\/\/mirabel-campings.com\/en\/wp-json\/wp\/v2\/media?parent=10"}],"curies":[{"name":"wp","href":"https:\/\/api.w.org\/{rel}","templated":true}]}}