{"id":1859,"date":"2022-04-20T15:26:56","date_gmt":"2022-04-20T13:26:56","guid":{"rendered":"https:\/\/mirabel-campings.com\/?page_id=1859"},"modified":"2025-04-02T16:27:10","modified_gmt":"2025-04-02T14:27:10","slug":"family-vacation","status":"publish","type":"page","link":"https:\/\/mirabel-campings.com\/en\/idees-vacances\/vacances-en-famille\/","title":{"rendered":"Family vacation"},"content":{"rendered":"<h1 class=\"wp-block-heading\">Your family vacation at our Mirabel Campsites &amp; Residences<\/h1>\n\n\n\n<div class=\"wp-block-media-text alignwide has-media-on-the-right is-stacked-on-mobile animate right\"><div class=\"wp-block-media-text__content\">\n<h2 class=\"wp-block-heading\">Family camping to recharge near the sea<\/h2>\n\n\n\n<figure class=\"wp-block-image size-full\"><img loading=\"lazy\" decoding=\"async\" width=\"50\" height=\"8\" src=\"https:\/\/mirabel-campings.com\/wp-content\/uploads\/2022\/05\/barre-bleue.png\" alt=\"\" class=\"wp-image-3044\"\/><\/figure>\n\n\n\n<p>In <strong>our 9 campsites <\/strong>In Brittany, Pays de la Loire, and Normandy, we warmly welcome you and <strong>Your family<\/strong>, for moments of sharing and conviviality away from everyday life. Stayed<strong> <\/strong>on a human scale<strong>,<\/strong> Our campsites allow you to feel at home. The <strong>rental<\/strong>have been carefully designed for your most <strong>great comfort<\/strong>. You have a wide choice of\u2019<strong>tent spots,<\/strong> <strong>caravans or motorhomes<\/strong> (shady or not, delimited or not, close to campsite services or more quiet).<\/p>\n\n\n\n<figure class=\"wp-block-image alignleft size-full is-resized\"><img loading=\"lazy\" decoding=\"async\" width=\"300\" height=\"214\" src=\"https:\/\/mirabel-campings.com\/wp-content\/uploads\/2022\/05\/tong-1-300x214-1.png\" alt=\"\" class=\"wp-image-3085\" style=\"width:75px;height:54px\"\/><\/figure>\n\n\n\n<p>You can come on vacation <strong>up to 6 people<\/strong> to enjoy all of your family. <strong>Many services<\/strong> allow for a more comfortable stay, such as bicycle rentals, access to washing machines or dryers, and baby kits for little ones. Please inquire at your campsite's reception for pricing and conditions.<\/p>\n<\/div><figure class=\"wp-block-media-text__media\"><img loading=\"lazy\" decoding=\"async\" width=\"1024\" height=\"637\" src=\"https:\/\/mirabel-campings.com\/wp-content\/uploads\/2023\/04\/vacances-en-famille-camping-1024x637.jpg\" alt=\"Family vacation\" class=\"wp-image-2267 size-full\" srcset=\"https:\/\/mirabel-campings.com\/wp-content\/uploads\/2023\/04\/vacances-en-famille-camping-1024x637.jpg 1024w, https:\/\/mirabel-campings.com\/wp-content\/uploads\/2023\/04\/vacances-en-famille-camping-300x187.jpg 300w, https:\/\/mirabel-campings.com\/wp-content\/uploads\/2023\/04\/vacances-en-famille-camping-768x477.jpg 768w, https:\/\/mirabel-campings.com\/wp-content\/uploads\/2023\/04\/vacances-en-famille-camping.jpg 1200w\" sizes=\"auto, (max-width: 1024px) 100vw, 1024px\" \/><\/figure><\/div>\n\n\n\n<div class=\"wp-block-media-text alignwide is-stacked-on-mobile is-image-fill-element front-page-section grey\"><figure class=\"wp-block-media-text__media\"><img loading=\"lazy\" decoding=\"async\" width=\"1024\" height=\"684\" src=\"https:\/\/mirabel-campings.com\/wp-content\/uploads\/2022\/04\/2-jeu-enfant-plage-chateau-1024x684.jpg\" alt=\"children on the beach\" class=\"wp-image-2278 size-full\" style=\"object-position:50% 50%\" srcset=\"https:\/\/mirabel-campings.com\/wp-content\/uploads\/2022\/04\/2-jeu-enfant-plage-chateau-1024x684.jpg 1024w, https:\/\/mirabel-campings.com\/wp-content\/uploads\/2022\/04\/2-jeu-enfant-plage-chateau-300x200.jpg 300w, https:\/\/mirabel-campings.com\/wp-content\/uploads\/2022\/04\/2-jeu-enfant-plage-chateau-768x513.jpg 768w, https:\/\/mirabel-campings.com\/wp-content\/uploads\/2022\/04\/2-jeu-enfant-plage-chateau.jpg 1200w\" sizes=\"auto, (max-width: 1024px) 100vw, 1024px\" \/><\/figure><div class=\"wp-block-media-text__content\">\n<h2 class=\"wp-block-heading\">Ideal geographic locations for your activities<\/h2>\n\n\n\n<figure class=\"wp-block-image size-full\"><img loading=\"lazy\" decoding=\"async\" width=\"50\" height=\"8\" src=\"https:\/\/mirabel-campings.com\/wp-content\/uploads\/2022\/05\/barre-bleue.png\" alt=\"\" class=\"wp-image-3044\"\/><\/figure>\n\n\n\n<p>By staying at one of our Mirabel Campsites, you can be sure of a vacation where relaxation and leisure are the watchwords. Located on <strong>seaside resorts or tourist destinations<\/strong> quality, many sports, leisure, or simply rest activities are possible near your accommodation. Our family campsites are all located <strong>close to the sea<\/strong> even direct access like in Brittany. A few minutes' walk is enough to lay down your towel on the sand and enjoy <strong>Sunny day at the beach<\/strong>. In fact, you can also try <strong>water activities <\/strong>must-sees: surfing or <strong>paddle<\/strong> in Vend\u00e9e, the <strong>Sand yachting <\/strong>or windsurfing in Normandy or Loire Atlantique, or even kayaking in Brittany. A few kilometers from <strong>large cities<\/strong> Like Caen, Saint-Malo, Les Sables d'Olonne, or Nantes, you'll have plenty of time to go on a little shopping trip with your children or to taste local specialties in one of the many restaurants in each region.<\/p>\n\n\n\n<figure class=\"wp-block-image aligncenter size-full\"><img loading=\"lazy\" decoding=\"async\" width=\"300\" height=\"51\" src=\"https:\/\/mirabel-campings.com\/wp-content\/uploads\/2022\/05\/Vagues-300x51-1.png\" alt=\"\" class=\"wp-image-3091\"\/><\/figure>\n<\/div><\/div>\n\n\n\n<div class=\"wp-block-media-text alignwide has-media-on-the-right is-stacked-on-mobile\"><div class=\"wp-block-media-text__content\">\n<p class=\"texte-rond has-orange-color has-text-color has-large-font-size\">Activities for everyone, every day!<\/p>\n\n\n\n<figure class=\"wp-block-image alignleft size-full is-resized\"><img loading=\"lazy\" decoding=\"async\" width=\"320\" height=\"214\" src=\"https:\/\/mirabel-campings.com\/wp-content\/uploads\/2022\/04\/Smile-1.png\" alt=\"smile\" class=\"wp-image-288\" style=\"width:160px;height:107px\" srcset=\"https:\/\/mirabel-campings.com\/wp-content\/uploads\/2022\/04\/Smile-1.png 320w, https:\/\/mirabel-campings.com\/wp-content\/uploads\/2022\/04\/Smile-1-300x201.png 300w\" sizes=\"auto, (max-width: 320px) 100vw, 320px\" \/><\/figure>\n\n\n\n<p>There's no better place than camping for <strong>Holidays with children<\/strong>. Every summer, our <strong>Animation teams<\/strong> give rhythm to your stay. While the little ones enjoy the many activities offered by the <strong><a href=\"https:\/\/mirabel-campings.com\/en\/animations\/\" data-type=\"page\" data-id=\"216\" target=\"_blank\" rel=\"noreferrer noopener\">club<\/a><a href=\"https:\/\/mirabel-campings.com\/en\/animations\/\" target=\"_blank\" rel=\"noreferrer noopener\">children<\/a><\/strong>, teens can meet new people at the pool or on our sports fields during a tournament. It's also a time for parents or grandparents to enjoy a couple's outing and discover the surroundings of your campsite. When evening comes, the entire entertainment team gathers to offer you <strong>family evenings<\/strong> around games, shows, or themed dinners! Coming together and sharing the best is our motto. <strong>Welcome to Mirabel Camping &amp; Residence.<\/strong><\/p>\n<\/div><figure class=\"wp-block-media-text__media\"><img loading=\"lazy\" decoding=\"async\" width=\"1024\" height=\"768\" src=\"https:\/\/mirabel-campings.com\/wp-content\/uploads\/2023\/04\/vacances-en-famille-animation-1024x768.jpg\" alt=\"lively evening\" class=\"wp-image-2281 size-full\" srcset=\"https:\/\/mirabel-campings.com\/wp-content\/uploads\/2023\/04\/vacances-en-famille-animation-1024x768.jpg 1024w, https:\/\/mirabel-campings.com\/wp-content\/uploads\/2023\/04\/vacances-en-famille-animation-300x225.jpg 300w, https:\/\/mirabel-campings.com\/wp-content\/uploads\/2023\/04\/vacances-en-famille-animation-768x576.jpg 768w, https:\/\/mirabel-campings.com\/wp-content\/uploads\/2023\/04\/vacances-en-famille-animation.jpg 1200w\" sizes=\"auto, (max-width: 1024px) 100vw, 1024px\" \/><\/figure><\/div>\n\n\n\n<div style=\"height:40px\" aria-hidden=\"true\" class=\"wp-block-spacer\"><\/div>\n\n\n\n<p class=\"has-text-align-center texte-rond has-large-font-size\">Book your stay at our family campgrounds!<\/p>\n\n\n\n<div class=\"wp-block-columns front-page-section grey mb-0 is-layout-flex wp-container-core-columns-is-layout-28f84493 wp-block-columns-is-layout-flex\">\n<div class=\"wp-block-column is-layout-flow wp-block-column-is-layout-flow\"><\/div>\n\n\n\n<div class=\"wp-block-column is-layout-flow wp-block-column-is-layout-flow\">\n<div class=\"wp-block-create-block-sevgutenberg-navigation\"><aside class=\"encart-sev-navigation small carre\"><a href=\"https:\/\/mirabel-campings.com\/en\/camping-les-4-vaulx\/\" class=\"d-flex flex-column align-items-center\"><div class=\"encart-title\"><span>The 4 Vaulx **<\/span><\/div><div class=\"vague\"><\/div><img decoding=\"async\" src=\"https:\/\/mirabel-campings.com\/wp-content\/uploads\/2022\/04\/4-vaulx.jpg\" alt=\"Camping Les 4 Vaulx Brittany\"\/><div class=\"ligne\"><\/div><div class=\"hover\"><\/div><\/a><\/aside><\/div>\n<\/div>\n\n\n\n<div class=\"wp-block-column is-layout-flow wp-block-column-is-layout-flow\">\n<div class=\"wp-block-create-block-sevgutenberg-navigation\"><aside class=\"encart-sev-navigation small carre\"><a href=\"https:\/\/mirabel-campings.com\/en\/camping-la-crique-saint-cast-le-guildo\/\" class=\"d-flex flex-column align-items-center\"><div class=\"encart-title\"><span>La Crique ***<\/span><\/div><div class=\"vague\"><\/div><img decoding=\"async\" src=\"https:\/\/mirabel-campings.com\/wp-content\/uploads\/2022\/04\/camping-crique-fort-lalatte.jpg\" alt=\"camping la crique bretagne\"\/><div class=\"ligne\"><\/div><div class=\"hover\"><\/div><\/a><\/aside><\/div>\n<\/div>\n\n\n\n<div class=\"wp-block-column is-layout-flow wp-block-column-is-layout-flow\">\n<div class=\"wp-block-create-block-sevgutenberg-navigation\"><aside class=\"encart-sev-navigation small carre\"><a href=\"https:\/\/mirabel-campings.com\/en\/camping-le-clos-tranquille-saint-cast-le-guildo\/\" class=\"d-flex flex-column align-items-center\"><div class=\"encart-title\"><span>Le Clos Tranquille **<\/span><\/div><div class=\"vague\"><\/div><img decoding=\"async\" src=\"https:\/\/mirabel-campings.com\/wp-content\/uploads\/2022\/04\/20210717_184642.jpg\" alt=\"clos tranquille\"\/><div class=\"ligne\"><\/div><div class=\"hover\"><\/div><\/a><\/aside><\/div>\n<\/div>\n\n\n\n<div class=\"wp-block-column is-layout-flow wp-block-column-is-layout-flow\">\n<div class=\"wp-block-create-block-sevgutenberg-navigation\"><aside class=\"encart-sev-navigation small carre\"><a href=\"https:\/\/mirabel-campings.com\/en\/camping-les-mielles-saint-cast-le-guildo\/\" class=\"d-flex flex-column align-items-center\"><div class=\"encart-title\"><span>Les Mielles ****<\/span><\/div><div class=\"vague\"><\/div><img decoding=\"async\" src=\"https:\/\/mirabel-campings.com\/wp-content\/uploads\/2022\/04\/DSCN6689.jpg\" alt=\"Les Mielles\"\/><div class=\"ligne\"><\/div><div class=\"hover\"><\/div><\/a><\/aside><\/div>\n<\/div>\n\n\n\n<div class=\"wp-block-column is-layout-flow wp-block-column-is-layout-flow\"><\/div>\n<\/div>\n\n\n\n<div class=\"wp-block-columns front-page-section grey pt-0 is-layout-flex wp-container-core-columns-is-layout-28f84493 wp-block-columns-is-layout-flex\">\n<div class=\"wp-block-column is-layout-flow wp-block-column-is-layout-flow\"><\/div>\n\n\n\n<div class=\"wp-block-column is-layout-flow wp-block-column-is-layout-flow\">\n<div class=\"wp-block-create-block-sevgutenberg-navigation\"><aside class=\"encart-sev-navigation small carre\"><a href=\"https:\/\/mirabel-campings.com\/en\/camping-la-baie-de-cayola-les-sables-dolonne\/\" class=\"d-flex flex-column align-items-center\"><div class=\"encart-title\"><span>Cayola Bay ****<\/span><\/div><div class=\"vague\"><\/div><img decoding=\"async\" src=\"https:\/\/mirabel-campings.com\/wp-content\/uploads\/2022\/04\/VUE_MER1_CAYOLA.jpg\" alt=\"Camping La Baie de Cayola in Les Sables-d&#039;Olonne\"\/><div class=\"ligne\"><\/div><div class=\"hover\"><\/div><\/a><\/aside><\/div>\n<\/div>\n\n\n\n<div class=\"wp-block-column is-layout-flow wp-block-column-is-layout-flow\">\n<div class=\"wp-block-create-block-sevgutenberg-navigation\"><aside class=\"encart-sev-navigation small carre\"><a href=\"https:\/\/mirabel-campings.com\/en\/camping-la-renaudiere-pornic\/\" class=\"d-flex flex-column align-items-center\"><div class=\"encart-title\"><span>La Renaudi\u00e8re ****<\/span><\/div><div class=\"vague\"><\/div><img decoding=\"async\" src=\"https:\/\/mirabel-campings.com\/wp-content\/uploads\/2022\/04\/Home-page-piscine-2000px.jpg\" alt=\"camping la renaudi\u00e8re pays de la loire\"\/><div class=\"ligne\"><\/div><div class=\"hover\"><\/div><\/a><\/aside><\/div>\n<\/div>\n\n\n\n<div class=\"wp-block-column is-layout-flow wp-block-column-is-layout-flow\">\n<div class=\"wp-block-create-block-sevgutenberg-navigation\"><aside class=\"encart-sev-navigation small carre\"><a href=\"https:\/\/mirabel-campings.com\/en\/camping-les-prairies-de-la-mer-ouistreham\/\" class=\"d-flex flex-column align-items-center\"><div class=\"encart-title\"><span>Les Prairies de la Mer ****<\/span><\/div><div class=\"vague\"><\/div><img decoding=\"async\" src=\"https:\/\/mirabel-campings.com\/wp-content\/uploads\/2022\/04\/piscine-transat-ouistreham-camping.jpg\" alt=\"The meadows of the sea\"\/><div class=\"ligne\"><\/div><div class=\"hover\"><\/div><\/a><\/aside><\/div>\n<\/div>\n\n\n\n<div class=\"wp-block-column is-layout-flow wp-block-column-is-layout-flow\">\n<div class=\"wp-block-create-block-sevgutenberg-navigation\"><aside class=\"encart-sev-navigation small carre\"><a href=\"https:\/\/mirabel-campings.com\/en\/page-camping\/\" class=\"d-flex flex-column align-items-center\"><div class=\"encart-title\"><span>L'Ermitage ***<\/span><\/div><div class=\"vague\"><\/div><img decoding=\"async\" src=\"https:\/\/mirabel-campings.com\/wp-content\/uploads\/2025\/03\/header-camping-ermitage-donville.png\" alt=\"header camping ermitage donville manche\"\/><div class=\"ligne\"><\/div><div class=\"hover\"><\/div><\/a><\/aside><\/div>\n<\/div>\n\n\n\n<div class=\"wp-block-column is-layout-flow wp-block-column-is-layout-flow\"><\/div>\n<\/div>","protected":false},"excerpt":{"rendered":"<p>Vos vacances en famille dans nos Campings &amp; R\u00e9sidences Mirabel Nos campings familiaux, r\u00e9servez votre s\u00e9jour !<\/p>","protected":false},"author":1,"featured_media":0,"parent":1901,"menu_order":0,"comment_status":"closed","ping_status":"closed","template":"","meta":{"_seopress_robots_primary_cat":"","_seopress_titles_title":"Vacances en famille | MIRABEL Campings & R\u00e9sidences","_seopress_titles_desc":"Choissisez l'un de nos 8 campings en Bretagne, Normandie ou Pays de la Loire pour vous ressourcer avec vos proches","_seopress_robots_index":"","footnotes":""},"class_list":["post-1859","page","type-page","status-publish","hentry"],"_links":{"self":[{"href":"https:\/\/mirabel-campings.com\/en\/wp-json\/wp\/v2\/pages\/1859","targetHints":{"allow":["GET"]}}],"collection":[{"href":"https:\/\/mirabel-campings.com\/en\/wp-json\/wp\/v2\/pages"}],"about":[{"href":"https:\/\/mirabel-campings.com\/en\/wp-json\/wp\/v2\/types\/page"}],"author":[{"embeddable":true,"href":"https:\/\/mirabel-campings.com\/en\/wp-json\/wp\/v2\/users\/1"}],"replies":[{"embeddable":true,"href":"https:\/\/mirabel-campings.com\/en\/wp-json\/wp\/v2\/comments?post=1859"}],"version-history":[{"count":24,"href":"https:\/\/mirabel-campings.com\/en\/wp-json\/wp\/v2\/pages\/1859\/revisions"}],"predecessor-version":[{"id":10918,"href":"https:\/\/mirabel-campings.com\/en\/wp-json\/wp\/v2\/pages\/1859\/revisions\/10918"}],"up":[{"embeddable":true,"href":"https:\/\/mirabel-campings.com\/en\/wp-json\/wp\/v2\/pages\/1901"}],"wp:attachment":[{"href":"https:\/\/mirabel-campings.com\/en\/wp-json\/wp\/v2\/media?parent=1859"}],"curies":[{"name":"wp","href":"https:\/\/api.w.org\/{rel}","templated":true}]}}