{"id":1901,"date":"2022-04-20T15:52:31","date_gmt":"2022-04-20T13:52:31","guid":{"rendered":"https:\/\/mirabel-campings.com\/?page_id=1901"},"modified":"2024-05-13T16:01:12","modified_gmt":"2024-05-13T14:01:12","slug":"vacation-ideas","status":"publish","type":"page","link":"https:\/\/mirabel-campings.com\/en\/idees-vacances\/","title":{"rendered":"Vacation ideas"},"content":{"rendered":"<h1 class=\"wp-block-heading\">Our vacation ideas<\/h1>\n\n\n\n<h2 class=\"wp-block-heading\">Discover our tailor-made experiences<\/h2>\n\n\n\n<p class=\"has-text-align-center\">In these pages, you'll find our ideas for successful vacations to suit all tastes: family holidays, cycling holidays, holidays by the sea, holidays in the great outdoors, holidays with your pet, and more .... <\/p>\n\n\n\n<figure class=\"wp-block-image aligncenter size-full\"><img loading=\"lazy\" decoding=\"async\" width=\"50\" height=\"8\" src=\"https:\/\/mirabel-campings.com\/wp-content\/uploads\/2022\/05\/barre-bleue.png\" alt=\"\" class=\"wp-image-3044\"\/><\/figure>\n\n\n\n<div class=\"wp-block-columns is-layout-flex wp-container-core-columns-is-layout-28f84493 wp-block-columns-is-layout-flex\">\n<div class=\"wp-block-column card is-layout-flow wp-block-column-is-layout-flow\">\n<figure class=\"wp-block-image size-full card-img-top\"><a href=\"https:\/\/mirabel-campings.com\/en\/family-vacation\/\"><img loading=\"lazy\" decoding=\"async\" width=\"1200\" height=\"746\" src=\"https:\/\/mirabel-campings.com\/wp-content\/uploads\/2023\/04\/vacances-en-famille-camping.jpg\" alt=\"Family vacation\" class=\"wp-image-2267\" srcset=\"https:\/\/mirabel-campings.com\/wp-content\/uploads\/2023\/04\/vacances-en-famille-camping.jpg 1200w, https:\/\/mirabel-campings.com\/wp-content\/uploads\/2023\/04\/vacances-en-famille-camping-300x187.jpg 300w, https:\/\/mirabel-campings.com\/wp-content\/uploads\/2023\/04\/vacances-en-famille-camping-1024x637.jpg 1024w, https:\/\/mirabel-campings.com\/wp-content\/uploads\/2023\/04\/vacances-en-famille-camping-768x477.jpg 768w\" sizes=\"auto, (max-width: 1200px) 100vw, 1200px\" \/><\/a><\/figure>\n\n\n\n<p class=\"has-text-align-center texte-rond card-title has-large-font-size\">Family vacation<\/p>\n\n\n\n<figure class=\"wp-block-image aligncenter size-full pluspetit\"><a href=\"https:\/\/mirabel-campings.com\/en\/family-vacation\/\"><img loading=\"lazy\" decoding=\"async\" width=\"41\" height=\"41\" src=\"https:\/\/mirabel-campings.com\/wp-content\/uploads\/2022\/05\/plus-1.png\" alt=\"\" class=\"wp-image-3344\"\/><\/a><\/figure>\n\n\n\n<div style=\"height:20px\" aria-hidden=\"true\" class=\"wp-block-spacer\"><\/div>\n<\/div>\n\n\n\n<div class=\"wp-block-column card is-layout-flow wp-block-column-is-layout-flow\">\n<figure class=\"wp-block-image size-large card-img-top\"><a href=\"https:\/\/mirabel-campings.com\/en\/campsites-with-aquatic-area\/\"><img loading=\"lazy\" decoding=\"async\" width=\"1024\" height=\"637\" src=\"https:\/\/mirabel-campings.com\/wp-content\/uploads\/2023\/04\/camping-zen-jacuzzi3-1024x637.jpg\" alt=\"Campsites with water park\" class=\"wp-image-2407\" srcset=\"https:\/\/mirabel-campings.com\/wp-content\/uploads\/2023\/04\/camping-zen-jacuzzi3-1024x637.jpg 1024w, https:\/\/mirabel-campings.com\/wp-content\/uploads\/2023\/04\/camping-zen-jacuzzi3-300x187.jpg 300w, https:\/\/mirabel-campings.com\/wp-content\/uploads\/2023\/04\/camping-zen-jacuzzi3-768x477.jpg 768w, https:\/\/mirabel-campings.com\/wp-content\/uploads\/2023\/04\/camping-zen-jacuzzi3.jpg 1200w\" sizes=\"auto, (max-width: 1024px) 100vw, 1024px\" \/><\/a><\/figure>\n\n\n\n<p class=\"has-text-align-center texte-rond card-title has-large-font-size\">Campsites with swimming pool<\/p>\n\n\n\n<figure class=\"wp-block-image aligncenter size-full pluspetit\"><a href=\"https:\/\/mirabel-campings.com\/en\/campsites-with-aquatic-area\/\"><img loading=\"lazy\" decoding=\"async\" width=\"41\" height=\"41\" src=\"https:\/\/mirabel-campings.com\/wp-content\/uploads\/2022\/05\/plus-1.png\" alt=\"\" class=\"wp-image-3344\"\/><\/a><\/figure>\n\n\n\n<div style=\"height:20px\" aria-hidden=\"true\" class=\"wp-block-spacer\"><\/div>\n<\/div>\n\n\n\n<div class=\"wp-block-column card is-layout-flow wp-block-column-is-layout-flow\">\n<figure class=\"wp-block-image size-large card-img-top\"><img loading=\"lazy\" decoding=\"async\" width=\"1024\" height=\"637\" src=\"https:\/\/mirabel-campings.com\/wp-content\/uploads\/2023\/12\/vacances-a-velo-camping-20231-1024x637.jpg\" alt=\"\" class=\"wp-image-7881\" style=\"object-fit:cover\" srcset=\"https:\/\/mirabel-campings.com\/wp-content\/uploads\/2023\/12\/vacances-a-velo-camping-20231-1024x637.jpg 1024w, https:\/\/mirabel-campings.com\/wp-content\/uploads\/2023\/12\/vacances-a-velo-camping-20231-300x187.jpg 300w, https:\/\/mirabel-campings.com\/wp-content\/uploads\/2023\/12\/vacances-a-velo-camping-20231-768x477.jpg 768w, https:\/\/mirabel-campings.com\/wp-content\/uploads\/2023\/12\/vacances-a-velo-camping-20231.jpg 1200w\" sizes=\"auto, (max-width: 1024px) 100vw, 1024px\" \/><\/figure>\n\n\n\n<p class=\"has-text-align-center texte-rond card-title has-large-font-size\">Cycling vacations<\/p>\n\n\n\n<figure class=\"wp-block-image aligncenter size-full pluspetit\"><a href=\"https:\/\/mirabel-campings.com\/en\/cycling-vacations\/\"><img loading=\"lazy\" decoding=\"async\" width=\"41\" height=\"41\" src=\"https:\/\/mirabel-campings.com\/wp-content\/uploads\/2022\/05\/plus-1.png\" alt=\"\" class=\"wp-image-3344\"\/><\/a><\/figure>\n\n\n\n<div style=\"height:20px\" aria-hidden=\"true\" class=\"wp-block-spacer\"><\/div>\n<\/div>\n<\/div>\n\n\n\n<div class=\"wp-block-columns is-layout-flex wp-container-core-columns-is-layout-28f84493 wp-block-columns-is-layout-flex\">\n<div class=\"wp-block-column card is-layout-flow wp-block-column-is-layout-flow\">\n<figure class=\"wp-block-image size-full card-img-top\"><img loading=\"lazy\" decoding=\"async\" width=\"800\" height=\"533\" src=\"https:\/\/mirabel-campings.com\/wp-content\/uploads\/2024\/04\/st-cast-digue-villas.jpg\" alt=\"Breakwater linking the port and the seaside resort of Saint-Cast\" class=\"wp-image-9555\" style=\"object-fit:cover\" srcset=\"https:\/\/mirabel-campings.com\/wp-content\/uploads\/2024\/04\/st-cast-digue-villas.jpg 800w, https:\/\/mirabel-campings.com\/wp-content\/uploads\/2024\/04\/st-cast-digue-villas-300x200.jpg 300w, https:\/\/mirabel-campings.com\/wp-content\/uploads\/2024\/04\/st-cast-digue-villas-768x512.jpg 768w\" sizes=\"auto, (max-width: 800px) 100vw, 800px\" \/><\/figure>\n\n\n\n<p class=\"has-text-align-center texte-rond card-title has-large-font-size\">Staying on a peninsula<\/p>\n\n\n\n<figure class=\"wp-block-image aligncenter size-full pluspetit\"><a href=\"https:\/\/mirabel-campings.com\/en\/vacation-ideas\/a-stay-on-a-breton-peninsula\/\"><img loading=\"lazy\" decoding=\"async\" width=\"41\" height=\"41\" src=\"https:\/\/mirabel-campings.com\/wp-content\/uploads\/2022\/05\/plus-1.png\" alt=\"\" class=\"wp-image-3344\"\/><\/a><\/figure>\n\n\n\n<div style=\"height:20px\" aria-hidden=\"true\" class=\"wp-block-spacer\"><\/div>\n<\/div>\n\n\n\n<div class=\"wp-block-column card is-layout-flow wp-block-column-is-layout-flow\">\n<figure class=\"wp-block-image size-full card-img-top\"><a href=\"https:\/\/mirabel-campings.com\/en\/vacation-ideas\/discover-the-demeraude-coast\/\"><img loading=\"lazy\" decoding=\"async\" width=\"700\" height=\"467\" src=\"https:\/\/mirabel-campings.com\/wp-content\/uploads\/2024\/04\/Camping-Cote-d-Armor-1.jpeg\" alt=\"camping beach C\u00f4tes d&#039;Armor\" class=\"wp-image-9483\" style=\"object-fit:cover\" srcset=\"https:\/\/mirabel-campings.com\/wp-content\/uploads\/2024\/04\/Camping-Cote-d-Armor-1.jpeg 700w, https:\/\/mirabel-campings.com\/wp-content\/uploads\/2024\/04\/Camping-Cote-d-Armor-1-300x200.jpeg 300w\" sizes=\"auto, (max-width: 700px) 100vw, 700px\" \/><\/a><\/figure>\n\n\n\n<p class=\"has-text-align-center texte-rond card-title has-large-font-size\">Discover the Emerald Coast<\/p>\n\n\n\n<figure class=\"wp-block-image aligncenter size-full pluspetit\"><a href=\"https:\/\/mirabel-campings.com\/en\/vacation-ideas\/discover-the-demeraude-coast\/\"><img loading=\"lazy\" decoding=\"async\" width=\"41\" height=\"41\" src=\"https:\/\/mirabel-campings.com\/wp-content\/uploads\/2022\/05\/plus-1.png\" alt=\"\" class=\"wp-image-3344\"\/><\/a><\/figure>\n\n\n\n<div style=\"height:20px\" aria-hidden=\"true\" class=\"wp-block-spacer\"><\/div>\n<\/div>\n\n\n\n<div class=\"wp-block-column is-layout-flow wp-block-column-is-layout-flow\"><\/div>\n<\/div>","protected":false},"excerpt":{"rendered":"<p>Nos id\u00e9es vacances D\u00e9couvrez nos exp\u00e9riences sur-mesure Retrouvez dans ces pages, nos id\u00e9es pour des vacances r\u00e9ussies selon vos envies [&hellip;]<\/p>\n","protected":false},"author":1,"featured_media":0,"parent":0,"menu_order":0,"comment_status":"closed","ping_status":"closed","template":"","meta":{"_seopress_robots_primary_cat":"","_seopress_titles_title":"Nos id\u00e9es vacances | Mirabel Campings & R\u00e9sidences","_seopress_titles_desc":"Choisissez l'un de nos 8 campings et vivez l'exp\u00e9rience qui vous ressemble","_seopress_robots_index":"","footnotes":""},"class_list":["post-1901","page","type-page","status-publish","hentry"],"_links":{"self":[{"href":"https:\/\/mirabel-campings.com\/en\/wp-json\/wp\/v2\/pages\/1901","targetHints":{"allow":["GET"]}}],"collection":[{"href":"https:\/\/mirabel-campings.com\/en\/wp-json\/wp\/v2\/pages"}],"about":[{"href":"https:\/\/mirabel-campings.com\/en\/wp-json\/wp\/v2\/types\/page"}],"author":[{"embeddable":true,"href":"https:\/\/mirabel-campings.com\/en\/wp-json\/wp\/v2\/users\/1"}],"replies":[{"embeddable":true,"href":"https:\/\/mirabel-campings.com\/en\/wp-json\/wp\/v2\/comments?post=1901"}],"version-history":[{"count":27,"href":"https:\/\/mirabel-campings.com\/en\/wp-json\/wp\/v2\/pages\/1901\/revisions"}],"predecessor-version":[{"id":9706,"href":"https:\/\/mirabel-campings.com\/en\/wp-json\/wp\/v2\/pages\/1901\/revisions\/9706"}],"wp:attachment":[{"href":"https:\/\/mirabel-campings.com\/en\/wp-json\/wp\/v2\/media?parent=1901"}],"curies":[{"name":"wp","href":"https:\/\/api.w.org\/{rel}","templated":true}]}}