{"id":1910,"date":"2022-04-20T16:04:46","date_gmt":"2022-04-20T14:04:46","guid":{"rendered":"https:\/\/mirabel-campings.com\/?page_id=1910"},"modified":"2023-12-06T11:10:37","modified_gmt":"2023-12-06T10:10:37","slug":"campsites-with-aquatic-area","status":"publish","type":"page","link":"https:\/\/mirabel-campings.com\/en\/idees-vacances\/campings-avec-espace-aquatique\/","title":{"rendered":"Campsites with swimming pool"},"content":{"rendered":"<h1 class=\"wp-block-heading\">Head for an aquatic vacation at one of our 4-star campsites<\/h1>\n\n\n\n<div class=\"wp-block-media-text alignwide has-media-on-the-right is-stacked-on-mobile animate\"><div class=\"wp-block-media-text__content\">\n<h2 class=\"wp-block-heading\">Enjoy the pools at our Mirabel campsites<\/h2>\n\n\n\n<p>For your next weekend or vacation, book a stay at one of our campsites with <strong>Heated pool<\/strong>. In our western regions, large <strong>covered pools<\/strong> and outdoor areas await you for fun times with friends!<\/p>\n\n\n\n<h2 class=\"wp-block-heading texte-rond has-corail-color has-text-color has-link-color has-large-font-size wp-elements-c923321f9255d51dd46f990f8ec380fc\">Having fun in the water!<\/h2>\n\n\n\n<figure class=\"wp-block-image size-full\"><img loading=\"lazy\" decoding=\"async\" width=\"50\" height=\"8\" src=\"https:\/\/mirabel-campings.com\/wp-content\/uploads\/2022\/05\/barre-bleue.png\" alt=\"\" class=\"wp-image-3044\"\/><\/figure>\n\n\n\n<figure class=\"wp-block-image alignright size-full is-resized\"><img loading=\"lazy\" decoding=\"async\" width=\"283\" height=\"300\" src=\"https:\/\/mirabel-campings.com\/wp-content\/uploads\/2022\/05\/transat-283x300-1.png\" alt=\"\" class=\"wp-image-3088\" style=\"width:71px;height:75px\"\/><\/figure>\n\n\n\n<p>Do you agree that vacation means rest and pleasure? Then what could be better than sunbathing by the pool while you're in one of our <strong>Campsites Mirabel<\/strong>&nbsp;! The \u00abbeaches\u00bb allow everyone to keep an eye on the kids, read a book or just relax. <strong>relax<\/strong> on the deckchairs provided around the water.<\/p>\n<\/div><figure class=\"wp-block-media-text__media\"><img loading=\"lazy\" decoding=\"async\" width=\"1024\" height=\"683\" src=\"https:\/\/mirabel-campings.com\/wp-content\/uploads\/2023\/04\/vacances-piscine-camping-1024x683.jpg\" alt=\"Camping espace aquatique\" class=\"wp-image-2271 size-full\" srcset=\"https:\/\/mirabel-campings.com\/wp-content\/uploads\/2023\/04\/vacances-piscine-camping-1024x683.jpg 1024w, https:\/\/mirabel-campings.com\/wp-content\/uploads\/2023\/04\/vacances-piscine-camping-300x200.jpg 300w, https:\/\/mirabel-campings.com\/wp-content\/uploads\/2023\/04\/vacances-piscine-camping-768x512.jpg 768w, https:\/\/mirabel-campings.com\/wp-content\/uploads\/2023\/04\/vacances-piscine-camping.jpg 1200w\" sizes=\"auto, (max-width: 1024px) 100vw, 1024px\" \/><\/figure><\/div>\n\n\n\n<div style=\"height:20px\" aria-hidden=\"true\" class=\"wp-block-spacer\"><\/div>\n\n\n\n<div class=\"wp-block-media-text alignwide is-stacked-on-mobile is-image-fill front-page-section grey\"><figure class=\"wp-block-media-text__media\" style=\"background-image:url(https:\/\/mirabel-campings.com\/wp-content\/uploads\/2023\/04\/camping-zen-jacuzzi-1024x575.jpg);background-position:65% 62%\"><img loading=\"lazy\" decoding=\"async\" width=\"1024\" height=\"575\" src=\"https:\/\/mirabel-campings.com\/wp-content\/uploads\/2023\/04\/camping-zen-jacuzzi-1024x575.jpg\" alt=\"relaxing by the pool\" class=\"wp-image-2345 size-full\" srcset=\"https:\/\/mirabel-campings.com\/wp-content\/uploads\/2023\/04\/camping-zen-jacuzzi-1024x575.jpg 1024w, https:\/\/mirabel-campings.com\/wp-content\/uploads\/2023\/04\/camping-zen-jacuzzi-300x169.jpg 300w, https:\/\/mirabel-campings.com\/wp-content\/uploads\/2023\/04\/camping-zen-jacuzzi-768x431.jpg 768w, https:\/\/mirabel-campings.com\/wp-content\/uploads\/2023\/04\/camping-zen-jacuzzi.jpg 1200w\" sizes=\"auto, (max-width: 1024px) 100vw, 1024px\" \/><\/figure><div class=\"wp-block-media-text__content\">\n<h2 class=\"wp-block-heading\">Our 4-star heated pools!<\/h2>\n\n\n\n<p>Rain, shine or snow (well, maybe not snow...but!) you can always enjoy our indoor and outdoor heated pools. About <strong>28\u00b0 in water<\/strong> for a real moment of pleasure.<\/p>\n\n\n\n<p>Visit <strong>covered pools<\/strong> open during the Easter vacations. During the summer months, weather permitting, they can be uncovered to take full advantage of the sun's rays.  In La Renaudi\u00e8re (44), Cayola (85) and Prairies de la Mer (14), you can also take time out for yourself in our <strong><a href=\"https:\/\/mirabel-campings.com\/en\/aquatic-area\/\" data-type=\"page\" data-id=\"9\">Jacuzzis and whirlpools<\/a><\/strong>.<\/p>\n\n\n\n<figure class=\"wp-block-image alignleft size-full is-resized\"><img loading=\"lazy\" decoding=\"async\" width=\"300\" height=\"214\" src=\"https:\/\/mirabel-campings.com\/wp-content\/uploads\/2022\/05\/tong-1-300x214-1.png\" alt=\"\" class=\"wp-image-3085\" style=\"width:75px;height:54px\"\/><\/figure>\n\n\n\n<p>From May to June, the <strong>outdoor pools are accessible to all<\/strong>.&nbsp; <strong>Paddling pool,<\/strong> children's play area, <strong>large basin<\/strong>, With a wide range of water sports, everyone will be able to find their favorite swimming spot, in complete safety. All you have to do is enjoy! <\/p>\n<\/div><\/div>\n\n\n\n<div style=\"height:20px\" aria-hidden=\"true\" class=\"wp-block-spacer\"><\/div>\n\n\n\n<div class=\"wp-block-media-text alignwide has-media-on-the-right is-stacked-on-mobile\"><div class=\"wp-block-media-text__content\">\n<p class=\"texte-rond has-corail-color has-text-color has-large-font-size\">For more fun: head for the toboggans<\/p>\n\n\n\n<p>We know that many of you <strong>love sensations<\/strong> and fun! We're sure you'll be delighted to try out our different trails! <strong>Spiral slides<\/strong> for those who love to roll over and over without knowing where to land, or the <strong>aqua brake descent<\/strong>, and race with your friends!  From <strong>small slides<\/strong> are also installed near the paddling pools for toddlers to enjoy a safe slide.<\/p>\n\n\n\n<p>The best thing about our slides is that each one lands in a single pool, allowing swimmers in the larger pools to enjoy the experience in complete tranquillity.<\/p>\n\n\n\n<figure class=\"wp-block-image aligncenter size-full is-resized\"><img loading=\"lazy\" decoding=\"async\" width=\"320\" height=\"216\" src=\"https:\/\/mirabel-campings.com\/wp-content\/uploads\/2022\/04\/eclaboussure.png\" alt=\"aquatic\" class=\"wp-image-269\" style=\"width:160px;height:108px\" srcset=\"https:\/\/mirabel-campings.com\/wp-content\/uploads\/2022\/04\/eclaboussure.png 320w, https:\/\/mirabel-campings.com\/wp-content\/uploads\/2022\/04\/eclaboussure-300x203.png 300w\" sizes=\"auto, (max-width: 320px) 100vw, 320px\" \/><\/figure>\n<\/div><figure class=\"wp-block-media-text__media\"><img loading=\"lazy\" decoding=\"async\" width=\"600\" height=\"400\" src=\"https:\/\/mirabel-campings.com\/wp-content\/uploads\/2023\/12\/piscine-toboggan-amusement-camping.jpg\" alt=\"swimming pool with slide mirabel 4-star campsites\" class=\"wp-image-7859 size-full\" srcset=\"https:\/\/mirabel-campings.com\/wp-content\/uploads\/2023\/12\/piscine-toboggan-amusement-camping.jpg 600w, https:\/\/mirabel-campings.com\/wp-content\/uploads\/2023\/12\/piscine-toboggan-amusement-camping-300x200.jpg 300w\" sizes=\"auto, (max-width: 600px) 100vw, 600px\" \/><\/figure><\/div>\n\n\n\n<div style=\"height:20px\" aria-hidden=\"true\" class=\"wp-block-spacer\"><\/div>\n\n\n\n<p class=\"has-text-align-center texte-rond has-large-font-size\">Book your stay at one of our campsites with swimming pool!<\/p>\n\n\n\n<div class=\"wp-block-columns front-page-section grey is-layout-flex wp-container-core-columns-is-layout-28f84493 wp-block-columns-is-layout-flex\">\n<div class=\"wp-block-column is-layout-flow wp-block-column-is-layout-flow\"><\/div>\n\n\n\n<div class=\"wp-block-column is-layout-flow wp-block-column-is-layout-flow\">\n<div class=\"wp-block-create-block-sevgutenberg-navigation\"><aside class=\"encart-sev-navigation small carre\"><a href=\"https:\/\/mirabel-campings.com\/en\/camping-les-mielles-saint-cast-le-guildo\/\" class=\"d-flex flex-column align-items-center\"><div class=\"encart-title\"><span>Les Mielles ****<\/span><\/div><div class=\"vague\"><\/div><img decoding=\"async\" src=\"https:\/\/mirabel-campings.com\/wp-content\/uploads\/2022\/04\/DSCN6689.jpg\" alt=\"Les Mielles\"\/><div class=\"ligne\"><\/div><div class=\"hover\"><\/div><\/a><\/aside><\/div>\n<\/div>\n\n\n\n<div class=\"wp-block-column is-layout-flow wp-block-column-is-layout-flow\">\n<div class=\"wp-block-create-block-sevgutenberg-navigation\"><aside class=\"encart-sev-navigation small carre\"><a href=\"https:\/\/mirabel-campings.com\/en\/camping-les-prairies-de-la-mer-ouistreham\/\" class=\"d-flex flex-column align-items-center\"><div class=\"encart-title\"><span>Les Prairies de la Mer ****<\/span><\/div><div class=\"vague\"><\/div><img decoding=\"async\" src=\"https:\/\/mirabel-campings.com\/wp-content\/uploads\/2022\/04\/piscine-transat-ouistreham-camping.jpg\" alt=\"The meadows of the sea\"\/><div class=\"ligne\"><\/div><div class=\"hover\"><\/div><\/a><\/aside><\/div>\n<\/div>\n\n\n\n<div class=\"wp-block-column is-layout-flow wp-block-column-is-layout-flow\">\n<div class=\"wp-block-create-block-sevgutenberg-navigation\"><aside class=\"encart-sev-navigation small carre\"><a href=\"https:\/\/mirabel-campings.com\/en\/camping-la-renaudiere-pornic\/\" class=\"d-flex flex-column align-items-center\"><div class=\"encart-title\"><span>La Renaudi\u00e8re ****<\/span><\/div><div class=\"vague\"><\/div><img decoding=\"async\" src=\"https:\/\/mirabel-campings.com\/wp-content\/uploads\/2022\/04\/Home-page-piscine-2000px.jpg\" alt=\"camping la renaudi\u00e8re pays de la loire\"\/><div class=\"ligne\"><\/div><div class=\"hover\"><\/div><\/a><\/aside><\/div>\n<\/div>\n\n\n\n<div class=\"wp-block-column is-layout-flow wp-block-column-is-layout-flow\">\n<div class=\"wp-block-create-block-sevgutenberg-navigation\"><aside class=\"encart-sev-navigation small carre\"><a href=\"https:\/\/mirabel-campings.com\/en\/camping-la-baie-de-cayola-les-sables-dolonne\/\" class=\"d-flex flex-column align-items-center\"><div class=\"encart-title\"><span>Cayola Bay ****<\/span><\/div><div class=\"vague\"><\/div><img decoding=\"async\" src=\"https:\/\/mirabel-campings.com\/wp-content\/uploads\/2022\/04\/VUE_MER1_CAYOLA.jpg\" alt=\"Camping La Baie de Cayola in Les Sables-d&#039;Olonne\"\/><div class=\"ligne\"><\/div><div class=\"hover\"><\/div><\/a><\/aside><\/div>\n<\/div>\n\n\n\n<div class=\"wp-block-column is-layout-flow wp-block-column-is-layout-flow\"><\/div>\n<\/div>","protected":false},"excerpt":{"rendered":"<p>Cap sur des vacances aquatiques dans nos campings 4 \u00e9toiles Nos campings avec piscine, r\u00e9servez votre s\u00e9jour !<\/p>","protected":false},"author":1,"featured_media":0,"parent":1901,"menu_order":0,"comment_status":"closed","ping_status":"closed","template":"","meta":{"_seopress_robots_primary_cat":"","_seopress_titles_title":"Campings avec piscine chauff\u00e9e | Mirabel Campings &amp; R\u00e9sidences","_seopress_titles_desc":"D\u00e9couvrez nos 4 campings avec piscine chauff\u00e9e en Bretagne, Normandie et Pays de la Loire","_seopress_robots_index":"","footnotes":""},"class_list":["post-1910","page","type-page","status-publish","hentry"],"_links":{"self":[{"href":"https:\/\/mirabel-campings.com\/en\/wp-json\/wp\/v2\/pages\/1910","targetHints":{"allow":["GET"]}}],"collection":[{"href":"https:\/\/mirabel-campings.com\/en\/wp-json\/wp\/v2\/pages"}],"about":[{"href":"https:\/\/mirabel-campings.com\/en\/wp-json\/wp\/v2\/types\/page"}],"author":[{"embeddable":true,"href":"https:\/\/mirabel-campings.com\/en\/wp-json\/wp\/v2\/users\/1"}],"replies":[{"embeddable":true,"href":"https:\/\/mirabel-campings.com\/en\/wp-json\/wp\/v2\/comments?post=1910"}],"version-history":[{"count":29,"href":"https:\/\/mirabel-campings.com\/en\/wp-json\/wp\/v2\/pages\/1910\/revisions"}],"predecessor-version":[{"id":7926,"href":"https:\/\/mirabel-campings.com\/en\/wp-json\/wp\/v2\/pages\/1910\/revisions\/7926"}],"up":[{"embeddable":true,"href":"https:\/\/mirabel-campings.com\/en\/wp-json\/wp\/v2\/pages\/1901"}],"wp:attachment":[{"href":"https:\/\/mirabel-campings.com\/en\/wp-json\/wp\/v2\/media?parent=1910"}],"curies":[{"name":"wp","href":"https:\/\/api.w.org\/{rel}","templated":true}]}}