{"id":219,"date":"2022-04-13T16:46:39","date_gmt":"2022-04-13T14:46:39","guid":{"rendered":"https:\/\/mirabel-campings.com\/?page_id=219"},"modified":"2024-04-08T14:10:13","modified_gmt":"2024-04-08T12:10:13","slug":"sports-and-leisure","status":"publish","type":"page","link":"https:\/\/mirabel-campings.com\/en\/sports-et-loisirs\/","title":{"rendered":"Sports and leisure"},"content":{"rendered":"<h1 class=\"wp-block-heading\" id=\"on-garde-la-forme-au-camping-les-prairies-de-la-mer\"><strong><strong>Our leisure activities for children and the whole family<\/strong><\/strong><\/h1>\n\n\n\n<div class=\"wp-block-media-text alignwide has-media-on-the-right is-stacked-on-mobile\"><div class=\"wp-block-media-text__content\">\n<h2 class=\"wp-block-heading\">Our safe playgrounds for children<\/h2>\n\n\n\n<figure class=\"wp-block-image size-full\"><img loading=\"lazy\" decoding=\"async\" width=\"50\" height=\"8\" src=\"https:\/\/mirabel-campings.com\/wp-content\/uploads\/2022\/05\/barre-bleue.png\" alt=\"\" class=\"wp-image-3044\"\/><\/figure>\n\n\n\n<figure class=\"wp-block-image alignright size-full is-resized\"><img loading=\"lazy\" decoding=\"async\" width=\"320\" height=\"292\" src=\"https:\/\/mirabel-campings.com\/wp-content\/uploads\/2022\/04\/Soleil.png\" alt=\"sun\" class=\"wp-image-300\" style=\"width:80px;height:73px\" srcset=\"https:\/\/mirabel-campings.com\/wp-content\/uploads\/2022\/04\/Soleil.png 320w, https:\/\/mirabel-campings.com\/wp-content\/uploads\/2022\/04\/Soleil-300x274.png 300w\" sizes=\"auto, (max-width: 320px) 100vw, 320px\" \/><\/figure>\n\n\n\n<p>Each of our rental campsites has play areas for the youngest guests. Children can play safely and parents can relax. <strong>Slides<\/strong>, <strong>swings<\/strong>, <strong>roped courses<\/strong> await the little ones. Visit <strong>inflatable structures<\/strong> are also set up for unlimited bouncing and sliding in the form of a Giant Castle or Sea Monster. It's all part of a fun-filled experience for children!<\/p>\n<\/div><figure class=\"wp-block-media-text__media\"><img loading=\"lazy\" decoding=\"async\" width=\"1024\" height=\"768\" src=\"https:\/\/mirabel-campings.com\/wp-content\/uploads\/2022\/04\/chateau-gonflable-ouistreham-mirabel-1024x768.jpg\" alt=\"inflatable castle\" class=\"wp-image-1083 size-full\" srcset=\"https:\/\/mirabel-campings.com\/wp-content\/uploads\/2022\/04\/chateau-gonflable-ouistreham-mirabel-1024x768.jpg 1024w, https:\/\/mirabel-campings.com\/wp-content\/uploads\/2022\/04\/chateau-gonflable-ouistreham-mirabel-300x225.jpg 300w, https:\/\/mirabel-campings.com\/wp-content\/uploads\/2022\/04\/chateau-gonflable-ouistreham-mirabel-768x576.jpg 768w, https:\/\/mirabel-campings.com\/wp-content\/uploads\/2022\/04\/chateau-gonflable-ouistreham-mirabel.jpg 1200w\" sizes=\"auto, (max-width: 1024px) 100vw, 1024px\" \/><\/figure><\/div>\n\n\n\n<div style=\"height:14px\" aria-hidden=\"true\" class=\"wp-block-spacer\"><\/div>\n\n\n\n<div class=\"wp-block-media-text alignwide is-stacked-on-mobile front-page-section grey\"><figure class=\"wp-block-media-text__media\"><img loading=\"lazy\" decoding=\"async\" width=\"1024\" height=\"683\" src=\"https:\/\/mirabel-campings.com\/wp-content\/uploads\/2023\/04\/multisports-camping-terrain-sport-1024x683.jpg\" alt=\"multi-sports ground\" class=\"wp-image-1095 size-full\" srcset=\"https:\/\/mirabel-campings.com\/wp-content\/uploads\/2023\/04\/multisports-camping-terrain-sport-1024x683.jpg 1024w, https:\/\/mirabel-campings.com\/wp-content\/uploads\/2023\/04\/multisports-camping-terrain-sport-300x200.jpg 300w, https:\/\/mirabel-campings.com\/wp-content\/uploads\/2023\/04\/multisports-camping-terrain-sport-768x512.jpg 768w, https:\/\/mirabel-campings.com\/wp-content\/uploads\/2023\/04\/multisports-camping-terrain-sport.jpg 1200w\" sizes=\"auto, (max-width: 1024px) 100vw, 1024px\" \/><\/figure><div class=\"wp-block-media-text__content\">\n<p class=\"texte-rond has-orange-color has-text-color has-large-font-size\">Our sports fields for team play\u00a0<\/p>\n\n\n\n<figure class=\"wp-block-image size-full\"><img loading=\"lazy\" decoding=\"async\" width=\"50\" height=\"8\" src=\"https:\/\/mirabel-campings.com\/wp-content\/uploads\/2022\/05\/barre-bleue.png\" alt=\"\" class=\"wp-image-3044\"\/><\/figure>\n\n\n\n<p>In our <strong>Campsites Mirabel<\/strong>, We do everything we can to help you get together with family and friends and share moments of complicity and fun. Our multi-sports fields are ideal for these exchanges, <strong>sneaker panels<\/strong>, <strong>handball goals<\/strong>, They're the ideal place for your day's sporting activities. It's a great place to \u00abkick the ball around\u00bb, relax and chat, or compete in teams over a game of football. <strong>volleyball tournament<\/strong> or basketball, for example. During the season, our entertainers regularly get together to organize games such as <strong>olympiads<\/strong>, or even <strong>muscular awakenings<\/strong> to start a beautiful summer's day.<\/p>\n\n\n\n<p>All you have to do is put on your sneakers and we'll see you on your campsite's multisports pitch!<\/p>\n<\/div><\/div>\n\n\n\n<div style=\"height:14px\" aria-hidden=\"true\" class=\"wp-block-spacer\"><\/div>\n\n\n\n<div class=\"wp-block-media-text alignwide has-media-on-the-right is-stacked-on-mobile front-page-section grey\"><div class=\"wp-block-media-text__content\">\n<h2 class=\"wp-block-heading\">Our boulodromes for p\u00e9tanque games<\/h2>\n\n\n\n<figure class=\"wp-block-image size-full\"><img loading=\"lazy\" decoding=\"async\" width=\"50\" height=\"8\" src=\"https:\/\/mirabel-campings.com\/wp-content\/uploads\/2022\/05\/barre-bleue.png\" alt=\"\" class=\"wp-image-3044\"\/><\/figure>\n\n\n\n<p>A <strong>camping trip<\/strong> without a <strong>petanque game<\/strong> isn't a real camping trip, is it? Well, that's just as well, because we've taken care to create dedicated areas. From <strong>boulodromes<\/strong>, divided into several plots of land so as to be able to organize <strong>tournaments<\/strong>, are at your disposal. Not a big fan of p\u00e9tanque? Don't worry, there's nothing to stop you playing a game of <strong>palets breton<\/strong> or M\u00f6lkky!<\/p>\n\n\n\n<figure class=\"wp-block-image size-full is-resized\"><img loading=\"lazy\" decoding=\"async\" width=\"163\" height=\"93\" src=\"https:\/\/mirabel-campings.com\/wp-content\/uploads\/2022\/04\/boules.png\" alt=\"boulodrome\" class=\"wp-image-295\" style=\"width:82px;height:47px\"\/><\/figure>\n<\/div><figure class=\"wp-block-media-text__media\"><img loading=\"lazy\" decoding=\"async\" width=\"1024\" height=\"681\" src=\"https:\/\/mirabel-campings.com\/wp-content\/uploads\/2023\/04\/boulodrome-camping-petanque-vacances-1024x681.jpg\" alt=\"camping p\u00e9tanque tournament\" class=\"wp-image-1053 size-full\" srcset=\"https:\/\/mirabel-campings.com\/wp-content\/uploads\/2023\/04\/boulodrome-camping-petanque-vacances-1024x681.jpg 1024w, https:\/\/mirabel-campings.com\/wp-content\/uploads\/2023\/04\/boulodrome-camping-petanque-vacances-300x200.jpg 300w, https:\/\/mirabel-campings.com\/wp-content\/uploads\/2023\/04\/boulodrome-camping-petanque-vacances-768x511.jpg 768w, https:\/\/mirabel-campings.com\/wp-content\/uploads\/2023\/04\/boulodrome-camping-petanque-vacances.jpg 1200w\" sizes=\"auto, (max-width: 1024px) 100vw, 1024px\" \/><\/figure><\/div>\n\n\n\n<div class=\"wp-block-group is-layout-flow wp-block-group-is-layout-flow\">\n<figure class=\"wp-block-image aligncenter size-full is-resized mt-5\"><img loading=\"lazy\" decoding=\"async\" width=\"1024\" height=\"84\" src=\"https:\/\/mirabel-campings.com\/wp-content\/uploads\/2022\/04\/diapo-photos.png\" alt=\"photo slideshow\" class=\"wp-image-276\" style=\"width:768px;height:63px\" srcset=\"https:\/\/mirabel-campings.com\/wp-content\/uploads\/2022\/04\/diapo-photos.png 1024w, https:\/\/mirabel-campings.com\/wp-content\/uploads\/2022\/04\/diapo-photos-300x25.png 300w, https:\/\/mirabel-campings.com\/wp-content\/uploads\/2022\/04\/diapo-photos-768x63.png 768w\" sizes=\"auto, (max-width: 1024px) 100vw, 1024px\" \/><\/figure>\n\n\n\t\t\t<div id=\"sevgallery-211234190\" class=\"sev-diaporama sev-diaporama-portfolio\">\n\t\t\t\t<div class=\"row\">\n\n\t\t\t\t\t\n\t\t\t\t\t\t\n\t\t\t\t\t\t<div class=\"sev-diaporama-portfolio-item   btnseeall btnseeall-xl col-12 col-md  col-grow\">\n\t\t\t\t\t\t\t<a href=\"https:\/\/mirabel-campings.com\/wp-content\/uploads\/2022\/04\/salle-fitness-sport.jpg\" data-lightbox=\"sevgallery-211234190\" style=\"background-image: url(https:\/\/mirabel-campings.com\/wp-content\/uploads\/2022\/04\/salle-fitness-sport.jpg)\">\n\t\t\t\t\t\t\t\t<img decoding=\"async\" src=\"https:\/\/mirabel-campings.com\/wp-content\/uploads\/2022\/04\/salle-fitness-sport.jpg\" alt=\"fitness room seaside camping\" loading=\"lazy\">\n\t\t\t\t\t\t\t<\/a>\n\t\t\t\t\t\t<\/div>\n\n\t\t\t\t\t\t\n\t\t\t\t\t\t\t\t\t\t\t\t\t\t\t\t\t\n\t\t\t\t\t\t\n\t\t\t\t\t\t<div class=\"sev-diaporama-portfolio-item   btnseeall btnseeall-xl col-12 col-md  col-shrink\">\n\t\t\t\t\t\t\t<a href=\"https:\/\/mirabel-campings.com\/wp-content\/uploads\/2022\/04\/chateau-gonflable-ouistreham-mirabel.jpg\" data-lightbox=\"sevgallery-211234190\" style=\"background-image: url(https:\/\/mirabel-campings.com\/wp-content\/uploads\/2022\/04\/chateau-gonflable-ouistreham-mirabel.jpg)\">\n\t\t\t\t\t\t\t\t<img decoding=\"async\" src=\"https:\/\/mirabel-campings.com\/wp-content\/uploads\/2022\/04\/chateau-gonflable-ouistreham-mirabel.jpg\" alt=\"bouncy castle family camping\" loading=\"lazy\">\n\t\t\t\t\t\t\t<\/a>\n\t\t\t\t\t\t<\/div>\n\n\t\t\t\t\t\t\n\t\t\t\t\t\t\t\t\t\t\t\t\t\t\t\t\t\n\t\t\t\t\t\t\n\t\t\t\t\t\t<div class=\"sev-diaporama-portfolio-item   btnseeall btnseeall-xl col-12 col-md  col-grow\">\n\t\t\t\t\t\t\t<a href=\"https:\/\/mirabel-campings.com\/wp-content\/uploads\/2022\/04\/balancoire-enfants-jeux.jpg\" data-lightbox=\"sevgallery-211234190\" style=\"background-image: url(https:\/\/mirabel-campings.com\/wp-content\/uploads\/2022\/04\/balancoire-enfants-jeux.jpg)\">\n\t\t\t\t\t\t\t\t<img decoding=\"async\" src=\"https:\/\/mirabel-campings.com\/wp-content\/uploads\/2022\/04\/balancoire-enfants-jeux.jpg\" alt=\"swing family campsite by the sea\" loading=\"lazy\">\n\t\t\t\t\t\t\t<\/a>\n\t\t\t\t\t\t<\/div>\n\n\t\t\t\t\t\t\n\t\t\t\t\t\t\t\t\t\t\t\t\t\t\t\t\t\n\t\t\t\t\t\t\n\t\t\t\t\t\t<div class=\"sev-diaporama-portfolio-item   btnseeall btnseeall-xl col-12 col-md  col-grow\">\n\t\t\t\t\t\t\t<a href=\"https:\/\/mirabel-campings.com\/wp-content\/uploads\/2023\/11\/club-enfant-animation-camping.jpg\" data-lightbox=\"sevgallery-211234190\" style=\"background-image: url(https:\/\/mirabel-campings.com\/wp-content\/uploads\/2023\/11\/club-enfant-animation-camping.jpg)\">\n\t\t\t\t\t\t\t\t<img decoding=\"async\" src=\"https:\/\/mirabel-campings.com\/wp-content\/uploads\/2023\/11\/club-enfant-animation-camping.jpg\" alt=\"club enfants camping animations ouistreham\" loading=\"lazy\">\n\t\t\t\t\t\t\t<\/a>\n\t\t\t\t\t\t<\/div>\n\n\t\t\t\t\t\t\t\t\t\t\t\t\t<div class=\"w-100\"><\/div>\n\t\t\t\t\t\t\t\t\t\t\t\t\t\n\t\t\t\t\t\t\t\t\t\t\t\t\t\t\t\t\t\n\t\t\t\t\t\t\n\t\t\t\t\t\t<div class=\"sev-diaporama-portfolio-item   btnseeall btnseeall-xl col-12 col-md  col-grow\">\n\t\t\t\t\t\t\t<a href=\"https:\/\/mirabel-campings.com\/wp-content\/uploads\/2023\/02\/actualites-campings-Mirabel.jpg\" data-lightbox=\"sevgallery-211234190\" style=\"background-image: url(https:\/\/mirabel-campings.com\/wp-content\/uploads\/2023\/02\/actualites-campings-Mirabel.jpg)\">\n\t\t\t\t\t\t\t\t<img decoding=\"async\" src=\"https:\/\/mirabel-campings.com\/wp-content\/uploads\/2023\/02\/actualites-campings-Mirabel.jpg\" alt=\"p\u00e9tanque players at the campsite under the summer sun\" loading=\"lazy\">\n\t\t\t\t\t\t\t<\/a>\n\t\t\t\t\t\t<\/div>\n\n\t\t\t\t\t\t\n\t\t\t\t\t\t\t\t\t\t\t\t\t\t\t\t\t\n\t\t\t\t\t\t\n\t\t\t\t\t\t<div class=\"sev-diaporama-portfolio-item   btnseeall btnseeall-xl col-12 col-md  col-shrink\">\n\t\t\t\t\t\t\t<a href=\"https:\/\/mirabel-campings.com\/wp-content\/uploads\/2023\/04\/multisports-camping-terrain-sport.jpg\" data-lightbox=\"sevgallery-211234190\" style=\"background-image: url(https:\/\/mirabel-campings.com\/wp-content\/uploads\/2023\/04\/multisports-camping-terrain-sport.jpg)\">\n\t\t\t\t\t\t\t\t<img decoding=\"async\" src=\"https:\/\/mirabel-campings.com\/wp-content\/uploads\/2023\/04\/multisports-camping-terrain-sport.jpg\" alt=\"multi-sports ground family camping vacations\" loading=\"lazy\">\n\t\t\t\t\t\t\t<\/a>\n\t\t\t\t\t\t<\/div>\n\n\t\t\t\t\t\t\n\t\t\t\t\t\t\t\t\t\t\t\t\t\t\t\t\t\n\t\t\t\t\t\t\n\t\t\t\t\t\t<div class=\"sev-diaporama-portfolio-item   btnseeall btnseeall-xl col-12 col-md  col-shrink\">\n\t\t\t\t\t\t\t<a href=\"https:\/\/mirabel-campings.com\/wp-content\/uploads\/2022\/04\/salle-jeux-cayola.jpg\" data-lightbox=\"sevgallery-211234190\" style=\"background-image: url(https:\/\/mirabel-campings.com\/wp-content\/uploads\/2022\/04\/salle-jeux-cayola.jpg)\">\n\t\t\t\t\t\t\t\t<img decoding=\"async\" src=\"https:\/\/mirabel-campings.com\/wp-content\/uploads\/2022\/04\/salle-jeux-cayola.jpg\" alt=\"games room campsite by the sea\" loading=\"lazy\">\n\t\t\t\t\t\t\t<\/a>\n\t\t\t\t\t\t<\/div>\n\n\t\t\t\t\t\t\n\t\t\t\t\t\t\t\t\t\t\t\t\t\t\t\t\t\n\t\t\t\t\t\t\n\t\t\t\t\t\t<div class=\"sev-diaporama-portfolio-item   btnseeall btnseeall-xl col-12 col-md  col-shrink last-visible\">\n\t\t\t\t\t\t\t<a href=\"https:\/\/mirabel-campings.com\/wp-content\/uploads\/2022\/04\/chateau-gonflable-mielles.jpg\" data-lightbox=\"sevgallery-211234190\" style=\"background-image: url(https:\/\/mirabel-campings.com\/wp-content\/uploads\/2022\/04\/chateau-gonflable-mielles.jpg)\">\n\t\t\t\t\t\t\t\t<img decoding=\"async\" src=\"https:\/\/mirabel-campings.com\/wp-content\/uploads\/2022\/04\/chateau-gonflable-mielles.jpg\" alt=\"bouncy castle family camping\" loading=\"lazy\">\n\t\t\t\t\t\t\t<\/a>\n\t\t\t\t\t\t<\/div>\n\n\t\t\t\t\t\t\t\t\t\t\t\t\t<div class=\"w-100\"><\/div>\n\t\t\t\t\t\t\t\t\t\t\t\t\t\n\t\t\t\t\t\t\t\t\t\t\t\t\t\t\t\t\t\n\t\t\t\t\t\t\n\t\t\t\t\t\t<div class=\"sev-diaporama-portfolio-item   btnseeall btnseeall-xl col-12 col-md  col-shrink d-none\">\n\t\t\t\t\t\t\t<a href=\"https:\/\/mirabel-campings.com\/wp-content\/uploads\/2022\/04\/table-ping-pong.jpg\" data-lightbox=\"sevgallery-211234190\" style=\"background-image: url(https:\/\/mirabel-campings.com\/wp-content\/uploads\/2022\/04\/table-ping-pong.jpg)\">\n\t\t\t\t\t\t\t\t<img decoding=\"async\" src=\"https:\/\/mirabel-campings.com\/wp-content\/uploads\/2022\/04\/table-ping-pong.jpg\" alt=\"table tennis camping close to beaches\" loading=\"lazy\">\n\t\t\t\t\t\t\t<\/a>\n\t\t\t\t\t\t<\/div>\n\n\t\t\t\t\t\t\n\t\t\t\t\t\t\t\t\t\t\t\t\t\t\t\t\t\n\t\t\t\t\t\t\n\t\t\t\t\t\t<div class=\"sev-diaporama-portfolio-item   btnseeall btnseeall-xl col-12 col-md  col-grow d-none\">\n\t\t\t\t\t\t\t<a href=\"https:\/\/mirabel-campings.com\/wp-content\/uploads\/2022\/04\/jeux-toboggan-enfant.jpg\" data-lightbox=\"sevgallery-211234190\" style=\"background-image: url(https:\/\/mirabel-campings.com\/wp-content\/uploads\/2022\/04\/jeux-toboggan-enfant.jpg)\">\n\t\t\t\t\t\t\t\t<img decoding=\"async\" src=\"https:\/\/mirabel-campings.com\/wp-content\/uploads\/2022\/04\/jeux-toboggan-enfant.jpg\" alt=\"children&#039;s slide seaside camping\" loading=\"lazy\">\n\t\t\t\t\t\t\t<\/a>\n\t\t\t\t\t\t<\/div>\n\n\t\t\t\t\t\t\n\t\t\t\t\t\t\t\t\t\t\t\t\t\t\t\t\t\n\t\t\t\t\t\t\n\t\t\t\t\t\t<div class=\"sev-diaporama-portfolio-item   btnseeall btnseeall-xl col-12 col-md  d-none\">\n\t\t\t\t\t\t\t<a href=\"https:\/\/mirabel-campings.com\/wp-content\/uploads\/2022\/04\/salle-jeux-enfant.jpg\" data-lightbox=\"sevgallery-211234190\" style=\"background-image: url(https:\/\/mirabel-campings.com\/wp-content\/uploads\/2022\/04\/salle-jeux-enfant.jpg)\">\n\t\t\t\t\t\t\t\t<img decoding=\"async\" src=\"https:\/\/mirabel-campings.com\/wp-content\/uploads\/2022\/04\/salle-jeux-enfant.jpg\" alt=\"children&#039;s playroom seaside campsite\" loading=\"lazy\">\n\t\t\t\t\t\t\t<\/a>\n\t\t\t\t\t\t<\/div>\n\n\t\t\t\t\t\t\n\t\t\t\t\t\t\t\t\t\t\t\t\t\t\t\t\t\n\t\t\t\t\t\t\n\t\t\t\t\t\t<div class=\"sev-diaporama-portfolio-item   btnseeall btnseeall-xl col-12 col-md  d-none\">\n\t\t\t\t\t\t\t<a href=\"https:\/\/mirabel-campings.com\/wp-content\/uploads\/2022\/04\/SALLE_DE_FITNESS.jpg\" data-lightbox=\"sevgallery-211234190\" style=\"background-image: url(https:\/\/mirabel-campings.com\/wp-content\/uploads\/2022\/04\/SALLE_DE_FITNESS.jpg)\">\n\t\t\t\t\t\t\t\t<img decoding=\"async\" src=\"https:\/\/mirabel-campings.com\/wp-content\/uploads\/2022\/04\/SALLE_DE_FITNESS.jpg\" alt=\"fitness room seaside camping\" loading=\"lazy\">\n\t\t\t\t\t\t\t<\/a>\n\t\t\t\t\t\t<\/div>\n\n\t\t\t\t\t\t\t\t\t\t\t\t\t<div class=\"w-100 d-none\"><\/div>\n\t\t\t\t\t\t\t\t\t\t\t\t\t\n\t\t\t\t\t\t\t\t\t\t\t\t\t\t\t\t\t\n\t\t\t\t\t\t\n\t\t\t\t\t\t<div class=\"sev-diaporama-portfolio-item   btnseeall btnseeall-xl col-12 col-md  col-grow d-none\">\n\t\t\t\t\t\t\t<a href=\"https:\/\/mirabel-campings.com\/wp-content\/uploads\/2022\/04\/aire-de-jeux-enfants.jpg\" data-lightbox=\"sevgallery-211234190\" style=\"background-image: url(https:\/\/mirabel-campings.com\/wp-content\/uploads\/2022\/04\/aire-de-jeux-enfants.jpg)\">\n\t\t\t\t\t\t\t\t<img decoding=\"async\" src=\"https:\/\/mirabel-campings.com\/wp-content\/uploads\/2022\/04\/aire-de-jeux-enfants.jpg\" alt=\"children&#039;s playground family campsite\" loading=\"lazy\">\n\t\t\t\t\t\t\t<\/a>\n\t\t\t\t\t\t<\/div>\n\n\t\t\t\t\t\t\n\t\t\t\t\t\t\t\t\t\t\t\t\t\t\t\t\t\n\t\t\t\t\t\t\n\t\t\t\t\t\t<div class=\"sev-diaporama-portfolio-item   btnseeall btnseeall-xl col-12 col-md  col-shrink d-none\">\n\t\t\t\t\t\t\t<a href=\"https:\/\/mirabel-campings.com\/wp-content\/uploads\/2022\/04\/jeux-famille-molkky-mirabel.jpg\" data-lightbox=\"sevgallery-211234190\" style=\"background-image: url(https:\/\/mirabel-campings.com\/wp-content\/uploads\/2022\/04\/jeux-famille-molkky-mirabel.jpg)\">\n\t\t\t\t\t\t\t\t<img decoding=\"async\" src=\"https:\/\/mirabel-campings.com\/wp-content\/uploads\/2022\/04\/jeux-famille-molkky-mirabel.jpg\" alt=\"molkky family fun by the sea\" loading=\"lazy\">\n\t\t\t\t\t\t\t<\/a>\n\t\t\t\t\t\t<\/div>\n\n\t\t\t\t\t\t\n\t\t\t\t\t\t\t\t\t\t\t\t\t\t\t\t\t\n\t\t\t\t\t\t\n\t\t\t\t\t\t<div class=\"sev-diaporama-portfolio-item  limitsm btnseeall btnseeall-xl col-12 col-md  d-none\">\n\t\t\t\t\t\t\t<a href=\"https:\/\/mirabel-campings.com\/wp-content\/uploads\/2022\/04\/jeux-enfant-amusement.jpg\" data-lightbox=\"sevgallery-211234190\" style=\"background-image: url(https:\/\/mirabel-campings.com\/wp-content\/uploads\/2022\/04\/jeux-enfant-amusement.jpg)\">\n\t\t\t\t\t\t\t\t<img decoding=\"async\" src=\"https:\/\/mirabel-campings.com\/wp-content\/uploads\/2022\/04\/jeux-enfant-amusement.jpg\" alt=\"children&#039;s games campsite by the sea on the Atlantic coast\" loading=\"lazy\">\n\t\t\t\t\t\t\t<\/a>\n\t\t\t\t\t\t<\/div>\n\n\t\t\t\t\t\t\n\t\t\t\t\t\t\t\t\t\t\t\t\t\t\t\t\t\t\t\t\t<\/div>\n\t\t\t<\/div>\n\n\t\t\t<script>\n\t\t\tjQuery(function($) {\n\n\t\t\t\tvar marginPortfolio = function() {\n\n\t\t\t\t\tvar $diapo          = $('#sevgallery-211234190');\n\t\t\t\t\tvar container_width = $diapo.parent().outerWidth();\n\t\t\t\t\tvar side            = ( $(window).innerWidth() - container_width ) \/ 2;\n\n\t\t\t\t\t$diapo.css( {\n\t\t\t\t\t\t'margin-left': '-' + side + 'px',\n\t\t\t\t\t\t'margin-right': '-' + side + 'px',\n\t\t\t\t\t} );\n\t\t\t\t};\n\n\t\t\t\t$( window ).resize( function() {\n\t\t\t\t\tmarginPortfolio();\n\t\t\t\t} );\n\t\t\t\tmarginPortfolio();\n\t\t\t});\n\t\t\t<\/script>\n\t\t\t\n<\/div>","protected":false},"excerpt":{"rendered":"<p>Our leisure activities for children and the whole family<\/p>","protected":false},"author":1,"featured_media":0,"parent":0,"menu_order":0,"comment_status":"closed","ping_status":"closed","template":"","meta":{"_seopress_robots_primary_cat":"","_seopress_titles_title":"Retrouvez les \u00e9quipements de nos campings 1 \u00e0 4* bord de mer","_seopress_titles_desc":"Chacun de nos campings MIRABEL Campings & R\u00e9sidences, ouverts \u00e0 la location ont, pour les plus jeunes, des aires de jeux am\u00e9nag\u00e9es","_seopress_robots_index":"","footnotes":""},"class_list":["post-219","page","type-page","status-publish","hentry"],"_links":{"self":[{"href":"https:\/\/mirabel-campings.com\/en\/wp-json\/wp\/v2\/pages\/219","targetHints":{"allow":["GET"]}}],"collection":[{"href":"https:\/\/mirabel-campings.com\/en\/wp-json\/wp\/v2\/pages"}],"about":[{"href":"https:\/\/mirabel-campings.com\/en\/wp-json\/wp\/v2\/types\/page"}],"author":[{"embeddable":true,"href":"https:\/\/mirabel-campings.com\/en\/wp-json\/wp\/v2\/users\/1"}],"replies":[{"embeddable":true,"href":"https:\/\/mirabel-campings.com\/en\/wp-json\/wp\/v2\/comments?post=219"}],"version-history":[{"count":35,"href":"https:\/\/mirabel-campings.com\/en\/wp-json\/wp\/v2\/pages\/219\/revisions"}],"predecessor-version":[{"id":8944,"href":"https:\/\/mirabel-campings.com\/en\/wp-json\/wp\/v2\/pages\/219\/revisions\/8944"}],"wp:attachment":[{"href":"https:\/\/mirabel-campings.com\/en\/wp-json\/wp\/v2\/media?parent=219"}],"curies":[{"name":"wp","href":"https:\/\/api.w.org\/{rel}","templated":true}]}}