{"id":2986,"date":"2022-05-10T15:57:06","date_gmt":"2022-05-10T13:57:06","guid":{"rendered":"https:\/\/mirabel-campings.com\/?page_id=2986"},"modified":"2025-04-02T15:45:03","modified_gmt":"2025-04-02T13:45:03","slug":"our-destinations","status":"publish","type":"page","link":"https:\/\/mirabel-campings.com\/en\/nos-destinations\/","title":{"rendered":"Our destinations"},"content":{"rendered":"<h1 class=\"wp-block-heading\">Our Mirabel campsites are located in the Grand Ouest region near the coast.<\/h1>\n\n\n\n<h2 class=\"wp-block-heading has-text-align-center\">Choose the destination that suits you best<\/h2>\n\n\n\n<figure class=\"wp-block-image aligncenter size-full is-resized\"><img loading=\"lazy\" decoding=\"async\" width=\"50\" height=\"8\" src=\"https:\/\/mirabel-campings.com\/wp-content\/uploads\/2022\/04\/barre-bleue.png\" alt=\"\" class=\"wp-image-309\" style=\"width:50px;height:8px\"\/><\/figure>\n\n\n\n<div class=\"wp-block-columns alignwide are-vertically-aligned-top is-layout-flex wp-container-core-columns-is-layout-28f84493 wp-block-columns-is-layout-flex\">\n<div class=\"wp-block-column is-vertically-aligned-top is-layout-flow wp-block-column-is-layout-flow\">\n<div class=\"wp-block-create-block-sevgutenberg-navigation\"><aside class=\"encart-sev-navigation moyen arrondi\"><a href=\"https:\/\/mirabel-campings.com\/en\/normandie\/\" class=\"d-flex flex-column align-items-center\"><div class=\"encart-title\"><span>Normandy<\/span><\/div><div class=\"vague\"><\/div><img decoding=\"async\" src=\"https:\/\/mirabel-campings.com\/wp-content\/uploads\/2022\/04\/encart-normandie.jpg\" alt=\"campsites in Normandy\"\/><div class=\"ligne\"><\/div><div class=\"hover\"><\/div><\/a><\/aside><\/div>\n<\/div>\n\n\n\n<div class=\"wp-block-column is-vertically-aligned-top is-layout-flow wp-block-column-is-layout-flow\">\n<div class=\"wp-block-create-block-sevgutenberg-navigation mw-100\"><aside class=\"encart-sev-navigation moyen arrondi\"><a href=\"https:\/\/mirabel-campings.com\/en\/bretagne\/\" class=\"d-flex flex-column align-items-center\"><div class=\"encart-title\"><span>Brittany<\/span><\/div><div class=\"vague\"><\/div><img decoding=\"async\" src=\"https:\/\/mirabel-campings.com\/wp-content\/uploads\/2022\/04\/encart-bretagne.jpg\" alt=\"Brittany Campsites\"\/><div class=\"ligne\"><\/div><div class=\"hover\"><\/div><\/a><\/aside><\/div>\n<\/div>\n\n\n\n<div class=\"wp-block-column is-vertically-aligned-top is-layout-flow wp-block-column-is-layout-flow\">\n<div class=\"wp-block-create-block-sevgutenberg-navigation\"><aside class=\"encart-sev-navigation moyen arrondi\"><a href=\"https:\/\/mirabel-campings.com\/en\/pays-de-la-loire\/\" class=\"d-flex flex-column align-items-center\"><div class=\"encart-title\"><span>Pays de la Loire<\/span><\/div><div class=\"vague\"><\/div><img decoding=\"async\" src=\"https:\/\/mirabel-campings.com\/wp-content\/uploads\/2022\/04\/encart-pays-de-la-loire.jpg\" alt=\"campsites pays de la loire\"\/><div class=\"ligne\"><\/div><div class=\"hover\"><\/div><\/a><\/aside><\/div>\n<\/div>\n<\/div>\n\n\n\n<h2 class=\"wp-block-heading\">Our 9 Mirabel campsites all near the sea<\/h2>\n\n\n\n<p>All our campsites are located on the coast, where life is good! <strong>In Normandy,<\/strong> you'll appreciate its <strong>large beaches<\/strong> and a rich cultural heritage. If you prefer <strong>small coves <\/strong>and emerald-green water, set off for the <strong>C\u00f4tes d'Armor in Brittany<\/strong>, The scenery is breathtaking! If you prefer <strong>Atlantic coast<\/strong>, direction <strong>Pays de la Loire<\/strong>, discover the fisheries of the C\u00f4te de Jade or the magnificent <strong>seaside resort of Les Sables d'Olonne.<\/strong> There's something for everyone, the main thing is to find the place you want to spend a wonderful vacation in one of our <strong>Campings Mirabel.<\/strong><\/p>","protected":false},"excerpt":{"rendered":"<p>Nos Campings Mirabel situ\u00e9s dans le Grand Ouest pr\u00e8s des c\u00f4tes. Choisissez la destination qui vous ressemble Nos 9 Campings [&hellip;]<\/p>\n","protected":false},"author":1,"featured_media":0,"parent":0,"menu_order":0,"comment_status":"closed","ping_status":"closed","template":"","meta":{"_seopress_robots_primary_cat":"","_seopress_titles_title":"Mirabel Campings - Normandie, Bretagne, Pays de la Loire","_seopress_titles_desc":"Choisissez la destination qui vous ressemble, Normandie, Bretagne, Pays de la Loire","_seopress_robots_index":"","footnotes":""},"class_list":["post-2986","page","type-page","status-publish","hentry"],"_links":{"self":[{"href":"https:\/\/mirabel-campings.com\/en\/wp-json\/wp\/v2\/pages\/2986","targetHints":{"allow":["GET"]}}],"collection":[{"href":"https:\/\/mirabel-campings.com\/en\/wp-json\/wp\/v2\/pages"}],"about":[{"href":"https:\/\/mirabel-campings.com\/en\/wp-json\/wp\/v2\/types\/page"}],"author":[{"embeddable":true,"href":"https:\/\/mirabel-campings.com\/en\/wp-json\/wp\/v2\/users\/1"}],"replies":[{"embeddable":true,"href":"https:\/\/mirabel-campings.com\/en\/wp-json\/wp\/v2\/comments?post=2986"}],"version-history":[{"count":17,"href":"https:\/\/mirabel-campings.com\/en\/wp-json\/wp\/v2\/pages\/2986\/revisions"}],"predecessor-version":[{"id":10891,"href":"https:\/\/mirabel-campings.com\/en\/wp-json\/wp\/v2\/pages\/2986\/revisions\/10891"}],"wp:attachment":[{"href":"https:\/\/mirabel-campings.com\/en\/wp-json\/wp\/v2\/media?parent=2986"}],"curies":[{"name":"wp","href":"https:\/\/api.w.org\/{rel}","templated":true}]}}