{"id":359,"date":"2022-04-14T11:52:27","date_gmt":"2022-04-14T09:52:27","guid":{"rendered":"https:\/\/mirabel-campings.com\/?page_id=359"},"modified":"2025-11-07T16:39:59","modified_gmt":"2025-11-07T15:39:59","slug":"camping-les-4-vaulx","status":"publish","type":"page","link":"https:\/\/mirabel-campings.com\/en\/camping-les-4-vaulx\/","title":{"rendered":"Camping les 4 Vaulx"},"content":{"rendered":"<div class=\"wp-block-sev-precontent alignfull\"><img decoding=\"async\" class=\"wp-block-sev-precontent-photo\" src=\"https:\/\/mirabel-campings.com\/wp-content\/uploads\/2022\/04\/4vaulx-camping-mirabel.jpg\" alt=\"\"\/><img decoding=\"async\" class=\"wp-block-sev-precontent-logo\" src=\"https:\/\/mirabel-campings.com\/wp-content\/uploads\/2022\/05\/LOGO-4Vaulx-blancombre-1.png\" alt=\"\"\/><div class=\"wp-block-sev-precontent-bottom\"><div class=\"wp-block-sev-precontent-text\">Waterfront living in a lush green valley<\/div><div class=\"wp-block-sev-precontent-image\"><img decoding=\"async\" src=\"https:\/\/mirabel-campings.com\/wp-content\/uploads\/2022\/04\/carte-mielles.png\" alt=\"\"\/><\/div><div class=\"wp-block-sev-precontent-reviews\"><ctv-reviews data-modal-position=\"bottom\" data-small=\"true\" data-id=\"5330\"><\/ctv-reviews><\/div><\/div><\/div>\n\n\n<ol class=\"breadcrumb breadcrumb--shortcode\">\n\t<li class=\"breadcrumb-item\"><a href=\"https:\/\/mirabel-campings.com\/en\">Home<\/a><\/li>\n\n\t\n\t\t\t<li class=\"breadcrumb-item\"><a href=\"https:\/\/mirabel-campings.com\/en\/nos-destinations\/\">Our destinations<\/a><\/li><li class=\"breadcrumb-item\"><a href=\"https:\/\/mirabel-campings.com\/en\/bretagne\/\">Brittany<\/a><\/li>\n\t\n\n\t\n\t\t\n\t\t\t\t\t<li class=\"breadcrumb-item active\"><a href=\"https:\/\/mirabel-campings.com\/en\/camping-les-4-vaulx\/\">Les 4 Vaulx<\/a><\/li>\n\t\t\n\t<\/ol>\n\n\n\n<h1 class=\"wp-block-heading\">Camping Mirabel des 4 Vaulx in Saint-Cast, with direct access to the beach<\/h1>\n\n\n\n<div class=\"wp-block-columns sev-campings-pictos is-layout-flex wp-container-core-columns-is-layout-28f84493 wp-block-columns-is-layout-flex\">\n<div class=\"wp-block-column is-layout-flow wp-block-column-is-layout-flow\"><\/div>\n\n\n\n<div class=\"wp-block-column is-layout-flow wp-block-column-is-layout-flow\">\n<figure class=\"wp-block-image aligncenter size-full is-resized\"><img loading=\"lazy\" decoding=\"async\" width=\"200\" height=\"200\" src=\"https:\/\/mirabel-campings.com\/wp-content\/uploads\/2022\/04\/Picto-Plage-cercle.png\" alt=\"beach camping\" class=\"wp-image-1248\" style=\"object-fit:contain;width:100px;height:100px\" srcset=\"https:\/\/mirabel-campings.com\/wp-content\/uploads\/2022\/04\/Picto-Plage-cercle.png 200w, https:\/\/mirabel-campings.com\/wp-content\/uploads\/2022\/04\/Picto-Plage-cercle-150x150.png 150w\" sizes=\"auto, (max-width: 200px) 100vw, 200px\" \/><\/figure>\n\n\n\n<p class=\"has-text-align-center has-medium-font-size\">Beachfront<\/p>\n<\/div>\n\n\n\n<div class=\"wp-block-column is-layout-flow wp-block-column-is-layout-flow\">\n<figure class=\"wp-block-image aligncenter size-full is-resized\"><img loading=\"lazy\" decoding=\"async\" width=\"200\" height=\"200\" src=\"https:\/\/mirabel-campings.com\/wp-content\/uploads\/2022\/04\/Picto-Panorama-cercle.png\" alt=\"ocean view\" class=\"wp-image-1242\" style=\"object-fit:contain;width:100px;height:100px\" srcset=\"https:\/\/mirabel-campings.com\/wp-content\/uploads\/2022\/04\/Picto-Panorama-cercle.png 200w, https:\/\/mirabel-campings.com\/wp-content\/uploads\/2022\/04\/Picto-Panorama-cercle-150x150.png 150w\" sizes=\"auto, (max-width: 200px) 100vw, 200px\" \/><\/figure>\n\n\n\n<p class=\"has-text-align-center has-medium-font-size\">Sea view<\/p>\n<\/div>\n\n\n\n<div class=\"wp-block-column is-layout-flow wp-block-column-is-layout-flow\">\n<figure class=\"wp-block-image aligncenter size-full is-resized\"><img loading=\"lazy\" decoding=\"async\" width=\"200\" height=\"200\" src=\"https:\/\/mirabel-campings.com\/wp-content\/uploads\/2022\/04\/Picto-Rando-cercle.png\" alt=\"hiking trails\" class=\"wp-image-1251\" style=\"object-fit:contain;width:100px;height:100px\" srcset=\"https:\/\/mirabel-campings.com\/wp-content\/uploads\/2022\/04\/Picto-Rando-cercle.png 200w, https:\/\/mirabel-campings.com\/wp-content\/uploads\/2022\/04\/Picto-Rando-cercle-150x150.png 150w\" sizes=\"auto, (max-width: 200px) 100vw, 200px\" \/><\/figure>\n\n\n\n<p class=\"has-text-align-center has-medium-font-size\">near GR<\/p>\n<\/div>\n\n\n\n<div class=\"wp-block-column is-layout-flow wp-block-column-is-layout-flow\">\n<figure class=\"wp-block-image aligncenter size-full is-resized\"><img loading=\"lazy\" decoding=\"async\" width=\"200\" height=\"200\" src=\"https:\/\/mirabel-campings.com\/wp-content\/uploads\/2022\/04\/Picto-Snack-cercle.png\" alt=\"snack bar\" class=\"wp-image-1254\" style=\"object-fit:contain;width:100px;height:100px\" srcset=\"https:\/\/mirabel-campings.com\/wp-content\/uploads\/2022\/04\/Picto-Snack-cercle.png 200w, https:\/\/mirabel-campings.com\/wp-content\/uploads\/2022\/04\/Picto-Snack-cercle-150x150.png 150w\" sizes=\"auto, (max-width: 200px) 100vw, 200px\" \/><\/figure>\n\n\n\n<p class=\"has-text-align-center has-medium-font-size\">Restaurant<\/p>\n<\/div>\n\n\n\n<div class=\"wp-block-column is-layout-flow wp-block-column-is-layout-flow\"><\/div>\n<\/div>\n\n\n\n<div class=\"wp-block-columns m-4 is-layout-flex wp-container-core-columns-is-layout-28f84493 wp-block-columns-is-layout-flex\">\n<div class=\"wp-block-column m-4 is-layout-flow wp-block-column-is-layout-flow\">\n<h2 class=\"wp-block-heading\"> Our 2-star campsite for hikers and beach lovers<\/h2>\n\n\n\n<figure class=\"wp-block-image size-full\"><img loading=\"lazy\" decoding=\"async\" width=\"50\" height=\"8\" src=\"https:\/\/mirabel-campings.com\/wp-content\/uploads\/2022\/05\/barre-bleue.png\" alt=\"\" class=\"wp-image-3044\"\/><\/figure>\n\n\n\n<p>In the heart of a verdant valley and with a <strong>direct access to the 4 Vaulx beach<\/strong>, In this timeless setting with the sea as far as the eye can see from the moment you wake up. Enjoy breakfast from your own pitch, or from the <strong>terrace of our furnished tents<\/strong> (tit'home and coco sweet) and let the sound of the waves lull you to sleep. For an even more breathtaking view, cross the bridge on your left and then take the <strong>hiking trail (GR34). <\/strong>From up there, you'll enjoy a remarkable view of the <strong>Bay point<\/strong> and <strong>the Ebihens Islands<\/strong>.<\/p>\n<\/div>\n\n\n\n<div class=\"wp-block-column is-layout-flow wp-block-column-is-layout-flow\">\n<div class=\"wp-block-group card  card-body has-white-color has-bleu-background-color has-text-color has-background is-layout-flow wp-block-group-is-layout-flow\">\n<p class=\"texte-rond card-title has-large-font-size\">Practical info<br><img loading=\"lazy\" decoding=\"async\" width=\"54\" height=\"2\" class=\"wp-image-1270\" style=\"width: 54px;\" src=\"https:\/\/mirabel-campings.com\/wp-content\/uploads\/2022\/04\/barre-orange-longue.png\" alt=\"\"><\/p>\n\n\n\n<div class=\"wp-block-columns is-layout-flex wp-container-core-columns-is-layout-28f84493 wp-block-columns-is-layout-flex\">\n<div class=\"wp-block-column is-vertically-aligned-center is-layout-flow wp-block-column-is-layout-flow\" style=\"flex-basis:25px\">\n<figure class=\"wp-block-image size-full is-resized\"><img loading=\"lazy\" decoding=\"async\" width=\"100\" height=\"100\" src=\"https:\/\/mirabel-campings.com\/wp-content\/uploads\/2022\/04\/ouverture.png\" alt=\"campsite opening\" class=\"wp-image-1273\" style=\"width:25px;height:25px\"\/><\/figure>\n<\/div>\n\n\n\n<div class=\"wp-block-column is-vertically-aligned-center is-layout-flow wp-block-column-is-layout-flow\">\n<p>Open from early May to late September<\/p>\n<\/div>\n<\/div>\n\n\n\n<div style=\"height:20px\" aria-hidden=\"true\" class=\"wp-block-spacer\"><\/div>\n\n\n\n<div class=\"wp-block-columns are-vertically-aligned-center mt-0 is-layout-flex wp-container-core-columns-is-layout-28f84493 wp-block-columns-is-layout-flex\">\n<div class=\"wp-block-column is-vertically-aligned-center is-layout-flow wp-block-column-is-layout-flow\" style=\"flex-basis:25px\">\n<figure class=\"wp-block-image size-full is-resized\"><img loading=\"lazy\" decoding=\"async\" width=\"100\" height=\"79\" src=\"https:\/\/mirabel-campings.com\/wp-content\/uploads\/2022\/04\/locatifs.png\" alt=\"campsite rentals\" class=\"wp-image-1276\" style=\"width:25px;height:20px\"\/><\/figure>\n<\/div>\n\n\n\n<div class=\"wp-block-column is-vertically-aligned-center is-layout-flow wp-block-column-is-layout-flow\">\n<p>50 plots including 4 rentals<br><a href=\"https:\/\/www.mirabel-4vaulx.com\/plan-du-camping\/\" target=\"_blank\" rel=\"noreferrer noopener\">Plan camping<\/a><\/p>\n<\/div>\n<\/div>\n\n\n\n<div style=\"height:20px\" aria-hidden=\"true\" class=\"wp-block-spacer\"><\/div>\n\n\n\n<div class=\"wp-block-columns are-vertically-aligned-center mt-0 is-layout-flex wp-container-core-columns-is-layout-28f84493 wp-block-columns-is-layout-flex\">\n<div class=\"wp-block-column is-vertically-aligned-center is-layout-flow wp-block-column-is-layout-flow\" style=\"flex-basis:25px\">\n<figure class=\"wp-block-image size-full\"><img loading=\"lazy\" decoding=\"async\" width=\"100\" height=\"135\" src=\"https:\/\/mirabel-campings.com\/wp-content\/uploads\/2022\/04\/situation.png\" alt=\"campsite location\" class=\"wp-image-1279\"\/><\/figure>\n<\/div>\n\n\n\n<div class=\"wp-block-column is-vertically-aligned-center is-layout-flow wp-block-column-is-layout-flow\">\n<p>Les 4 Vaulx beach<br>22380 SAINT CAST LE GUILDO<br><a href=\"https:\/\/www.mirabel-4vaulx.com\/acces-camping-saint-cast-le-guildo\/\" target=\"_blank\" rel=\"noreferrer noopener\">How to find us<\/a><\/p>\n<\/div>\n<\/div>\n\n\n\n<p class=\"mr-4 has-white-background-color has-background\" style=\"font-size:0.6px\"><\/p>\n\n\n\n<div class=\"wp-block-columns are-vertically-aligned-center is-layout-flex wp-container-core-columns-is-layout-28f84493 wp-block-columns-is-layout-flex\">\n<div class=\"wp-block-column is-vertically-aligned-center is-layout-flow wp-block-column-is-layout-flow\" style=\"flex-basis:25px\">\n<figure class=\"wp-block-image size-full\"><img loading=\"lazy\" decoding=\"async\" width=\"100\" height=\"102\" src=\"https:\/\/mirabel-campings.com\/wp-content\/uploads\/2022\/04\/email.png\" alt=\"email\" class=\"wp-image-1282\"\/><\/figure>\n<\/div>\n\n\n\n<div class=\"wp-block-column is-vertically-aligned-center is-layout-flow wp-block-column-is-layout-flow\">\n<p class=\"ga-clic-4vaulx-email\"><a href=\"mailto:4vaulx@mirabel-campings.com\" target=\"_blank\" rel=\"noreferrer noopener\">4vaulx@mirabel-campings.com<\/a><\/p>\n<\/div>\n<\/div>\n\n\n\n<div style=\"height:20px\" aria-hidden=\"true\" class=\"wp-block-spacer\"><\/div>\n\n\n\n<div class=\"wp-block-columns are-vertically-aligned-center mt-0 is-layout-flex wp-container-core-columns-is-layout-28f84493 wp-block-columns-is-layout-flex\">\n<div class=\"wp-block-column is-vertically-aligned-center is-layout-flow wp-block-column-is-layout-flow\" style=\"flex-basis:25px\">\n<figure class=\"wp-block-image size-full is-resized\"><img loading=\"lazy\" decoding=\"async\" width=\"100\" height=\"99\" src=\"https:\/\/mirabel-campings.com\/wp-content\/uploads\/2022\/04\/telephone.png\" alt=\"phone\" class=\"wp-image-1285\" style=\"width:25px;height:25px\"\/><\/figure>\n<\/div>\n\n\n\n<div class=\"wp-block-column is-vertically-aligned-center is-layout-flow wp-block-column-is-layout-flow\">\n<p class=\"ga-clic-4vaulx-tel has-link-color wp-elements-5f9a95f3c3228c1547f71ea74494cf65\"><a href=\"tel:0296412975\">02 96 41 29 75<\/a><\/p>\n<\/div>\n<\/div>\n\n\n\n<div class=\"wp-block-buttons is-content-justification-center is-nowrap is-layout-flex wp-container-core-buttons-is-layout-12a27398 wp-block-buttons-is-layout-flex\">\n<div class=\"wp-block-button ga-clic-4vaulx-website\"><a class=\"wp-block-button__link has-orange-background-color has-background wp-element-button\" href=\"https:\/\/www.mirabel-4vaulx.com\/\" target=\"_blank\" rel=\"noreferrer noopener\">The website<\/a><\/div>\n<\/div>\n<\/div>\n<\/div>\n<\/div>\n\n\n\n<figure class=\"wp-block-gallery alignfull has-nested-images columns-default is-cropped front-page-section mb-0 pb-0 sev-campings-gallery wp-block-gallery-1 is-layout-flex wp-block-gallery-is-layout-flex\">\n<figure class=\"wp-block-image size-full m-0\"><img loading=\"lazy\" decoding=\"async\" width=\"600\" height=\"450\" data-id=\"7678\" src=\"https:\/\/mirabel-campings.com\/wp-content\/uploads\/2023\/11\/4vaulx-boulodrome-pique-nique.jpg\" alt=\"4 vaulx picnic area and boulodrome campsite\" class=\"wp-image-7678\" srcset=\"https:\/\/mirabel-campings.com\/wp-content\/uploads\/2023\/11\/4vaulx-boulodrome-pique-nique.jpg 600w, https:\/\/mirabel-campings.com\/wp-content\/uploads\/2023\/11\/4vaulx-boulodrome-pique-nique-300x225.jpg 300w\" sizes=\"auto, (max-width: 600px) 100vw, 600px\" \/><\/figure>\n\n\n\n<figure class=\"wp-block-image size-full m-0\"><img loading=\"lazy\" decoding=\"async\" width=\"600\" height=\"400\" data-id=\"7675\" src=\"https:\/\/mirabel-campings.com\/wp-content\/uploads\/2023\/11\/plage-4vaulx-camping-st-cast.jpg\" alt=\"plage des 4 vaulx, saint cast le guildo\" class=\"wp-image-7675\" srcset=\"https:\/\/mirabel-campings.com\/wp-content\/uploads\/2023\/11\/plage-4vaulx-camping-st-cast.jpg 600w, https:\/\/mirabel-campings.com\/wp-content\/uploads\/2023\/11\/plage-4vaulx-camping-st-cast-300x200.jpg 300w\" sizes=\"auto, (max-width: 600px) 100vw, 600px\" \/><\/figure>\n\n\n\n<figure class=\"wp-block-image size-full\" id=\"m-0\"><img loading=\"lazy\" decoding=\"async\" width=\"600\" height=\"450\" data-id=\"7681\" src=\"https:\/\/mirabel-campings.com\/wp-content\/uploads\/2023\/11\/coco-sweet-4vaulx.jpg\" alt=\"tent coco sweet camping 4 vaulx bretagne\" class=\"wp-image-7681\" srcset=\"https:\/\/mirabel-campings.com\/wp-content\/uploads\/2023\/11\/coco-sweet-4vaulx.jpg 600w, https:\/\/mirabel-campings.com\/wp-content\/uploads\/2023\/11\/coco-sweet-4vaulx-300x225.jpg 300w\" sizes=\"auto, (max-width: 600px) 100vw, 600px\" \/><\/figure>\n<\/figure>\n\n\n\n<div class=\"wp-block-media-text alignwide is-stacked-on-mobile front-page-section grey animate left\"><figure class=\"wp-block-media-text__media\"><img loading=\"lazy\" decoding=\"async\" width=\"600\" height=\"400\" src=\"https:\/\/mirabel-campings.com\/wp-content\/uploads\/2023\/11\/snack-cabane-brasserie-4vaulx.jpg\" alt=\"snack bar la cabane restaurant 4 vaulx st cast\" class=\"wp-image-7684 size-full\" srcset=\"https:\/\/mirabel-campings.com\/wp-content\/uploads\/2023\/11\/snack-cabane-brasserie-4vaulx.jpg 600w, https:\/\/mirabel-campings.com\/wp-content\/uploads\/2023\/11\/snack-cabane-brasserie-4vaulx-300x200.jpg 300w\" sizes=\"auto, (max-width: 600px) 100vw, 600px\" \/><\/figure><div class=\"wp-block-media-text__content\">\n<h2 class=\"wp-block-heading\">La Cabane: brasserie restaurant with local dishes<\/h2>\n\n\n\n<figure class=\"wp-block-image size-full\"><img loading=\"lazy\" decoding=\"async\" width=\"50\" height=\"8\" src=\"https:\/\/mirabel-campings.com\/wp-content\/uploads\/2022\/05\/barre-bleue.png\" alt=\"\" class=\"wp-image-3044\"\/><\/figure>\n\n\n\n<p>Adjoining the campsite, <a href=\"https:\/\/www.mirabel-4vaulx.com\/restaurant-bar-snack\/\" target=\"_blank\" rel=\"noreferrer noopener\">La Cabane<\/a> welcomes you every season for a drink or a good meal. Aymeric, the chef, prepares daily <strong>fresh, local produce<\/strong>, for the pleasure of our taste buds! Meat, fish, seafood, gourmet desserts, cr\u00eapes - it's all up to you. The menu changes regularly for greater variety and discovery. In season,<strong> remember to reserve!<\/strong><\/p>\n\n\n\n<figure class=\"wp-block-image aligncenter size-full is-resized\"><img loading=\"lazy\" decoding=\"async\" width=\"320\" height=\"214\" src=\"https:\/\/mirabel-campings.com\/wp-content\/uploads\/2022\/04\/Smile-1.png\" alt=\"smile\" class=\"wp-image-288\" style=\"width:100px;height:undefinedpx\" srcset=\"https:\/\/mirabel-campings.com\/wp-content\/uploads\/2022\/04\/Smile-1.png 320w, https:\/\/mirabel-campings.com\/wp-content\/uploads\/2022\/04\/Smile-1-300x201.png 300w\" sizes=\"auto, (max-width: 320px) 100vw, 320px\" \/><\/figure>\n<\/div><\/div>\n\n\n\n<div style=\"height:20px\" aria-hidden=\"true\" class=\"wp-block-spacer\"><\/div>\n\n\n\n<div class=\"wp-block-media-text alignwide has-media-on-the-right is-stacked-on-mobile animate right\"><div class=\"wp-block-media-text__content\">\n<h2 class=\"wp-block-heading\"><strong>Fishing on foot, your new favorite activity<\/strong><\/h2>\n\n\n\n<figure class=\"wp-block-image size-full\"><img loading=\"lazy\" decoding=\"async\" width=\"50\" height=\"8\" src=\"https:\/\/mirabel-campings.com\/wp-content\/uploads\/2022\/05\/barre-bleue.png\" alt=\"\" class=\"wp-image-3044\"\/><\/figure>\n\n\n\n<p>The phenomenon<strong> tides <\/strong>is very present <strong>in Brittany.<\/strong> And this is even more the case at Les 4 Vaulx. The p<strong>ort fishing,<\/strong> shellfish farming have become real tourist activities. Put on a pair of boots, grab your rake and set off on a voyage of discovery. <strong>shellfish fishing<\/strong>, kids love it! The Tourist Office also organizes \u00abhigh tide\u00bb outings, so don't hesitate to ask.<\/p>\n\n\n\n<p class=\"texte-rond has-orange-color has-text-color has-large-font-size\">Did you know? <\/p>\n\n\n\n<p>&nbsp;<strong>Fishing of the day <\/strong>is brought back to the Cabane restaurant by the amphibians, including <strong>mussels and oysters <\/strong>that you'll find on your plates. It couldn't be fresher!<\/p>\n<\/div><figure class=\"wp-block-media-text__media\"><img loading=\"lazy\" decoding=\"async\" width=\"1024\" height=\"683\" src=\"https:\/\/mirabel-campings.com\/wp-content\/uploads\/2022\/04\/peche-pied-plage-voile-1024x683.jpg\" alt=\"fishing in Brittany\" class=\"wp-image-1797 size-full\" srcset=\"https:\/\/mirabel-campings.com\/wp-content\/uploads\/2022\/04\/peche-pied-plage-voile-1024x683.jpg 1024w, https:\/\/mirabel-campings.com\/wp-content\/uploads\/2022\/04\/peche-pied-plage-voile-300x200.jpg 300w, https:\/\/mirabel-campings.com\/wp-content\/uploads\/2022\/04\/peche-pied-plage-voile-768x512.jpg 768w, https:\/\/mirabel-campings.com\/wp-content\/uploads\/2022\/04\/peche-pied-plage-voile.jpg 1200w\" sizes=\"auto, (max-width: 1024px) 100vw, 1024px\" \/><\/figure><\/div>\n\n\n\n<div style=\"height:60px\" aria-hidden=\"true\" class=\"wp-block-spacer\"><\/div>\n\n\n\n<div class=\"wp-block-cover alignfull is-light has-parallax sev-block-cover-camping-images\" style=\"min-height:300px;aspect-ratio:unset;\"><div class=\"wp-block-cover__image-background wp-image-1769 has-parallax\" style=\"background-position:50% 50%;background-image:url(https:\/\/mirabel-campings.com\/wp-content\/uploads\/2022\/04\/4vaulx-camping-mirabel.jpg)\"><\/div><span aria-hidden=\"true\" class=\"wp-block-cover__background has-background-dim\"><\/span><div class=\"wp-block-cover__inner-container is-layout-flow wp-block-cover-is-layout-flow\">\n<div class=\"wp-block-columns is-layout-flex wp-container-core-columns-is-layout-28f84493 wp-block-columns-is-layout-flex\">\n<div class=\"wp-block-column is-layout-flow wp-block-column-is-layout-flow\" style=\"flex-basis:66%\">\n<p class=\"has-text-align-right texte-rond has-white-color has-text-color\" style=\"font-size:4rem\"><img loading=\"lazy\" decoding=\"async\" width=\"211\" height=\"128\" class=\"wp-image-1351\" style=\"\" src=\"https:\/\/mirabel-campings.com\/wp-content\/uploads\/2022\/04\/photo.png\" alt=\"picture gallery\">The campsite in pictures <\/p>\n<\/div>\n\n\n\n<div class=\"wp-block-column pl-sm-5 is-layout-flow wp-block-column-is-layout-flow\" style=\"flex-basis:33%\">\n<div style=\"height:25px\" aria-hidden=\"true\" class=\"wp-block-spacer\"><\/div>\n\n\n\n<p><\/p>\n\n\n\n<div class=\"wp-block-buttons is-horizontal is-content-justification-left is-layout-flex wp-container-core-buttons-is-layout-c4719c80 wp-block-buttons-is-layout-flex\">\n<div class=\"wp-block-button\"><a class=\"wp-block-button__link has-orange-background-color has-background wp-element-button\" href=\"https:\/\/www.mirabel-4vaulx.com\/photos-camping-4vaulx\/\" target=\"_blank\" rel=\"noreferrer noopener\">I'm discovering!<\/a><\/div>\n<\/div>\n<\/div>\n<\/div>\n<\/div><\/div>\n\n\n\n<div style=\"height:60px\" aria-hidden=\"true\" class=\"wp-block-spacer\"><\/div>\n\n\n\n<figure class=\"wp-block-image alignleft size-full is-resized\"><img loading=\"lazy\" decoding=\"async\" width=\"100\" height=\"106\" src=\"https:\/\/mirabel-campings.com\/wp-content\/uploads\/2022\/04\/hebergements.png\" alt=\"Rates and availability\" class=\"wp-image-1355\" style=\"width:75px;height:80px\"\/><\/figure>\n\n\n\n<h2 class=\"wp-block-heading\">Rates and availability<\/h2>\n\n\n\n<ctv-availability data-product-type=\"Accommodation\" data-background-color=\"#FFFFFFFF\" data-id=\"5330\" data-month=\"5\"><\/ctv-availability>\n\n\n\n<div style=\"height:30px\" aria-hidden=\"true\" class=\"wp-block-spacer\"><\/div>\n\n\n\n<figure class=\"wp-block-image alignleft size-full is-resized\"><img loading=\"lazy\" decoding=\"async\" width=\"312\" height=\"275\" src=\"https:\/\/mirabel-campings.com\/wp-content\/uploads\/2022\/04\/tente.png\" alt=\"campsite\" class=\"wp-image-1557\" style=\"width:78px;height:69px\" srcset=\"https:\/\/mirabel-campings.com\/wp-content\/uploads\/2022\/04\/tente.png 312w, https:\/\/mirabel-campings.com\/wp-content\/uploads\/2022\/04\/tente-300x264.png 300w\" sizes=\"auto, (max-width: 312px) 100vw, 312px\" \/><\/figure>\n\n\n\n<h2 class=\"wp-block-heading\">Pitches<\/h2>\n\n\n\n<ctv-availability data-product-type=\"Pitch\" data-background-color=\"#FFFFFFFF\" data-id=\"5330\" data-month=\"5\"><\/ctv-availability>\n\n\n\n<div style=\"height:60px\" aria-hidden=\"true\" class=\"wp-block-spacer\"><\/div>\n\n\n\n<p class=\"has-text-align-center texte-rond has-large-font-size\">Discover the campsite<\/p>\n\n\n\n<div class=\"wp-block-columns front-page-section grey is-layout-flex wp-container-core-columns-is-layout-28f84493 wp-block-columns-is-layout-flex\">\n<div class=\"wp-block-column is-layout-flow wp-block-column-is-layout-flow\"><\/div>\n\n\n\n<div class=\"wp-block-column is-layout-flow wp-block-column-is-layout-flow\">\n<div class=\"wp-block-create-block-sevgutenberg-navigation\"><aside class=\"encart-sev-navigation small carre\"><a href=\"https:\/\/www.mirabel-4vaulx.com\/services-camping\/\" class=\"d-flex flex-column align-items-center\" target=\"_blank\" rel=\"noopener\"><div class=\"encart-title\"><span>Activities\/Services<\/span><\/div><div class=\"vague\"><\/div><img decoding=\"async\" src=\"https:\/\/mirabel-campings.com\/wp-content\/uploads\/2022\/04\/4-vaulx-aire-de-jeux-2.jpg\" alt=\"playground camping 4 vaulx\"\/><div class=\"ligne\"><\/div><div class=\"hover\"><\/div><\/a><\/aside><\/div>\n<\/div>\n\n\n\n<div class=\"wp-block-column is-layout-flow wp-block-column-is-layout-flow\">\n<div class=\"wp-block-create-block-sevgutenberg-navigation\"><aside class=\"encart-sev-navigation small carre\"><a href=\"https:\/\/www.mirabel-4vaulx.com\/restaurant-bar-snack\/\" class=\"d-flex flex-column align-items-center\" target=\"_blank\" rel=\"noopener\"><div class=\"encart-title\"><span>Brewery<\/span><\/div><div class=\"vague\"><\/div><img decoding=\"async\" src=\"https:\/\/mirabel-campings.com\/wp-content\/uploads\/2022\/04\/la-cabane-viande-frites-1.jpg\" alt=\"Restaurant brasserie camping 4 Vaulx\"\/><div class=\"ligne\"><\/div><div class=\"hover\"><\/div><\/a><\/aside><\/div>\n<\/div>\n\n\n\n<div class=\"wp-block-column is-layout-flow wp-block-column-is-layout-flow\">\n<div class=\"wp-block-create-block-sevgutenberg-navigation\"><aside class=\"encart-sev-navigation small carre\"><a href=\"https:\/\/www.mirabel-4vaulx.com\/emplacements\/\" class=\"d-flex flex-column align-items-center\" target=\"_blank\" rel=\"noopener\"><div class=\"encart-title\"><span>Pitches<\/span><\/div><div class=\"vague\"><\/div><img decoding=\"async\" src=\"https:\/\/mirabel-campings.com\/wp-content\/uploads\/2022\/04\/4vaulx-camping-car.jpg\" alt=\"camping car site 4 vaulx\"\/><div class=\"ligne\"><\/div><div class=\"hover\"><\/div><\/a><\/aside><\/div>\n<\/div>\n\n\n\n<div class=\"wp-block-column is-layout-flow wp-block-column-is-layout-flow\">\n<div class=\"wp-block-create-block-sevgutenberg-navigation\"><aside class=\"encart-sev-navigation small carre\"><a href=\"https:\/\/www.mirabel-4vaulx.com\/tit-home\/\" class=\"d-flex flex-column align-items-center\" target=\"_blank\" rel=\"noopener\"><div class=\"encart-title\"><span>Lodgings<\/span><\/div><div class=\"vague\"><\/div><img decoding=\"async\" src=\"https:\/\/mirabel-campings.com\/wp-content\/uploads\/2022\/05\/header-coco-sweeet.jpg\" alt=\"\"\/><div class=\"ligne\"><\/div><div class=\"hover\"><\/div><\/a><\/aside><\/div>\n<\/div>\n\n\n\n<div class=\"wp-block-column is-layout-flow wp-block-column-is-layout-flow\"><\/div>\n<\/div>","protected":false},"excerpt":{"rendered":"<p>Le Camping Mirabel des 4 Vaulx \u00e0 Saint-Cast, avec acc\u00e8s direct \u00e0 la plage Bord de plage Vue mer proche [&hellip;]<\/p>\n","protected":false},"author":1,"featured_media":0,"parent":0,"menu_order":0,"comment_status":"closed","ping_status":"closed","template":"custom-campings.php","meta":{"_seopress_robots_primary_cat":"","_seopress_titles_title":"Camping 2 ** \u00e9toiles en Bretagne | Saint Cast le Guildo (22)","_seopress_titles_desc":"Au c\u0153ur d\u2019une vall\u00e9e verdoyante et avec un acc\u00e8s direct \u00e0 la plage des 4 Vaulx, \u00e9vadez-vous dans ce petit coin hors du temps avec la mer \u00e0 perte de vue","_seopress_robots_index":"","footnotes":""},"class_list":["post-359","page","type-page","status-publish","hentry"],"_links":{"self":[{"href":"https:\/\/mirabel-campings.com\/en\/wp-json\/wp\/v2\/pages\/359","targetHints":{"allow":["GET"]}}],"collection":[{"href":"https:\/\/mirabel-campings.com\/en\/wp-json\/wp\/v2\/pages"}],"about":[{"href":"https:\/\/mirabel-campings.com\/en\/wp-json\/wp\/v2\/types\/page"}],"author":[{"embeddable":true,"href":"https:\/\/mirabel-campings.com\/en\/wp-json\/wp\/v2\/users\/1"}],"replies":[{"embeddable":true,"href":"https:\/\/mirabel-campings.com\/en\/wp-json\/wp\/v2\/comments?post=359"}],"version-history":[{"count":54,"href":"https:\/\/mirabel-campings.com\/en\/wp-json\/wp\/v2\/pages\/359\/revisions"}],"predecessor-version":[{"id":11317,"href":"https:\/\/mirabel-campings.com\/en\/wp-json\/wp\/v2\/pages\/359\/revisions\/11317"}],"wp:attachment":[{"href":"https:\/\/mirabel-campings.com\/en\/wp-json\/wp\/v2\/media?parent=359"}],"curies":[{"name":"wp","href":"https:\/\/api.w.org\/{rel}","templated":true}]}}