{"id":41,"date":"2022-04-13T14:45:16","date_gmt":"2022-04-13T12:45:16","guid":{"rendered":"https:\/\/mirabel-campings.com\/?page_id=41"},"modified":"2025-10-30T11:17:49","modified_gmt":"2025-10-30T10:17:49","slug":"mobile-homes","status":"publish","type":"page","link":"https:\/\/mirabel-campings.com\/en\/mobil-homes\/","title":{"rendered":"Mobile homes"},"content":{"rendered":"<h1 class=\"wp-block-heading\">Mobile home rentals for your family vacation<\/h1>\n\n\n\n<p class=\"has-text-align-center\"><strong>From 1 to 6 people, our mobile homes<\/strong> our latest-generation comforts, you'll be able to spend your vacations as confidently as if you were at home in one of our <strong>Campsites Mirabel <\/strong>of the Great West.<\/p>\n\n\n\n<figure class=\"wp-block-image aligncenter size-full\"><img loading=\"lazy\" decoding=\"async\" width=\"50\" height=\"8\" src=\"https:\/\/mirabel-campings.com\/wp-content\/uploads\/2022\/04\/barre-bleue.png\" alt=\"\" class=\"wp-image-309\"\/><\/figure>\n\n\n\n<div style=\"height:20px\" aria-hidden=\"true\" class=\"wp-block-spacer\"><\/div>\n\n\n\n<div class=\"wp-block-media-text alignwide has-media-on-the-right is-stacked-on-mobile is-vertically-aligned-center\"><div class=\"wp-block-media-text__content\">\n<h2 class=\"wp-block-heading\">Several ranges of modern, comfortable mobile homes<\/h2>\n\n\n\n<figure class=\"wp-block-image size-full\"><img loading=\"lazy\" decoding=\"async\" width=\"50\" height=\"8\" src=\"https:\/\/mirabel-campings.com\/wp-content\/uploads\/2022\/05\/barre-bleue.png\" alt=\"\" class=\"wp-image-3044\"\/><\/figure>\n\n\n\n<p><strong>Our 1 to 3 bedroom mobile home rentals<\/strong>, 1 or 2 bathrooms, with semi-open or covered terraces, will be the ideal place to share the best with your loved ones.<\/p>\n\n\n\n<p>In the <strong>Campsites Mirabel<\/strong>, We are committed to taking care of you and welcoming you in the best possible conditions. Before your arrival, all our teams will prepare your accommodation so that you can put down your luggage and enjoy your stay straight away!<\/p>\n\n\n\n<figure class=\"wp-block-image alignleft size-full is-resized\"><img loading=\"lazy\" decoding=\"async\" width=\"283\" height=\"300\" src=\"https:\/\/mirabel-campings.com\/wp-content\/uploads\/2022\/05\/transat-283x300-1.png\" alt=\"\" class=\"wp-image-3088\" style=\"width:71px;height:75px\"\/><\/figure>\n\n\n\n<p>For <strong>vacations by the sea<\/strong> in one of our three regions <strong>Brittany<\/strong>, <strong>Normandy<\/strong> or <strong>Pays-de-la-Loire<\/strong>, Our mobile home rentals are adapted so that you can get away from it all. <strong>on vacation <\/strong>2, 4, <strong>with your family<\/strong> or with friends, and with your<strong> pet<\/strong> (see classification).<\/p>\n<\/div><figure class=\"wp-block-media-text__media\"><img loading=\"lazy\" decoding=\"async\" width=\"1024\" height=\"683\" src=\"https:\/\/mirabel-campings.com\/wp-content\/uploads\/2023\/02\/location-mobil-home-3ch-PDM2-1024x683.jpg\" alt=\"Comfortable mobile home rental\" class=\"wp-image-5542 size-full\" srcset=\"https:\/\/mirabel-campings.com\/wp-content\/uploads\/2023\/02\/location-mobil-home-3ch-PDM2-1024x683.jpg 1024w, https:\/\/mirabel-campings.com\/wp-content\/uploads\/2023\/02\/location-mobil-home-3ch-PDM2-300x200.jpg 300w, https:\/\/mirabel-campings.com\/wp-content\/uploads\/2023\/02\/location-mobil-home-3ch-PDM2-768x512.jpg 768w, https:\/\/mirabel-campings.com\/wp-content\/uploads\/2023\/02\/location-mobil-home-3ch-PDM2.jpg 1200w\" sizes=\"auto, (max-width: 1024px) 100vw, 1024px\" \/><\/figure><\/div>\n\n\n\n<div style=\"height:20px\" aria-hidden=\"true\" class=\"wp-block-spacer\"><\/div>\n\n\n\n<div class=\"wp-block-media-text alignwide is-stacked-on-mobile is-vertically-aligned-center front-page-section grey\"><figure class=\"wp-block-media-text__media\"><img loading=\"lazy\" decoding=\"async\" width=\"1024\" height=\"683\" src=\"https:\/\/mirabel-campings.com\/wp-content\/uploads\/2023\/04\/terrasse-locatif-mobil-home-1024x683.jpg\" alt=\"fully-equipped accommodation\" class=\"wp-image-479 size-full\" srcset=\"https:\/\/mirabel-campings.com\/wp-content\/uploads\/2023\/04\/terrasse-locatif-mobil-home-1024x683.jpg 1024w, https:\/\/mirabel-campings.com\/wp-content\/uploads\/2023\/04\/terrasse-locatif-mobil-home-300x200.jpg 300w, https:\/\/mirabel-campings.com\/wp-content\/uploads\/2023\/04\/terrasse-locatif-mobil-home-768x512.jpg 768w, https:\/\/mirabel-campings.com\/wp-content\/uploads\/2023\/04\/terrasse-locatif-mobil-home.jpg 1200w\" sizes=\"auto, (max-width: 1024px) 100vw, 1024px\" \/><\/figure><div class=\"wp-block-media-text__content\">\n<p class=\"texte-rond has-orange-color has-text-color has-large-font-size\">Our carefully equipped vacation rentals<\/p>\n\n\n\n<p><strong>Our modern mobile homes<\/strong> are equipped like little houses for the best possible quality of stay: <strong>fitted kitchen<\/strong> with everything you need to prepare delicious meals: oven, microwave, hob, kitchen utensils, toaster, coffee maker, fridge with freezer, frying pan and saucepans, crockery, chopping board for those late-night drinks!<\/p>\n\n\n\n<figure class=\"wp-block-image aligncenter size-full\"><img loading=\"lazy\" decoding=\"async\" width=\"300\" height=\"51\" src=\"https:\/\/mirabel-campings.com\/wp-content\/uploads\/2022\/05\/Vagues-300x51-1.png\" alt=\"\" class=\"wp-image-3091\"\/><\/figure>\n\n\n\n<p>For moments of relaxation, join us in the <strong>exhibition<\/strong> on the comfortable bench seats, enjoy the <strong>television<\/strong> or your <strong>terrace<\/strong> for quiet reading on a <strong>deckchair<\/strong> ! A <strong>barbecue<\/strong> is also available or can be rented for grilling.<strong><\/strong><\/p>\n<\/div><\/div>\n\n\n\n<div style=\"height:20px\" aria-hidden=\"true\" class=\"wp-block-spacer\"><\/div>\n\n\n\n<div class=\"wp-block-media-text alignwide has-media-on-the-right is-stacked-on-mobile is-vertically-aligned-center animate right\"><div class=\"wp-block-media-text__content\">\n<h2 class=\"wp-block-heading\">Our accessible campsites near the sea<\/h2>\n\n\n\n<figure class=\"wp-block-image size-full\"><img loading=\"lazy\" decoding=\"async\" width=\"50\" height=\"8\" src=\"https:\/\/mirabel-campings.com\/wp-content\/uploads\/2022\/05\/barre-bleue.png\" alt=\"\" class=\"wp-image-3044\"\/><\/figure>\n\n\n\n<p>For <strong>people with reduced mobility,<\/strong> for <strong>families with children <\/strong>For young children, we have special mobile homes with access ramps for your wheelchair or baby carriage. Inside, the rental is fully equipped for your comfort. <strong>comfort and accessibility<\/strong> The living room is spacious and easy to move around in, while the bedroom is perfect for your child. <strong>armchair or cot <\/strong>for baby if needed. <\/p>\n\n\n\n<p>So you can enjoy peace of mind at our campsites, which are tailored to your needs.<\/p>\n\n\n\n<figure class=\"wp-block-image aligncenter size-full is-resized\"><img loading=\"lazy\" decoding=\"async\" width=\"320\" height=\"326\" src=\"https:\/\/mirabel-campings.com\/wp-content\/uploads\/2022\/04\/Etoile2.png\" alt=\"\" class=\"wp-image-264\" style=\"width:100px\" srcset=\"https:\/\/mirabel-campings.com\/wp-content\/uploads\/2022\/04\/Etoile2.png 320w, https:\/\/mirabel-campings.com\/wp-content\/uploads\/2022\/04\/Etoile2-294x300.png 294w\" sizes=\"auto, (max-width: 320px) 100vw, 320px\" \/><\/figure>\n<\/div><figure class=\"wp-block-media-text__media\"><img loading=\"lazy\" decoding=\"async\" width=\"1024\" height=\"768\" src=\"https:\/\/mirabel-campings.com\/wp-content\/uploads\/2022\/04\/location-PMR-camping-mirabel-1024x768.jpg\" alt=\"PMR mobile homes\" class=\"wp-image-482 size-full\" srcset=\"https:\/\/mirabel-campings.com\/wp-content\/uploads\/2022\/04\/location-PMR-camping-mirabel-1024x768.jpg 1024w, https:\/\/mirabel-campings.com\/wp-content\/uploads\/2022\/04\/location-PMR-camping-mirabel-300x225.jpg 300w, https:\/\/mirabel-campings.com\/wp-content\/uploads\/2022\/04\/location-PMR-camping-mirabel-768x576.jpg 768w, https:\/\/mirabel-campings.com\/wp-content\/uploads\/2022\/04\/location-PMR-camping-mirabel.jpg 1200w\" sizes=\"auto, (max-width: 1024px) 100vw, 1024px\" \/><\/figure><\/div>\n\n\n\n<div style=\"height:40px\" aria-hidden=\"true\" class=\"wp-block-spacer\"><\/div>\n\n\n\n<p class=\"has-text-align-center texte-rond has-large-font-size\">Choose your campsite!<\/p>\n\n\n\n<div class=\"wp-block-columns front-page-section grey mb-0 is-layout-flex wp-container-core-columns-is-layout-28f84493 wp-block-columns-is-layout-flex\">\n<div class=\"wp-block-column is-layout-flow wp-block-column-is-layout-flow\"><\/div>\n\n\n\n<div class=\"wp-block-column is-layout-flow wp-block-column-is-layout-flow\">\n<div class=\"wp-block-create-block-sevgutenberg-navigation\"><aside class=\"encart-sev-navigation small carre\"><a href=\"https:\/\/mirabel-campings.com\/en\/camping-la-crique-saint-cast-le-guildo\/\" class=\"d-flex flex-column align-items-center\"><div class=\"encart-title\"><span>La Crique ***<\/span><\/div><div class=\"vague\"><\/div><img decoding=\"async\" src=\"https:\/\/mirabel-campings.com\/wp-content\/uploads\/2022\/04\/camping-crique-fort-lalatte.jpg\" alt=\"camping la crique bretagne\"\/><div class=\"ligne\"><\/div><div class=\"hover\"><\/div><\/a><\/aside><\/div>\n<\/div>\n\n\n\n<div class=\"wp-block-column is-layout-flow wp-block-column-is-layout-flow\">\n<div class=\"wp-block-create-block-sevgutenberg-navigation\"><aside class=\"encart-sev-navigation small carre\"><a href=\"https:\/\/mirabel-campings.com\/en\/camping-le-clos-tranquille-saint-cast-le-guildo\/\" class=\"d-flex flex-column align-items-center\"><div class=\"encart-title\"><span>Le Clos Tranquille **<\/span><\/div><div class=\"vague\"><\/div><img decoding=\"async\" src=\"https:\/\/mirabel-campings.com\/wp-content\/uploads\/2022\/04\/20210717_184642-e1652366794366.jpg\" alt=\"clos tranquille\"\/><div class=\"ligne\"><\/div><div class=\"hover\"><\/div><\/a><\/aside><\/div>\n<\/div>\n\n\n\n<div class=\"wp-block-column is-layout-flow wp-block-column-is-layout-flow\">\n<div class=\"wp-block-create-block-sevgutenberg-navigation\"><aside class=\"encart-sev-navigation small carre\"><a href=\"https:\/\/mirabel-campings.com\/en\/camping-les-mielles-saint-cast-le-guildo\/\" class=\"d-flex flex-column align-items-center\"><div class=\"encart-title\"><span>Les Mielles ****<\/span><\/div><div class=\"vague\"><\/div><img decoding=\"async\" src=\"https:\/\/mirabel-campings.com\/wp-content\/uploads\/2022\/04\/DSCN6689.jpg\" alt=\"Les Mielles\"\/><div class=\"ligne\"><\/div><div class=\"hover\"><\/div><\/a><\/aside><\/div>\n<\/div>\n\n\n\n<div class=\"wp-block-column is-layout-flow wp-block-column-is-layout-flow\"><\/div>\n<\/div>\n\n\n\n<div class=\"wp-block-columns front-page-section grey pt-0 is-layout-flex wp-container-core-columns-is-layout-28f84493 wp-block-columns-is-layout-flex\">\n<div class=\"wp-block-column is-layout-flow wp-block-column-is-layout-flow\"><\/div>\n\n\n\n<div class=\"wp-block-column is-layout-flow wp-block-column-is-layout-flow\">\n<div class=\"wp-block-create-block-sevgutenberg-navigation\"><aside class=\"encart-sev-navigation small carre\"><a href=\"https:\/\/mirabel-campings.com\/en\/camping-la-renaudiere-pornic\/\" class=\"d-flex flex-column align-items-center\"><div class=\"encart-title\"><span>La Renaudi\u00e8re ****<\/span><\/div><div class=\"vague\"><\/div><img decoding=\"async\" src=\"https:\/\/mirabel-campings.com\/wp-content\/uploads\/2022\/04\/Home-page-piscine-2000px.jpg\" alt=\"camping la renaudi\u00e8re pays de la loire\"\/><div class=\"ligne\"><\/div><div class=\"hover\"><\/div><\/a><\/aside><\/div>\n<\/div>\n\n\n\n<div class=\"wp-block-column is-layout-flow wp-block-column-is-layout-flow\">\n<div class=\"wp-block-create-block-sevgutenberg-navigation\"><aside class=\"encart-sev-navigation small carre\"><a href=\"https:\/\/mirabel-campings.com\/en\/camping-les-prairies-de-la-mer-ouistreham\/\" class=\"d-flex flex-column align-items-center\"><div class=\"encart-title\"><span>Les Prairies de la Mer ****<\/span><\/div><div class=\"vague\"><\/div><img decoding=\"async\" src=\"https:\/\/mirabel-campings.com\/wp-content\/uploads\/2022\/04\/piscine-transat-ouistreham-camping.jpg\" alt=\"The meadows of the sea\"\/><div class=\"ligne\"><\/div><div class=\"hover\"><\/div><\/a><\/aside><\/div>\n<\/div>\n\n\n\n<div class=\"wp-block-column is-layout-flow wp-block-column-is-layout-flow\">\n<div class=\"wp-block-create-block-sevgutenberg-navigation\"><aside class=\"encart-sev-navigation small carre\"><a href=\"https:\/\/mirabel-campings.com\/en\/page-camping\/\" class=\"d-flex flex-column align-items-center\"><div class=\"encart-title\"><span>L'Ermitage ***<\/span><\/div><div class=\"vague\"><\/div><img decoding=\"async\" src=\"https:\/\/mirabel-campings.com\/wp-content\/uploads\/2025\/03\/header-camping-ermitage-donville.png\" alt=\"header camping ermitage donville manche\"\/><div class=\"ligne\"><\/div><div class=\"hover\"><\/div><\/a><\/aside><\/div>\n<\/div>\n\n\n\n<div class=\"wp-block-column is-layout-flow wp-block-column-is-layout-flow\"><\/div>\n<\/div>\n\n\n\n<figure class=\"wp-block-image aligncenter size-full is-resized mt-5\"><img loading=\"lazy\" decoding=\"async\" width=\"1024\" height=\"84\" src=\"https:\/\/mirabel-campings.com\/wp-content\/uploads\/2022\/04\/diapo-photos.png\" alt=\"photo slideshow\" class=\"wp-image-276\" style=\"width:768px;height:63px\" srcset=\"https:\/\/mirabel-campings.com\/wp-content\/uploads\/2022\/04\/diapo-photos.png 1024w, https:\/\/mirabel-campings.com\/wp-content\/uploads\/2022\/04\/diapo-photos-300x25.png 300w, https:\/\/mirabel-campings.com\/wp-content\/uploads\/2022\/04\/diapo-photos-768x63.png 768w\" sizes=\"auto, (max-width: 1024px) 100vw, 1024px\" \/><\/figure>\n\n\n\t\t\t<div id=\"sevgallery-1894337527\" class=\"sev-diaporama sev-diaporama-portfolio\">\n\t\t\t\t<div class=\"row\">\n\n\t\t\t\t\t\n\t\t\t\t\t\t\n\t\t\t\t\t\t<div class=\"sev-diaporama-portfolio-item   btnseeall btnseeall-xl col-12 col-md  col-grow\">\n\t\t\t\t\t\t\t<a href=\"https:\/\/mirabel-campings.com\/wp-content\/uploads\/2023\/05\/mobil-home-location-vacances.jpg\" data-lightbox=\"sevgallery-1894337527\" style=\"background-image: url(https:\/\/mirabel-campings.com\/wp-content\/uploads\/2023\/05\/mobil-home-location-vacances.jpg)\">\n\t\t\t\t\t\t\t\t<img decoding=\"async\" src=\"https:\/\/mirabel-campings.com\/wp-content\/uploads\/2023\/05\/mobil-home-location-vacances.jpg\" alt=\"family mobile home rental near Pornic\" loading=\"lazy\">\n\t\t\t\t\t\t\t<\/a>\n\t\t\t\t\t\t<\/div>\n\n\t\t\t\t\t\t\n\t\t\t\t\t\t\t\t\t\t\t\t\t\t\t\t\t\n\t\t\t\t\t\t\n\t\t\t\t\t\t<div class=\"sev-diaporama-portfolio-item   btnseeall btnseeall-xl col-12 col-md  col-shrink\">\n\t\t\t\t\t\t\t<a href=\"https:\/\/mirabel-campings.com\/wp-content\/uploads\/2022\/04\/location-mobil-home-1ch-mirabel.jpg\" data-lightbox=\"sevgallery-1894337527\" style=\"background-image: url(https:\/\/mirabel-campings.com\/wp-content\/uploads\/2022\/04\/location-mobil-home-1ch-mirabel.jpg)\">\n\t\t\t\t\t\t\t\t<img decoding=\"async\" src=\"https:\/\/mirabel-campings.com\/wp-content\/uploads\/2022\/04\/location-mobil-home-1ch-mirabel.jpg\" alt=\"1-bedroom mobile-home rental\" loading=\"lazy\">\n\t\t\t\t\t\t\t<\/a>\n\t\t\t\t\t\t<\/div>\n\n\t\t\t\t\t\t\n\t\t\t\t\t\t\t\t\t\t\t\t\t\t\t\t\t\n\t\t\t\t\t\t\n\t\t\t\t\t\t<div class=\"sev-diaporama-portfolio-item   btnseeall btnseeall-xl col-12 col-md\">\n\t\t\t\t\t\t\t<a href=\"https:\/\/mirabel-campings.com\/wp-content\/uploads\/2023\/08\/location-camping-bord-de-mer-bretagne.jpg\" data-lightbox=\"sevgallery-1894337527\" style=\"background-image: url(https:\/\/mirabel-campings.com\/wp-content\/uploads\/2023\/08\/location-camping-bord-de-mer-bretagne.jpg)\">\n\t\t\t\t\t\t\t\t<img decoding=\"async\" src=\"https:\/\/mirabel-campings.com\/wp-content\/uploads\/2023\/08\/location-camping-bord-de-mer-bretagne.jpg\" alt=\"rental Camping bord de mer Bretagne\" loading=\"lazy\">\n\t\t\t\t\t\t\t<\/a>\n\t\t\t\t\t\t<\/div>\n\n\t\t\t\t\t\t\n\t\t\t\t\t\t\t\t\t\t\t\t\t\t\t\t\t\n\t\t\t\t\t\t\n\t\t\t\t\t\t<div class=\"sev-diaporama-portfolio-item   btnseeall btnseeall-xl col-12 col-md  col-shrink\">\n\t\t\t\t\t\t\t<a href=\"https:\/\/mirabel-campings.com\/wp-content\/uploads\/2023\/09\/location-vacances-saint-cast.jpg\" data-lightbox=\"sevgallery-1894337527\" style=\"background-image: url(https:\/\/mirabel-campings.com\/wp-content\/uploads\/2023\/09\/location-vacances-saint-cast.jpg)\">\n\t\t\t\t\t\t\t\t<img decoding=\"async\" src=\"https:\/\/mirabel-campings.com\/wp-content\/uploads\/2023\/09\/location-vacances-saint-cast.jpg\" alt=\"achat mobil home camping saint cast le guildo\" loading=\"lazy\">\n\t\t\t\t\t\t\t<\/a>\n\t\t\t\t\t\t<\/div>\n\n\t\t\t\t\t\t\t\t\t\t\t\t\t<div class=\"w-100\"><\/div>\n\t\t\t\t\t\t\t\t\t\t\t\t\t\n\t\t\t\t\t\t\t\t\t\t\t\t\t\t\t\t\t\n\t\t\t\t\t\t\n\t\t\t\t\t\t<div class=\"sev-diaporama-portfolio-item   btnseeall btnseeall-xl col-12 col-md  col-shrink\">\n\t\t\t\t\t\t\t<a href=\"https:\/\/mirabel-campings.com\/wp-content\/uploads\/2023\/06\/hebergement-location-mobil-home.jpg\" data-lightbox=\"sevgallery-1894337527\" style=\"background-image: url(https:\/\/mirabel-campings.com\/wp-content\/uploads\/2023\/06\/hebergement-location-mobil-home.jpg)\">\n\t\t\t\t\t\t\t\t<img decoding=\"async\" src=\"https:\/\/mirabel-campings.com\/wp-content\/uploads\/2023\/06\/hebergement-location-mobil-home.jpg\" alt=\"mobil-home rental camping mirabel\" loading=\"lazy\">\n\t\t\t\t\t\t\t<\/a>\n\t\t\t\t\t\t<\/div>\n\n\t\t\t\t\t\t\n\t\t\t\t\t\t\t\t\t\t\t\t\t\t\t\t\t\n\t\t\t\t\t\t\n\t\t\t\t\t\t<div class=\"sev-diaporama-portfolio-item   btnseeall btnseeall-xl col-12 col-md  col-shrink\">\n\t\t\t\t\t\t\t<a href=\"https:\/\/mirabel-campings.com\/wp-content\/uploads\/2022\/04\/terrasse-couverte-loc.jpg\" data-lightbox=\"sevgallery-1894337527\" style=\"background-image: url(https:\/\/mirabel-campings.com\/wp-content\/uploads\/2022\/04\/terrasse-couverte-loc.jpg)\">\n\t\t\t\t\t\t\t\t<img decoding=\"async\" src=\"https:\/\/mirabel-campings.com\/wp-content\/uploads\/2022\/04\/terrasse-couverte-loc.jpg\" alt=\"mobile home rental with covered terrace\" loading=\"lazy\">\n\t\t\t\t\t\t\t<\/a>\n\t\t\t\t\t\t<\/div>\n\n\t\t\t\t\t\t\n\t\t\t\t\t\t\t\t\t\t\t\t\t\t\t\t\t\n\t\t\t\t\t\t\n\t\t\t\t\t\t<div class=\"sev-diaporama-portfolio-item   btnseeall btnseeall-xl col-12 col-md  col-grow\">\n\t\t\t\t\t\t\t<a href=\"https:\/\/mirabel-campings.com\/wp-content\/uploads\/2022\/04\/mobil-home-camping-mirabel.jpg\" data-lightbox=\"sevgallery-1894337527\" style=\"background-image: url(https:\/\/mirabel-campings.com\/wp-content\/uploads\/2022\/04\/mobil-home-camping-mirabel.jpg)\">\n\t\t\t\t\t\t\t\t<img decoding=\"async\" src=\"https:\/\/mirabel-campings.com\/wp-content\/uploads\/2022\/04\/mobil-home-camping-mirabel.jpg\" alt=\"mobil home camping Mirabel\" loading=\"lazy\">\n\t\t\t\t\t\t\t<\/a>\n\t\t\t\t\t\t<\/div>\n\n\t\t\t\t\t\t\n\t\t\t\t\t\t\t\t\t\t\t\t\t\t\t\t\t\n\t\t\t\t\t\t\n\t\t\t\t\t\t<div class=\"sev-diaporama-portfolio-item  limitsm btnseeall btnseeall-xl col-12 col-md  col-shrink last-visible\">\n\t\t\t\t\t\t\t<a href=\"https:\/\/mirabel-campings.com\/wp-content\/uploads\/2022\/04\/mobilhome-chambre-location.jpg\" data-lightbox=\"sevgallery-1894337527\" style=\"background-image: url(https:\/\/mirabel-campings.com\/wp-content\/uploads\/2022\/04\/mobilhome-chambre-location.jpg)\">\n\t\t\t\t\t\t\t\t<img decoding=\"async\" src=\"https:\/\/mirabel-campings.com\/wp-content\/uploads\/2022\/04\/mobilhome-chambre-location.jpg\" alt=\"mobile-home rental\" loading=\"lazy\">\n\t\t\t\t\t\t\t<\/a>\n\t\t\t\t\t\t<\/div>\n\n\t\t\t\t\t\t\t\t\t\t\t\t\t<div class=\"w-100\"><\/div>\n\t\t\t\t\t\t\t\t\t\t\t\t\t\n\t\t\t\t\t\t\t\t\t\t\t\t\t\t\t\t\t\t\t\t\t<\/div>\n\t\t\t<\/div>\n\n\t\t\t<script>\n\t\t\tjQuery(function($) {\n\n\t\t\t\tvar marginPortfolio = function() {\n\n\t\t\t\t\tvar $diapo          = $('#sevgallery-1894337527');\n\t\t\t\t\tvar container_width = $diapo.parent().outerWidth();\n\t\t\t\t\tvar side            = ( $(window).innerWidth() - container_width ) \/ 2;\n\n\t\t\t\t\t$diapo.css( {\n\t\t\t\t\t\t'margin-left': '-' + side + 'px',\n\t\t\t\t\t\t'margin-right': '-' + side + 'px',\n\t\t\t\t\t} );\n\t\t\t\t};\n\n\t\t\t\t$( window ).resize( function() {\n\t\t\t\t\tmarginPortfolio();\n\t\t\t\t} );\n\t\t\t\tmarginPortfolio();\n\t\t\t});\n\t\t\t<\/script>","protected":false},"excerpt":{"rendered":"<p>Location de mobil-homes pour vos vacances en famille De 1 \u00e0 6 personnes, nos mobil-homes conforts de derni\u00e8re g\u00e9n\u00e9ration vous [&hellip;]<\/p>\n","protected":false},"author":1,"featured_media":0,"parent":0,"menu_order":0,"comment_status":"closed","ping_status":"closed","template":"","meta":{"_seopress_robots_primary_cat":"","_seopress_titles_title":"Location de mobil-homes en bord de mer - Campings MIRABEL","_seopress_titles_desc":"Mobil-home tout confort 1 \u00e0 3 chambres, 1 ou 2 salles de bains, terrasse semi-ouverte ou couverte, partager le meilleur avec vos proches.","_seopress_robots_index":"","footnotes":""},"class_list":["post-41","page","type-page","status-publish","hentry"],"_links":{"self":[{"href":"https:\/\/mirabel-campings.com\/en\/wp-json\/wp\/v2\/pages\/41","targetHints":{"allow":["GET"]}}],"collection":[{"href":"https:\/\/mirabel-campings.com\/en\/wp-json\/wp\/v2\/pages"}],"about":[{"href":"https:\/\/mirabel-campings.com\/en\/wp-json\/wp\/v2\/types\/page"}],"author":[{"embeddable":true,"href":"https:\/\/mirabel-campings.com\/en\/wp-json\/wp\/v2\/users\/1"}],"replies":[{"embeddable":true,"href":"https:\/\/mirabel-campings.com\/en\/wp-json\/wp\/v2\/comments?post=41"}],"version-history":[{"count":41,"href":"https:\/\/mirabel-campings.com\/en\/wp-json\/wp\/v2\/pages\/41\/revisions"}],"predecessor-version":[{"id":11291,"href":"https:\/\/mirabel-campings.com\/en\/wp-json\/wp\/v2\/pages\/41\/revisions\/11291"}],"wp:attachment":[{"href":"https:\/\/mirabel-campings.com\/en\/wp-json\/wp\/v2\/media?parent=41"}],"curies":[{"name":"wp","href":"https:\/\/api.w.org\/{rel}","templated":true}]}}