{"id":53,"date":"2022-04-13T14:45:57","date_gmt":"2022-04-13T12:45:57","guid":{"rendered":"https:\/\/mirabel-campings.com\/?page_id=53"},"modified":"2025-04-02T16:24:03","modified_gmt":"2025-04-02T14:24:03","slug":"pitches","status":"publish","type":"page","link":"https:\/\/mirabel-campings.com\/en\/emplacements\/","title":{"rendered":"Pitches"},"content":{"rendered":"<h1 class=\"wp-block-heading\">Campsite rentals in Normandy, Brittany and Pays de la Loire<\/h1>\n\n\n\n<div class=\"wp-block-media-text alignwide has-media-on-the-right is-stacked-on-mobile is-vertically-aligned-center\"><div class=\"wp-block-media-text__content\">\n<div style=\"height:30px\" aria-hidden=\"true\" class=\"wp-block-spacer\"><\/div>\n\n\n\n<h2 class=\"wp-block-heading\">Pitches for your tent vacation<\/h2>\n\n\n\n<figure class=\"wp-block-image size-full\"><img loading=\"lazy\" decoding=\"async\" width=\"50\" height=\"8\" src=\"https:\/\/mirabel-campings.com\/wp-content\/uploads\/2022\/05\/barre-bleue.png\" alt=\"\" class=\"wp-image-3044\"\/><\/figure>\n\n\n\n<p><strong>Pitches with sea view<\/strong> at <strong><a href=\"https:\/\/mirabel-campings.com\/en\/bretagne\/\" target=\"_blank\" rel=\"noreferrer noopener\">C\u00f4tes d'Armor<\/a><\/strong>, close to <strong><a href=\"https:\/\/mirabel-campings.com\/en\/camping-la-renaudiere-pornic\/\" target=\"_blank\" rel=\"noreferrer noopener\">the pool<\/a><\/strong> to the <strong>Plaine sur Mer<\/strong> or in the peace and quiet at the back of the campsite: it's all possible in our <strong>Campsites Mirabel<\/strong>.<\/p>\n\n\n\n<p>You can place your <strong>tent material<\/strong> and garden furniture for <strong>vacances pleine nature<\/strong>. The space we offer you will allow you to appreciate the gentle way of life at our campsites, where you'll be able to relax and unwind. <strong>set up like at home<\/strong>. Shady or sunny, open or enclosed, you choose the one that suits you best. For greater comfort, opt for the <strong>electricity package<\/strong>. <\/p>\n\n\n\n<p>Our locations for <strong>2 to 6 people<\/strong> allow you to\u2019<strong>access all services<\/strong> from <strong>Campings Mirabel.<\/strong><\/p>\n<\/div><figure class=\"wp-block-media-text__media\"><img loading=\"lazy\" decoding=\"async\" width=\"1024\" height=\"768\" src=\"https:\/\/mirabel-campings.com\/wp-content\/uploads\/2023\/04\/emplacement-tente-campings-mirabel-1-1024x768.jpg\" alt=\"Campsite pitches Mirabel\" class=\"wp-image-429 size-full\" srcset=\"https:\/\/mirabel-campings.com\/wp-content\/uploads\/2023\/04\/emplacement-tente-campings-mirabel-1-1024x768.jpg 1024w, https:\/\/mirabel-campings.com\/wp-content\/uploads\/2023\/04\/emplacement-tente-campings-mirabel-1-300x225.jpg 300w, https:\/\/mirabel-campings.com\/wp-content\/uploads\/2023\/04\/emplacement-tente-campings-mirabel-1-768x576.jpg 768w, https:\/\/mirabel-campings.com\/wp-content\/uploads\/2023\/04\/emplacement-tente-campings-mirabel-1.jpg 1200w\" sizes=\"auto, (max-width: 1024px) 100vw, 1024px\" \/><\/figure><\/div>\n\n\n\n<p><\/p>\n\n\n\n<div class=\"wp-block-media-text is-stacked-on-mobile\"><figure class=\"wp-block-media-text__media\"><img loading=\"lazy\" decoding=\"async\" width=\"600\" height=\"400\" src=\"https:\/\/mirabel-campings.com\/wp-content\/uploads\/2023\/12\/emplacement-camping-car-caravane-mer.jpg\" alt=\"campsites with motorhome and caravan pitches\" class=\"wp-image-7825 size-full\" srcset=\"https:\/\/mirabel-campings.com\/wp-content\/uploads\/2023\/12\/emplacement-camping-car-caravane-mer.jpg 600w, https:\/\/mirabel-campings.com\/wp-content\/uploads\/2023\/12\/emplacement-camping-car-caravane-mer-300x200.jpg 300w\" sizes=\"auto, (max-width: 600px) 100vw, 600px\" \/><\/figure><div class=\"wp-block-media-text__content\">\n<h2 class=\"wp-block-heading texte-rond has-corail-color has-text-color has-link-color has-large-font-size wp-elements-a9faccc4c99386000c36866ca041a6a6\">Space for your motorhome or caravan<\/h2>\n\n\n\n<p>More of a <strong>motorhome<\/strong>, van or caravan? Our campsites also offer <strong>spacious pitches <\/strong>to make yourself comfortable. You can bring out your awning, deckchairs and picnic table for a meal in the fresh air and sunshine! Opposite the Donville-les-Bains oyster beds at <a href=\"https:\/\/mirabel-campings.com\/en\/page-camping\/\" target=\"_blank\" rel=\"noreferrer noopener\">Camping Mirabel de l'Ermitage<\/a>, Come and recharge your batteries with your loved ones for a few nights.<\/p>\n\n\n\n<p>From <strong>accessible washrooms<\/strong> are also available in all our stores. <strong>campsites with pitches<\/strong> at <strong>Normandy, Brittany and Pays de la Loire.<\/strong><\/p>\n<\/div><\/div>\n\n\n\n<div style=\"height:20px\" aria-hidden=\"true\" class=\"wp-block-spacer\"><\/div>\n\n\n\n<div class=\"wp-block-media-text alignwide has-media-on-the-right is-stacked-on-mobile is-vertically-aligned-center animate left\"><div class=\"wp-block-media-text__content\">\n<div style=\"height:30px\" aria-hidden=\"true\" class=\"wp-block-spacer\"><\/div>\n\n\n\n<div class=\"wp-block-group has-turquoise-color has-text-color is-layout-flow wp-block-group-is-layout-flow\">\n<figure class=\"wp-block-image alignleft size-full is-resized\"><img loading=\"lazy\" decoding=\"async\" width=\"200\" height=\"200\" src=\"https:\/\/mirabel-campings.com\/wp-content\/uploads\/2022\/04\/Picto-Camping-car.png\" alt=\"motorhome\" class=\"wp-image-1129\" style=\"width:100px;height:100px\" srcset=\"https:\/\/mirabel-campings.com\/wp-content\/uploads\/2022\/04\/Picto-Camping-car.png 200w, https:\/\/mirabel-campings.com\/wp-content\/uploads\/2022\/04\/Picto-Camping-car-150x150.png 150w\" sizes=\"auto, (max-width: 200px) 100vw, 200px\" \/><\/figure>\n\n\n\n<h2 class=\"wp-block-heading\">Our motorhome service area<\/h2>\n\n\n\n<p>Need to do the<strong> draining<\/strong> your van or <strong>motorhome<\/strong>&nbsp;? Camping <a href=\"https:\/\/mirabel-campings.com\/en\/camping-la-renaudiere-pornic\/\" data-type=\"page\" data-id=\"386\">La Renaudi\u00e8re<\/a> in Loire-Atlantique and the 2 campsites <a href=\"https:\/\/mirabel-campings.com\/en\/camping-la-crique-saint-cast-le-guildo\/\" target=\"_blank\" rel=\"noreferrer noopener\">La Crique<\/a> &amp; <a href=\"https:\/\/mirabel-campings.com\/en\/camping-les-4-vaulx\/\" data-type=\"page\" data-id=\"359\">Les 4 Vaulx<\/a> in Brittany welcome you all season long. <br>Because your comfort and safety are our priorities, our two campsites are equipped with a <strong>service area<\/strong> with water, so you can get back on the road with peace of mind. Please ask at reception for further information.<\/p>\n<\/div>\n<\/div><figure class=\"wp-block-media-text__media\"><img loading=\"lazy\" decoding=\"async\" width=\"1024\" height=\"683\" src=\"https:\/\/mirabel-campings.com\/wp-content\/uploads\/2023\/04\/aire-service-camping-car-1024x683.jpg\" alt=\"La renaudi\u00e8re camping-car area\" class=\"wp-image-627 size-full\" srcset=\"https:\/\/mirabel-campings.com\/wp-content\/uploads\/2023\/04\/aire-service-camping-car-1024x683.jpg 1024w, https:\/\/mirabel-campings.com\/wp-content\/uploads\/2023\/04\/aire-service-camping-car-300x200.jpg 300w, https:\/\/mirabel-campings.com\/wp-content\/uploads\/2023\/04\/aire-service-camping-car-768x512.jpg 768w, https:\/\/mirabel-campings.com\/wp-content\/uploads\/2023\/04\/aire-service-camping-car.jpg 1200w\" sizes=\"auto, (max-width: 1024px) 100vw, 1024px\" \/><\/figure><\/div>\n\n\n\n<div style=\"height:40px\" aria-hidden=\"true\" class=\"wp-block-spacer\"><\/div>\n\n\n\n<p class=\"has-text-align-center texte-rond has-large-font-size\">Our campsites with bare pitches<\/p>\n\n\n\n<div class=\"wp-block-columns front-page-section grey is-layout-flex wp-container-core-columns-is-layout-28f84493 wp-block-columns-is-layout-flex\">\n<div class=\"wp-block-column is-layout-flow wp-block-column-is-layout-flow\"><\/div>\n\n\n\n<div class=\"wp-block-column is-layout-flow wp-block-column-is-layout-flow\">\n<div class=\"wp-block-create-block-sevgutenberg-navigation\"><aside class=\"encart-sev-navigation small carre\"><a href=\"https:\/\/mirabel-campings.com\/en\/camping-la-renaudiere-pornic\/\" class=\"d-flex flex-column align-items-center\"><div class=\"encart-title\"><span>La Renaudi\u00e8re ****<\/span><\/div><div class=\"vague\"><\/div><img decoding=\"async\" src=\"https:\/\/mirabel-campings.com\/wp-content\/uploads\/2022\/05\/emplacement-caravane-camping.jpg\" alt=\"\"\/><div class=\"ligne\"><\/div><div class=\"hover\"><\/div><\/a><\/aside><\/div>\n<\/div>\n\n\n\n<div class=\"wp-block-column is-layout-flow wp-block-column-is-layout-flow\">\n<div class=\"wp-block-create-block-sevgutenberg-navigation\"><aside class=\"encart-sev-navigation small carre\"><a href=\"https:\/\/mirabel-campings.com\/en\/camping-la-crique-saint-cast-le-guildo\/\" class=\"d-flex flex-column align-items-center\"><div class=\"encart-title\"><span>La Crique***<\/span><\/div><div class=\"vague\"><\/div><img decoding=\"async\" src=\"https:\/\/mirabel-campings.com\/wp-content\/uploads\/2022\/04\/camping-crique-fort-lalatte.jpg\" alt=\"camping la crique bretagne\"\/><div class=\"ligne\"><\/div><div class=\"hover\"><\/div><\/a><\/aside><\/div>\n<\/div>\n\n\n\n<div class=\"wp-block-column is-layout-flow wp-block-column-is-layout-flow\">\n<div class=\"wp-block-create-block-sevgutenberg-navigation\"><aside class=\"encart-sev-navigation small carre\"><a href=\"https:\/\/mirabel-campings.com\/en\/camping-le-clos-tranquille-saint-cast-le-guildo\/\" class=\"d-flex flex-column align-items-center\"><div class=\"encart-title\"><span>Le Clos Tranquille **<\/span><\/div><div class=\"vague\"><\/div><img decoding=\"async\" src=\"https:\/\/mirabel-campings.com\/wp-content\/uploads\/2022\/04\/clos-tranquille-emplacement-tente.jpg\" alt=\"tent pitches le clos tranquille\"\/><div class=\"ligne\"><\/div><div class=\"hover\"><\/div><\/a><\/aside><\/div>\n<\/div>\n\n\n\n<div class=\"wp-block-column is-layout-flow wp-block-column-is-layout-flow\">\n<div class=\"wp-block-create-block-sevgutenberg-navigation\"><aside class=\"encart-sev-navigation small carre\"><a href=\"https:\/\/mirabel-campings.com\/en\/camping-les-4-vaulx\/\" class=\"d-flex flex-column align-items-center\"><div class=\"encart-title\"><span>The 4 Vaulx **<\/span><\/div><div class=\"vague\"><\/div><img decoding=\"async\" src=\"https:\/\/mirabel-campings.com\/wp-content\/uploads\/2022\/04\/4-vaulx-1.jpg\" alt=\"\"\/><div class=\"ligne\"><\/div><div class=\"hover\"><\/div><\/a><\/aside><\/div>\n<\/div>\n\n\n\n<div class=\"wp-block-column is-layout-flow wp-block-column-is-layout-flow\">\n<div class=\"wp-block-create-block-sevgutenberg-navigation\"><aside class=\"encart-sev-navigation small carre\"><a href=\"https:\/\/mirabel-campings.com\/en\/page-camping\/\" class=\"d-flex flex-column align-items-center\"><div class=\"encart-title\"><span>L'Ermitage ***<\/span><\/div><div class=\"vague\"><\/div><img decoding=\"async\" src=\"https:\/\/mirabel-campings.com\/wp-content\/uploads\/2025\/03\/header-camping-ermitage-donville.png\" alt=\"header camping ermitage donville manche\"\/><div class=\"ligne\"><\/div><div class=\"hover\"><\/div><\/a><\/aside><\/div>\n<\/div>\n\n\n\n<div class=\"wp-block-column is-layout-flow wp-block-column-is-layout-flow\"><\/div>\n<\/div>\n\n\n\n<figure class=\"wp-block-image aligncenter size-full is-resized mt-5\"><img loading=\"lazy\" decoding=\"async\" width=\"1024\" height=\"84\" src=\"https:\/\/mirabel-campings.com\/wp-content\/uploads\/2022\/04\/diapo-photos.png\" alt=\"photo slideshow\" class=\"wp-image-276\" style=\"width:768px;height:63px\" srcset=\"https:\/\/mirabel-campings.com\/wp-content\/uploads\/2022\/04\/diapo-photos.png 1024w, https:\/\/mirabel-campings.com\/wp-content\/uploads\/2022\/04\/diapo-photos-300x25.png 300w, https:\/\/mirabel-campings.com\/wp-content\/uploads\/2022\/04\/diapo-photos-768x63.png 768w\" sizes=\"auto, (max-width: 1024px) 100vw, 1024px\" \/><\/figure>\n\n\n\t\t\t<div id=\"sevgallery-1452097394\" class=\"sev-diaporama sev-diaporama-portfolio\">\n\t\t\t\t<div class=\"row\">\n\n\t\t\t\t\t\n\t\t\t\t\t\t\n\t\t\t\t\t\t<div class=\"sev-diaporama-portfolio-item   btnseeall btnseeall-xl col-12 col-md  col-shrink\">\n\t\t\t\t\t\t\t<a href=\"https:\/\/mirabel-campings.com\/wp-content\/uploads\/2023\/11\/camping-la-crique-vue-mer.jpg\" data-lightbox=\"sevgallery-1452097394\" style=\"background-image: url(https:\/\/mirabel-campings.com\/wp-content\/uploads\/2023\/11\/camping-la-crique-vue-mer.jpg)\">\n\t\t\t\t\t\t\t\t<img decoding=\"async\" src=\"https:\/\/mirabel-campings.com\/wp-content\/uploads\/2023\/11\/camping-la-crique-vue-mer.jpg\" alt=\"emplacement camping vue mer fort la latte\" loading=\"lazy\">\n\t\t\t\t\t\t\t<\/a>\n\t\t\t\t\t\t<\/div>\n\n\t\t\t\t\t\t\n\t\t\t\t\t\t\t\t\t\t\t\t\t\t\t\t\t\n\t\t\t\t\t\t\n\t\t\t\t\t\t<div class=\"sev-diaporama-portfolio-item   btnseeall btnseeall-xl col-12 col-md  col-shrink\">\n\t\t\t\t\t\t\t<a href=\"https:\/\/mirabel-campings.com\/wp-content\/uploads\/2023\/12\/caravane-emplacement.jpg\" data-lightbox=\"sevgallery-1452097394\" style=\"background-image: url(https:\/\/mirabel-campings.com\/wp-content\/uploads\/2023\/12\/caravane-emplacement.jpg)\">\n\t\t\t\t\t\t\t\t<img decoding=\"async\" src=\"https:\/\/mirabel-campings.com\/wp-content\/uploads\/2023\/12\/caravane-emplacement.jpg\" alt=\"caravan site plaine sur mer\" loading=\"lazy\">\n\t\t\t\t\t\t\t<\/a>\n\t\t\t\t\t\t<\/div>\n\n\t\t\t\t\t\t\n\t\t\t\t\t\t\t\t\t\t\t\t\t\t\t\t\t\n\t\t\t\t\t\t\n\t\t\t\t\t\t<div class=\"sev-diaporama-portfolio-item   btnseeall btnseeall-xl col-12 col-md\">\n\t\t\t\t\t\t\t<a href=\"https:\/\/mirabel-campings.com\/wp-content\/uploads\/2022\/06\/btn-cpg.jpg\" data-lightbox=\"sevgallery-1452097394\" style=\"background-image: url(https:\/\/mirabel-campings.com\/wp-content\/uploads\/2022\/06\/btn-cpg.jpg)\">\n\t\t\t\t\t\t\t\t<img decoding=\"async\" src=\"https:\/\/mirabel-campings.com\/wp-content\/uploads\/2022\/06\/btn-cpg.jpg\" alt=\"camping pitch rental in Brittany\" loading=\"lazy\">\n\t\t\t\t\t\t\t<\/a>\n\t\t\t\t\t\t<\/div>\n\n\t\t\t\t\t\t\n\t\t\t\t\t\t\t\t\t\t\t\t\t\t\t\t\t\n\t\t\t\t\t\t\n\t\t\t\t\t\t<div class=\"sev-diaporama-portfolio-item   btnseeall btnseeall-xl col-12 col-md  col-shrink\">\n\t\t\t\t\t\t\t<a href=\"https:\/\/mirabel-campings.com\/wp-content\/uploads\/2022\/04\/Criqueensoleillee.jpg\" data-lightbox=\"sevgallery-1452097394\" style=\"background-image: url(https:\/\/mirabel-campings.com\/wp-content\/uploads\/2022\/04\/Criqueensoleillee.jpg)\">\n\t\t\t\t\t\t\t\t<img decoding=\"async\" src=\"https:\/\/mirabel-campings.com\/wp-content\/uploads\/2022\/04\/Criqueensoleillee.jpg\" alt=\"sunny camping pitches\" loading=\"lazy\">\n\t\t\t\t\t\t\t<\/a>\n\t\t\t\t\t\t<\/div>\n\n\t\t\t\t\t\t\t\t\t\t\t\t\t<div class=\"w-100\"><\/div>\n\t\t\t\t\t\t\t\t\t\t\t\t\t\n\t\t\t\t\t\t\t\t\t\t\t\t\t\t\t\t\t\n\t\t\t\t\t\t\n\t\t\t\t\t\t<div class=\"sev-diaporama-portfolio-item   btnseeall btnseeall-xl col-12 col-md  col-shrink\">\n\t\t\t\t\t\t\t<a href=\"https:\/\/mirabel-campings.com\/wp-content\/uploads\/2023\/12\/emplacement-tente-camping-saint-cast.jpg\" data-lightbox=\"sevgallery-1452097394\" style=\"background-image: url(https:\/\/mirabel-campings.com\/wp-content\/uploads\/2023\/12\/emplacement-tente-camping-saint-cast.jpg)\">\n\t\t\t\t\t\t\t\t<img decoding=\"async\" src=\"https:\/\/mirabel-campings.com\/wp-content\/uploads\/2023\/12\/emplacement-tente-camping-saint-cast.jpg\" alt=\"pitch for tent camping seaside\" loading=\"lazy\">\n\t\t\t\t\t\t\t<\/a>\n\t\t\t\t\t\t<\/div>\n\n\t\t\t\t\t\t\n\t\t\t\t\t\t\t\t\t\t\t\t\t\t\t\t\t\n\t\t\t\t\t\t\n\t\t\t\t\t\t<div class=\"sev-diaporama-portfolio-item   btnseeall btnseeall-xl col-12 col-md  col-grow\">\n\t\t\t\t\t\t\t<a href=\"https:\/\/mirabel-campings.com\/wp-content\/uploads\/2022\/04\/emplacement-tente-arbore.jpg\" data-lightbox=\"sevgallery-1452097394\" style=\"background-image: url(https:\/\/mirabel-campings.com\/wp-content\/uploads\/2022\/04\/emplacement-tente-arbore.jpg)\">\n\t\t\t\t\t\t\t\t<img decoding=\"async\" src=\"https:\/\/mirabel-campings.com\/wp-content\/uploads\/2022\/04\/emplacement-tente-arbore.jpg\" alt=\"tent camping pitches\" loading=\"lazy\">\n\t\t\t\t\t\t\t<\/a>\n\t\t\t\t\t\t<\/div>\n\n\t\t\t\t\t\t\n\t\t\t\t\t\t\t\t\t\t\t\t\t\t\t\t\t\n\t\t\t\t\t\t\n\t\t\t\t\t\t<div class=\"sev-diaporama-portfolio-item   btnseeall btnseeall-xl col-12 col-md  col-shrink\">\n\t\t\t\t\t\t\t<a href=\"https:\/\/mirabel-campings.com\/wp-content\/uploads\/2022\/04\/emplacement-mirabel-bord-mer.jpg\" data-lightbox=\"sevgallery-1452097394\" style=\"background-image: url(https:\/\/mirabel-campings.com\/wp-content\/uploads\/2022\/04\/emplacement-mirabel-bord-mer.jpg)\">\n\t\t\t\t\t\t\t\t<img decoding=\"async\" src=\"https:\/\/mirabel-campings.com\/wp-content\/uploads\/2022\/04\/emplacement-mirabel-bord-mer.jpg\" alt=\"pitches camping Mirabel bord de mer\" loading=\"lazy\">\n\t\t\t\t\t\t\t<\/a>\n\t\t\t\t\t\t<\/div>\n\n\t\t\t\t\t\t\n\t\t\t\t\t\t\t\t\t\t\t\t\t\t\t\t\t\n\t\t\t\t\t\t\n\t\t\t\t\t\t<div class=\"sev-diaporama-portfolio-item   btnseeall btnseeall-xl col-12 col-md  last-visible\">\n\t\t\t\t\t\t\t<a href=\"https:\/\/mirabel-campings.com\/wp-content\/uploads\/2023\/12\/emplacement-nu-tente-campingcar.jpg\" data-lightbox=\"sevgallery-1452097394\" style=\"background-image: url(https:\/\/mirabel-campings.com\/wp-content\/uploads\/2023\/12\/emplacement-nu-tente-campingcar.jpg)\">\n\t\t\t\t\t\t\t\t<img decoding=\"async\" src=\"https:\/\/mirabel-campings.com\/wp-content\/uploads\/2023\/12\/emplacement-nu-tente-campingcar.jpg\" alt=\"bare camping pitch\" loading=\"lazy\">\n\t\t\t\t\t\t\t<\/a>\n\t\t\t\t\t\t<\/div>\n\n\t\t\t\t\t\t\t\t\t\t\t\t\t<div class=\"w-100\"><\/div>\n\t\t\t\t\t\t\t\t\t\t\t\t\t\n\t\t\t\t\t\t\t\t\t\t\t\t\t\t\t\t\t\n\t\t\t\t\t\t\n\t\t\t\t\t\t<div class=\"sev-diaporama-portfolio-item   btnseeall btnseeall-xl col-12 col-md  col-shrink d-none\">\n\t\t\t\t\t\t\t<a href=\"https:\/\/mirabel-campings.com\/wp-content\/uploads\/2023\/12\/camping-car-camping-SH.jpg\" data-lightbox=\"sevgallery-1452097394\" style=\"background-image: url(https:\/\/mirabel-campings.com\/wp-content\/uploads\/2023\/12\/camping-car-camping-SH.jpg)\">\n\t\t\t\t\t\t\t\t<img decoding=\"async\" src=\"https:\/\/mirabel-campings.com\/wp-content\/uploads\/2023\/12\/camping-car-camping-SH.jpg\" alt=\"camping-car site plaine sur mer\" loading=\"lazy\">\n\t\t\t\t\t\t\t<\/a>\n\t\t\t\t\t\t<\/div>\n\n\t\t\t\t\t\t\n\t\t\t\t\t\t\t\t\t\t\t\t\t\t\t\t\t\n\t\t\t\t\t\t\n\t\t\t\t\t\t<div class=\"sev-diaporama-portfolio-item   btnseeall btnseeall-xl col-12 col-md  col-shrink d-none\">\n\t\t\t\t\t\t\t<a href=\"https:\/\/mirabel-campings.com\/wp-content\/uploads\/2022\/04\/camping-bord-mer.jpg\" data-lightbox=\"sevgallery-1452097394\" style=\"background-image: url(https:\/\/mirabel-campings.com\/wp-content\/uploads\/2022\/04\/camping-bord-mer.jpg)\">\n\t\t\t\t\t\t\t\t<img decoding=\"async\" src=\"https:\/\/mirabel-campings.com\/wp-content\/uploads\/2022\/04\/camping-bord-mer.jpg\" alt=\"seaside camping pitches\" loading=\"lazy\">\n\t\t\t\t\t\t\t<\/a>\n\t\t\t\t\t\t<\/div>\n\n\t\t\t\t\t\t\n\t\t\t\t\t\t\t\t\t\t\t\t\t\t\t\t\t\n\t\t\t\t\t\t\n\t\t\t\t\t\t<div class=\"sev-diaporama-portfolio-item   btnseeall btnseeall-xl col-12 col-md  d-none\">\n\t\t\t\t\t\t\t<a href=\"https:\/\/mirabel-campings.com\/wp-content\/uploads\/2022\/04\/emplacement-tente-bord-mer.jpg\" data-lightbox=\"sevgallery-1452097394\" style=\"background-image: url(https:\/\/mirabel-campings.com\/wp-content\/uploads\/2022\/04\/emplacement-tente-bord-mer.jpg)\">\n\t\t\t\t\t\t\t\t<img decoding=\"async\" src=\"https:\/\/mirabel-campings.com\/wp-content\/uploads\/2022\/04\/emplacement-tente-bord-mer.jpg\" alt=\"location tentes bord de mer\" loading=\"lazy\">\n\t\t\t\t\t\t\t<\/a>\n\t\t\t\t\t\t<\/div>\n\n\t\t\t\t\t\t\n\t\t\t\t\t\t\t\t\t\t\t\t\t\t\t\t\t\n\t\t\t\t\t\t\n\t\t\t\t\t\t<div class=\"sev-diaporama-portfolio-item   btnseeall btnseeall-xl col-12 col-md  col-grow d-none\">\n\t\t\t\t\t\t\t<a href=\"https:\/\/mirabel-campings.com\/wp-content\/uploads\/2022\/04\/camping-emplacement-ombrage.jpg\" data-lightbox=\"sevgallery-1452097394\" style=\"background-image: url(https:\/\/mirabel-campings.com\/wp-content\/uploads\/2022\/04\/camping-emplacement-ombrage.jpg)\">\n\t\t\t\t\t\t\t\t<img decoding=\"async\" src=\"https:\/\/mirabel-campings.com\/wp-content\/uploads\/2022\/04\/camping-emplacement-ombrage.jpg\" alt=\"shaded camping pitches\" loading=\"lazy\">\n\t\t\t\t\t\t\t<\/a>\n\t\t\t\t\t\t<\/div>\n\n\t\t\t\t\t\t\t\t\t\t\t\t\t<div class=\"w-100 d-none\"><\/div>\n\t\t\t\t\t\t\t\t\t\t\t\t\t\n\t\t\t\t\t\t\t\t\t\t\t\t\t\t\t\t\t\n\t\t\t\t\t\t\n\t\t\t\t\t\t<div class=\"sev-diaporama-portfolio-item   btnseeall btnseeall-xl col-12 col-md  d-none\">\n\t\t\t\t\t\t\t<a href=\"https:\/\/mirabel-campings.com\/wp-content\/uploads\/2022\/04\/emplacement-tente-mirabel.jpg\" data-lightbox=\"sevgallery-1452097394\" style=\"background-image: url(https:\/\/mirabel-campings.com\/wp-content\/uploads\/2022\/04\/emplacement-tente-mirabel.jpg)\">\n\t\t\t\t\t\t\t\t<img decoding=\"async\" src=\"https:\/\/mirabel-campings.com\/wp-content\/uploads\/2022\/04\/emplacement-tente-mirabel.jpg\" alt=\"tent sites campings Mirabel\" loading=\"lazy\">\n\t\t\t\t\t\t\t<\/a>\n\t\t\t\t\t\t<\/div>\n\n\t\t\t\t\t\t\n\t\t\t\t\t\t\t\t\t\t\t\t\t\t\t\t\t\n\t\t\t\t\t\t\n\t\t\t\t\t\t<div class=\"sev-diaporama-portfolio-item   btnseeall btnseeall-xl col-12 col-md  col-grow d-none\">\n\t\t\t\t\t\t\t<a href=\"https:\/\/mirabel-campings.com\/wp-content\/uploads\/2023\/12\/aire-service-camping-car.jpg\" data-lightbox=\"sevgallery-1452097394\" style=\"background-image: url(https:\/\/mirabel-campings.com\/wp-content\/uploads\/2023\/12\/aire-service-camping-car.jpg)\">\n\t\t\t\t\t\t\t\t<img decoding=\"async\" src=\"https:\/\/mirabel-campings.com\/wp-content\/uploads\/2023\/12\/aire-service-camping-car.jpg\" alt=\"aire service camping-car camping emplacement\" loading=\"lazy\">\n\t\t\t\t\t\t\t<\/a>\n\t\t\t\t\t\t<\/div>\n\n\t\t\t\t\t\t\n\t\t\t\t\t\t\t\t\t\t\t\t\t\t\t\t\t\n\t\t\t\t\t\t\n\t\t\t\t\t\t<div class=\"sev-diaporama-portfolio-item   btnseeall btnseeall-xl col-12 col-md  d-none\">\n\t\t\t\t\t\t\t<a href=\"https:\/\/mirabel-campings.com\/wp-content\/uploads\/2023\/04\/emplacement-tente-campings-mirabel-1.jpg\" data-lightbox=\"sevgallery-1452097394\" style=\"background-image: url(https:\/\/mirabel-campings.com\/wp-content\/uploads\/2023\/04\/emplacement-tente-campings-mirabel-1.jpg)\">\n\t\t\t\t\t\t\t\t<img decoding=\"async\" src=\"https:\/\/mirabel-campings.com\/wp-content\/uploads\/2023\/04\/emplacement-tente-campings-mirabel-1.jpg\" alt=\"Campsite pitches Mirabel\" loading=\"lazy\">\n\t\t\t\t\t\t\t<\/a>\n\t\t\t\t\t\t<\/div>\n\n\t\t\t\t\t\t\n\t\t\t\t\t\t\t\t\t\t\t\t\t\t\t\t\t\n\t\t\t\t\t\t\n\t\t\t\t\t\t<div class=\"sev-diaporama-portfolio-item  limitsm btnseeall btnseeall-xl col-12 col-md  col-grow d-none\">\n\t\t\t\t\t\t\t<a href=\"https:\/\/mirabel-campings.com\/wp-content\/uploads\/2024\/04\/4vaulx-emplacement-confort.jpg\" data-lightbox=\"sevgallery-1452097394\" style=\"background-image: url(https:\/\/mirabel-campings.com\/wp-content\/uploads\/2024\/04\/4vaulx-emplacement-confort.jpg)\">\n\t\t\t\t\t\t\t\t<img decoding=\"async\" src=\"https:\/\/mirabel-campings.com\/wp-content\/uploads\/2024\/04\/4vaulx-emplacement-confort.jpg\" alt=\"bare pitch rental in st cast le guildo\" loading=\"lazy\">\n\t\t\t\t\t\t\t<\/a>\n\t\t\t\t\t\t<\/div>\n\n\t\t\t\t\t\t\t\t\t\t\t\t\t<div class=\"w-100 d-none\"><\/div>\n\t\t\t\t\t\t\t\t\t\t\t\t\t\n\t\t\t\t\t\t\t\t\t\t\t\t\t\t\t\t\t\t\t\t\t<\/div>\n\t\t\t<\/div>\n\n\t\t\t<script>\n\t\t\tjQuery(function($) {\n\n\t\t\t\tvar marginPortfolio = function() {\n\n\t\t\t\t\tvar $diapo          = $('#sevgallery-1452097394');\n\t\t\t\t\tvar container_width = $diapo.parent().outerWidth();\n\t\t\t\t\tvar side            = ( $(window).innerWidth() - container_width ) \/ 2;\n\n\t\t\t\t\t$diapo.css( {\n\t\t\t\t\t\t'margin-left': '-' + side + 'px',\n\t\t\t\t\t\t'margin-right': '-' + side + 'px',\n\t\t\t\t\t} );\n\t\t\t\t};\n\n\t\t\t\t$( window ).resize( function() {\n\t\t\t\t\tmarginPortfolio();\n\t\t\t\t} );\n\t\t\t\tmarginPortfolio();\n\t\t\t});\n\t\t\t<\/script>","protected":false},"excerpt":{"rendered":"<p>Location d&#8217;emplacements dans nos Campings en Normandie, Bretagne et Pays de la Loire Nos espaces pour votre camping-car ou caravane [&hellip;]<\/p>\n","protected":false},"author":1,"featured_media":0,"parent":0,"menu_order":0,"comment_status":"closed","ping_status":"closed","template":"","meta":{"_seopress_robots_primary_cat":"","_seopress_titles_title":"Emplacements spacieux et s\u00e9curis\u00e9s en bord de mer - Mirabel","_seopress_titles_desc":"Emplacements avec vue mer, proche de la piscine ou au calme \u00e0 l\u2019arri\u00e8re du camping : tout est possible dans nos campings Mirabel.","_seopress_robots_index":"","footnotes":""},"class_list":["post-53","page","type-page","status-publish","hentry"],"_links":{"self":[{"href":"https:\/\/mirabel-campings.com\/en\/wp-json\/wp\/v2\/pages\/53","targetHints":{"allow":["GET"]}}],"collection":[{"href":"https:\/\/mirabel-campings.com\/en\/wp-json\/wp\/v2\/pages"}],"about":[{"href":"https:\/\/mirabel-campings.com\/en\/wp-json\/wp\/v2\/types\/page"}],"author":[{"embeddable":true,"href":"https:\/\/mirabel-campings.com\/en\/wp-json\/wp\/v2\/users\/1"}],"replies":[{"embeddable":true,"href":"https:\/\/mirabel-campings.com\/en\/wp-json\/wp\/v2\/comments?post=53"}],"version-history":[{"count":48,"href":"https:\/\/mirabel-campings.com\/en\/wp-json\/wp\/v2\/pages\/53\/revisions"}],"predecessor-version":[{"id":10915,"href":"https:\/\/mirabel-campings.com\/en\/wp-json\/wp\/v2\/pages\/53\/revisions\/10915"}],"wp:attachment":[{"href":"https:\/\/mirabel-campings.com\/en\/wp-json\/wp\/v2\/media?parent=53"}],"curies":[{"name":"wp","href":"https:\/\/api.w.org\/{rel}","templated":true}]}}