{"id":7,"date":"2022-04-12T15:37:44","date_gmt":"2022-04-12T13:37:44","guid":{"rendered":"https:\/\/mirabel-campings.com\/?page_id=7"},"modified":"2023-01-17T16:44:44","modified_gmt":"2023-01-17T15:44:44","slug":"faq","status":"publish","type":"page","link":"https:\/\/mirabel-campings.com\/en\/faq\/","title":{"rendered":"FAQ"},"content":{"rendered":"<h1 class=\"wp-block-heading\" id=\"faq-trouvez-la-reponse-a-vos-questions-sur-vos-vacances-au-camping-les-prairies-de-la-mer\">FAQ - Find the answer to your vacation questions <strong>in Mirabel Campings &amp; Residences<\/strong><\/h1>\n\n\n\n<p class=\"has-text-align-center\">All Mirabel Group campsites can answer all your questions about your stay and the health measures in place.&nbsp;<strong>to guarantee you a safe stay.<\/strong>&nbsp;Don't forget to check the Frequently Asked Questions on the campsite websites regularly, and don't hesitate to contact us if you need any further information.<\/p>\n\n\n\n<figure class=\"wp-block-image aligncenter size-full\"><img decoding=\"async\" src=\"https:\/\/mirabel-prairiesdelamer.com\/wp-content\/uploads\/2022\/01\/barre-bleue.png\" alt=\"\" class=\"wp-image-2382\"\/><\/figure>\n\n\n\n<p><em>Updated 10\/04\/22 - This FAQ is subject to change depending on future health conditions and instructions from the relevant authorities.<\/em><\/p>\n\n\n\n<h2 class=\"wp-block-heading\" id=\"votre-reservation\">Your reservation<\/h2>\n\n\n\n<figure class=\"wp-block-image size-full\"><img decoding=\"async\" src=\"https:\/\/mirabel-prairiesdelamer.com\/wp-content\/uploads\/2022\/01\/barre-bleue.png\" alt=\"\" class=\"wp-image-2382\"\/><\/figure>\n\n\n\n<div class=\"wp-block-create-block-sev-faq\"><div class=\"card sev-faq\"><a class=\"card-header d-flex\" href=\"#comment-reserver-un-sejour-\" data-toggle=\"collapse\" role=\"button\" aria-expanded=\"false\" aria-controls=\"comment-reserver-un-sejour-\"><div class=\"faq-question\">How do I book a stay?<\/div><i class=\"fa fa-chevron-down\" aria-hidden=\"true\"><\/i><\/a><div class=\"card-body collapse multi-collapse\" id=\"comment-reserver-un-sejour-\"><div class=\"faq-reponse\">- Online: on our website, select your accommodation and\/or dates of stay to check availability. <a href=\"https:\/\/bookingpremium.secureholiday.net\/group\/FR\/124\" target=\"_blank\" rel=\"noreferrer noopener\">Reservation<\/a><br>- By telephone by calling the campsite reception (secure payment by credit card).<br>- By e-mail to the address of the selected Mirabel campsite<br><br>The reservation becomes effective and firm after receipt of a deposit of 30% + 20\u20ac booking fee. For further details, please refer to the General Terms and Conditions of Sale of the chosen campsite.<\/div><\/div><\/div><\/div>\n\n\n\n<div class=\"wp-block-create-block-sev-faq\"><div class=\"card sev-faq\"><a class=\"card-header d-flex\" href=\"#comment-obtenir-un-devis-\" data-toggle=\"collapse\" role=\"button\" aria-expanded=\"false\" aria-controls=\"comment-obtenir-un-devis-\"><div class=\"faq-question\">How do I get a quote?<\/div><i class=\"fa fa-chevron-down\" aria-hidden=\"true\"><\/i><\/a><div class=\"card-body collapse multi-collapse\" id=\"comment-obtenir-un-devis-\"><div class=\"faq-reponse\">Visit our <a href=\"https:\/\/bookingpremium.secureholiday.net\/group\/FR\/124\" target=\"_blank\" rel=\"noreferrer noopener\">online reservation<\/a> or contact the campsite of your choice directly to check availability and obtain a price for your stay.<\/div><\/div><\/div><\/div>\n\n\n\n<div class=\"wp-block-create-block-sev-faq\"><div class=\"card sev-faq\"><a class=\"card-header d-flex\" href=\"#puis-je-choisir-mon-emplacement-\" data-toggle=\"collapse\" role=\"button\" aria-expanded=\"false\" aria-controls=\"puis-je-choisir-mon-emplacement-\"><div class=\"faq-question\">Can I choose my location?<\/div><i class=\"fa fa-chevron-down\" aria-hidden=\"true\"><\/i><\/a><div class=\"card-body collapse multi-collapse\" id=\"puis-je-choisir-mon-emplacement-\"><div class=\"faq-reponse\">&nbsp;Yes, subject to availability and on request at the time of booking.<\/div><\/div><\/div><\/div>\n\n\n\n<div class=\"wp-block-create-block-sev-faq\"><div class=\"card sev-faq\"><a class=\"card-header d-flex\" href=\"#comment-annuler-ou-modifier-ma-reservation-\" data-toggle=\"collapse\" role=\"button\" aria-expanded=\"false\" aria-controls=\"comment-annuler-ou-modifier-ma-reservation-\"><div class=\"faq-question\">How do I cancel or change my reservation?<\/div><i class=\"fa fa-chevron-down\" aria-hidden=\"true\"><\/i><\/a><div class=\"card-body collapse multi-collapse\" id=\"comment-annuler-ou-modifier-ma-reservation-\"><div class=\"faq-reponse\">Please contact the campsite directly.<\/div><\/div><\/div><\/div>\n\n\n\n<div class=\"wp-block-create-block-sev-faq\"><div class=\"card sev-faq\"><a class=\"card-header d-flex\" href=\"#comment-puis-je-regler-mon-sejour-\" data-toggle=\"collapse\" role=\"button\" aria-expanded=\"false\" aria-controls=\"comment-puis-je-regler-mon-sejour-\"><div class=\"faq-question\">How can I pay for my stay?<\/div><i class=\"fa fa-chevron-down\" aria-hidden=\"true\"><\/i><\/a><div class=\"card-body collapse multi-collapse\" id=\"comment-puis-je-regler-mon-sejour-\"><div class=\"faq-reponse\">We accept the following payments: CB, cheque, ANCV, cash and bank transfer.<\/div><\/div><\/div><\/div>\n\n\n\n<div style=\"height:60px\" aria-hidden=\"true\" class=\"wp-block-spacer\"><\/div>\n\n\n\n<h2 class=\"wp-block-heading\" id=\"votre-residence-secondaire\">Your second home<\/h2>\n\n\n\n<figure class=\"wp-block-image size-full\"><img decoding=\"async\" src=\"https:\/\/mirabel-prairiesdelamer.com\/wp-content\/uploads\/2022\/01\/barre-bleue.png\" alt=\"\" class=\"wp-image-2382\"\/><\/figure>\n\n\n\n<div class=\"wp-block-create-block-sev-faq\"><div class=\"card sev-faq\"><a class=\"card-header d-flex\" href=\"#comment-acheter-un-mobil-home-au-camping-\" data-toggle=\"collapse\" role=\"button\" aria-expanded=\"false\" aria-controls=\"comment-acheter-un-mobil-home-au-camping-\"><div class=\"faq-question\">How to buy a mobile home at a campsite<\/div><i class=\"fa fa-chevron-down\" aria-hidden=\"true\"><\/i><\/a><div class=\"card-body collapse multi-collapse\" id=\"comment-acheter-un-mobil-home-au-camping-\"><div class=\"faq-reponse\">Contact Delphine on 07 88 74 48 18 to find out more and discover the mobile homes for sale at all Mirabel campsites.<\/div><\/div><\/div><\/div>\n\n\n\n<div class=\"wp-block-create-block-sev-faq\"><div class=\"card sev-faq\"><a class=\"card-header d-flex\" href=\"#choisir-son-mobil-home-neuf-ou-occasion-\" data-toggle=\"collapse\" role=\"button\" aria-expanded=\"false\" aria-controls=\"choisir-son-mobil-home-neuf-ou-occasion-\"><div class=\"faq-question\">Choosing your mobile home: new or used?<\/div><i class=\"fa fa-chevron-down\" aria-hidden=\"true\"><\/i><\/a><div class=\"card-body collapse multi-collapse\" id=\"choisir-son-mobil-home-neuf-ou-occasion-\"><div class=\"faq-reponse\">Browse our ads to find out the price of mobile homes for sale. Depending on your budget, you can choose to buy new or used. <a href=\"https:\/\/mirabel-campings.com\/en\/contact\/\" data-type=\"page\" data-id=\"90\"> Contact us for more information.<\/a><\/div><\/div><\/div><\/div>\n\n\n\n<div class=\"wp-block-create-block-sev-faq\"><div class=\"card sev-faq\"><a class=\"card-header d-flex\" href=\"#comment-choisir-sa-parcelle-\" data-toggle=\"collapse\" role=\"button\" aria-expanded=\"false\" aria-controls=\"comment-choisir-sa-parcelle-\"><div class=\"faq-question\">How do you choose your plot?<\/div><i class=\"fa fa-chevron-down\" aria-hidden=\"true\"><\/i><\/a><div class=\"card-body collapse multi-collapse\" id=\"comment-choisir-sa-parcelle-\"><div class=\"faq-reponse\">If you buy a new mobile home, you can choose your pitch when you place your order. The purchase of a second-hand mobile home is done on site, it cannot be moved.<\/div><\/div><\/div><\/div>\n\n\n\n<div class=\"wp-block-create-block-sev-faq\"><div class=\"card sev-faq\"><a class=\"card-header d-flex\" href=\"#puis-je-rester-toute-lannee-au-camping-\" data-toggle=\"collapse\" role=\"button\" aria-expanded=\"false\" aria-controls=\"puis-je-rester-toute-lannee-au-camping-\"><div class=\"faq-question\">Can I stay at the campsite all year round?<\/div><i class=\"fa fa-chevron-down\" aria-hidden=\"true\"><\/i><\/a><div class=\"card-body collapse multi-collapse\" id=\"puis-je-rester-toute-lannee-au-camping-\"><div class=\"faq-reponse\">Our campsites are not Parcs R\u00e9sidentiels de Loisirs (PRL) and are therefore not open all year round. You can therefore live on the campsite during the entire opening period, i.e. from March 15 to November 15 for all Mirabel campsites except La Renaudi\u00e8re at La Plaine sur Mer (44), which is open from March 1 to November 15.<sup>er<\/sup> April to October 31.<\/div><\/div><\/div><\/div>\n\n\n\n<div class=\"wp-block-create-block-sev-faq\"><div class=\"card sev-faq\"><a class=\"card-header d-flex\" href=\"#puis-je-louer-mon-mobil-home-sur-certaines-periodes-\" data-toggle=\"collapse\" role=\"button\" aria-expanded=\"false\" aria-controls=\"puis-je-louer-mon-mobil-home-sur-certaines-periodes-\"><div class=\"faq-question\">Can I rent out my mobile home during certain periods?<\/div><i class=\"fa fa-chevron-down\" aria-hidden=\"true\"><\/i><\/a><div class=\"card-body collapse multi-collapse\" id=\"puis-je-louer-mon-mobil-home-sur-certaines-periodes-\"><div class=\"faq-reponse\">If you own your own mobile home, some of our campsites offer the possibility of renting it out when you're away. It's easy, we take care of everything: you inform us of the booking dates, and the campsite will take care of the various collections and hand over the keys to your tenants. It's a great opportunity to reduce your annual rent! <em>(rental possible for mobile homes up to 10 years old)<\/em><br>If your mobile home is more than 10 years old, you can rent it out yourself. In this case, you'll need to pass on the details of the tenants to reception, and pay a fee per day and per person aged 18 and over.<\/div><\/div><\/div><\/div>\n\n\n\n<div style=\"height:60px\" aria-hidden=\"true\" class=\"wp-block-spacer\"><\/div>\n\n\n\n<h2 class=\"wp-block-heading\" id=\"sur-place\">On site<\/h2>\n\n\n\n<figure class=\"wp-block-image size-full\"><img decoding=\"async\" src=\"https:\/\/mirabel-prairiesdelamer.com\/wp-content\/uploads\/2022\/01\/barre-bleue.png\" alt=\"\" class=\"wp-image-2382\"\/><\/figure>\n\n\n\n<div class=\"wp-block-create-block-sev-faq\"><div class=\"card sev-faq\"><a class=\"card-header d-flex\" href=\"#quelles-sont-les-dates-douverture-du-camping-\" data-toggle=\"collapse\" role=\"button\" aria-expanded=\"false\" aria-controls=\"quelles-sont-les-dates-douverture-du-camping-\"><div class=\"faq-question\">When is the campsite open?<\/div><i class=\"fa fa-chevron-down\" aria-hidden=\"true\"><\/i><\/a><div class=\"card-body collapse multi-collapse\" id=\"quelles-sont-les-dates-douverture-du-camping-\"><div class=\"faq-reponse\">Mirabel campgrounds are open from March 15 to November 15 for residents, and from March 1 to November 15 for visitors.<sup>er<\/sup> April to November 6, except for La Renaudi\u00e8re campsite in La Plaine sur Mer (44), which is open from April 1 to November 6.<sup>er<\/sup> April to October 31.<\/div><\/div><\/div><\/div>\n\n\n\n<div class=\"wp-block-create-block-sev-faq\"><div class=\"card sev-faq\"><a class=\"card-header d-flex\" href=\"#dois-je-apporter-les-draps-\" data-toggle=\"collapse\" role=\"button\" aria-expanded=\"false\" aria-controls=\"dois-je-apporter-les-draps-\"><div class=\"faq-question\">Should I bring my own sheets?<\/div><i class=\"fa fa-chevron-down\" aria-hidden=\"true\"><\/i><\/a><div class=\"card-body collapse multi-collapse\" id=\"dois-je-apporter-les-draps-\"><div class=\"faq-reponse\">You can bring your own bed linen or rent it when you book.<\/div><\/div><\/div><\/div>\n\n\n\n<div class=\"wp-block-create-block-sev-faq\"><div class=\"card sev-faq\"><a class=\"card-header d-flex\" href=\"#les-animaux-sont-ils-acceptes-au-camping-\" data-toggle=\"collapse\" role=\"button\" aria-expanded=\"false\" aria-controls=\"les-animaux-sont-ils-acceptes-au-camping-\"><div class=\"faq-question\">Are pets allowed at the campsite? <\/div><i class=\"fa fa-chevron-down\" aria-hidden=\"true\"><\/i><\/a><div class=\"card-body collapse multi-collapse\" id=\"les-animaux-sont-ils-acceptes-au-camping-\"><div class=\"faq-reponse\">Yes, we know it's hard to part with your pets. That's why pets are welcome on our campsite: we accept dogs and cats (excluding 1<sup>e<\/sup> and 2nd category and a maximum of 2 per rental) <em>Rate: \u20ac5 per night and per animal.<\/em><\/div><\/div><\/div><\/div>\n\n\n\n<div class=\"wp-block-create-block-sev-faq\"><div class=\"card sev-faq\"><a class=\"card-header d-flex\" href=\"#a-quelle-heure-puis-je-arriver-au-camping-\" data-toggle=\"collapse\" role=\"button\" aria-expanded=\"false\" aria-controls=\"a-quelle-heure-puis-je-arriver-au-camping-\"><div class=\"faq-question\">What time can I arrive at the campsite?<\/div><i class=\"fa fa-chevron-down\" aria-hidden=\"true\"><\/i><\/a><div class=\"card-body collapse multi-collapse\" id=\"a-quelle-heure-puis-je-arriver-au-camping-\"><div class=\"faq-reponse\">Arrivals are from 4 pm and departures before 10 am.<\/div><\/div><\/div><\/div>\n\n\n\n<div class=\"wp-block-create-block-sev-faq\"><div class=\"card sev-faq\"><a class=\"card-header d-flex\" href=\"#quelles-sont-les-dates-douverture-du-club-enfants-\" data-toggle=\"collapse\" role=\"button\" aria-expanded=\"false\" aria-controls=\"quelles-sont-les-dates-douverture-du-club-enfants-\"><div class=\"faq-question\">When is the kids' club open? <\/div><i class=\"fa fa-chevron-down\" aria-hidden=\"true\"><\/i><\/a><div class=\"card-body collapse multi-collapse\" id=\"quelles-sont-les-dates-douverture-du-club-enfants-\"><div class=\"faq-reponse\">Children's club entertainers are on hand all summer (July-August) for children aged 6 to 12.<\/div><\/div><\/div><\/div>\n\n\n\n<div style=\"height:60px\" aria-hidden=\"true\" class=\"wp-block-spacer\"><\/div>\n\n\n\n<h2 class=\"wp-block-heading\" id=\"informations-covid\">COVID information<\/h2>\n\n\n\n<figure class=\"wp-block-image size-full\"><img decoding=\"async\" src=\"https:\/\/mirabel-prairiesdelamer.com\/wp-content\/uploads\/2022\/01\/barre-bleue.png\" alt=\"\" class=\"wp-image-2382\"\/><\/figure>\n\n\n\n<div class=\"wp-block-create-block-sev-faq\"><div class=\"card sev-faq\"><a class=\"card-header d-flex\" href=\"#serai-je-en-securite-au-camping-\" data-toggle=\"collapse\" role=\"button\" aria-expanded=\"false\" aria-controls=\"serai-je-en-securite-au-camping-\"><div class=\"faq-question\">Will I be safe at the campsite? <\/div><i class=\"fa fa-chevron-down\" aria-hidden=\"true\"><\/i><\/a><div class=\"card-body collapse multi-collapse\" id=\"serai-je-en-securite-au-camping-\"><div class=\"faq-reponse\">Yes, as professionals in the outdoor hospitality industry, we are subject to regulations and protocols that guarantee a high level of safety.<br>Our team is trained to provide you with top-quality service.<br>Our campsite gives you access to large open-air natural areas, and you'll be able to move around easily, taking into account the rules of distance.<\/div><\/div><\/div><\/div>\n\n\n\n<div class=\"wp-block-create-block-sev-faq\"><div class=\"card sev-faq\"><a class=\"card-header d-flex\" href=\"#que-dois-je-apporter-\" data-toggle=\"collapse\" role=\"button\" aria-expanded=\"false\" aria-controls=\"que-dois-je-apporter-\"><div class=\"faq-question\">What should I bring?<\/div><i class=\"fa fa-chevron-down\" aria-hidden=\"true\"><\/i><\/a><div class=\"card-body collapse multi-collapse\" id=\"que-dois-je-apporter-\"><div class=\"faq-reponse\">We ask you to bring your own masks, as they must be worn in certain areas, such as transport, pharmacies, health centers, etc...<\/div><\/div><\/div><\/div>\n\n\n\n<div class=\"wp-block-create-block-sev-faq\"><div class=\"card sev-faq\"><a class=\"card-header d-flex\" href=\"#quel-est-le-protocole-sanitaire-mis-en-place-au-camping-\" data-toggle=\"collapse\" role=\"button\" aria-expanded=\"false\" aria-controls=\"quel-est-le-protocole-sanitaire-mis-en-place-au-camping-\"><div class=\"faq-question\">What is the sanitary protocol in place at the campsite?<\/div><i class=\"fa fa-chevron-down\" aria-hidden=\"true\"><\/i><\/a><div class=\"card-body collapse multi-collapse\" id=\"quel-est-le-protocole-sanitaire-mis-en-place-au-camping-\"><div class=\"faq-reponse\">To access the campsite reception area, the minimum distance rule of 1m must be respected, with a maximum of 2 customers in the reception area.<br>Hydro-alcoholic gel is available, and we ask you to use contactless payment methods (contactless credit card, secure online payment, bank transfer or cheque) whenever possible.<br>Your mobile home and keys will be disinfected before your arrival and after your departure according to a strict protocol using virucide. On request, a disinfectant spray can also be made available to you throughout your stay in your rental.<\/div><\/div><\/div><\/div>\n\n\n\n<div class=\"wp-block-create-block-sev-faq\"><div class=\"card sev-faq\"><a class=\"card-header d-flex\" href=\"#le-pass-vaccinal-est-il-obligatoire-\" data-toggle=\"collapse\" role=\"button\" aria-expanded=\"false\" aria-controls=\"le-pass-vaccinal-est-il-obligatoire-\"><div class=\"faq-question\">Is the Vaccination Pass compulsory?<\/div><i class=\"fa fa-chevron-down\" aria-hidden=\"true\"><\/i><\/a><div class=\"card-body collapse multi-collapse\" id=\"le-pass-vaccinal-est-il-obligatoire-\"><div class=\"faq-reponse\">The PASS VACCINAL (for 16-year-olds and over) is no longer required since March 14.<\/div><\/div><\/div><\/div>\n\n\n\n<div class=\"wp-block-create-block-sev-faq\"><div class=\"card sev-faq\"><a class=\"card-header d-flex\" href=\"#quid-de-la-desinfection-des-hebergements-locatifs-\" data-toggle=\"collapse\" role=\"button\" aria-expanded=\"false\" aria-controls=\"quid-de-la-desinfection-des-hebergements-locatifs-\"><div class=\"faq-question\">What about disinfecting rental accommodation?<\/div><i class=\"fa fa-chevron-down\" aria-hidden=\"true\"><\/i><\/a><div class=\"card-body collapse multi-collapse\" id=\"quid-de-la-desinfection-des-hebergements-locatifs-\"><div class=\"faq-reponse\">We guarantee to disinfect your mobile home and keys according to a strict protocol, using a virucidal product. A disinfectant sprayer is also available on request throughout your stay.<\/div><\/div><\/div><\/div>\n\n\n\n<div class=\"wp-block-create-block-sev-faq\"><div class=\"card sev-faq\"><a class=\"card-header d-flex\" href=\"#quelles-sont-les-mesures-sanitaires-mises-en-place-dans-les-lieux-collectifs-\" data-toggle=\"collapse\" role=\"button\" aria-expanded=\"false\" aria-controls=\"quelles-sont-les-mesures-sanitaires-mises-en-place-dans-les-lieux-collectifs-\"><div class=\"faq-question\">What sanitary measures are in place in public areas?<\/div><i class=\"fa fa-chevron-down\" aria-hidden=\"true\"><\/i><\/a><div class=\"card-body collapse multi-collapse\" id=\"quelles-sont-les-mesures-sanitaires-mises-en-place-dans-les-lieux-collectifs-\"><div class=\"faq-reponse\">Wearing a mask is no longer compulsory, but barrier measures must still be applied throughout the campsite.<\/div><\/div><\/div><\/div>\n\n\n\n<div class=\"wp-block-create-block-sev-faq\"><div class=\"card sev-faq\"><a class=\"card-header d-flex\" href=\"#suis-je-rembourse-en-cas-de-covid-19-\" data-toggle=\"collapse\" role=\"button\" aria-expanded=\"false\" aria-controls=\"suis-je-rembourse-en-cas-de-covid-19-\"><div class=\"faq-question\">Am I reimbursed in the event of Covid-19?<\/div><i class=\"fa fa-chevron-down\" aria-hidden=\"true\"><\/i><\/a><div class=\"card-body collapse multi-collapse\" id=\"suis-je-rembourse-en-cas-de-covid-19-\"><div class=\"faq-reponse\">A Cancellation Insurance Option is available. This insurance covers you in the event of COVID-19. Please contact us for further details.<\/div><\/div><\/div><\/div>","protected":false},"excerpt":{"rendered":"<p>FAQ &#8211; Trouvez la r\u00e9ponse \u00e0 vos questions sur vos vacances dans les Campings &amp; R\u00e9sidences Mirabel L\u2019ensemble des campings [&hellip;]<\/p>\n","protected":false},"author":1,"featured_media":0,"parent":0,"menu_order":0,"comment_status":"closed","ping_status":"closed","template":"","meta":{"_seopress_robots_primary_cat":"","_seopress_titles_title":"Toutes les r\u00e9ponses \u00e0 vos questions - MIRABEL Campings","_seopress_titles_desc":"Vous trouverez ici toutes les r\u00e9ponses aux questions de vous vous posez sur nos campings en Bretagne, Pays de la Loire et Normandie","_seopress_robots_index":"","footnotes":""},"class_list":["post-7","page","type-page","status-publish","hentry"],"_links":{"self":[{"href":"https:\/\/mirabel-campings.com\/en\/wp-json\/wp\/v2\/pages\/7","targetHints":{"allow":["GET"]}}],"collection":[{"href":"https:\/\/mirabel-campings.com\/en\/wp-json\/wp\/v2\/pages"}],"about":[{"href":"https:\/\/mirabel-campings.com\/en\/wp-json\/wp\/v2\/types\/page"}],"author":[{"embeddable":true,"href":"https:\/\/mirabel-campings.com\/en\/wp-json\/wp\/v2\/users\/1"}],"replies":[{"embeddable":true,"href":"https:\/\/mirabel-campings.com\/en\/wp-json\/wp\/v2\/comments?post=7"}],"version-history":[{"count":7,"href":"https:\/\/mirabel-campings.com\/en\/wp-json\/wp\/v2\/pages\/7\/revisions"}],"predecessor-version":[{"id":5229,"href":"https:\/\/mirabel-campings.com\/en\/wp-json\/wp\/v2\/pages\/7\/revisions\/5229"}],"wp:attachment":[{"href":"https:\/\/mirabel-campings.com\/en\/wp-json\/wp\/v2\/media?parent=7"}],"curies":[{"name":"wp","href":"https:\/\/api.w.org\/{rel}","templated":true}]}}