{"id":7941,"date":"2023-12-11T10:01:28","date_gmt":"2023-12-11T09:01:28","guid":{"rendered":"https:\/\/mirabel-campings.com\/?page_id=7941"},"modified":"2023-12-11T10:01:28","modified_gmt":"2023-12-11T09:01:28","slug":"equipment-rental","status":"publish","type":"page","link":"https:\/\/mirabel-campings.com\/en\/location-de-materiel\/","title":{"rendered":"Equipment rental"},"content":{"rendered":"<h1 class=\"wp-block-heading\">Equipment rental at the campsite<\/h1>\n\n\n\n<p class=\"has-text-align-center\">To lighten your travels and, above all, your vehicles, our Mirabel campsites offer equipment rental and product sales for even greater comfort and service. Pack your bags and start your vacation!<\/p>\n\n\n\n<figure class=\"wp-block-image aligncenter size-full\"><img loading=\"lazy\" decoding=\"async\" width=\"50\" height=\"8\" src=\"https:\/\/mirabel-campings.com\/wp-content\/uploads\/2022\/05\/barre-bleue.png\" alt=\"\" class=\"wp-image-3044\"\/><\/figure>\n\n\n\n<div class=\"wp-block-media-text alignwide has-media-on-the-right is-stacked-on-mobile is-image-fill\"><div class=\"wp-block-media-text__content\">\n<div style=\"height:14px\" aria-hidden=\"true\" class=\"wp-block-spacer\"><\/div>\n\n\n\n<h2 class=\"wp-block-heading\"><strong><strong>Sheet rental<\/strong><\/strong><\/h2>\n\n\n\n<figure class=\"wp-block-image size-full\"><img loading=\"lazy\" decoding=\"async\" width=\"50\" height=\"8\" src=\"https:\/\/mirabel-campings.com\/wp-content\/uploads\/2022\/05\/barre-bleue.png\" alt=\"\" class=\"wp-image-3044\"\/><\/figure>\n\n\n\n<p>We know that for a one or two-week vacation, the car is often heavily loaded and there's not much room left! That's why at Campings Mirabel we have the solution: we rent out <strong>bed linen<\/strong>* for your <strong>vacation rental<\/strong>. There's no need to pack up, everything is deposited in your mobile home or bungalow before your arrival at the campsite. <\/p>\n\n\n\n<p>For <strong>families with children<\/strong> in infancy, we can also provide you with a <strong>baby kit<\/strong>* (cot and high chair). <\/p>\n\n\n\n<p><em>*see prices and conditions according to campsite<\/em><\/p>\n\n\n\n<div style=\"height:14px\" aria-hidden=\"true\" class=\"wp-block-spacer\"><\/div>\n<\/div><figure class=\"wp-block-media-text__media\" style=\"background-image:url(https:\/\/mirabel-campings.com\/wp-content\/uploads\/2023\/12\/location-draps-camping-1024x683.jpeg);background-position:50% 50%\"><img loading=\"lazy\" decoding=\"async\" width=\"1024\" height=\"683\" src=\"https:\/\/mirabel-campings.com\/wp-content\/uploads\/2023\/12\/location-draps-camping-1024x683.jpeg\" alt=\"camping bed linen rental\" class=\"wp-image-7957 size-full\" srcset=\"https:\/\/mirabel-campings.com\/wp-content\/uploads\/2023\/12\/location-draps-camping-1024x683.jpeg 1024w, https:\/\/mirabel-campings.com\/wp-content\/uploads\/2023\/12\/location-draps-camping-300x200.jpeg 300w, https:\/\/mirabel-campings.com\/wp-content\/uploads\/2023\/12\/location-draps-camping-768x512.jpeg 768w, https:\/\/mirabel-campings.com\/wp-content\/uploads\/2023\/12\/location-draps-camping-1536x1024.jpeg 1536w, https:\/\/mirabel-campings.com\/wp-content\/uploads\/2023\/12\/location-draps-camping.jpeg 1920w\" sizes=\"auto, (max-width: 1024px) 100vw, 1024px\" \/><\/figure><\/div>\n\n\n\n<p><\/p>\n\n\n\n<div class=\"wp-block-media-text is-stacked-on-mobile front-page-section grey animate right\"><figure class=\"wp-block-media-text__media\"><img loading=\"lazy\" decoding=\"async\" width=\"600\" height=\"400\" src=\"https:\/\/mirabel-campings.com\/wp-content\/uploads\/2023\/12\/location-velo-renaudiere-yakavelo.jpg\" alt=\"bike rentals at camping mirabel\" class=\"wp-image-7964 size-full\" srcset=\"https:\/\/mirabel-campings.com\/wp-content\/uploads\/2023\/12\/location-velo-renaudiere-yakavelo.jpg 600w, https:\/\/mirabel-campings.com\/wp-content\/uploads\/2023\/12\/location-velo-renaudiere-yakavelo-300x200.jpg 300w\" sizes=\"auto, (max-width: 600px) 100vw, 600px\" \/><\/figure><div class=\"wp-block-media-text__content\">\n<h2 class=\"wp-block-heading\">Bike rental<\/h2>\n\n\n\n<figure class=\"wp-block-image size-full\"><img loading=\"lazy\" decoding=\"async\" width=\"50\" height=\"8\" src=\"https:\/\/mirabel-campings.com\/wp-content\/uploads\/2022\/05\/barre-bleue.png\" alt=\"\" class=\"wp-image-3044\"\/><\/figure>\n\n\n\n<p>2 of our 4-star Mirabel campsites offer the <strong>bike rental <\/strong>directly <strong>at the campsite<\/strong> :<\/p>\n\n\n\n<p>To the <strong>Plaine-sur-Mer<\/strong>, the <a href=\"https:\/\/mirabel-renaudiere.com\/services-location-velos\" target=\"_blank\" rel=\"noreferrer noopener\">Camping Mirabel La Renaudi\u00e8re,<\/a> in partnership with <a href=\"https:\/\/yakaveloloc.com\/\" target=\"_blank\" rel=\"noreferrer noopener\"><strong>Yakav\u00e9lo<\/strong><\/a>, offers you the chance to take your whole family on bike rides, with bike rentals for adults, children and all the right equipment. <\/p>\n\n\n\n<p><strong>In Les Sables d'Olonne<\/strong>, You can also rent one or more bikes at the reception desk. <a href=\"https:\/\/mirabel-baiedecayola.com\/camping-vendee-services-4-etoiles\/\" target=\"_blank\" rel=\"noreferrer noopener\">Camping Mirabel La Baie de Cayola.<\/a> Ask our team directly for prices.<\/p>\n<\/div><\/div>\n\n\n\n<p><\/p>\n\n\n\n<div class=\"wp-block-media-text has-media-on-the-right is-stacked-on-mobile is-image-fill animate right\"><div class=\"wp-block-media-text__content\">\n<h2 class=\"wp-block-heading\">Washing machines and tumble dryers<\/h2>\n\n\n\n<figure class=\"wp-block-image size-full\"><img loading=\"lazy\" decoding=\"async\" width=\"50\" height=\"8\" src=\"https:\/\/mirabel-campings.com\/wp-content\/uploads\/2022\/05\/barre-bleue.png\" alt=\"\" class=\"wp-image-3044\"\/><\/figure>\n\n\n\n<p>It's not always easy to keep your <strong>clean clothes<\/strong> for all vacations. For optimum comfort and to preserve your favorite T-shirt or swimsuit, our campsites are equipped with <strong>washing machines<\/strong> and tumble dryers for your belongings. <\/p>\n\n\n\n<p>From <strong>tokens <\/strong>are <strong>on sale at reception<\/strong> campsites. They are freely available to all holidaymakers. It's the ideal equipment for comfortable vacations and lighter suitcases. <\/p>\n\n\n\n<p><\/p>\n\n\n\n<p><\/p>\n<\/div><figure class=\"wp-block-media-text__media\" style=\"background-image:url(https:\/\/mirabel-campings.com\/wp-content\/uploads\/2023\/12\/machine-a-laver-linge-camping.jpg);background-position:50% 50%\"><img loading=\"lazy\" decoding=\"async\" width=\"600\" height=\"900\" src=\"https:\/\/mirabel-campings.com\/wp-content\/uploads\/2023\/12\/machine-a-laver-linge-camping.jpg\" alt=\"washing machine available\" class=\"wp-image-7960 size-full\" srcset=\"https:\/\/mirabel-campings.com\/wp-content\/uploads\/2023\/12\/machine-a-laver-linge-camping.jpg 600w, https:\/\/mirabel-campings.com\/wp-content\/uploads\/2023\/12\/machine-a-laver-linge-camping-200x300.jpg 200w\" sizes=\"auto, (max-width: 600px) 100vw, 600px\" \/><\/figure><\/div>\n\n\n\n<div style=\"height:67px\" aria-hidden=\"true\" class=\"wp-block-spacer\"><\/div>\n\n\n\n<div class=\"wp-block-group border border-info card p-4 is-layout-constrained wp-block-group-is-layout-constrained\">\n<h2 class=\"wp-block-heading has-text-align-center texte-rond has-corail-color has-text-color has-link-color has-large-font-size wp-elements-f895c39c2063433c38a428f9e189eb3e\">Good to know! <\/h2>\n\n\n\n<p class=\"has-text-align-center\">In each of our reception areas, you will also find a small boutique and\/or grocery store stocked with basic necessities, Mirabel goodies, etc. You will be able to sample the following <strong>local products<\/strong> of our beautiful regions, bring back a <strong>souvenir Mirabel <\/strong>at home like our <strong>key ring<\/strong> or beach towels, or even help out with food shopping! <\/p>\n<\/div>","protected":false},"excerpt":{"rendered":"<p>Location de mat\u00e9riel au camping Pour all\u00e9ger vos voyages et surtout vos v\u00e9hicules, nos Campings Mirabel proposent la location de [&hellip;]<\/p>\n","protected":false},"author":1,"featured_media":0,"parent":0,"menu_order":0,"comment_status":"closed","ping_status":"closed","template":"","meta":{"_seopress_robots_primary_cat":"","_seopress_titles_title":"Location de mat\u00e9riel dans les Campings Mirabel pour vos vacances","_seopress_titles_desc":"Pour des vacances r\u00e9ussies et conforts, profitez de nos locations de mat\u00e9riel, v\u00e9los, et services comme les machines \u00e0 laver, vente de bouteille de gaz.","_seopress_robots_index":"","footnotes":""},"class_list":["post-7941","page","type-page","status-publish","hentry"],"_links":{"self":[{"href":"https:\/\/mirabel-campings.com\/en\/wp-json\/wp\/v2\/pages\/7941","targetHints":{"allow":["GET"]}}],"collection":[{"href":"https:\/\/mirabel-campings.com\/en\/wp-json\/wp\/v2\/pages"}],"about":[{"href":"https:\/\/mirabel-campings.com\/en\/wp-json\/wp\/v2\/types\/page"}],"author":[{"embeddable":true,"href":"https:\/\/mirabel-campings.com\/en\/wp-json\/wp\/v2\/users\/1"}],"replies":[{"embeddable":true,"href":"https:\/\/mirabel-campings.com\/en\/wp-json\/wp\/v2\/comments?post=7941"}],"version-history":[{"count":14,"href":"https:\/\/mirabel-campings.com\/en\/wp-json\/wp\/v2\/pages\/7941\/revisions"}],"predecessor-version":[{"id":7986,"href":"https:\/\/mirabel-campings.com\/en\/wp-json\/wp\/v2\/pages\/7941\/revisions\/7986"}],"wp:attachment":[{"href":"https:\/\/mirabel-campings.com\/en\/wp-json\/wp\/v2\/media?parent=7941"}],"curies":[{"name":"wp","href":"https:\/\/api.w.org\/{rel}","templated":true}]}}