{"id":9,"date":"2022-04-12T15:37:44","date_gmt":"2022-04-12T13:37:44","guid":{"rendered":"https:\/\/mirabel-campings.com\/?page_id=9"},"modified":"2024-12-24T14:33:44","modified_gmt":"2024-12-24T13:33:44","slug":"aquatic-area","status":"publish","type":"page","link":"https:\/\/mirabel-campings.com\/en\/espace-aquatique\/","title":{"rendered":"Aquatic areas"},"content":{"rendered":"<h1 class=\"wp-block-heading\" id=\"un-camping-a-ouistreham-avec-piscine-couverte-et-jeux-aquatiques\"><strong><strong>Our campsites with heated pools in Brittany, Normandy and Pays de la Loire<\/strong><\/strong><\/h1>\n\n\n\n<div class=\"wp-block-media-text alignwide has-media-on-the-right is-stacked-on-mobile is-vertically-aligned-center\"><div class=\"wp-block-media-text__content\">\n<h2 class=\"wp-block-heading\">28\u00b0 in the water and SPA area at our 4-star campsites<\/h2>\n\n\n\n<figure class=\"wp-block-image size-full\"><img loading=\"lazy\" decoding=\"async\" width=\"50\" height=\"8\" src=\"https:\/\/mirabel-campings.com\/wp-content\/uploads\/2022\/05\/barre-bleue.png\" alt=\"\" class=\"wp-image-3044\"\/><\/figure>\n\n\n\n<figure class=\"wp-block-image alignright size-full is-resized\"><img loading=\"lazy\" decoding=\"async\" width=\"300\" height=\"214\" src=\"https:\/\/mirabel-campings.com\/wp-content\/uploads\/2022\/05\/tong-1-300x214-1.png\" alt=\"\" class=\"wp-image-3085\" style=\"width:75px;height:54px\"\/><\/figure>\n\n\n\n<p>Our 4-star campsites are all equipped with <strong>heated pools<\/strong>, The pools are open throughout the season, to the delight of children and parents alike.  The average water temperature is 28\u00b0, so you'll have no trouble getting in and staying in! Our <strong>outdoor pools<\/strong> open every day in June (mid-May weather permitting) to recharge your batteries for the duration of your stay. <strong>your vacation<\/strong> or your <strong>weekends<\/strong>. At our Mirabel campsites, we strive to make every day better, and to guarantee quality vacations for all. That's why, in each of our indoor swimming pools, we've installed <strong>Jacuzzis<\/strong> and <strong>water jets<\/strong> for wellness and relaxation breaks. Take some time for yourself and feel the benefits of a vacation in one of our <strong>family campsites.<\/strong><\/p>\n<\/div><figure class=\"wp-block-media-text__media\"><img loading=\"lazy\" decoding=\"async\" width=\"1024\" height=\"683\" src=\"https:\/\/mirabel-campings.com\/wp-content\/uploads\/2023\/04\/piscine-couverte-jacuzzi-campings-1024x683.jpg\" alt=\"balneo\" class=\"wp-image-899 size-full\" srcset=\"https:\/\/mirabel-campings.com\/wp-content\/uploads\/2023\/04\/piscine-couverte-jacuzzi-campings-1024x683.jpg 1024w, https:\/\/mirabel-campings.com\/wp-content\/uploads\/2023\/04\/piscine-couverte-jacuzzi-campings-300x200.jpg 300w, https:\/\/mirabel-campings.com\/wp-content\/uploads\/2023\/04\/piscine-couverte-jacuzzi-campings-768x512.jpg 768w, https:\/\/mirabel-campings.com\/wp-content\/uploads\/2023\/04\/piscine-couverte-jacuzzi-campings.jpg 1200w\" sizes=\"auto, (max-width: 1024px) 100vw, 1024px\" \/><\/figure><\/div>\n\n\n\n<div style=\"height:19px\" aria-hidden=\"true\" class=\"wp-block-spacer\"><\/div>\n\n\n\n<div class=\"wp-block-media-text is-stacked-on-mobile is-vertically-aligned-center front-page-section grey\"><figure class=\"wp-block-media-text__media\"><img loading=\"lazy\" decoding=\"async\" width=\"800\" height=\"533\" src=\"https:\/\/mirabel-campings.com\/wp-content\/uploads\/2023\/04\/piscine-toboggan-glissade-camping.jpg\" alt=\"\" class=\"wp-image-3212 size-full\" srcset=\"https:\/\/mirabel-campings.com\/wp-content\/uploads\/2023\/04\/piscine-toboggan-glissade-camping.jpg 800w, https:\/\/mirabel-campings.com\/wp-content\/uploads\/2023\/04\/piscine-toboggan-glissade-camping-300x200.jpg 300w, https:\/\/mirabel-campings.com\/wp-content\/uploads\/2023\/04\/piscine-toboggan-glissade-camping-768x512.jpg 768w\" sizes=\"auto, (max-width: 800px) 100vw, 800px\" \/><\/figure><div class=\"wp-block-media-text__content\">\n<p class=\"texte-rond has-orange-color has-text-color has-large-font-size\">Toboggans for all to enjoy!<\/p>\n\n\n\n<p><\/p>\n\n\n\n<figure class=\"wp-block-image alignright size-full is-resized\"><img loading=\"lazy\" decoding=\"async\" width=\"320\" height=\"216\" src=\"https:\/\/mirabel-campings.com\/wp-content\/uploads\/2022\/04\/eclaboussure.png\" alt=\"aquatic pleasures\" class=\"wp-image-269\" style=\"width:80px;height:54px\" srcset=\"https:\/\/mirabel-campings.com\/wp-content\/uploads\/2022\/04\/eclaboussure.png 320w, https:\/\/mirabel-campings.com\/wp-content\/uploads\/2022\/04\/eclaboussure-300x203.png 300w\" sizes=\"auto, (max-width: 320px) 100vw, 320px\" \/><\/figure>\n\n\n\n<p class=\"translation-block\">At our three **Mirabel Campsites** in Vend\u00e9e, Loire Atlantique, and Calvados, both children and adults will delight in trying out our **various slides**: a multi-lane gliding slide with 2 or 3 lanes, or spiral slides. Everyone can find their own technique to be the first to reach the bottom! Each slide exit is in a **separate area** from the main pool, ensuring safe sliding for everyone. All that's left is to put on your swimsuit and double-knot your flip-flops before you dive in!<\/p>\n<\/div><\/div>\n\n\n\n<div class=\"wp-block-media-text alignwide has-media-on-the-right is-stacked-on-mobile is-vertically-aligned-center is-style-default animate right\"><div class=\"wp-block-media-text__content\">\n<p class=\"texte-rond has-orange-color has-text-color has-large-font-size\">Sunbathing and lounging allowed!<\/p>\n\n\n\n<figure class=\"wp-block-image alignleft size-full is-resized\"><img loading=\"lazy\" decoding=\"async\" width=\"283\" height=\"300\" src=\"https:\/\/mirabel-campings.com\/wp-content\/uploads\/2022\/05\/transat-283x300-1.png\" alt=\"\" class=\"wp-image-3088\" style=\"aspect-ratio:0.9466666666666667;width:71px;height:auto\"\/><\/figure>\n\n\n\n<p class=\"translation-block\">Large sun loungers surround all our aquatic areas for your reading or tanning afternoons by the pool. While the little ones have fun, you can bring your favorite novel and immerse yourself in those few pages that will take you away from everyday life for a moment.<\/p>\n\n\n\n<p>Every morning, our teams carefully set up the aquatic area, take care of the<strong> control water <\/strong>swimming pools, so you and your loved ones can enjoy a moment of peace and quiet. On some summer evenings, they become a party place during the \u00ab&nbsp;<strong>pool party\u00bb<\/strong> where music, games and challenges are organized by our entertainment team. You'll also find our team on hand in the mornings for a gentle wake-up call at our<strong> aquafitness sessions<\/strong>. The<strong>\u2019aquatic area <\/strong>will become one of your favorite places!&nbsp;<\/p>\n\n\n\n<div style=\"height:20px\" aria-hidden=\"true\" class=\"wp-block-spacer\"><\/div>\n<\/div><figure class=\"wp-block-media-text__media\"><img loading=\"lazy\" decoding=\"async\" width=\"1024\" height=\"681\" src=\"https:\/\/mirabel-campings.com\/wp-content\/uploads\/2023\/04\/piscine-transat-repos-bronzette-1024x681.jpg\" alt=\"\" class=\"wp-image-1313 size-full\" srcset=\"https:\/\/mirabel-campings.com\/wp-content\/uploads\/2023\/04\/piscine-transat-repos-bronzette-1024x681.jpg 1024w, https:\/\/mirabel-campings.com\/wp-content\/uploads\/2023\/04\/piscine-transat-repos-bronzette-300x200.jpg 300w, https:\/\/mirabel-campings.com\/wp-content\/uploads\/2023\/04\/piscine-transat-repos-bronzette-768x511.jpg 768w, https:\/\/mirabel-campings.com\/wp-content\/uploads\/2023\/04\/piscine-transat-repos-bronzette.jpg 1200w\" sizes=\"auto, (max-width: 1024px) 100vw, 1024px\" \/><\/figure><\/div>\n\n\n\n<p class=\"has-text-align-center texte-rond has-corail-color has-text-color has-large-font-size\">Our campsites with water park<\/p>\n\n\n\n<div class=\"wp-block-columns front-page-section grey mb-0 is-layout-flex wp-container-core-columns-is-layout-28f84493 wp-block-columns-is-layout-flex\">\n<div class=\"wp-block-column is-layout-flow wp-block-column-is-layout-flow\"><\/div>\n\n\n\n<div class=\"wp-block-column is-layout-flow wp-block-column-is-layout-flow\">\n<div class=\"wp-block-create-block-sevgutenberg-navigation\"><aside class=\"encart-sev-navigation small carre\"><a href=\"https:\/\/mirabel-campings.com\/en\/camping-la-baie-de-cayola-les-sables-dolonne\/\" class=\"d-flex flex-column align-items-center\"><div class=\"encart-title\"><span>La Baie de Cayola<\/span><\/div><div class=\"vague\"><\/div><img decoding=\"async\" src=\"https:\/\/mirabel-campings.com\/wp-content\/uploads\/2022\/04\/camping-baiedecayola.jpg\" alt=\"camping la baie de cayola\"\/><div class=\"ligne\"><\/div><div class=\"hover\"><\/div><\/a><\/aside><\/div>\n<\/div>\n\n\n\n<div class=\"wp-block-column is-layout-flow wp-block-column-is-layout-flow\">\n<div class=\"wp-block-create-block-sevgutenberg-navigation\"><aside class=\"encart-sev-navigation small carre\"><a href=\"https:\/\/mirabel-prairiesdelamer.com\/camping-normandie-espace-aquatique\/\" class=\"d-flex flex-column align-items-center\"><div class=\"encart-title\"><span>Les Prairies de la Mer<\/span><\/div><div class=\"vague\"><\/div><img decoding=\"async\" src=\"https:\/\/mirabel-campings.com\/wp-content\/uploads\/2022\/04\/camping-prairiesdelamer.jpg\" alt=\"camping les prairies de la mer\"\/><div class=\"ligne\"><\/div><div class=\"hover\"><\/div><\/a><\/aside><\/div>\n<\/div>\n\n\n\n<div class=\"wp-block-column is-layout-flow wp-block-column-is-layout-flow\">\n<div class=\"wp-block-create-block-sevgutenberg-navigation\"><aside class=\"encart-sev-navigation small carre\"><a href=\"https:\/\/mirabel-campings.com\/en\/camping-la-renaudiere-pornic\/\" class=\"d-flex flex-column align-items-center\"><div class=\"encart-title\"><span>La Renaudi\u00e8re<\/span><\/div><div class=\"vague\"><\/div><img decoding=\"async\" src=\"https:\/\/mirabel-campings.com\/wp-content\/uploads\/2024\/04\/equipement-sport-renaudiere-camping.jpg\" alt=\"camping sports equipment \"\/><div class=\"ligne\"><\/div><div class=\"hover\"><\/div><\/a><\/aside><\/div>\n<\/div>\n\n\n\n<div class=\"wp-block-column is-layout-flow wp-block-column-is-layout-flow\">\n<div class=\"wp-block-create-block-sevgutenberg-navigation\"><aside class=\"encart-sev-navigation small carre\"><a href=\"https:\/\/mirabel-campings.com\/en\/camping-les-mielles-saint-cast-le-guildo\/\" class=\"d-flex flex-column align-items-center\"><div class=\"encart-title\"><span>Les Mielles<\/span><\/div><div class=\"vague\"><\/div><img decoding=\"async\" src=\"https:\/\/mirabel-campings.com\/wp-content\/uploads\/2022\/04\/DSCN6689.jpg\" alt=\"Les Mielles\"\/><div class=\"ligne\"><\/div><div class=\"hover\"><\/div><\/a><\/aside><\/div>\n<\/div>\n\n\n\n<div class=\"wp-block-column is-layout-flow wp-block-column-is-layout-flow\"><\/div>\n<\/div>\n\n\n\n<figure class=\"wp-block-image aligncenter size-large is-resized mt-5\"><img decoding=\"async\" src=\"https:\/\/mirabel-prairiesdelamer.com\/wp-content\/uploads\/2022\/01\/photo-1024x84.png\" alt=\"photo gallery\" class=\"wp-image-2371\" style=\"width:768px;height:63px\"\/><\/figure>\n\n\n\t\t\t<div id=\"sevgallery-1028266643\" class=\"sev-diaporama sev-diaporama-portfolio\">\n\t\t\t\t<div class=\"row\">\n\n\t\t\t\t\t\n\t\t\t\t\t\t\n\t\t\t\t\t\t<div class=\"sev-diaporama-portfolio-item   btnseeall btnseeall-xl col-12 col-md  col-grow\">\n\t\t\t\t\t\t\t<a href=\"https:\/\/mirabel-campings.com\/wp-content\/uploads\/2023\/11\/piscine-animation-pool-party.jpg\" data-lightbox=\"sevgallery-1028266643\" style=\"background-image: url(https:\/\/mirabel-campings.com\/wp-content\/uploads\/2023\/11\/piscine-animation-pool-party.jpg)\">\n\t\t\t\t\t\t\t\t<img decoding=\"async\" src=\"https:\/\/mirabel-campings.com\/wp-content\/uploads\/2023\/11\/piscine-animation-pool-party.jpg\" alt=\"animation pool saint cast le guildo\" loading=\"lazy\">\n\t\t\t\t\t\t\t<\/a>\n\t\t\t\t\t\t<\/div>\n\n\t\t\t\t\t\t\n\t\t\t\t\t\t\t\t\t\t\t\t\t\t\t\t\t\n\t\t\t\t\t\t\n\t\t\t\t\t\t<div class=\"sev-diaporama-portfolio-item   btnseeall btnseeall-xl col-12 col-md  col-grow\">\n\t\t\t\t\t\t\t<a href=\"https:\/\/mirabel-campings.com\/wp-content\/uploads\/2023\/11\/piscine-ete-animation-camping.jpg\" data-lightbox=\"sevgallery-1028266643\" style=\"background-image: url(https:\/\/mirabel-campings.com\/wp-content\/uploads\/2023\/11\/piscine-ete-animation-camping.jpg)\">\n\t\t\t\t\t\t\t\t<img decoding=\"async\" src=\"https:\/\/mirabel-campings.com\/wp-content\/uploads\/2023\/11\/piscine-ete-animation-camping.jpg\" alt=\"heated outdoor pool camping saint cast\" loading=\"lazy\">\n\t\t\t\t\t\t\t<\/a>\n\t\t\t\t\t\t<\/div>\n\n\t\t\t\t\t\t\n\t\t\t\t\t\t\t\t\t\t\t\t\t\t\t\t\t\n\t\t\t\t\t\t\n\t\t\t\t\t\t<div class=\"sev-diaporama-portfolio-item   btnseeall btnseeall-xl col-12 col-md  col-grow\">\n\t\t\t\t\t\t\t<a href=\"https:\/\/mirabel-campings.com\/wp-content\/uploads\/2023\/12\/piscine-toboggan-amusement-camping.jpg\" data-lightbox=\"sevgallery-1028266643\" style=\"background-image: url(https:\/\/mirabel-campings.com\/wp-content\/uploads\/2023\/12\/piscine-toboggan-amusement-camping.jpg)\">\n\t\t\t\t\t\t\t\t<img decoding=\"async\" src=\"https:\/\/mirabel-campings.com\/wp-content\/uploads\/2023\/12\/piscine-toboggan-amusement-camping.jpg\" alt=\"swimming pool with slide mirabel 4-star campsites\" loading=\"lazy\">\n\t\t\t\t\t\t\t<\/a>\n\t\t\t\t\t\t<\/div>\n\n\t\t\t\t\t\t\n\t\t\t\t\t\t\t\t\t\t\t\t\t\t\t\t\t\n\t\t\t\t\t\t\n\t\t\t\t\t\t<div class=\"sev-diaporama-portfolio-item   btnseeall btnseeall-xl col-12 col-md\">\n\t\t\t\t\t\t\t<a href=\"https:\/\/mirabel-campings.com\/wp-content\/uploads\/2022\/04\/enfant-portrait-jeux-eau.jpg\" data-lightbox=\"sevgallery-1028266643\" style=\"background-image: url(https:\/\/mirabel-campings.com\/wp-content\/uploads\/2022\/04\/enfant-portrait-jeux-eau.jpg)\">\n\t\t\t\t\t\t\t\t<img decoding=\"async\" src=\"https:\/\/mirabel-campings.com\/wp-content\/uploads\/2022\/04\/enfant-portrait-jeux-eau.jpg\" alt=\"portrait child water games family camping\" loading=\"lazy\">\n\t\t\t\t\t\t\t<\/a>\n\t\t\t\t\t\t<\/div>\n\n\t\t\t\t\t\t\t\t\t\t\t\t\t<div class=\"w-100\"><\/div>\n\t\t\t\t\t\t\t\t\t\t\t\t\t\n\t\t\t\t\t\t\t\t\t\t\t\t\t\t\t\t\t\n\t\t\t\t\t\t\n\t\t\t\t\t\t<div class=\"sev-diaporama-portfolio-item   btnseeall btnseeall-xl col-12 col-md  col-shrink\">\n\t\t\t\t\t\t\t<a href=\"https:\/\/mirabel-campings.com\/wp-content\/uploads\/2023\/11\/piscine-couverte-chauffee-ouistreham.jpg\" data-lightbox=\"sevgallery-1028266643\" style=\"background-image: url(https:\/\/mirabel-campings.com\/wp-content\/uploads\/2023\/11\/piscine-couverte-chauffee-ouistreham.jpg)\">\n\t\t\t\t\t\t\t\t<img decoding=\"async\" src=\"https:\/\/mirabel-campings.com\/wp-content\/uploads\/2023\/11\/piscine-couverte-chauffee-ouistreham.jpg\" alt=\"heated indoor swimming pool camping ouistreham\" loading=\"lazy\">\n\t\t\t\t\t\t\t<\/a>\n\t\t\t\t\t\t<\/div>\n\n\t\t\t\t\t\t\n\t\t\t\t\t\t\t\t\t\t\t\t\t\t\t\t\t\n\t\t\t\t\t\t\n\t\t\t\t\t\t<div class=\"sev-diaporama-portfolio-item   btnseeall btnseeall-xl col-12 col-md  col-grow\">\n\t\t\t\t\t\t\t<a href=\"https:\/\/mirabel-campings.com\/wp-content\/uploads\/2022\/04\/enfants-piscine-mirabel.jpg\" data-lightbox=\"sevgallery-1028266643\" style=\"background-image: url(https:\/\/mirabel-campings.com\/wp-content\/uploads\/2022\/04\/enfants-piscine-mirabel.jpg)\">\n\t\t\t\t\t\t\t\t<img decoding=\"async\" src=\"https:\/\/mirabel-campings.com\/wp-content\/uploads\/2022\/04\/enfants-piscine-mirabel.jpg\" alt=\"children poolside family camping\" loading=\"lazy\">\n\t\t\t\t\t\t\t<\/a>\n\t\t\t\t\t\t<\/div>\n\n\t\t\t\t\t\t\n\t\t\t\t\t\t\t\t\t\t\t\t\t\t\t\t\t\n\t\t\t\t\t\t\n\t\t\t\t\t\t<div class=\"sev-diaporama-portfolio-item   btnseeall btnseeall-xl col-12 col-md  col-grow\">\n\t\t\t\t\t\t\t<a href=\"https:\/\/mirabel-campings.com\/wp-content\/uploads\/2022\/04\/piscine-cayola-famille.jpg\" data-lightbox=\"sevgallery-1028266643\" style=\"background-image: url(https:\/\/mirabel-campings.com\/wp-content\/uploads\/2022\/04\/piscine-cayola-famille.jpg)\">\n\t\t\t\t\t\t\t\t<img decoding=\"async\" src=\"https:\/\/mirabel-campings.com\/wp-content\/uploads\/2022\/04\/piscine-cayola-famille.jpg\" alt=\"family pool\" loading=\"lazy\">\n\t\t\t\t\t\t\t<\/a>\n\t\t\t\t\t\t<\/div>\n\n\t\t\t\t\t\t\n\t\t\t\t\t\t\t\t\t\t\t\t\t\t\t\t\t\n\t\t\t\t\t\t\n\t\t\t\t\t\t<div class=\"sev-diaporama-portfolio-item   btnseeall btnseeall-xl col-12 col-md  col-grow last-visible\">\n\t\t\t\t\t\t\t<a href=\"https:\/\/mirabel-campings.com\/wp-content\/uploads\/2023\/11\/piscine-couverte-cayola.jpg\" data-lightbox=\"sevgallery-1028266643\" style=\"background-image: url(https:\/\/mirabel-campings.com\/wp-content\/uploads\/2023\/11\/piscine-couverte-cayola.jpg)\">\n\t\t\t\t\t\t\t\t<img decoding=\"async\" src=\"https:\/\/mirabel-campings.com\/wp-content\/uploads\/2023\/11\/piscine-couverte-cayola.jpg\" alt=\"heated indoor swimming pool 4-star campsite vend\u00e9e\" loading=\"lazy\">\n\t\t\t\t\t\t\t<\/a>\n\t\t\t\t\t\t<\/div>\n\n\t\t\t\t\t\t\t\t\t\t\t\t\t<div class=\"w-100\"><\/div>\n\t\t\t\t\t\t\t\t\t\t\t\t\t\n\t\t\t\t\t\t\t\t\t\t\t\t\t\t\t\t\t\n\t\t\t\t\t\t\n\t\t\t\t\t\t<div class=\"sev-diaporama-portfolio-item   btnseeall btnseeall-xl col-12 col-md  d-none\">\n\t\t\t\t\t\t\t<a href=\"https:\/\/mirabel-campings.com\/wp-content\/uploads\/2022\/04\/jacuzzi-camping-mirabel.jpg\" data-lightbox=\"sevgallery-1028266643\" style=\"background-image: url(https:\/\/mirabel-campings.com\/wp-content\/uploads\/2022\/04\/jacuzzi-camping-mirabel.jpg)\">\n\t\t\t\t\t\t\t\t<img decoding=\"async\" src=\"https:\/\/mirabel-campings.com\/wp-content\/uploads\/2022\/04\/jacuzzi-camping-mirabel.jpg\" alt=\"jacuzzi seaside camping\" loading=\"lazy\">\n\t\t\t\t\t\t\t<\/a>\n\t\t\t\t\t\t<\/div>\n\n\t\t\t\t\t\t\n\t\t\t\t\t\t\t\t\t\t\t\t\t\t\t\t\t\n\t\t\t\t\t\t\n\t\t\t\t\t\t<div class=\"sev-diaporama-portfolio-item   btnseeall btnseeall-xl col-12 col-md  col-grow d-none\">\n\t\t\t\t\t\t\t<a href=\"https:\/\/mirabel-campings.com\/wp-content\/uploads\/2022\/04\/descente-toboggans.jpg\" data-lightbox=\"sevgallery-1028266643\" style=\"background-image: url(https:\/\/mirabel-campings.com\/wp-content\/uploads\/2022\/04\/descente-toboggans.jpg)\">\n\t\t\t\t\t\t\t\t<img decoding=\"async\" src=\"https:\/\/mirabel-campings.com\/wp-content\/uploads\/2022\/04\/descente-toboggans.jpg\" alt=\"water slides family campsite\" loading=\"lazy\">\n\t\t\t\t\t\t\t<\/a>\n\t\t\t\t\t\t<\/div>\n\n\t\t\t\t\t\t\n\t\t\t\t\t\t\t\t\t\t\t\t\t\t\t\t\t\n\t\t\t\t\t\t\n\t\t\t\t\t\t<div class=\"sev-diaporama-portfolio-item   btnseeall btnseeall-xl col-12 col-md  col-grow d-none\">\n\t\t\t\t\t\t\t<a href=\"https:\/\/mirabel-campings.com\/wp-content\/uploads\/2022\/04\/Piscine3-Mielles.jpg\" data-lightbox=\"sevgallery-1028266643\" style=\"background-image: url(https:\/\/mirabel-campings.com\/wp-content\/uploads\/2022\/04\/Piscine3-Mielles.jpg)\">\n\t\t\t\t\t\t\t\t<img decoding=\"async\" src=\"https:\/\/mirabel-campings.com\/wp-content\/uploads\/2022\/04\/Piscine3-Mielles.jpg\" alt=\"Heated pool\" loading=\"lazy\">\n\t\t\t\t\t\t\t<\/a>\n\t\t\t\t\t\t<\/div>\n\n\t\t\t\t\t\t\n\t\t\t\t\t\t\t\t\t\t\t\t\t\t\t\t\t\n\t\t\t\t\t\t\n\t\t\t\t\t\t<div class=\"sev-diaporama-portfolio-item   btnseeall btnseeall-xl col-12 col-md  col-grow d-none\">\n\t\t\t\t\t\t\t<a href=\"https:\/\/mirabel-campings.com\/wp-content\/uploads\/2022\/04\/piscine-enfant-freres.jpg\" data-lightbox=\"sevgallery-1028266643\" style=\"background-image: url(https:\/\/mirabel-campings.com\/wp-content\/uploads\/2022\/04\/piscine-enfant-freres.jpg)\">\n\t\t\t\t\t\t\t\t<img decoding=\"async\" src=\"https:\/\/mirabel-campings.com\/wp-content\/uploads\/2022\/04\/piscine-enfant-freres.jpg\" alt=\"children pool\" loading=\"lazy\">\n\t\t\t\t\t\t\t<\/a>\n\t\t\t\t\t\t<\/div>\n\n\t\t\t\t\t\t\t\t\t\t\t\t\t<div class=\"w-100 d-none\"><\/div>\n\t\t\t\t\t\t\t\t\t\t\t\t\t\n\t\t\t\t\t\t\t\t\t\t\t\t\t\t\t\t\t\n\t\t\t\t\t\t\n\t\t\t\t\t\t<div class=\"sev-diaporama-portfolio-item   btnseeall btnseeall-xl col-12 col-md  col-grow d-none\">\n\t\t\t\t\t\t\t<a href=\"https:\/\/mirabel-campings.com\/wp-content\/uploads\/2022\/04\/piscine-lecture.jpg\" data-lightbox=\"sevgallery-1028266643\" style=\"background-image: url(https:\/\/mirabel-campings.com\/wp-content\/uploads\/2022\/04\/piscine-lecture.jpg)\">\n\t\t\t\t\t\t\t\t<img decoding=\"async\" src=\"https:\/\/mirabel-campings.com\/wp-content\/uploads\/2022\/04\/piscine-lecture.jpg\" alt=\"swimming pool reading\" loading=\"lazy\">\n\t\t\t\t\t\t\t<\/a>\n\t\t\t\t\t\t<\/div>\n\n\t\t\t\t\t\t\n\t\t\t\t\t\t\t\t\t\t\t\t\t\t\t\t\t\n\t\t\t\t\t\t\n\t\t\t\t\t\t<div class=\"sev-diaporama-portfolio-item   btnseeall btnseeall-xl col-12 col-md  col-grow d-none\">\n\t\t\t\t\t\t\t<a href=\"https:\/\/mirabel-campings.com\/wp-content\/uploads\/2022\/04\/sauna-camping-ouistreham.jpg\" data-lightbox=\"sevgallery-1028266643\" style=\"background-image: url(https:\/\/mirabel-campings.com\/wp-content\/uploads\/2022\/04\/sauna-camping-ouistreham.jpg)\">\n\t\t\t\t\t\t\t\t<img decoding=\"async\" src=\"https:\/\/mirabel-campings.com\/wp-content\/uploads\/2022\/04\/sauna-camping-ouistreham.jpg\" alt=\"sauna camping\" loading=\"lazy\">\n\t\t\t\t\t\t\t<\/a>\n\t\t\t\t\t\t<\/div>\n\n\t\t\t\t\t\t\n\t\t\t\t\t\t\t\t\t\t\t\t\t\t\t\t\t\n\t\t\t\t\t\t\n\t\t\t\t\t\t<div class=\"sev-diaporama-portfolio-item   btnseeall btnseeall-xl col-12 col-md  col-grow d-none\">\n\t\t\t\t\t\t\t<a href=\"https:\/\/mirabel-campings.com\/wp-content\/uploads\/2022\/04\/toboggan-piscine-enfant.jpg\" data-lightbox=\"sevgallery-1028266643\" style=\"background-image: url(https:\/\/mirabel-campings.com\/wp-content\/uploads\/2022\/04\/toboggan-piscine-enfant.jpg)\">\n\t\t\t\t\t\t\t\t<img decoding=\"async\" src=\"https:\/\/mirabel-campings.com\/wp-content\/uploads\/2022\/04\/toboggan-piscine-enfant.jpg\" alt=\"child slide\" loading=\"lazy\">\n\t\t\t\t\t\t\t<\/a>\n\t\t\t\t\t\t<\/div>\n\n\t\t\t\t\t\t\n\t\t\t\t\t\t\t\t\t\t\t\t\t\t\t\t\t\n\t\t\t\t\t\t\n\t\t\t\t\t\t<div class=\"sev-diaporama-portfolio-item   btnseeall btnseeall-xl col-12 col-md  col-grow d-none\">\n\t\t\t\t\t\t\t<a href=\"https:\/\/mirabel-campings.com\/wp-content\/uploads\/2022\/04\/VACANCES_FAMILLE_PISCINE.jpg\" data-lightbox=\"sevgallery-1028266643\" style=\"background-image: url(https:\/\/mirabel-campings.com\/wp-content\/uploads\/2022\/04\/VACANCES_FAMILLE_PISCINE.jpg)\">\n\t\t\t\t\t\t\t\t<img decoding=\"async\" src=\"https:\/\/mirabel-campings.com\/wp-content\/uploads\/2022\/04\/VACANCES_FAMILLE_PISCINE.jpg\" alt=\"family pool vacations\" loading=\"lazy\">\n\t\t\t\t\t\t\t<\/a>\n\t\t\t\t\t\t<\/div>\n\n\t\t\t\t\t\t\t\t\t\t\t\t\t<div class=\"w-100 d-none\"><\/div>\n\t\t\t\t\t\t\t\t\t\t\t\t\t\n\t\t\t\t\t\t\t\t\t\t\t\t\t\t\t\t\t\n\t\t\t\t\t\t\n\t\t\t\t\t\t<div class=\"sev-diaporama-portfolio-item   btnseeall btnseeall-xl col-12 col-md  d-none\">\n\t\t\t\t\t\t\t<a href=\"https:\/\/mirabel-campings.com\/wp-content\/uploads\/2023\/04\/piscine-couverte-jacuzzi-campings.jpg\" data-lightbox=\"sevgallery-1028266643\" style=\"background-image: url(https:\/\/mirabel-campings.com\/wp-content\/uploads\/2023\/04\/piscine-couverte-jacuzzi-campings.jpg)\">\n\t\t\t\t\t\t\t\t<img decoding=\"async\" src=\"https:\/\/mirabel-campings.com\/wp-content\/uploads\/2023\/04\/piscine-couverte-jacuzzi-campings.jpg\" alt=\"balneo\" loading=\"lazy\">\n\t\t\t\t\t\t\t<\/a>\n\t\t\t\t\t\t<\/div>\n\n\t\t\t\t\t\t\n\t\t\t\t\t\t\t\t\t\t\t\t\t\t\t\t\t\n\t\t\t\t\t\t\n\t\t\t\t\t\t<div class=\"sev-diaporama-portfolio-item  limitsm btnseeall btnseeall-xl col-12 col-md  col-shrink d-none\">\n\t\t\t\t\t\t\t<a href=\"https:\/\/mirabel-campings.com\/wp-content\/uploads\/2023\/04\/header-piscine-chauffee-campings.jpg\" data-lightbox=\"sevgallery-1028266643\" style=\"background-image: url(https:\/\/mirabel-campings.com\/wp-content\/uploads\/2023\/04\/header-piscine-chauffee-campings.jpg)\">\n\t\t\t\t\t\t\t\t<img decoding=\"async\" src=\"https:\/\/mirabel-campings.com\/wp-content\/uploads\/2023\/04\/header-piscine-chauffee-campings.jpg\" alt=\"camping heated pool header\" loading=\"lazy\">\n\t\t\t\t\t\t\t<\/a>\n\t\t\t\t\t\t<\/div>\n\n\t\t\t\t\t\t\n\t\t\t\t\t\t\t\t\t\t\t\t\t\t\t\t\t\t\t\t\t<\/div>\n\t\t\t<\/div>\n\n\t\t\t<script>\n\t\t\tjQuery(function($) {\n\n\t\t\t\tvar marginPortfolio = function() {\n\n\t\t\t\t\tvar $diapo          = $('#sevgallery-1028266643');\n\t\t\t\t\tvar container_width = $diapo.parent().outerWidth();\n\t\t\t\t\tvar side            = ( $(window).innerWidth() - container_width ) \/ 2;\n\n\t\t\t\t\t$diapo.css( {\n\t\t\t\t\t\t'margin-left': '-' + side + 'px',\n\t\t\t\t\t\t'margin-right': '-' + side + 'px',\n\t\t\t\t\t} );\n\t\t\t\t};\n\n\t\t\t\t$( window ).resize( function() {\n\t\t\t\t\tmarginPortfolio();\n\t\t\t\t} );\n\t\t\t\tmarginPortfolio();\n\t\t\t});\n\t\t\t<\/script>\n\t\t\t\n\n\n\n<p><\/p>","protected":false},"excerpt":{"rendered":"<p>Nos campings avec piscine chauff\u00e9e en Bretagne, Normandie et Pays de la Loire Nos campings avec espace aquatique<\/p>","protected":false},"author":1,"featured_media":0,"parent":0,"menu_order":0,"comment_status":"closed","ping_status":"closed","template":"","meta":{"_seopress_robots_primary_cat":"","_seopress_titles_title":"Campings avec piscine - Bretagne, Normandie, Pays de la Loire","_seopress_titles_desc":"Nos 4 campings Les Mielles (22), Les Prairies de la Mer (14), La Renaudi\u00e8re (44) et La Baie de Cayola (85) sont \u00e9quip\u00e9s de piscines chauff\u00e9es","_seopress_robots_index":"","footnotes":""},"class_list":["post-9","page","type-page","status-publish","hentry"],"_links":{"self":[{"href":"https:\/\/mirabel-campings.com\/en\/wp-json\/wp\/v2\/pages\/9","targetHints":{"allow":["GET"]}}],"collection":[{"href":"https:\/\/mirabel-campings.com\/en\/wp-json\/wp\/v2\/pages"}],"about":[{"href":"https:\/\/mirabel-campings.com\/en\/wp-json\/wp\/v2\/types\/page"}],"author":[{"embeddable":true,"href":"https:\/\/mirabel-campings.com\/en\/wp-json\/wp\/v2\/users\/1"}],"replies":[{"embeddable":true,"href":"https:\/\/mirabel-campings.com\/en\/wp-json\/wp\/v2\/comments?post=9"}],"version-history":[{"count":32,"href":"https:\/\/mirabel-campings.com\/en\/wp-json\/wp\/v2\/pages\/9\/revisions"}],"predecessor-version":[{"id":10502,"href":"https:\/\/mirabel-campings.com\/en\/wp-json\/wp\/v2\/pages\/9\/revisions\/10502"}],"wp:attachment":[{"href":"https:\/\/mirabel-campings.com\/en\/wp-json\/wp\/v2\/media?parent=9"}],"curies":[{"name":"wp","href":"https:\/\/api.w.org\/{rel}","templated":true}]}}