{"id":9526,"date":"2024-05-06T09:05:52","date_gmt":"2024-05-06T07:05:52","guid":{"rendered":"https:\/\/mirabel-campings.com\/?page_id=9526"},"modified":"2024-05-06T09:52:14","modified_gmt":"2024-05-06T07:52:14","slug":"a-stay-on-a-breton-peninsula","status":"publish","type":"page","link":"https:\/\/mirabel-campings.com\/en\/idees-vacances\/sejour-sur-une-presquile-bretonne\/","title":{"rendered":"Stay on a Breton peninsula"},"content":{"rendered":"<h1 class=\"wp-block-heading\"><strong>Saint-Cast-le-Guildo - Seaside resort in C\u00f4tes d'Armor<\/strong><\/h1>\n\n\n\n<h2 class=\"wp-block-heading\">How would you like to escape for a few days to a peninsula in Brittany? Are you dreaming of turquoise waters, wild coves or long sandy beaches? The seaside resort of Saint-Cast-le-Guildo will enchant you!<\/h2>\n\n\n\n<div class=\"wp-block-media-text is-stacked-on-mobile\"><figure class=\"wp-block-media-text__media\"><img loading=\"lazy\" decoding=\"async\" width=\"600\" height=\"451\" src=\"https:\/\/mirabel-campings.com\/wp-content\/uploads\/2024\/04\/crique-plage-vue-mer.jpg\" alt=\"Plage de la Mare, cove in Saint-Cast-le-Guildo with view of Fort Lalatte\" class=\"wp-image-9530 size-full\" srcset=\"https:\/\/mirabel-campings.com\/wp-content\/uploads\/2024\/04\/crique-plage-vue-mer.jpg 600w, https:\/\/mirabel-campings.com\/wp-content\/uploads\/2024\/04\/crique-plage-vue-mer-300x226.jpg 300w\" sizes=\"auto, (max-width: 600px) 100vw, 600px\" \/><\/figure><div class=\"wp-block-media-text__content\">\n<h2 class=\"wp-block-heading\">The 7 beaches of Saint-Cast-le-Guildo<\/h2>\n\n\n\n<p>Fine sand, long creeks, coves, flat, rocky, sunny or shady... there's no shortage of beaches to choose from during your stay in Saint-Cast. Here's an overview:<\/p>\n\n\n\n<ul class=\"wp-block-list\">\n<li><strong>La Grande Plage (2 km of fine sand)<\/strong> where you can take advantage of supervised swimming, the <strong>beach club<\/strong> and <strong><a href=\"http:\/\/centre-nautique-saint-cast.fr\">nautical center<\/a><\/strong>. Want to introduce your children to sailing? Choose from courses or private lessons at the Point Passion Plage pirate club: optimist, catamaran, windsurfing, dinghy, funboard and, for the older ones, J80 sailboat, as well as windsurfing, water-skiing, wakeboarding, wakesurfing, sofa and donut paddles. <\/li>\n\n\n\n<li><strong>La Plage de la Mare<\/strong> : charming <strong>cove opposite Fort Lalatte<\/strong> which you can admire from your mobile home or pitch in our <a href=\"https:\/\/mirabel-campings.com\/en\/camping-la-crique-saint-cast-le-guildo\/\">Camping Mirabel La Crique<\/a>. It's also a must for anglers and snorkellers, and an ideal spot for watching the sun set over Fort Lalatte and diving.<\/li>\n\n\n\n<li><strong>Pen Guen Beach<\/strong> The view from the heights as you approach Saint-Cast is splendid! It's also a bathing beach between Pointe du Bay and Pointe de la Garde.<\/li>\n\n\n\n<li><strong>La Plage des 4 Vaulx<\/strong> It's ideal for fishing on foot, charming at high tide, facing the Ebihens Islands. Just a few dozen meters from the <a href=\"https:\/\/mirabel-campings.com\/en\/camping-les-4-vaulx\/\">Camping Mirabel des 4 Vaulx<\/a>, You'll wake up to the sound of the waves. Conchyli and mussel farming are popular activities when the tides are high.<\/li>\n\n\n\n<li><strong>Plage de la Pissotte, Plage de la Fresnaye, Plage de la Fosse<\/strong> In the bay of La Fresnaye.<\/li>\n<\/ul>\n<\/div><\/div>\n\n\n\n<div class=\"wp-block-group is-layout-constrained wp-block-group-is-layout-constrained\">\n<div class=\"wp-block-media-text has-media-on-the-right is-stacked-on-mobile\"><div class=\"wp-block-media-text__content\">\n<h2 class=\"wp-block-heading\">Le Port d'Armor<\/h2>\n\n\n\n<p>The Esplanade du Port de p\u00eache et de plaisance is bustling with restaurants, bars, cr\u00eaperies, tearooms and shops, 800 meters from the main beach via the Soleil Levant pedestrian link.<\/p>\n\n\n\n<p><strong>Boat rentals :<\/strong><\/p>\n\n\n\n<ul class=\"wp-block-list\">\n<li>Outing aboard the&nbsp;<a href=\"https:\/\/www.centre-nautique-saint-cast.fr\/bateaux-collectifs.html\" target=\"_blank\" rel=\"noreferrer noopener\">Dragous<\/a>, old-gear<\/li>\n\n\n\n<li>Excursions on 12-seater semi-rigid \u2018Perlezenn Du\u2019 with&nbsp;<a href=\"https:\/\/www.emeraude-emotions.com\/\" target=\"_blank\" rel=\"noreferrer noopener\">Emerald Emotions<\/a>&nbsp;(semi-rigid 12-seater): la D\u00e9couverte, l'Incontournable or l'Inoubliable, or \u00e0 la carte outings ...<\/li>\n\n\n\n<li>Departure for crossings to Saint Malo (cab, shuttles), sea promenade at the foot of Fort Lalatte and Cap Fr\u00e9hel<\/li>\n\n\n\n<li>Nautical center, Diving schools (<a href=\"http:\/\/www.saintcastplongee.eu\/\" target=\"_blank\" rel=\"noreferrer noopener\">Saint Cast diving<\/a>&nbsp;and&nbsp;<a href=\"http:\/\/www.plongevasion.com\/\" target=\"_blank\" rel=\"noreferrer noopener\">plong'\u00e9vasion<\/a>),<\/li>\n<\/ul>\n<\/div><figure class=\"wp-block-media-text__media\"><img loading=\"lazy\" decoding=\"async\" width=\"1024\" height=\"768\" src=\"https:\/\/mirabel-campings.com\/wp-content\/uploads\/2024\/04\/port-saint-cast-club-nautique.jpeg\" alt=\"port near the campsite in Saint Cast le Guildo\" class=\"wp-image-9192 size-full\" srcset=\"https:\/\/mirabel-campings.com\/wp-content\/uploads\/2024\/04\/port-saint-cast-club-nautique.jpeg 1024w, https:\/\/mirabel-campings.com\/wp-content\/uploads\/2024\/04\/port-saint-cast-club-nautique-300x225.jpeg 300w, https:\/\/mirabel-campings.com\/wp-content\/uploads\/2024\/04\/port-saint-cast-club-nautique-768x576.jpeg 768w\" sizes=\"auto, (max-width: 1024px) 100vw, 1024px\" \/><\/figure><\/div>\n<\/div>\n\n\n\n<div class=\"wp-block-media-text is-stacked-on-mobile\"><figure class=\"wp-block-media-text__media\"><img loading=\"lazy\" decoding=\"async\" width=\"800\" height=\"533\" src=\"https:\/\/mirabel-campings.com\/wp-content\/uploads\/2024\/04\/st-cast-digue-villas.jpg\" alt=\"Breakwater linking the port and the seaside resort of Saint-Cast\" class=\"wp-image-9555 size-full\" srcset=\"https:\/\/mirabel-campings.com\/wp-content\/uploads\/2024\/04\/st-cast-digue-villas.jpg 800w, https:\/\/mirabel-campings.com\/wp-content\/uploads\/2024\/04\/st-cast-digue-villas-300x200.jpg 300w, https:\/\/mirabel-campings.com\/wp-content\/uploads\/2024\/04\/st-cast-digue-villas-768x512.jpg 768w\" sizes=\"auto, (max-width: 800px) 100vw, 800px\" \/><\/figure><div class=\"wp-block-media-text__content\">\n<h2 class=\"wp-block-heading\">Resort villas<\/h2>\n\n\n\n<p>The seaside resort of Saint-Cast-le-Guildo was very popular in the 19th century, and it's to this period that we owe the <strong>hotels and villas overlooking the Emerald Sea<\/strong>. The peninsula abounds in tourist trails and GR34 hiking paths. The Pointe de la Garde district is home to magnificent villas with remarkable views over the sea.&nbsp;<strong>the Ebihens archipelago&nbsp;<\/strong>and the Saint-Jacut peninsula. Each stroll around the peninsula offers a view of contrasting, breathtaking landscapes and panoramas!<\/p>\n<\/div><\/div>\n\n\n\n<p><\/p>\n\n\n\n<p class=\"has-text-align-center texte-rond has-large-font-size\">Our 4 campsites in Saint-Cast-le-Guildo<\/p>\n\n\n\n<div class=\"wp-block-columns front-page-section grey is-layout-flex wp-container-core-columns-is-layout-28f84493 wp-block-columns-is-layout-flex\">\n<div class=\"wp-block-column is-layout-flow wp-block-column-is-layout-flow\"><\/div>\n\n\n\n<div class=\"wp-block-column is-layout-flow wp-block-column-is-layout-flow\">\n<div class=\"wp-block-create-block-sevgutenberg-navigation\"><aside class=\"encart-sev-navigation small carre\"><a href=\"https:\/\/mirabel-campings.com\/en\/camping-les-mielles-saint-cast-le-guildo\/\" class=\"d-flex flex-column align-items-center\"><div class=\"encart-title\"><span>Les Mielles ****<\/span><\/div><div class=\"vague\"><\/div><img decoding=\"async\" src=\"https:\/\/mirabel-campings.com\/wp-content\/uploads\/2024\/03\/piscine-chauffee-mielles-bretagne-camping-Personnalise.jpg\" alt=\"Campsite with direct beach access Bretagne\"\/><div class=\"ligne\"><\/div><div class=\"hover\"><\/div><\/a><\/aside><\/div>\n<\/div>\n\n\n\n<div class=\"wp-block-column is-layout-flow wp-block-column-is-layout-flow\">\n<div class=\"wp-block-create-block-sevgutenberg-navigation\"><aside class=\"encart-sev-navigation small carre\"><a href=\"https:\/\/mirabel-campings.com\/en\/camping-la-crique-saint-cast-le-guildo\/\" class=\"d-flex flex-column align-items-center\"><div class=\"encart-title\"><span>La Crique***<\/span><\/div><div class=\"vague\"><\/div><img decoding=\"async\" src=\"https:\/\/mirabel-campings.com\/wp-content\/uploads\/2022\/04\/camping-crique-fort-lalatte.jpg\" alt=\"camping la crique bretagne\"\/><div class=\"ligne\"><\/div><div class=\"hover\"><\/div><\/a><\/aside><\/div>\n<\/div>\n\n\n\n<div class=\"wp-block-column is-layout-flow wp-block-column-is-layout-flow\">\n<div class=\"wp-block-create-block-sevgutenberg-navigation\"><aside class=\"encart-sev-navigation small carre\"><a href=\"https:\/\/mirabel-campings.com\/en\/camping-le-clos-tranquille-saint-cast-le-guildo\/\" class=\"d-flex flex-column align-items-center\"><div class=\"encart-title\"><span>Le Clos Tranquille **<\/span><\/div><div class=\"vague\"><\/div><img decoding=\"async\" src=\"https:\/\/mirabel-campings.com\/wp-content\/uploads\/2022\/04\/clos-tranquille-emplacement-tente.jpg\" alt=\"tent pitches le clos tranquille\"\/><div class=\"ligne\"><\/div><div class=\"hover\"><\/div><\/a><\/aside><\/div>\n<\/div>\n\n\n\n<div class=\"wp-block-column is-layout-flow wp-block-column-is-layout-flow\">\n<div class=\"wp-block-create-block-sevgutenberg-navigation\"><aside class=\"encart-sev-navigation small carre\"><a href=\"https:\/\/mirabel-campings.com\/en\/camping-les-4-vaulx\/\" class=\"d-flex flex-column align-items-center\"><div class=\"encart-title\"><span>The 4 Vaulx **<\/span><\/div><div class=\"vague\"><\/div><img decoding=\"async\" src=\"https:\/\/mirabel-campings.com\/wp-content\/uploads\/2022\/04\/4-vaulx-1.jpg\" alt=\"\"\/><div class=\"ligne\"><\/div><div class=\"hover\"><\/div><\/a><\/aside><\/div>\n<\/div>\n\n\n\n<div class=\"wp-block-column is-layout-flow wp-block-column-is-layout-flow\"><\/div>\n<\/div>\n\n\n\n<p class=\"has-text-align-center texte-rond mt-5 has-large-font-size\"><\/p>","protected":false},"excerpt":{"rendered":"<p>Saint-Cast-le-Guildo &#8211; Station baln\u00e9aire en C\u00f4tes d&rsquo;Armor Que diriez-vous de vous \u00e9vader quelques jours sur une presqu&rsquo;\u00eele en Bretagne ? [&hellip;]<\/p>\n","protected":false},"author":1,"featured_media":0,"parent":1901,"menu_order":0,"comment_status":"closed","ping_status":"closed","template":"","meta":{"_seopress_robots_primary_cat":"","_seopress_titles_title":"Saint-Cast-le-Guildo - Station baln\u00e9aire en C\u00f4tes d'Armor","_seopress_titles_desc":"Profitez de nos campings Mirabel situ\u00e9s dans la petite commune de Saint Cast le Guildo. D\u00e9couvrez le Port d'Armor et ses 7 plages.","_seopress_robots_index":"","footnotes":""},"class_list":["post-9526","page","type-page","status-publish","hentry"],"_links":{"self":[{"href":"https:\/\/mirabel-campings.com\/en\/wp-json\/wp\/v2\/pages\/9526","targetHints":{"allow":["GET"]}}],"collection":[{"href":"https:\/\/mirabel-campings.com\/en\/wp-json\/wp\/v2\/pages"}],"about":[{"href":"https:\/\/mirabel-campings.com\/en\/wp-json\/wp\/v2\/types\/page"}],"author":[{"embeddable":true,"href":"https:\/\/mirabel-campings.com\/en\/wp-json\/wp\/v2\/users\/1"}],"replies":[{"embeddable":true,"href":"https:\/\/mirabel-campings.com\/en\/wp-json\/wp\/v2\/comments?post=9526"}],"version-history":[{"count":12,"href":"https:\/\/mirabel-campings.com\/en\/wp-json\/wp\/v2\/pages\/9526\/revisions"}],"predecessor-version":[{"id":9575,"href":"https:\/\/mirabel-campings.com\/en\/wp-json\/wp\/v2\/pages\/9526\/revisions\/9575"}],"up":[{"embeddable":true,"href":"https:\/\/mirabel-campings.com\/en\/wp-json\/wp\/v2\/pages\/1901"}],"wp:attachment":[{"href":"https:\/\/mirabel-campings.com\/en\/wp-json\/wp\/v2\/media?parent=9526"}],"curies":[{"name":"wp","href":"https:\/\/api.w.org\/{rel}","templated":true}]}}