{"id":1859,"date":"2022-04-20T15:26:56","date_gmt":"2022-04-20T13:26:56","guid":{"rendered":"https:\/\/mirabel-campings.com\/?page_id=1859"},"modified":"2025-04-02T16:27:10","modified_gmt":"2025-04-02T14:27:10","slug":"gezinsvakanties","status":"publish","type":"page","link":"https:\/\/mirabel-campings.com\/nl\/idees-vacances\/vacances-en-famille\/","title":{"rendered":"Vakantie met het gezin"},"content":{"rendered":"<h1 class=\"wp-block-heading\">Familievakantie op onze Mirabel campings en vakantiedorpen<\/h1>\n\n\n\n<div class=\"wp-block-media-text alignwide has-media-on-the-right is-stacked-on-mobile animate right\"><div class=\"wp-block-media-text__content\">\n<h2 class=\"wp-block-heading\">Een familiecamping om nieuwe energie op te doen aan zee<\/h2>\n\n\n\n<figure class=\"wp-block-image size-full\"><img loading=\"lazy\" decoding=\"async\" width=\"50\" height=\"8\" src=\"https:\/\/mirabel-campings.com\/wp-content\/uploads\/2022\/05\/barre-bleue.png\" alt=\"\" class=\"wp-image-3044\"\/><\/figure>\n\n\n\n<p>In <strong>onze 9 campings <\/strong>in Bretagne, Pays de la Loire en Normandi\u00eb, heten wij u en uw gezin van harte welkom. <strong>je familie<\/strong>, Een plek om te delen en te socializen, ver weg van de dagelijkse sleur. Blijf<strong> <\/strong>op menselijke schaal<strong>,<\/strong> Op onze campings voel je je thuis. Bezoek <strong>verhuur<\/strong>s zijn zorgvuldig opgesteld voor uw gemak <strong>groot comfort<\/strong>. Je hebt een ruime keuze aan\u2019<strong>staanplaatsen voor je tenten,<\/strong> <strong>caravans of campers<\/strong> (schaduwrijk of niet, afgebakend of niet, dicht bij de campingdiensten of rustiger).<\/p>\n\n\n\n<figure class=\"wp-block-image alignleft size-full is-resized\"><img loading=\"lazy\" decoding=\"async\" width=\"300\" height=\"214\" src=\"https:\/\/mirabel-campings.com\/wp-content\/uploads\/2022\/05\/tong-1-300x214-1.png\" alt=\"\" class=\"wp-image-3085\" style=\"width:75px;height:54px\"\/><\/figure>\n\n\n\n<p>Je kunt op vakantie komen <strong>tot 6 personen<\/strong> om met het hele gezin van te genieten. <strong>Een breed scala aan diensten<\/strong> Er zijn ook een aantal faciliteiten om je verblijf gemakkelijker te maken, zoals fietsverhuur, wasmachines en drogers, en babypakketten voor de kleintjes. Vraag bij de receptie van de camping naar de prijzen en voorwaarden.<\/p>\n<\/div><figure class=\"wp-block-media-text__media\"><img loading=\"lazy\" decoding=\"async\" width=\"1024\" height=\"637\" src=\"https:\/\/mirabel-campings.com\/wp-content\/uploads\/2023\/04\/vacances-en-famille-camping-1024x637.jpg\" alt=\"Vakantie met het gezin\" class=\"wp-image-2267 size-full\" srcset=\"https:\/\/mirabel-campings.com\/wp-content\/uploads\/2023\/04\/vacances-en-famille-camping-1024x637.jpg 1024w, https:\/\/mirabel-campings.com\/wp-content\/uploads\/2023\/04\/vacances-en-famille-camping-300x187.jpg 300w, https:\/\/mirabel-campings.com\/wp-content\/uploads\/2023\/04\/vacances-en-famille-camping-768x477.jpg 768w, https:\/\/mirabel-campings.com\/wp-content\/uploads\/2023\/04\/vacances-en-famille-camping.jpg 1200w\" sizes=\"auto, (max-width: 1024px) 100vw, 1024px\" \/><\/figure><\/div>\n\n\n\n<div class=\"wp-block-media-text alignwide is-stacked-on-mobile is-image-fill-element front-page-section grey\"><figure class=\"wp-block-media-text__media\"><img loading=\"lazy\" decoding=\"async\" width=\"1024\" height=\"684\" src=\"https:\/\/mirabel-campings.com\/wp-content\/uploads\/2022\/04\/2-jeu-enfant-plage-chateau-1024x684.jpg\" alt=\"kinderen op het strand\" class=\"wp-image-2278 size-full\" style=\"object-position:50% 50%\" srcset=\"https:\/\/mirabel-campings.com\/wp-content\/uploads\/2022\/04\/2-jeu-enfant-plage-chateau-1024x684.jpg 1024w, https:\/\/mirabel-campings.com\/wp-content\/uploads\/2022\/04\/2-jeu-enfant-plage-chateau-300x200.jpg 300w, https:\/\/mirabel-campings.com\/wp-content\/uploads\/2022\/04\/2-jeu-enfant-plage-chateau-768x513.jpg 768w, https:\/\/mirabel-campings.com\/wp-content\/uploads\/2022\/04\/2-jeu-enfant-plage-chateau.jpg 1200w\" sizes=\"auto, (max-width: 1024px) 100vw, 1024px\" \/><\/figure><div class=\"wp-block-media-text__content\">\n<h2 class=\"wp-block-heading\">Ideale locaties voor je activiteiten<\/h2>\n\n\n\n<figure class=\"wp-block-image size-full\"><img loading=\"lazy\" decoding=\"async\" width=\"50\" height=\"8\" src=\"https:\/\/mirabel-campings.com\/wp-content\/uploads\/2022\/05\/barre-bleue.png\" alt=\"\" class=\"wp-image-3044\"\/><\/figure>\n\n\n\n<p>Wanneer je verblijft op een van onze Mirabel campings, ben je verzekerd van een vakantie waar ontspanning en vrije tijd de sleutelwoorden zijn. Gelegen op <strong>badplaatsen en toeristenplaatsen<\/strong> In de buurt van uw accommodatie kunt u tal van sport-, vrijetijds- en ontspanningsactiviteiten beoefenen.  Onze gezinscampings liggen allemaal <strong>dicht bij de zee<\/strong> of zelfs directe toegang, zoals in Bretagne. Een paar minuten lopen is genoeg om je handdoek neer te leggen op het zand en te genieten van een verfrissende duik. <strong>zonnige dag aan het strand<\/strong>. Sterker nog, je kunt het ook proberen met <strong>wateractiviteiten <\/strong>must-do activiteiten: surfen of <strong>peddel<\/strong> in Vend\u00e9e, op <strong>strandzeilen <\/strong>of windsurfen in Normandi\u00eb of Loire Atlantique, of kajakken in Bretagne. Op slechts een paar kilometer van <strong>grote steden<\/strong> zoals Caen, Saint-Malo, Les Sables d'Olonne of Nantes, heb je genoeg tijd om te winkelen met je kinderen of om lokale specialiteiten te proeven in een van de vele restaurants in elke regio.<\/p>\n\n\n\n<figure class=\"wp-block-image aligncenter size-full\"><img loading=\"lazy\" decoding=\"async\" width=\"300\" height=\"51\" src=\"https:\/\/mirabel-campings.com\/wp-content\/uploads\/2022\/05\/Vagues-300x51-1.png\" alt=\"\" class=\"wp-image-3091\"\/><\/figure>\n<\/div><\/div>\n\n\n\n<div class=\"wp-block-media-text alignwide has-media-on-the-right is-stacked-on-mobile\"><div class=\"wp-block-media-text__content\">\n<p class=\"texte-rond has-orange-color has-text-color has-large-font-size\">Activiteiten voor iedereen, elke dag!<\/p>\n\n\n\n<figure class=\"wp-block-image alignleft size-full is-resized\"><img loading=\"lazy\" decoding=\"async\" width=\"320\" height=\"214\" src=\"https:\/\/mirabel-campings.com\/wp-content\/uploads\/2022\/04\/Smile-1.png\" alt=\"glimlach\" class=\"wp-image-288\" style=\"width:160px;height:107px\" srcset=\"https:\/\/mirabel-campings.com\/wp-content\/uploads\/2022\/04\/Smile-1.png 320w, https:\/\/mirabel-campings.com\/wp-content\/uploads\/2022\/04\/Smile-1-300x201.png 300w\" sizes=\"auto, (max-width: 320px) 100vw, 320px\" \/><\/figure>\n\n\n\n<p>Er is geen betere plek dan de camping voor <strong>Vakantie met kinderen<\/strong>. Elke zomer zijn onze <strong>animatieteams<\/strong> ritme geven aan je verblijf. Terwijl de kleintjes genieten van de vele activiteiten in het <strong><a href=\"https:\/\/mirabel-campings.com\/nl\/entertainment\/\" data-type=\"page\" data-id=\"216\" target=\"_blank\" rel=\"noreferrer noopener\">club<\/a><a href=\"https:\/\/mirabel-campings.com\/nl\/entertainment\/\" target=\"_blank\" rel=\"noreferrer noopener\">-kinderen<\/a><\/strong>, Tijdens de zomer kunnen tieners nieuwe mensen ontmoeten in het zwembad of op onze sportvelden voor een toernooi. Het is ook een goed moment voor ouders of grootouders om samen een uitstapje te maken en de omgeving van de camping te ontdekken. s Avonds komt het hele animatieteam bij elkaar om je verschillende activiteiten aan te bieden. <strong>familieavonden<\/strong> met spelletjes, shows en themadiners! Samenkomen en het beste delen is ons motto. <strong>Welkom bij Mirabel Camping &amp; Residence.<\/strong><\/p>\n<\/div><figure class=\"wp-block-media-text__media\"><img loading=\"lazy\" decoding=\"async\" width=\"1024\" height=\"768\" src=\"https:\/\/mirabel-campings.com\/wp-content\/uploads\/2023\/04\/vacances-en-famille-animation-1024x768.jpg\" alt=\"levendige avond\" class=\"wp-image-2281 size-full\" srcset=\"https:\/\/mirabel-campings.com\/wp-content\/uploads\/2023\/04\/vacances-en-famille-animation-1024x768.jpg 1024w, https:\/\/mirabel-campings.com\/wp-content\/uploads\/2023\/04\/vacances-en-famille-animation-300x225.jpg 300w, https:\/\/mirabel-campings.com\/wp-content\/uploads\/2023\/04\/vacances-en-famille-animation-768x576.jpg 768w, https:\/\/mirabel-campings.com\/wp-content\/uploads\/2023\/04\/vacances-en-famille-animation.jpg 1200w\" sizes=\"auto, (max-width: 1024px) 100vw, 1024px\" \/><\/figure><\/div>\n\n\n\n<div style=\"height:40px\" aria-hidden=\"true\" class=\"wp-block-spacer\"><\/div>\n\n\n\n<p class=\"has-text-align-center texte-rond has-large-font-size\">Boek je verblijf op onze familiecampings!<\/p>\n\n\n\n<div class=\"wp-block-columns front-page-section grey mb-0 is-layout-flex wp-container-core-columns-is-layout-28f84493 wp-block-columns-is-layout-flex\">\n<div class=\"wp-block-column is-layout-flow wp-block-column-is-layout-flow\"><\/div>\n\n\n\n<div class=\"wp-block-column is-layout-flow wp-block-column-is-layout-flow\">\n<div class=\"wp-block-create-block-sevgutenberg-navigation\"><aside class=\"encart-sev-navigation small carre\"><a href=\"https:\/\/mirabel-campings.com\/nl\/camping-les-4-vaulx\/\" class=\"d-flex flex-column align-items-center\"><div class=\"encart-title\"><span>De 4 Vaulx **<\/span><\/div><div class=\"vague\"><\/div><img decoding=\"async\" src=\"https:\/\/mirabel-campings.com\/wp-content\/uploads\/2022\/04\/4-vaulx.jpg\" alt=\"camping les 4 vaulx Bretagne\"\/><div class=\"ligne\"><\/div><div class=\"hover\"><\/div><\/a><\/aside><\/div>\n<\/div>\n\n\n\n<div class=\"wp-block-column is-layout-flow wp-block-column-is-layout-flow\">\n<div class=\"wp-block-create-block-sevgutenberg-navigation\"><aside class=\"encart-sev-navigation small carre\"><a href=\"https:\/\/mirabel-campings.com\/nl\/camping-la-crique-saint-cast-le-guildo\/\" class=\"d-flex flex-column align-items-center\"><div class=\"encart-title\"><span>La Crique ***<\/span><\/div><div class=\"vague\"><\/div><img decoding=\"async\" src=\"https:\/\/mirabel-campings.com\/wp-content\/uploads\/2022\/04\/camping-crique-fort-lalatte.jpg\" alt=\"camping la crique bretagne\"\/><div class=\"ligne\"><\/div><div class=\"hover\"><\/div><\/a><\/aside><\/div>\n<\/div>\n\n\n\n<div class=\"wp-block-column is-layout-flow wp-block-column-is-layout-flow\">\n<div class=\"wp-block-create-block-sevgutenberg-navigation\"><aside class=\"encart-sev-navigation small carre\"><a href=\"https:\/\/mirabel-campings.com\/nl\/camping-le-clos-tranquille-saint-cast-le-guildo\/\" class=\"d-flex flex-column align-items-center\"><div class=\"encart-title\"><span>Le Clos Tranquille **<\/span><\/div><div class=\"vague\"><\/div><img decoding=\"async\" src=\"https:\/\/mirabel-campings.com\/wp-content\/uploads\/2022\/04\/20210717_184642.jpg\" alt=\"rustig gelegen\"\/><div class=\"ligne\"><\/div><div class=\"hover\"><\/div><\/a><\/aside><\/div>\n<\/div>\n\n\n\n<div class=\"wp-block-column is-layout-flow wp-block-column-is-layout-flow\">\n<div class=\"wp-block-create-block-sevgutenberg-navigation\"><aside class=\"encart-sev-navigation small carre\"><a href=\"https:\/\/mirabel-campings.com\/nl\/camping-les-mielles-saint-cast-le-guildo\/\" class=\"d-flex flex-column align-items-center\"><div class=\"encart-title\"><span>Les Mielles ****<\/span><\/div><div class=\"vague\"><\/div><img decoding=\"async\" src=\"https:\/\/mirabel-campings.com\/wp-content\/uploads\/2022\/04\/DSCN6689.jpg\" alt=\"Les Mielles\"\/><div class=\"ligne\"><\/div><div class=\"hover\"><\/div><\/a><\/aside><\/div>\n<\/div>\n\n\n\n<div class=\"wp-block-column is-layout-flow wp-block-column-is-layout-flow\"><\/div>\n<\/div>\n\n\n\n<div class=\"wp-block-columns front-page-section grey pt-0 is-layout-flex wp-container-core-columns-is-layout-28f84493 wp-block-columns-is-layout-flex\">\n<div class=\"wp-block-column is-layout-flow wp-block-column-is-layout-flow\"><\/div>\n\n\n\n<div class=\"wp-block-column is-layout-flow wp-block-column-is-layout-flow\">\n<div class=\"wp-block-create-block-sevgutenberg-navigation\"><aside class=\"encart-sev-navigation small carre\"><a href=\"https:\/\/mirabel-campings.com\/nl\/camping-la-baie-de-cayola-les-sables-dolonne\/\" class=\"d-flex flex-column align-items-center\"><div class=\"encart-title\"><span>Cayola Bay ****<\/span><\/div><div class=\"vague\"><\/div><img decoding=\"async\" src=\"https:\/\/mirabel-campings.com\/wp-content\/uploads\/2022\/04\/VUE_MER1_CAYOLA.jpg\" alt=\"camping la baie de cayola in les sables d&#039;olonne\"\/><div class=\"ligne\"><\/div><div class=\"hover\"><\/div><\/a><\/aside><\/div>\n<\/div>\n\n\n\n<div class=\"wp-block-column is-layout-flow wp-block-column-is-layout-flow\">\n<div class=\"wp-block-create-block-sevgutenberg-navigation\"><aside class=\"encart-sev-navigation small carre\"><a href=\"https:\/\/mirabel-campings.com\/nl\/camping-la-renaudiere-pornic\/\" class=\"d-flex flex-column align-items-center\"><div class=\"encart-title\"><span>La Renaudi\u00e8re ****<\/span><\/div><div class=\"vague\"><\/div><img decoding=\"async\" src=\"https:\/\/mirabel-campings.com\/wp-content\/uploads\/2022\/04\/Home-page-piscine-2000px.jpg\" alt=\"camping la renaudi\u00e8re loire\"\/><div class=\"ligne\"><\/div><div class=\"hover\"><\/div><\/a><\/aside><\/div>\n<\/div>\n\n\n\n<div class=\"wp-block-column is-layout-flow wp-block-column-is-layout-flow\">\n<div class=\"wp-block-create-block-sevgutenberg-navigation\"><aside class=\"encart-sev-navigation small carre\"><a href=\"https:\/\/mirabel-campings.com\/nl\/camping-les-prairies-de-la-mer-ouistreham\/\" class=\"d-flex flex-column align-items-center\"><div class=\"encart-title\"><span>Les Prairies de la Mer ****<\/span><\/div><div class=\"vague\"><\/div><img decoding=\"async\" src=\"https:\/\/mirabel-campings.com\/wp-content\/uploads\/2022\/04\/piscine-transat-ouistreham-camping.jpg\" alt=\"Weiden aan zee\"\/><div class=\"ligne\"><\/div><div class=\"hover\"><\/div><\/a><\/aside><\/div>\n<\/div>\n\n\n\n<div class=\"wp-block-column is-layout-flow wp-block-column-is-layout-flow\">\n<div class=\"wp-block-create-block-sevgutenberg-navigation\"><aside class=\"encart-sev-navigation small carre\"><a href=\"https:\/\/mirabel-campings.com\/nl\/page-camping\/\" class=\"d-flex flex-column align-items-center\"><div class=\"encart-title\"><span>L'Ermitage ***<\/span><\/div><div class=\"vague\"><\/div><img decoding=\"async\" src=\"https:\/\/mirabel-campings.com\/wp-content\/uploads\/2025\/03\/header-camping-ermitage-donville.png\" alt=\"kop camping ermitage donville manche\"\/><div class=\"ligne\"><\/div><div class=\"hover\"><\/div><\/a><\/aside><\/div>\n<\/div>\n\n\n\n<div class=\"wp-block-column is-layout-flow wp-block-column-is-layout-flow\"><\/div>\n<\/div>","protected":false},"excerpt":{"rendered":"<p>Vos vacances en famille dans nos Campings &amp; R\u00e9sidences Mirabel Nos campings familiaux, r\u00e9servez votre s\u00e9jour !<\/p>","protected":false},"author":1,"featured_media":0,"parent":1901,"menu_order":0,"comment_status":"closed","ping_status":"closed","template":"","meta":{"_seopress_robots_primary_cat":"","_seopress_titles_title":"Vacances en famille | MIRABEL Campings & R\u00e9sidences","_seopress_titles_desc":"Choissisez l'un de nos 8 campings en Bretagne, Normandie ou Pays de la Loire pour vous ressourcer avec vos proches","_seopress_robots_index":"","footnotes":""},"class_list":["post-1859","page","type-page","status-publish","hentry"],"_links":{"self":[{"href":"https:\/\/mirabel-campings.com\/nl\/wp-json\/wp\/v2\/pages\/1859","targetHints":{"allow":["GET"]}}],"collection":[{"href":"https:\/\/mirabel-campings.com\/nl\/wp-json\/wp\/v2\/pages"}],"about":[{"href":"https:\/\/mirabel-campings.com\/nl\/wp-json\/wp\/v2\/types\/page"}],"author":[{"embeddable":true,"href":"https:\/\/mirabel-campings.com\/nl\/wp-json\/wp\/v2\/users\/1"}],"replies":[{"embeddable":true,"href":"https:\/\/mirabel-campings.com\/nl\/wp-json\/wp\/v2\/comments?post=1859"}],"version-history":[{"count":24,"href":"https:\/\/mirabel-campings.com\/nl\/wp-json\/wp\/v2\/pages\/1859\/revisions"}],"predecessor-version":[{"id":10918,"href":"https:\/\/mirabel-campings.com\/nl\/wp-json\/wp\/v2\/pages\/1859\/revisions\/10918"}],"up":[{"embeddable":true,"href":"https:\/\/mirabel-campings.com\/nl\/wp-json\/wp\/v2\/pages\/1901"}],"wp:attachment":[{"href":"https:\/\/mirabel-campings.com\/nl\/wp-json\/wp\/v2\/media?parent=1859"}],"curies":[{"name":"wp","href":"https:\/\/api.w.org\/{rel}","templated":true}]}}