{"id":1910,"date":"2022-04-20T16:04:46","date_gmt":"2022-04-20T14:04:46","guid":{"rendered":"https:\/\/mirabel-campings.com\/?page_id=1910"},"modified":"2023-12-06T11:10:37","modified_gmt":"2023-12-06T10:10:37","slug":"campings-met-zwemparadijs","status":"publish","type":"page","link":"https:\/\/mirabel-campings.com\/nl\/idees-vacances\/campings-avec-espace-aquatique\/","title":{"rendered":"Campings met zwembad"},"content":{"rendered":"<h1 class=\"wp-block-heading\">Ga voor een watervakantie op een van onze 4-sterrencampings<\/h1>\n\n\n\n<div class=\"wp-block-media-text alignwide has-media-on-the-right is-stacked-on-mobile animate\"><div class=\"wp-block-media-text__content\">\n<h2 class=\"wp-block-heading\">Profiteer van de zwembaden op onze Mirabel campings<\/h2>\n\n\n\n<p>Boek voor uw volgende weekend of vakantie een verblijf op een van onze campings met <strong>verwarmd zwembad<\/strong>. In onze westelijke regio's zijn grote <strong>overdekte zwembaden<\/strong> en buitenruimtes wachten op je om plezier te maken met je vrienden!<\/p>\n\n\n\n<h2 class=\"wp-block-heading texte-rond has-corail-color has-text-color has-link-color has-large-font-size wp-elements-c923321f9255d51dd46f990f8ec380fc\">Veel plezier in het water!<\/h2>\n\n\n\n<figure class=\"wp-block-image size-full\"><img loading=\"lazy\" decoding=\"async\" width=\"50\" height=\"8\" src=\"https:\/\/mirabel-campings.com\/wp-content\/uploads\/2022\/05\/barre-bleue.png\" alt=\"\" class=\"wp-image-3044\"\/><\/figure>\n\n\n\n<figure class=\"wp-block-image alignright size-full is-resized\"><img loading=\"lazy\" decoding=\"async\" width=\"283\" height=\"300\" src=\"https:\/\/mirabel-campings.com\/wp-content\/uploads\/2022\/05\/transat-283x300-1.png\" alt=\"\" class=\"wp-image-3088\" style=\"width:71px;height:75px\"\/><\/figure>\n\n\n\n<p>Ben je het ermee eens dat vakantie draait om rust en plezier? Wat is er dan beter dan zonnebaden bij het zwembad terwijl je in een van onze <strong>Campings Mirabel<\/strong>&nbsp;! De \u00abstranden\u00bb zijn zo ingericht dat iedereen een oogje op de kinderen kan houden, een boek kan lezen of gewoon kan ontspannen. <strong>relax<\/strong> op de ligstoelen rond het water.<\/p>\n<\/div><figure class=\"wp-block-media-text__media\"><img loading=\"lazy\" decoding=\"async\" width=\"1024\" height=\"683\" src=\"https:\/\/mirabel-campings.com\/wp-content\/uploads\/2023\/04\/vacances-piscine-camping-1024x683.jpg\" alt=\"Camping watergebied\" class=\"wp-image-2271 size-full\" srcset=\"https:\/\/mirabel-campings.com\/wp-content\/uploads\/2023\/04\/vacances-piscine-camping-1024x683.jpg 1024w, https:\/\/mirabel-campings.com\/wp-content\/uploads\/2023\/04\/vacances-piscine-camping-300x200.jpg 300w, https:\/\/mirabel-campings.com\/wp-content\/uploads\/2023\/04\/vacances-piscine-camping-768x512.jpg 768w, https:\/\/mirabel-campings.com\/wp-content\/uploads\/2023\/04\/vacances-piscine-camping.jpg 1200w\" sizes=\"auto, (max-width: 1024px) 100vw, 1024px\" \/><\/figure><\/div>\n\n\n\n<div style=\"height:20px\" aria-hidden=\"true\" class=\"wp-block-spacer\"><\/div>\n\n\n\n<div class=\"wp-block-media-text alignwide is-stacked-on-mobile is-image-fill front-page-section grey\"><figure class=\"wp-block-media-text__media\" style=\"background-image:url(https:\/\/mirabel-campings.com\/wp-content\/uploads\/2023\/04\/camping-zen-jacuzzi-1024x575.jpg);background-position:65% 62%\"><img loading=\"lazy\" decoding=\"async\" width=\"1024\" height=\"575\" src=\"https:\/\/mirabel-campings.com\/wp-content\/uploads\/2023\/04\/camping-zen-jacuzzi-1024x575.jpg\" alt=\"ontspannen bij het zwembad\" class=\"wp-image-2345 size-full\" srcset=\"https:\/\/mirabel-campings.com\/wp-content\/uploads\/2023\/04\/camping-zen-jacuzzi-1024x575.jpg 1024w, https:\/\/mirabel-campings.com\/wp-content\/uploads\/2023\/04\/camping-zen-jacuzzi-300x169.jpg 300w, https:\/\/mirabel-campings.com\/wp-content\/uploads\/2023\/04\/camping-zen-jacuzzi-768x431.jpg 768w, https:\/\/mirabel-campings.com\/wp-content\/uploads\/2023\/04\/camping-zen-jacuzzi.jpg 1200w\" sizes=\"auto, (max-width: 1024px) 100vw, 1024px\" \/><\/figure><div class=\"wp-block-media-text__content\">\n<h2 class=\"wp-block-heading\">Onze 4-sterren verwarmde zwembaden!<\/h2>\n\n\n\n<p>Of het nu regent, waait of sneeuwt (nou ja, misschien niet sneeuwt... maar toch!) je kunt altijd genieten van onze verwarmde binnen- en buitenzwembaden. Ongeveer <strong>28\u00b0 in water<\/strong> voor een echt moment van plezier.<\/p>\n\n\n\n<p>De <strong>overdekte zwembaden<\/strong> open tijdens de paasvakantie. Als het weer het toelaat, openen ze hun deuren tijdens de zomermaanden om te genieten van de zon.  In La Renaudi\u00e8re (44), Cayola (85) en Prairies de la Mer (14) kun je ook tijd voor jezelf nemen in onze <strong><a href=\"https:\/\/mirabel-campings.com\/nl\/waterpark\/\" data-type=\"page\" data-id=\"9\">Jacuzzi's en bubbelbaden<\/a><\/strong>.<\/p>\n\n\n\n<figure class=\"wp-block-image alignleft size-full is-resized\"><img loading=\"lazy\" decoding=\"async\" width=\"300\" height=\"214\" src=\"https:\/\/mirabel-campings.com\/wp-content\/uploads\/2022\/05\/tong-1-300x214-1.png\" alt=\"\" class=\"wp-image-3085\" style=\"width:75px;height:54px\"\/><\/figure>\n\n\n\n<p>Van mei-juni is de <strong>buitenzwembaden zijn toegankelijk voor iedereen<\/strong>.&nbsp; <strong>Pierenbadje,<\/strong> speelruimte voor kinderen, <strong>groot bassin<\/strong>, Er is een veilige plek voor iedereen om te zwemmen. Het enige wat je hoeft te doen is genieten! <\/p>\n<\/div><\/div>\n\n\n\n<div style=\"height:20px\" aria-hidden=\"true\" class=\"wp-block-spacer\"><\/div>\n\n\n\n<div class=\"wp-block-media-text alignwide has-media-on-the-right is-stacked-on-mobile\"><div class=\"wp-block-media-text__content\">\n<p class=\"texte-rond has-corail-color has-text-color has-large-font-size\">Voor meer plezier: ga naar de glijbanen<\/p>\n\n\n\n<p>We weten dat velen van jullie <strong>liefdessensaties<\/strong> en plezier! Je zult het dus geweldig vinden om onze verschillende tracks uit te proberen! <strong>Spiraalvormige geleiders<\/strong> voor degenen die graag over en weer rollen zonder te weten waar ze moeten landen, of de <strong>aqua rem afdaling<\/strong>, om snelheid te maken en te racen met je vrienden!  Van <strong>kleine dia's<\/strong> zijn ook ge\u00efnstalleerd in de buurt van de peuterbaden zodat peuters kunnen genieten van een veilige glijbaan.<\/p>\n\n\n\n<p>Het beste aan onze glijbanen is dat ze allemaal in \u00e9\u00e9n bad landen, zodat zwemmers in de grotere baden er in alle rust van kunnen genieten.<\/p>\n\n\n\n<figure class=\"wp-block-image aligncenter size-full is-resized\"><img loading=\"lazy\" decoding=\"async\" width=\"320\" height=\"216\" src=\"https:\/\/mirabel-campings.com\/wp-content\/uploads\/2022\/04\/eclaboussure.png\" alt=\"aquatisch\" class=\"wp-image-269\" style=\"width:160px;height:108px\" srcset=\"https:\/\/mirabel-campings.com\/wp-content\/uploads\/2022\/04\/eclaboussure.png 320w, https:\/\/mirabel-campings.com\/wp-content\/uploads\/2022\/04\/eclaboussure-300x203.png 300w\" sizes=\"auto, (max-width: 320px) 100vw, 320px\" \/><\/figure>\n<\/div><figure class=\"wp-block-media-text__media\"><img loading=\"lazy\" decoding=\"async\" width=\"600\" height=\"400\" src=\"https:\/\/mirabel-campings.com\/wp-content\/uploads\/2023\/12\/piscine-toboggan-amusement-camping.jpg\" alt=\"zwembad met glijbaan 4-sterren campings mirabel\" class=\"wp-image-7859 size-full\" srcset=\"https:\/\/mirabel-campings.com\/wp-content\/uploads\/2023\/12\/piscine-toboggan-amusement-camping.jpg 600w, https:\/\/mirabel-campings.com\/wp-content\/uploads\/2023\/12\/piscine-toboggan-amusement-camping-300x200.jpg 300w\" sizes=\"auto, (max-width: 600px) 100vw, 600px\" \/><\/figure><\/div>\n\n\n\n<div style=\"height:20px\" aria-hidden=\"true\" class=\"wp-block-spacer\"><\/div>\n\n\n\n<p class=\"has-text-align-center texte-rond has-large-font-size\">Boek uw verblijf op onze campings met zwembad!<\/p>\n\n\n\n<div class=\"wp-block-columns front-page-section grey is-layout-flex wp-container-core-columns-is-layout-28f84493 wp-block-columns-is-layout-flex\">\n<div class=\"wp-block-column is-layout-flow wp-block-column-is-layout-flow\"><\/div>\n\n\n\n<div class=\"wp-block-column is-layout-flow wp-block-column-is-layout-flow\">\n<div class=\"wp-block-create-block-sevgutenberg-navigation\"><aside class=\"encart-sev-navigation small carre\"><a href=\"https:\/\/mirabel-campings.com\/nl\/camping-les-mielles-saint-cast-le-guildo\/\" class=\"d-flex flex-column align-items-center\"><div class=\"encart-title\"><span>Les Mielles ****<\/span><\/div><div class=\"vague\"><\/div><img decoding=\"async\" src=\"https:\/\/mirabel-campings.com\/wp-content\/uploads\/2022\/04\/DSCN6689.jpg\" alt=\"Les Mielles\"\/><div class=\"ligne\"><\/div><div class=\"hover\"><\/div><\/a><\/aside><\/div>\n<\/div>\n\n\n\n<div class=\"wp-block-column is-layout-flow wp-block-column-is-layout-flow\">\n<div class=\"wp-block-create-block-sevgutenberg-navigation\"><aside class=\"encart-sev-navigation small carre\"><a href=\"https:\/\/mirabel-campings.com\/nl\/camping-les-prairies-de-la-mer-ouistreham\/\" class=\"d-flex flex-column align-items-center\"><div class=\"encart-title\"><span>Les Prairies de la Mer ****<\/span><\/div><div class=\"vague\"><\/div><img decoding=\"async\" src=\"https:\/\/mirabel-campings.com\/wp-content\/uploads\/2022\/04\/piscine-transat-ouistreham-camping.jpg\" alt=\"Weiden aan zee\"\/><div class=\"ligne\"><\/div><div class=\"hover\"><\/div><\/a><\/aside><\/div>\n<\/div>\n\n\n\n<div class=\"wp-block-column is-layout-flow wp-block-column-is-layout-flow\">\n<div class=\"wp-block-create-block-sevgutenberg-navigation\"><aside class=\"encart-sev-navigation small carre\"><a href=\"https:\/\/mirabel-campings.com\/nl\/camping-la-renaudiere-pornic\/\" class=\"d-flex flex-column align-items-center\"><div class=\"encart-title\"><span>La Renaudi\u00e8re ****<\/span><\/div><div class=\"vague\"><\/div><img decoding=\"async\" src=\"https:\/\/mirabel-campings.com\/wp-content\/uploads\/2022\/04\/Home-page-piscine-2000px.jpg\" alt=\"camping la renaudi\u00e8re loire\"\/><div class=\"ligne\"><\/div><div class=\"hover\"><\/div><\/a><\/aside><\/div>\n<\/div>\n\n\n\n<div class=\"wp-block-column is-layout-flow wp-block-column-is-layout-flow\">\n<div class=\"wp-block-create-block-sevgutenberg-navigation\"><aside class=\"encart-sev-navigation small carre\"><a href=\"https:\/\/mirabel-campings.com\/nl\/camping-la-baie-de-cayola-les-sables-dolonne\/\" class=\"d-flex flex-column align-items-center\"><div class=\"encart-title\"><span>Cayola Bay ****<\/span><\/div><div class=\"vague\"><\/div><img decoding=\"async\" src=\"https:\/\/mirabel-campings.com\/wp-content\/uploads\/2022\/04\/VUE_MER1_CAYOLA.jpg\" alt=\"camping la baie de cayola in les sables d&#039;olonne\"\/><div class=\"ligne\"><\/div><div class=\"hover\"><\/div><\/a><\/aside><\/div>\n<\/div>\n\n\n\n<div class=\"wp-block-column is-layout-flow wp-block-column-is-layout-flow\"><\/div>\n<\/div>","protected":false},"excerpt":{"rendered":"<p>Cap sur des vacances aquatiques dans nos campings 4 \u00e9toiles Nos campings avec piscine, r\u00e9servez votre s\u00e9jour !<\/p>","protected":false},"author":1,"featured_media":0,"parent":1901,"menu_order":0,"comment_status":"closed","ping_status":"closed","template":"","meta":{"_seopress_robots_primary_cat":"","_seopress_titles_title":"Campings avec piscine chauff\u00e9e | Mirabel Campings &amp; R\u00e9sidences","_seopress_titles_desc":"D\u00e9couvrez nos 4 campings avec piscine chauff\u00e9e en Bretagne, Normandie et Pays de la Loire","_seopress_robots_index":"","footnotes":""},"class_list":["post-1910","page","type-page","status-publish","hentry"],"_links":{"self":[{"href":"https:\/\/mirabel-campings.com\/nl\/wp-json\/wp\/v2\/pages\/1910","targetHints":{"allow":["GET"]}}],"collection":[{"href":"https:\/\/mirabel-campings.com\/nl\/wp-json\/wp\/v2\/pages"}],"about":[{"href":"https:\/\/mirabel-campings.com\/nl\/wp-json\/wp\/v2\/types\/page"}],"author":[{"embeddable":true,"href":"https:\/\/mirabel-campings.com\/nl\/wp-json\/wp\/v2\/users\/1"}],"replies":[{"embeddable":true,"href":"https:\/\/mirabel-campings.com\/nl\/wp-json\/wp\/v2\/comments?post=1910"}],"version-history":[{"count":29,"href":"https:\/\/mirabel-campings.com\/nl\/wp-json\/wp\/v2\/pages\/1910\/revisions"}],"predecessor-version":[{"id":7926,"href":"https:\/\/mirabel-campings.com\/nl\/wp-json\/wp\/v2\/pages\/1910\/revisions\/7926"}],"up":[{"embeddable":true,"href":"https:\/\/mirabel-campings.com\/nl\/wp-json\/wp\/v2\/pages\/1901"}],"wp:attachment":[{"href":"https:\/\/mirabel-campings.com\/nl\/wp-json\/wp\/v2\/media?parent=1910"}],"curies":[{"name":"wp","href":"https:\/\/api.w.org\/{rel}","templated":true}]}}