{"id":362,"date":"2022-04-14T11:52:51","date_gmt":"2022-04-14T09:52:51","guid":{"rendered":"https:\/\/mirabel-campings.com\/?page_id=362"},"modified":"2025-11-07T16:37:51","modified_gmt":"2025-11-07T15:37:51","slug":"camping-le-clos-tranquille-saint-cast-le-guildo","status":"publish","type":"page","link":"https:\/\/mirabel-campings.com\/nl\/camping-le-clos-tranquille-saint-cast-le-guildo\/","title":{"rendered":"Camping Le Clos Tranquille"},"content":{"rendered":"<div class=\"wp-block-sev-precontent alignfull\"><img decoding=\"async\" class=\"wp-block-sev-precontent-photo\" src=\"https:\/\/mirabel-campings.com\/wp-content\/uploads\/2023\/04\/header-emplacement.jpg\" alt=\"\"\/><img decoding=\"async\" class=\"wp-block-sev-precontent-logo\" src=\"https:\/\/mirabel-campings.com\/wp-content\/uploads\/2022\/05\/LOGO-Clos-blancombre-1.png\" alt=\"\"\/><div class=\"wp-block-sev-precontent-bottom\"><div class=\"wp-block-sev-precontent-text\">Kom nieuwe energie opdoen in een natuurlijke omgeving!<\/div><div class=\"wp-block-sev-precontent-image\"><img decoding=\"async\" src=\"https:\/\/mirabel-campings.com\/wp-content\/uploads\/2022\/04\/carte-mielles.png\" alt=\"\"\/><\/div><div class=\"wp-block-sev-precontent-reviews\"><ctv-reviews data-modal-position=\"bottom\" data-small=\"true\" data-id=\"5412\"><\/ctv-reviews><\/div><\/div><\/div>\n\n\n<ol class=\"breadcrumb breadcrumb--shortcode\">\n\t<li class=\"breadcrumb-item\"><a href=\"https:\/\/mirabel-campings.com\/nl\">Home<\/a><\/li>\n\n\t\n\t\t\t<li class=\"breadcrumb-item\"><a href=\"https:\/\/mirabel-campings.com\/nl\/nos-destinations\/\">Onze bestemmingen<\/a><\/li><li class=\"breadcrumb-item\"><a href=\"https:\/\/mirabel-campings.com\/nl\/bretagne\/\">Bretagne<\/a><\/li>\n\t\n\n\t\n\t\t\n\t\t\t\t\t<li class=\"breadcrumb-item active\"><a href=\"https:\/\/mirabel-campings.com\/nl\/camping-le-clos-tranquille-saint-cast-le-guildo\/\">Le Clos Tranquille<\/a><\/li>\n\t\t\n\t<\/ol>\n\n\n\n<h1 class=\"wp-block-heading\">Camping Mirabel Le Clos Tranquille tussen zee en platteland in Saint-Cast-le-Guildo<\/h1>\n\n\n\n<div class=\"wp-block-columns sev-campings-pictos is-layout-flex wp-container-core-columns-is-layout-28f84493 wp-block-columns-is-layout-flex\">\n<div class=\"wp-block-column is-layout-flow wp-block-column-is-layout-flow\"><\/div>\n\n\n\n<div class=\"wp-block-column is-layout-flow wp-block-column-is-layout-flow\">\n<figure class=\"wp-block-image aligncenter size-full is-resized\"><img loading=\"lazy\" decoding=\"async\" width=\"200\" height=\"200\" src=\"https:\/\/mirabel-campings.com\/wp-content\/uploads\/2022\/04\/Picto-Plage-cercle.png\" alt=\"strandkamperen\" class=\"wp-image-1248\" style=\"object-fit:contain;width:100px;height:100px\" srcset=\"https:\/\/mirabel-campings.com\/wp-content\/uploads\/2022\/04\/Picto-Plage-cercle.png 200w, https:\/\/mirabel-campings.com\/wp-content\/uploads\/2022\/04\/Picto-Plage-cercle-150x150.png 150w\" sizes=\"auto, (max-width: 200px) 100vw, 200px\" \/><\/figure>\n\n\n\n<p class=\"has-text-align-center has-medium-font-size\">Strand op 800m<\/p>\n<\/div>\n\n\n\n<div class=\"wp-block-column is-layout-flow wp-block-column-is-layout-flow\">\n<figure class=\"wp-block-image aligncenter size-full is-resized\"><img loading=\"lazy\" decoding=\"async\" width=\"200\" height=\"200\" src=\"https:\/\/mirabel-campings.com\/wp-content\/uploads\/2022\/04\/Picto-Nature-cercle.png\" alt=\"natuurcamping\" class=\"wp-image-1239\" style=\"object-fit:contain;width:100px;height:100px\" srcset=\"https:\/\/mirabel-campings.com\/wp-content\/uploads\/2022\/04\/Picto-Nature-cercle.png 200w, https:\/\/mirabel-campings.com\/wp-content\/uploads\/2022\/04\/Picto-Nature-cercle-150x150.png 150w\" sizes=\"auto, (max-width: 200px) 100vw, 200px\" \/><\/figure>\n\n\n\n<p class=\"has-text-align-center has-medium-font-size\">Volledige aard<\/p>\n<\/div>\n\n\n\n<div class=\"wp-block-column is-layout-flow wp-block-column-is-layout-flow\">\n<figure class=\"wp-block-image aligncenter size-full is-resized\"><img loading=\"lazy\" decoding=\"async\" width=\"200\" height=\"200\" src=\"https:\/\/mirabel-campings.com\/wp-content\/uploads\/2022\/04\/Picto-Rando-cercle.png\" alt=\"wandelroutes\" class=\"wp-image-1251\" style=\"object-fit:contain;width:100px;height:100px\" srcset=\"https:\/\/mirabel-campings.com\/wp-content\/uploads\/2022\/04\/Picto-Rando-cercle.png 200w, https:\/\/mirabel-campings.com\/wp-content\/uploads\/2022\/04\/Picto-Rando-cercle-150x150.png 150w\" sizes=\"auto, (max-width: 200px) 100vw, 200px\" \/><\/figure>\n\n\n\n<p class=\"has-text-align-center has-medium-font-size\">Spotlight op wandelen<\/p>\n<\/div>\n\n\n\n<div class=\"wp-block-column is-layout-flow wp-block-column-is-layout-flow\">\n<figure class=\"wp-block-image aligncenter size-full is-resized\"><img loading=\"lazy\" decoding=\"async\" width=\"200\" height=\"200\" src=\"https:\/\/mirabel-campings.com\/wp-content\/uploads\/2022\/04\/Picto-Enfant-cercle.png\" alt=\"kinderclub\" class=\"wp-image-1236\" style=\"object-fit:contain;width:100px;height:100px\" srcset=\"https:\/\/mirabel-campings.com\/wp-content\/uploads\/2022\/04\/Picto-Enfant-cercle.png 200w, https:\/\/mirabel-campings.com\/wp-content\/uploads\/2022\/04\/Picto-Enfant-cercle-150x150.png 150w\" sizes=\"auto, (max-width: 200px) 100vw, 200px\" \/><\/figure>\n\n\n\n<p class=\"has-text-align-center has-medium-font-size\">Speeltuinen<\/p>\n<\/div>\n\n\n\n<div class=\"wp-block-column is-layout-flow wp-block-column-is-layout-flow\"><\/div>\n<\/div>\n\n\n\n<div class=\"wp-block-columns m-4 is-layout-flex wp-container-core-columns-is-layout-28f84493 wp-block-columns-is-layout-flex\">\n<div class=\"wp-block-column m-4 is-layout-flow wp-block-column-is-layout-flow\">\n<h2 class=\"wp-block-heading\">Een rustige vakantie midden in de natuur op onze 2-sterrencamping in C\u00f4tes d'Armor<\/h2>\n\n\n\n<figure class=\"wp-block-image size-full\"><img loading=\"lazy\" decoding=\"async\" width=\"50\" height=\"8\" src=\"https:\/\/mirabel-campings.com\/wp-content\/uploads\/2022\/05\/barre-bleue.png\" alt=\"\" class=\"wp-image-3044\"\/><\/figure>\n\n\n\n<p>Droom je van een vakantie of weekend op het platteland aan zee? Ontdek onze <strong>grote plaatsen<\/strong> van <strong>Camping Mirabel Le Clos Tranquille<\/strong> tijdens uw volgende verblijf in de <strong>Pantserkust<\/strong>.<\/p>\n\n\n\n<p>Hier kun je je vermaken in een <strong>een ontspannen en vriendelijke omgeving <\/strong>met een speeltuin voor kinderen, een multisportterrein en een bowlingbaan voor oudere kinderen. Weg van de hoofdwegen kun je hier in alle rust van je gezin genieten. <strong>ontkoppeling.<\/strong><\/p>\n<\/div>\n\n\n\n<div class=\"wp-block-column is-layout-flow wp-block-column-is-layout-flow\">\n<div class=\"wp-block-group card  card-body has-white-color has-bleu-background-color has-text-color has-background is-layout-flow wp-block-group-is-layout-flow\">\n<p class=\"texte-rond card-title has-large-font-size\">Praktische informatie<br><img loading=\"lazy\" decoding=\"async\" width=\"54\" height=\"2\" class=\"wp-image-1270\" style=\"width: 54px;\" src=\"https:\/\/mirabel-campings.com\/wp-content\/uploads\/2022\/04\/barre-orange-longue.png\" alt=\"\"><\/p>\n\n\n\n<div class=\"wp-block-columns is-layout-flex wp-container-core-columns-is-layout-28f84493 wp-block-columns-is-layout-flex\">\n<div class=\"wp-block-column is-vertically-aligned-center is-layout-flow wp-block-column-is-layout-flow\" style=\"flex-basis:25px\">\n<figure class=\"wp-block-image size-full is-resized\"><img loading=\"lazy\" decoding=\"async\" width=\"100\" height=\"100\" src=\"https:\/\/mirabel-campings.com\/wp-content\/uploads\/2022\/04\/ouverture.png\" alt=\"opening camping\" class=\"wp-image-1273\" style=\"width:25px;height:25px\"\/><\/figure>\n<\/div>\n\n\n\n<div class=\"wp-block-column is-vertically-aligned-center is-layout-flow wp-block-column-is-layout-flow\">\n<p>Geopend van 15 maart tot 15 november voor bewoners en van mei tot eind september voor verhuur en staanplaatsen.<\/p>\n<\/div>\n<\/div>\n\n\n\n<div style=\"height:20px\" aria-hidden=\"true\" class=\"wp-block-spacer\"><\/div>\n\n\n\n<div class=\"wp-block-columns are-vertically-aligned-center mt-0 is-layout-flex wp-container-core-columns-is-layout-28f84493 wp-block-columns-is-layout-flex\">\n<div class=\"wp-block-column is-vertically-aligned-center is-layout-flow wp-block-column-is-layout-flow\" style=\"flex-basis:25px\">\n<figure class=\"wp-block-image size-full is-resized\"><img loading=\"lazy\" decoding=\"async\" width=\"100\" height=\"79\" src=\"https:\/\/mirabel-campings.com\/wp-content\/uploads\/2022\/04\/locatifs.png\" alt=\"camping verhuur\" class=\"wp-image-1276\" style=\"width:25px;height:20px\"\/><\/figure>\n<\/div>\n\n\n\n<div class=\"wp-block-column is-vertically-aligned-center is-layout-flow wp-block-column-is-layout-flow\">\n<p>74 standplaatsen waaronder 33 kale standplaatsen<br><a href=\"https:\/\/www.mirabel-clostranquille.com\/plan-du-camping\/\" target=\"_blank\" rel=\"noreferrer noopener\">Camping kaart<\/a><\/p>\n<\/div>\n<\/div>\n\n\n\n<div style=\"height:20px\" aria-hidden=\"true\" class=\"wp-block-spacer\"><\/div>\n\n\n\n<div class=\"wp-block-columns are-vertically-aligned-center mt-0 is-layout-flex wp-container-core-columns-is-layout-28f84493 wp-block-columns-is-layout-flex\">\n<div class=\"wp-block-column is-vertically-aligned-center is-layout-flow wp-block-column-is-layout-flow\" style=\"flex-basis:25px\">\n<figure class=\"wp-block-image size-full\"><img loading=\"lazy\" decoding=\"async\" width=\"100\" height=\"135\" src=\"https:\/\/mirabel-campings.com\/wp-content\/uploads\/2022\/04\/situation.png\" alt=\"ligging camping\" class=\"wp-image-1279\"\/><\/figure>\n<\/div>\n\n\n\n<div class=\"wp-block-column is-vertically-aligned-center is-layout-flow wp-block-column-is-layout-flow\">\n<p>12, rue Guy Homery, La Goudeoir<br>22380 SAINT CAST LE GUILDO<br><a href=\"https:\/\/www.mirabel-clostranquille.com\/acces-camping-saint-cast-le-guildo\/\" target=\"_blank\" rel=\"noreferrer noopener\">Hoe u ons kunt vinden<\/a><\/p>\n<\/div>\n<\/div>\n\n\n\n<p class=\"mr-4 has-white-background-color has-background\" style=\"font-size:0.6px\"><\/p>\n\n\n\n<div class=\"wp-block-columns are-vertically-aligned-center is-layout-flex wp-container-core-columns-is-layout-28f84493 wp-block-columns-is-layout-flex\">\n<div class=\"wp-block-column is-vertically-aligned-center is-layout-flow wp-block-column-is-layout-flow\" style=\"flex-basis:25px\">\n<figure class=\"wp-block-image size-full\"><img loading=\"lazy\" decoding=\"async\" width=\"100\" height=\"102\" src=\"https:\/\/mirabel-campings.com\/wp-content\/uploads\/2022\/04\/email.png\" alt=\"e-mail\" class=\"wp-image-1282\"\/><\/figure>\n<\/div>\n\n\n\n<div class=\"wp-block-column is-vertically-aligned-center is-layout-flow wp-block-column-is-layout-flow\">\n<p class=\"ga-clic-clos-email\"><a href=\"mailto:clos@mirabel-campings.com\" target=\"_blank\" rel=\"noreferrer noopener\">clos@mirabel-campings.com<\/a><\/p>\n<\/div>\n<\/div>\n\n\n\n<div style=\"height:20px\" aria-hidden=\"true\" class=\"wp-block-spacer\"><\/div>\n\n\n\n<div class=\"wp-block-columns are-vertically-aligned-center mt-0 is-layout-flex wp-container-core-columns-is-layout-28f84493 wp-block-columns-is-layout-flex\">\n<div class=\"wp-block-column is-vertically-aligned-center is-layout-flow wp-block-column-is-layout-flow\" style=\"flex-basis:25px\">\n<figure class=\"wp-block-image size-full is-resized\"><img loading=\"lazy\" decoding=\"async\" width=\"100\" height=\"99\" src=\"https:\/\/mirabel-campings.com\/wp-content\/uploads\/2022\/04\/telephone.png\" alt=\"telefoon\" class=\"wp-image-1285\" style=\"width:25px;height:25px\"\/><\/figure>\n<\/div>\n\n\n\n<div class=\"wp-block-column is-vertically-aligned-center is-layout-flow wp-block-column-is-layout-flow\">\n<p class=\"ga-clic-clos-tel has-link-color wp-elements-b07312ba6fd7eac6e09504d637537af0\"><a href=\"tel:0296412972\">02 96 41 29 72<\/a> <\/p>\n<\/div>\n<\/div>\n\n\n\n<div class=\"wp-block-buttons is-content-justification-center is-nowrap is-layout-flex wp-container-core-buttons-is-layout-12a27398 wp-block-buttons-is-layout-flex\">\n<div class=\"wp-block-button ga-clic-clos-website\"><a class=\"wp-block-button__link has-orange-background-color has-background wp-element-button\" href=\"https:\/\/www.mirabel-clostranquille.com\/\" target=\"_blank\" rel=\"noreferrer noopener\">De website<\/a><\/div>\n<\/div>\n<\/div>\n<\/div>\n<\/div>\n\n\n\n<figure class=\"wp-block-gallery alignfull has-nested-images columns-default is-cropped front-page-section mb-0 pb-0 sev-campings-gallery wp-block-gallery-1 is-layout-flex wp-block-gallery-is-layout-flex\">\n<figure class=\"wp-block-image size-full m-0\"><img loading=\"lazy\" decoding=\"async\" width=\"600\" height=\"451\" data-id=\"7667\" src=\"https:\/\/mirabel-campings.com\/wp-content\/uploads\/2023\/04\/clos-tranquille-aire-jeux-enfants.jpg\" alt=\"trampoline speeltuin camping clos bretagne\" class=\"wp-image-7667\" srcset=\"https:\/\/mirabel-campings.com\/wp-content\/uploads\/2023\/04\/clos-tranquille-aire-jeux-enfants.jpg 600w, https:\/\/mirabel-campings.com\/wp-content\/uploads\/2023\/04\/clos-tranquille-aire-jeux-enfants-300x226.jpg 300w\" sizes=\"auto, (max-width: 600px) 100vw, 600px\" \/><\/figure>\n\n\n\n<figure class=\"wp-block-image size-full m-0\"><img loading=\"lazy\" decoding=\"async\" width=\"600\" height=\"400\" data-id=\"7670\" src=\"https:\/\/mirabel-campings.com\/wp-content\/uploads\/2023\/04\/resident-mobil-home-camping-clos-1.jpg\" alt=\"\" class=\"wp-image-7670\" srcset=\"https:\/\/mirabel-campings.com\/wp-content\/uploads\/2023\/04\/resident-mobil-home-camping-clos-1.jpg 600w, https:\/\/mirabel-campings.com\/wp-content\/uploads\/2023\/04\/resident-mobil-home-camping-clos-1-300x200.jpg 300w, https:\/\/mirabel-campings.com\/wp-content\/uploads\/2023\/04\/resident-mobil-home-camping-clos-1-18x12.jpg 18w\" sizes=\"auto, (max-width: 600px) 100vw, 600px\" \/><\/figure>\n\n\n\n<figure class=\"wp-block-image size-large\" id=\"m-0\"><img loading=\"lazy\" decoding=\"async\" width=\"1024\" height=\"768\" data-id=\"1745\" src=\"https:\/\/mirabel-campings.com\/wp-content\/uploads\/2022\/04\/emplacement-tente-tranquille-1024x768.jpg\" alt=\"kampeerplaatsen camping le Clos Tranquille\" class=\"wp-image-1745\" srcset=\"https:\/\/mirabel-campings.com\/wp-content\/uploads\/2022\/04\/emplacement-tente-tranquille-1024x768.jpg 1024w, https:\/\/mirabel-campings.com\/wp-content\/uploads\/2022\/04\/emplacement-tente-tranquille-300x225.jpg 300w, https:\/\/mirabel-campings.com\/wp-content\/uploads\/2022\/04\/emplacement-tente-tranquille-768x576.jpg 768w, https:\/\/mirabel-campings.com\/wp-content\/uploads\/2022\/04\/emplacement-tente-tranquille.jpg 1200w\" sizes=\"auto, (max-width: 1024px) 100vw, 1024px\" \/><\/figure>\n<\/figure>\n\n\n\n<div class=\"wp-block-media-text alignwide is-stacked-on-mobile is-image-fill-element front-page-section grey\"><figure class=\"wp-block-media-text__media\"><img loading=\"lazy\" decoding=\"async\" width=\"1024\" height=\"683\" src=\"https:\/\/mirabel-campings.com\/wp-content\/uploads\/2022\/04\/cap-frehel-balade-rando-1024x683.jpg\" alt=\"ontdek de smaragdkust\" class=\"wp-image-1750 size-full\" style=\"object-position:50% 50%\" srcset=\"https:\/\/mirabel-campings.com\/wp-content\/uploads\/2022\/04\/cap-frehel-balade-rando-1024x683.jpg 1024w, https:\/\/mirabel-campings.com\/wp-content\/uploads\/2022\/04\/cap-frehel-balade-rando-300x200.jpg 300w, https:\/\/mirabel-campings.com\/wp-content\/uploads\/2022\/04\/cap-frehel-balade-rando-768x512.jpg 768w, https:\/\/mirabel-campings.com\/wp-content\/uploads\/2022\/04\/cap-frehel-balade-rando.jpg 1200w\" sizes=\"auto, (max-width: 1024px) 100vw, 1024px\" \/><\/figure><div class=\"wp-block-media-text__content\">\n<h2 class=\"wp-block-heading\">Een ideale locatie om de C\u00f4tes d'Armor te ontdekken<\/h2>\n\n\n\n<figure class=\"wp-block-image size-full\"><img loading=\"lazy\" decoding=\"async\" width=\"50\" height=\"8\" src=\"https:\/\/mirabel-campings.com\/wp-content\/uploads\/2022\/05\/barre-bleue.png\" alt=\"\" class=\"wp-image-3044\"\/><\/figure>\n\n\n\n<p>Vanaf de camping zijn er verschillende idee\u00ebn voor wandelingen naar ieders smaak: de \"voie verte\", de GR34, die langs de kust naar Saint-Brieuc loopt, <strong>de 4 Vaulx strand<\/strong> of de Beaulieu vijver.<\/p>\n\n\n\n<figure class=\"wp-block-image alignright size-full is-resized\"><img loading=\"lazy\" decoding=\"async\" width=\"320\" height=\"292\" src=\"https:\/\/mirabel-campings.com\/wp-content\/uploads\/2022\/04\/Soleil.png\" alt=\"\" class=\"wp-image-300\" style=\"width:100px;height:undefinedpx\" srcset=\"https:\/\/mirabel-campings.com\/wp-content\/uploads\/2022\/04\/Soleil.png 320w, https:\/\/mirabel-campings.com\/wp-content\/uploads\/2022\/04\/Soleil-300x274.png 300w\" sizes=\"auto, (max-width: 320px) 100vw, 320px\" \/><\/figure>\n\n\n\n<p>Le <strong>Centrum Saint-Cast<\/strong> ligt op minder dan 10 km afstand. In deze<strong> kustplaats <\/strong>tal van winkels, restaurants, watersporten en sportactiviteiten, evenals een groot, mooi zandstrand.<\/p>\n\n\n\n<p>Ga door met het ontdekken van <strong>C\u00f4tes d'Armor<\/strong> naar Saint-Malo, Dinan, Dinard, Le Havre, Le Havre, Le Havre, Le Havre, Le Havre, Le Havre, Le Havre, Le Havre, Le Havre en Le Havre. <strong>Cap d'Erquy<\/strong>, of de <strong>Cap Fr\u00e9hel <\/strong>allemaal naar <strong>op minder dan 30 km van uw camping<\/strong>. Uitzonderlijke bezienswaardigheden die je niet mag missen tijdens je verblijf bij ons. Aarzel niet om bij de receptie of het toeristenbureau te vragen naar alle aanbevolen routes, en vraag om een kaart van de regio. Er is zoveel te ontdekken!<\/p>\n<\/div><\/div>\n\n\n\n<div style=\"height:60px\" aria-hidden=\"true\" class=\"wp-block-spacer\"><\/div>\n\n\n\n<div class=\"wp-block-cover alignfull is-light has-parallax sev-block-cover-camping-images\" style=\"min-height:300px;aspect-ratio:unset;\"><div class=\"wp-block-cover__image-background wp-image-1729 has-parallax\" style=\"background-position:50% 50%;background-image:url(https:\/\/mirabel-campings.com\/wp-content\/uploads\/2022\/04\/clos-camping-residences-mirabel.jpg)\"><\/div><span aria-hidden=\"true\" class=\"wp-block-cover__background has-background-dim\"><\/span><div class=\"wp-block-cover__inner-container is-layout-flow wp-block-cover-is-layout-flow\">\n<div class=\"wp-block-columns is-layout-flex wp-container-core-columns-is-layout-28f84493 wp-block-columns-is-layout-flex\">\n<div class=\"wp-block-column is-layout-flow wp-block-column-is-layout-flow\" style=\"flex-basis:66%\">\n<p class=\"has-text-align-right texte-rond has-white-color has-text-color\" style=\"font-size:4rem\"><img loading=\"lazy\" decoding=\"async\" width=\"211\" height=\"128\" class=\"wp-image-1351\" style=\"\" src=\"https:\/\/mirabel-campings.com\/wp-content\/uploads\/2022\/04\/photo.png\" alt=\"fotogalerij\">De camping in beeld <\/p>\n<\/div>\n\n\n\n<div class=\"wp-block-column pl-sm-5 is-layout-flow wp-block-column-is-layout-flow\" style=\"flex-basis:33%\">\n<div style=\"height:25px\" aria-hidden=\"true\" class=\"wp-block-spacer\"><\/div>\n\n\n\n<p><\/p>\n\n\n\n<div class=\"wp-block-buttons is-horizontal is-content-justification-left is-layout-flex wp-container-core-buttons-is-layout-c4719c80 wp-block-buttons-is-layout-flex\">\n<div class=\"wp-block-button\"><a class=\"wp-block-button__link has-orange-background-color has-background wp-element-button\" href=\"https:\/\/www.mirabel-clostranquille.com\/photos-camping-clos-tranquille\/\" target=\"_blank\" rel=\"noreferrer noopener\">Ik ben aan het ontdekken!<\/a><\/div>\n<\/div>\n<\/div>\n<\/div>\n<\/div><\/div>\n\n\n\n<div style=\"height:60px\" aria-hidden=\"true\" class=\"wp-block-spacer\"><\/div>\n\n\n\n<figure class=\"wp-block-image alignleft size-full is-resized\"><img loading=\"lazy\" decoding=\"async\" width=\"100\" height=\"106\" src=\"https:\/\/mirabel-campings.com\/wp-content\/uploads\/2022\/04\/hebergements.png\" alt=\"Prijzen en beschikbaarheid\" class=\"wp-image-1355\" style=\"width:75px;height:80px\"\/><\/figure>\n\n\n\n<h2 class=\"wp-block-heading\">Prijzen en beschikbaarheid<\/h2>\n\n\n\n<ctv-availability data-product-type=\"Accommodation\" data-background-color=\"#FFFFFFFF\" data-id=\"5412\" data-month=\"10\"><\/ctv-availability>\n\n\n\n<div style=\"height:30px\" aria-hidden=\"true\" class=\"wp-block-spacer\"><\/div>\n\n\n\n<figure class=\"wp-block-image alignleft size-full is-resized\"><img loading=\"lazy\" decoding=\"async\" width=\"312\" height=\"275\" src=\"https:\/\/mirabel-campings.com\/wp-content\/uploads\/2022\/04\/tente.png\" alt=\"kampeerplaats\" class=\"wp-image-1557\" style=\"width:78px;height:69px\" srcset=\"https:\/\/mirabel-campings.com\/wp-content\/uploads\/2022\/04\/tente.png 312w, https:\/\/mirabel-campings.com\/wp-content\/uploads\/2022\/04\/tente-300x264.png 300w\" sizes=\"auto, (max-width: 312px) 100vw, 312px\" \/><\/figure>\n\n\n\n<h2 class=\"wp-block-heading\">Kampeerplaatsen<\/h2>\n\n\n\n<ctv-availability data-product-type=\"Pitch\" data-background-color=\"#FFFFFFFF\" data-id=\"5412\" data-month=\"10\"><\/ctv-availability>\n\n\n\n<div style=\"height:60px\" aria-hidden=\"true\" class=\"wp-block-spacer\"><\/div>\n\n\n\n<p class=\"has-text-align-center texte-rond has-large-font-size\">Ontdek de camping<\/p>\n\n\n\n<div class=\"wp-block-columns front-page-section grey is-layout-flex wp-container-core-columns-is-layout-28f84493 wp-block-columns-is-layout-flex\">\n<div class=\"wp-block-column is-layout-flow wp-block-column-is-layout-flow\"><\/div>\n\n\n\n<div class=\"wp-block-column is-layout-flow wp-block-column-is-layout-flow\">\n<div class=\"wp-block-create-block-sevgutenberg-navigation\"><aside class=\"encart-sev-navigation small carre\"><a href=\"https:\/\/www.mirabel-clostranquille.com\/services-camping\/\" class=\"d-flex flex-column align-items-center\" target=\"_blank\" rel=\"noopener\"><div class=\"encart-title\"><span>Activiteiten\/Diensten<\/span><\/div><div class=\"vague\"><\/div><img decoding=\"async\" src=\"https:\/\/mirabel-campings.com\/wp-content\/uploads\/2022\/04\/le-clos-multisport-1.jpg\" alt=\"multisport camping clos tranquille\"\/><div class=\"ligne\"><\/div><div class=\"hover\"><\/div><\/a><\/aside><\/div>\n<\/div>\n\n\n\n<div class=\"wp-block-column is-layout-flow wp-block-column-is-layout-flow\">\n<div class=\"wp-block-create-block-sevgutenberg-navigation\"><aside class=\"encart-sev-navigation small carre\"><a href=\"https:\/\/www.mirabel-clostranquille.com\/emplacements\/\" class=\"d-flex flex-column align-items-center\" target=\"_blank\" rel=\"noopener\"><div class=\"encart-title\"><span>Kampeerplaatsen<\/span><\/div><div class=\"vague\"><\/div><img decoding=\"async\" src=\"https:\/\/mirabel-campings.com\/wp-content\/uploads\/2022\/04\/clos-tranquille-emplacement-tente.jpg\" alt=\"tentplaatsen le clos tranquille\"\/><div class=\"ligne\"><\/div><div class=\"hover\"><\/div><\/a><\/aside><\/div>\n<\/div>\n\n\n\n<div class=\"wp-block-column is-layout-flow wp-block-column-is-layout-flow\">\n<div class=\"wp-block-create-block-sevgutenberg-navigation\"><aside class=\"encart-sev-navigation small carre\"><a href=\"https:\/\/www.mirabel-clostranquille.com\/tarifs-locations-mobilhomes\/\" class=\"d-flex flex-column align-items-center\" target=\"_blank\" rel=\"noopener\"><div class=\"encart-title\"><span>Accommodatie<\/span><\/div><div class=\"vague\"><\/div><img decoding=\"async\" src=\"https:\/\/mirabel-campings.com\/wp-content\/uploads\/2022\/04\/le-clos-joueurs-palet.jpg\" alt=\"le clos tranquille\"\/><div class=\"ligne\"><\/div><div class=\"hover\"><\/div><\/a><\/aside><\/div>\n<\/div>\n\n\n\n<div class=\"wp-block-column is-layout-flow wp-block-column-is-layout-flow\"><\/div>\n<\/div>","protected":false},"excerpt":{"rendered":"<p>Camping Mirabel Le Clos Tranquille entre mer et campagne \u00e0 Saint-Cast-le-Guildo Plage \u00e0 800m Pleine nature Spot de randonn\u00e9e Terrains [&hellip;]<\/p>\n","protected":false},"author":1,"featured_media":0,"parent":0,"menu_order":0,"comment_status":"closed","ping_status":"closed","template":"custom-campings.php","meta":{"_seopress_robots_primary_cat":"","_seopress_titles_title":"Camping 2 ** \u00e9toiles en Bretagne | C\u00f4tes d'Armor","_seopress_titles_desc":"Vous r\u00eaviez de partir en vacances ou en week-end \u00e0 la campagne mais pr\u00e8s de la mer ? D\u00e9couvrez les grands emplacements du camping Le Clos Tranquille","_seopress_robots_index":"","footnotes":""},"class_list":["post-362","page","type-page","status-publish","hentry"],"_links":{"self":[{"href":"https:\/\/mirabel-campings.com\/nl\/wp-json\/wp\/v2\/pages\/362","targetHints":{"allow":["GET"]}}],"collection":[{"href":"https:\/\/mirabel-campings.com\/nl\/wp-json\/wp\/v2\/pages"}],"about":[{"href":"https:\/\/mirabel-campings.com\/nl\/wp-json\/wp\/v2\/types\/page"}],"author":[{"embeddable":true,"href":"https:\/\/mirabel-campings.com\/nl\/wp-json\/wp\/v2\/users\/1"}],"replies":[{"embeddable":true,"href":"https:\/\/mirabel-campings.com\/nl\/wp-json\/wp\/v2\/comments?post=362"}],"version-history":[{"count":49,"href":"https:\/\/mirabel-campings.com\/nl\/wp-json\/wp\/v2\/pages\/362\/revisions"}],"predecessor-version":[{"id":11314,"href":"https:\/\/mirabel-campings.com\/nl\/wp-json\/wp\/v2\/pages\/362\/revisions\/11314"}],"wp:attachment":[{"href":"https:\/\/mirabel-campings.com\/nl\/wp-json\/wp\/v2\/media?parent=362"}],"curies":[{"name":"wp","href":"https:\/\/api.w.org\/{rel}","templated":true}]}}