{"id":370,"date":"2022-04-14T11:54:19","date_gmt":"2022-04-14T09:54:19","guid":{"rendered":"https:\/\/mirabel-campings.com\/?page_id=370"},"modified":"2025-11-10T14:47:49","modified_gmt":"2025-11-10T13:47:49","slug":"camping-la-crique-saint-cast-le-guildo","status":"publish","type":"page","link":"https:\/\/mirabel-campings.com\/nl\/camping-la-crique-saint-cast-le-guildo\/","title":{"rendered":"Camping La Crique"},"content":{"rendered":"<div class=\"wp-block-sev-precontent alignfull\"><img decoding=\"async\" class=\"wp-block-sev-precontent-photo\" src=\"https:\/\/mirabel-campings.com\/wp-content\/uploads\/2022\/04\/crique-camping-residences-mirabel.jpg\" alt=\"\"\/><img decoding=\"async\" class=\"wp-block-sev-precontent-logo\" src=\"https:\/\/mirabel-campings.com\/wp-content\/uploads\/2022\/05\/LOGO-Crique-blancombre-1.png\" alt=\"\"\/><div class=\"wp-block-sev-precontent-bottom\"><div class=\"wp-block-sev-precontent-text\">Ga aan de waterkant zitten en bewonder een uitzonderlijk landschap<\/div><div class=\"wp-block-sev-precontent-image\"><img decoding=\"async\" src=\"https:\/\/mirabel-campings.com\/wp-content\/uploads\/2022\/04\/carte-mielles.png\" alt=\"\"\/><\/div><div class=\"wp-block-sev-precontent-reviews\"><ctv-reviews data-modal-position=\"bottom\" data-small=\"true\" data-id=\"2865\"><\/ctv-reviews><\/div><\/div><\/div>\n\n\n<ol class=\"breadcrumb breadcrumb--shortcode\">\n\t<li class=\"breadcrumb-item\"><a href=\"https:\/\/mirabel-campings.com\/nl\">Home<\/a><\/li>\n\n\t\n\t\t\t<li class=\"breadcrumb-item\"><a href=\"https:\/\/mirabel-campings.com\/nl\/nos-destinations\/\">Onze bestemmingen<\/a><\/li><li class=\"breadcrumb-item\"><a href=\"https:\/\/mirabel-campings.com\/nl\/bretagne\/\">Bretagne<\/a><\/li>\n\t\n\n\t\n\t\t\n\t\t\t\t\t<li class=\"breadcrumb-item active\"><a href=\"https:\/\/mirabel-campings.com\/nl\/camping-la-crique-saint-cast-le-guildo\/\">La Crique<\/a><\/li>\n\t\t\n\t<\/ol>\n\n\n\n<h1 class=\"wp-block-heading\">Uw 3-sterren camping La Crique Mirabel in Bretagne bij Fort La Latte<\/h1>\n\n\n\n<div class=\"wp-block-columns sev-campings-pictos is-layout-flex wp-container-core-columns-is-layout-28f84493 wp-block-columns-is-layout-flex\">\n<div class=\"wp-block-column is-layout-flow wp-block-column-is-layout-flow\"><\/div>\n\n\n\n<div class=\"wp-block-column is-layout-flow wp-block-column-is-layout-flow\">\n<figure class=\"wp-block-image aligncenter size-full is-resized\"><img loading=\"lazy\" decoding=\"async\" width=\"200\" height=\"200\" src=\"https:\/\/mirabel-campings.com\/wp-content\/uploads\/2022\/04\/Picto-Plage-cercle.png\" alt=\"strandkamperen\" class=\"wp-image-1248\" style=\"object-fit:contain;width:100px;height:100px\" srcset=\"https:\/\/mirabel-campings.com\/wp-content\/uploads\/2022\/04\/Picto-Plage-cercle.png 200w, https:\/\/mirabel-campings.com\/wp-content\/uploads\/2022\/04\/Picto-Plage-cercle-150x150.png 150w\" sizes=\"auto, (max-width: 200px) 100vw, 200px\" \/><\/figure>\n\n\n\n<p class=\"has-text-align-center has-medium-font-size\">Aan het strand<\/p>\n<\/div>\n\n\n\n<div class=\"wp-block-column is-layout-flow wp-block-column-is-layout-flow\">\n<figure class=\"wp-block-image aligncenter size-full is-resized\"><img loading=\"lazy\" decoding=\"async\" width=\"200\" height=\"200\" src=\"https:\/\/mirabel-campings.com\/wp-content\/uploads\/2022\/04\/Picto-Panorama-cercle.png\" alt=\"zeezicht\" class=\"wp-image-1242\" style=\"object-fit:contain;width:100px;height:100px\" srcset=\"https:\/\/mirabel-campings.com\/wp-content\/uploads\/2022\/04\/Picto-Panorama-cercle.png 200w, https:\/\/mirabel-campings.com\/wp-content\/uploads\/2022\/04\/Picto-Panorama-cercle-150x150.png 150w\" sizes=\"auto, (max-width: 200px) 100vw, 200px\" \/><\/figure>\n\n\n\n<p class=\"has-text-align-center has-medium-font-size\">Een uitzonderlijk panorama<\/p>\n<\/div>\n\n\n\n<div class=\"wp-block-column is-layout-flow wp-block-column-is-layout-flow\">\n<figure class=\"wp-block-image aligncenter size-full is-resized\"><img loading=\"lazy\" decoding=\"async\" width=\"200\" height=\"200\" src=\"https:\/\/mirabel-campings.com\/wp-content\/uploads\/2022\/06\/Picto-Plongee-cercle.png\" alt=\"camping bij duikplek St Cast, Bretagne\" class=\"wp-image-3973\" style=\"object-fit:contain;width:100px;height:100px\" srcset=\"https:\/\/mirabel-campings.com\/wp-content\/uploads\/2022\/06\/Picto-Plongee-cercle.png 200w, https:\/\/mirabel-campings.com\/wp-content\/uploads\/2022\/06\/Picto-Plongee-cercle-150x150.png 150w\" sizes=\"auto, (max-width: 200px) 100vw, 200px\" \/><\/figure>\n\n\n\n<p class=\"has-text-align-center has-medium-font-size\">Duiken spotlight<\/p>\n<\/div>\n\n\n\n<div class=\"wp-block-column is-layout-flow wp-block-column-is-layout-flow\">\n<figure class=\"wp-block-image aligncenter size-full is-resized\"><img loading=\"lazy\" decoding=\"async\" width=\"200\" height=\"200\" src=\"https:\/\/mirabel-campings.com\/wp-content\/uploads\/2022\/04\/Picto-Snack-cercle.png\" alt=\"snackbar\" class=\"wp-image-1254\" style=\"object-fit:contain;width:100px;height:100px\" srcset=\"https:\/\/mirabel-campings.com\/wp-content\/uploads\/2022\/04\/Picto-Snack-cercle.png 200w, https:\/\/mirabel-campings.com\/wp-content\/uploads\/2022\/04\/Picto-Snack-cercle-150x150.png 150w\" sizes=\"auto, (max-width: 200px) 100vw, 200px\" \/><\/figure>\n\n\n\n<p class=\"has-text-align-center has-medium-font-size\">Snackbar<\/p>\n<\/div>\n\n\n\n<div class=\"wp-block-column is-layout-flow wp-block-column-is-layout-flow\"><\/div>\n<\/div>\n\n\n\n<div class=\"wp-block-columns m-4 is-layout-flex wp-container-core-columns-is-layout-28f84493 wp-block-columns-is-layout-flex\">\n<div class=\"wp-block-column m-4 is-layout-flow wp-block-column-is-layout-flow\">\n<h2 class=\"wp-block-heading\">Je vakantie in C\u00f4tes d'Armor aan zee<\/h2>\n\n\n\n<figure class=\"wp-block-image size-full\"><img loading=\"lazy\" decoding=\"async\" width=\"50\" height=\"8\" src=\"https:\/\/mirabel-campings.com\/wp-content\/uploads\/2022\/05\/barre-bleue.png\" alt=\"\" class=\"wp-image-3044\"\/><\/figure>\n\n\n\n<p>Bezoek <strong>Camping La Crique<\/strong>, Van april tot oktober verwelkomen we je in de accommodatie die bij je past, op slechts enkele tientallen meters van de zee. <strong>Stacaravan<\/strong>, tent, caravan, <strong>camper\u00a0<\/strong>; je kiest. <strong>Met de familie<\/strong> of met vrienden, kun je genieten van een rustige en veilige omgeving. Bezoek <strong>speelruimte voor kinderen<\/strong>, Een bowlingbaan, gemeenschappelijke barbecues en Wi-Fi-toegang zijn slechts enkele van de faciliteiten die beschikbaar zijn tijdens je verblijf. Uitzicht op zee, <strong>onze locaties<\/strong> en stacaravans bieden <strong>bekijk<\/strong> adembenemend. In de verte kun je de <strong>Fort La Latte<\/strong> en zijn kliffen!<\/p>\n\n\n\n<p>Onze camping is ideaal voor natuurliefhebbers, want hij ligt aan de voet van de GR34, ook wel bekend als de <strong>Douanebeambtenpad<\/strong>, meer dan 2.000 km lang. Vanaf de camping leidt de bewegwijzerde route je rechtstreeks naar het Ch\u00e2teau de la Roche Goyon. Wandel langs de kust en ontdek de flora en fauna onderweg.<\/p>\n<\/div>\n\n\n\n<div class=\"wp-block-column is-layout-flow wp-block-column-is-layout-flow\">\n<div class=\"wp-block-group card  card-body has-white-color has-bleu-background-color has-text-color has-background is-layout-flow wp-block-group-is-layout-flow\">\n<p class=\"texte-rond card-title has-large-font-size\">Praktische informatie<br><img loading=\"lazy\" decoding=\"async\" width=\"54\" height=\"2\" class=\"wp-image-1270\" style=\"width: 54px;\" src=\"https:\/\/mirabel-campings.com\/wp-content\/uploads\/2022\/04\/barre-orange-longue.png\" alt=\"\"><\/p>\n\n\n\n<div class=\"wp-block-columns is-layout-flex wp-container-core-columns-is-layout-28f84493 wp-block-columns-is-layout-flex\">\n<div class=\"wp-block-column is-vertically-aligned-center is-layout-flow wp-block-column-is-layout-flow\" style=\"flex-basis:25px\">\n<figure class=\"wp-block-image size-full is-resized\"><img loading=\"lazy\" decoding=\"async\" width=\"100\" height=\"100\" src=\"https:\/\/mirabel-campings.com\/wp-content\/uploads\/2022\/04\/ouverture.png\" alt=\"opening camping\" class=\"wp-image-1273\" style=\"width:25px;height:25px\"\/><\/figure>\n<\/div>\n\n\n\n<div class=\"wp-block-column is-vertically-aligned-center is-layout-flow wp-block-column-is-layout-flow\">\n<p>Geopend van 15 maart tot 15 november voor bewoners en van mei tot eind oktober voor verhuur en staanplaatsen.<\/p>\n<\/div>\n<\/div>\n\n\n\n<div style=\"height:20px\" aria-hidden=\"true\" class=\"wp-block-spacer\"><\/div>\n\n\n\n<div class=\"wp-block-columns are-vertically-aligned-center mt-0 is-layout-flex wp-container-core-columns-is-layout-28f84493 wp-block-columns-is-layout-flex\">\n<div class=\"wp-block-column is-vertically-aligned-center is-layout-flow wp-block-column-is-layout-flow\" style=\"flex-basis:25px\">\n<figure class=\"wp-block-image size-full is-resized\"><img loading=\"lazy\" decoding=\"async\" width=\"100\" height=\"79\" src=\"https:\/\/mirabel-campings.com\/wp-content\/uploads\/2022\/04\/locatifs.png\" alt=\"camping verhuur\" class=\"wp-image-1276\" style=\"width:25px;height:20px\"\/><\/figure>\n<\/div>\n\n\n\n<div class=\"wp-block-column is-vertically-aligned-center is-layout-flow wp-block-column-is-layout-flow\">\n<p>81 staanplaatsen waarvan 39 kale staanplaatsen &amp; 11 verhuur<br><a href=\"https:\/\/www.mirabel-crique.com\/plan-du-camping\/\" target=\"_blank\" rel=\"noreferrer noopener\">Plattegrond van de camping<\/a><\/p>\n<\/div>\n<\/div>\n\n\n\n<div style=\"height:20px\" aria-hidden=\"true\" class=\"wp-block-spacer\"><\/div>\n\n\n\n<div class=\"wp-block-columns are-vertically-aligned-center mt-0 is-layout-flex wp-container-core-columns-is-layout-28f84493 wp-block-columns-is-layout-flex\">\n<div class=\"wp-block-column is-vertically-aligned-center is-layout-flow wp-block-column-is-layout-flow\" style=\"flex-basis:25px\">\n<figure class=\"wp-block-image size-full\"><img loading=\"lazy\" decoding=\"async\" width=\"100\" height=\"135\" src=\"https:\/\/mirabel-campings.com\/wp-content\/uploads\/2022\/04\/situation.png\" alt=\"ligging camping\" class=\"wp-image-1279\"\/><\/figure>\n<\/div>\n\n\n\n<div class=\"wp-block-column is-vertically-aligned-center is-layout-flow wp-block-column-is-layout-flow\">\n<p>La Mare strand<br>22380 SAINT CAST LE GUILDO<br><a href=\"https:\/\/www.mirabel-crique.com\/acces-camping-saint-cast-le-guildo\/\" target=\"_blank\" rel=\"noreferrer noopener\">Hoe u ons kunt vinden<\/a><\/p>\n<\/div>\n<\/div>\n\n\n\n<p class=\"mr-4 has-white-background-color has-background\" style=\"font-size:0.6px\"><\/p>\n\n\n\n<div class=\"wp-block-columns are-vertically-aligned-center is-layout-flex wp-container-core-columns-is-layout-28f84493 wp-block-columns-is-layout-flex\">\n<div class=\"wp-block-column is-vertically-aligned-center is-layout-flow wp-block-column-is-layout-flow\" style=\"flex-basis:25px\">\n<figure class=\"wp-block-image size-full\"><img loading=\"lazy\" decoding=\"async\" width=\"100\" height=\"102\" src=\"https:\/\/mirabel-campings.com\/wp-content\/uploads\/2022\/04\/email.png\" alt=\"e-mail\" class=\"wp-image-1282\"\/><\/figure>\n<\/div>\n\n\n\n<div class=\"wp-block-column is-vertically-aligned-center is-layout-flow wp-block-column-is-layout-flow\">\n<p class=\"ga-clic-crique-email\"><a href=\"mailto:crique@mirabel-campings.com\">crique@mirabel-campings.com<\/a><\/p>\n<\/div>\n<\/div>\n\n\n\n<div style=\"height:20px\" aria-hidden=\"true\" class=\"wp-block-spacer\"><\/div>\n\n\n\n<div class=\"wp-block-columns are-vertically-aligned-center mt-0 is-layout-flex wp-container-core-columns-is-layout-28f84493 wp-block-columns-is-layout-flex\">\n<div class=\"wp-block-column is-vertically-aligned-center is-layout-flow wp-block-column-is-layout-flow\" style=\"flex-basis:25px\">\n<figure class=\"wp-block-image size-full is-resized\"><img loading=\"lazy\" decoding=\"async\" width=\"100\" height=\"99\" src=\"https:\/\/mirabel-campings.com\/wp-content\/uploads\/2022\/04\/telephone.png\" alt=\"telefoon\" class=\"wp-image-1285\" style=\"width:25px;height:25px\"\/><\/figure>\n<\/div>\n\n\n\n<div class=\"wp-block-column is-vertically-aligned-center is-layout-flow wp-block-column-is-layout-flow\">\n<p class=\"ga-clic-crique-tel has-link-color wp-elements-9c9304402351a29c8dedd52170ded492\"><a href=\"tel:+33296418919\">+33(0)2 96 41 89 19<\/a><\/p>\n<\/div>\n<\/div>\n\n\n\n<div class=\"wp-block-buttons is-content-justification-center is-nowrap is-layout-flex wp-container-core-buttons-is-layout-12a27398 wp-block-buttons-is-layout-flex\">\n<div class=\"wp-block-button ga-clic-crique-website\"><a class=\"wp-block-button__link has-orange-background-color has-background wp-element-button\" href=\"https:\/\/www.mirabel-crique.com\/\" target=\"_blank\" rel=\"noreferrer noopener\">De website<\/a><\/div>\n<\/div>\n<\/div>\n<\/div>\n<\/div>\n\n\n\n<figure class=\"wp-block-gallery alignfull has-nested-images columns-default is-cropped front-page-section mb-0 pb-0 sev-campings-gallery wp-block-gallery-1 is-layout-flex wp-block-gallery-is-layout-flex\">\n<figure class=\"wp-block-image size-full m-0\"><img loading=\"lazy\" decoding=\"async\" width=\"800\" height=\"530\" data-id=\"7621\" src=\"https:\/\/mirabel-campings.com\/wp-content\/uploads\/2023\/11\/camping-la-crique-vue-mer.jpg\" alt=\"camping la crique locatie mobil-home bretagne\" class=\"wp-image-7621\" srcset=\"https:\/\/mirabel-campings.com\/wp-content\/uploads\/2023\/11\/camping-la-crique-vue-mer.jpg 800w, https:\/\/mirabel-campings.com\/wp-content\/uploads\/2023\/11\/camping-la-crique-vue-mer-300x199.jpg 300w, https:\/\/mirabel-campings.com\/wp-content\/uploads\/2023\/11\/camping-la-crique-vue-mer-768x509.jpg 768w\" sizes=\"auto, (max-width: 800px) 100vw, 800px\" \/><\/figure>\n\n\n\n<figure class=\"wp-block-image size-full m-0\"><img loading=\"lazy\" decoding=\"async\" width=\"800\" height=\"600\" data-id=\"7615\" src=\"https:\/\/mirabel-campings.com\/wp-content\/uploads\/2023\/11\/terrasse-crique-snack-vue-mer.jpg\" alt=\"terras zeezicht snackbar la crique\" class=\"wp-image-7615\" srcset=\"https:\/\/mirabel-campings.com\/wp-content\/uploads\/2023\/11\/terrasse-crique-snack-vue-mer.jpg 800w, https:\/\/mirabel-campings.com\/wp-content\/uploads\/2023\/11\/terrasse-crique-snack-vue-mer-300x225.jpg 300w, https:\/\/mirabel-campings.com\/wp-content\/uploads\/2023\/11\/terrasse-crique-snack-vue-mer-768x576.jpg 768w\" sizes=\"auto, (max-width: 800px) 100vw, 800px\" \/><\/figure>\n\n\n\n<figure class=\"wp-block-image size-full\" id=\"m-0\"><img loading=\"lazy\" decoding=\"async\" width=\"800\" height=\"601\" data-id=\"7618\" src=\"https:\/\/mirabel-campings.com\/wp-content\/uploads\/2023\/11\/crique-plage-vue-mer.jpg\" alt=\"strand kreek zeezicht saint cast\" class=\"wp-image-7618\" srcset=\"https:\/\/mirabel-campings.com\/wp-content\/uploads\/2023\/11\/crique-plage-vue-mer.jpg 800w, https:\/\/mirabel-campings.com\/wp-content\/uploads\/2023\/11\/crique-plage-vue-mer-300x225.jpg 300w, https:\/\/mirabel-campings.com\/wp-content\/uploads\/2023\/11\/crique-plage-vue-mer-768x577.jpg 768w\" sizes=\"auto, (max-width: 800px) 100vw, 800px\" \/><\/figure>\n<\/figure>\n\n\n\n<div class=\"wp-block-media-text alignwide is-stacked-on-mobile is-image-fill-element front-page-section grey\"><figure class=\"wp-block-media-text__media\"><img loading=\"lazy\" decoding=\"async\" width=\"1024\" height=\"1024\" src=\"https:\/\/mirabel-campings.com\/wp-content\/uploads\/2023\/09\/2-bar-restaurant-poke-bowl-1024x1024.jpg\" alt=\"tweede huis camping met restaurant bretagne\" class=\"wp-image-7267 size-full\" style=\"object-position:50% 50%\" srcset=\"https:\/\/mirabel-campings.com\/wp-content\/uploads\/2023\/09\/2-bar-restaurant-poke-bowl-1024x1024.jpg 1024w, https:\/\/mirabel-campings.com\/wp-content\/uploads\/2023\/09\/2-bar-restaurant-poke-bowl-300x300.jpg 300w, https:\/\/mirabel-campings.com\/wp-content\/uploads\/2023\/09\/2-bar-restaurant-poke-bowl-150x150.jpg 150w, https:\/\/mirabel-campings.com\/wp-content\/uploads\/2023\/09\/2-bar-restaurant-poke-bowl-768x768.jpg 768w, https:\/\/mirabel-campings.com\/wp-content\/uploads\/2023\/09\/2-bar-restaurant-poke-bowl.jpg 1200w\" sizes=\"auto, (max-width: 1024px) 100vw, 1024px\" \/><\/figure><div class=\"wp-block-media-text__content\">\n<h2 class=\"wp-block-heading\">Snackbar met terras en uitzicht op zee<\/h2>\n\n\n\n<figure class=\"wp-block-image size-full\"><img loading=\"lazy\" decoding=\"async\" width=\"50\" height=\"8\" src=\"https:\/\/mirabel-campings.com\/wp-content\/uploads\/2022\/05\/barre-bleue.png\" alt=\"\" class=\"wp-image-3044\"\/><\/figure>\n\n\n\n<p>Naast de camping ligt de <a href=\"https:\/\/www.mirabel-crique.com\/restaurant-bar-snack\/\">Snackbar La Crique<\/a> verwelkomt je van april tot oktober voor een drankje of een maaltijd met vrienden en familie. De <em>Snackbar<\/em> werkt voornamelijk met <strong>lokale producenten<\/strong> uit Saint-Cast of de omgeving, zodat je verse streekproducten kunt ontdekken. Met zijn <strong>terras met zeezicht<\/strong>, Neem de tijd om het landschap te bewonderen. Van <strong>thema-avonden<\/strong> worden aangeboden in juli en augustus! <\/p>\n\n\n\n<figure class=\"wp-block-image alignleft is-resized\"><img loading=\"lazy\" decoding=\"async\" width=\"320\" height=\"306\" src=\"https:\/\/mirabel-campings.com\/wp-content\/uploads\/2022\/04\/Coquillage.png\" alt=\"\" class=\"wp-image-260\" style=\"width:100px;height:undefinedpx\" srcset=\"https:\/\/mirabel-campings.com\/wp-content\/uploads\/2022\/04\/Coquillage.png 320w, https:\/\/mirabel-campings.com\/wp-content\/uploads\/2022\/04\/Coquillage-300x287.png 300w\" sizes=\"auto, (max-width: 320px) 100vw, 320px\" \/><\/figure>\n\n\n\n<p>Een tip: reserveer van tevoren, want de Snackbar is in de zomer vaak het slachtoffer van zijn eigen succes. La Crique is de laatste restaurantstop voordat je Fort La Latte bereikt, en de perfecte plek om je batterijen op te laden voordat je aan het laatste stuk van de GR34 begint!<\/p>\n<\/div><\/div>\n\n\n\n<div style=\"height:60px\" aria-hidden=\"true\" class=\"wp-block-spacer\"><\/div>\n\n\n\n<div class=\"wp-block-cover alignfull has-parallax sev-block-cover-camping-images\" style=\"min-height:300px;aspect-ratio:unset;\"><div class=\"wp-block-cover__image-background wp-image-1705 has-parallax\" style=\"background-position:50% 50%;background-image:url(https:\/\/mirabel-campings.com\/wp-content\/uploads\/2022\/04\/crique-camping-residences-mirabel.jpg)\"><\/div><span aria-hidden=\"true\" class=\"wp-block-cover__background has-background-dim\"><\/span><div class=\"wp-block-cover__inner-container is-layout-flow wp-block-cover-is-layout-flow\">\n<div class=\"wp-block-columns is-layout-flex wp-container-core-columns-is-layout-28f84493 wp-block-columns-is-layout-flex\">\n<div class=\"wp-block-column is-layout-flow wp-block-column-is-layout-flow\" style=\"flex-basis:66%\">\n<p class=\"has-text-align-right texte-rond has-white-color has-text-color\" style=\"font-size:4rem\"><img loading=\"lazy\" decoding=\"async\" width=\"211\" height=\"128\" class=\"wp-image-1351\" style=\"\" src=\"https:\/\/mirabel-campings.com\/wp-content\/uploads\/2022\/04\/photo.png\" alt=\"fotogalerij\">De camping in beeld <\/p>\n<\/div>\n\n\n\n<div class=\"wp-block-column pl-sm-5 is-layout-flow wp-block-column-is-layout-flow\" style=\"flex-basis:33%\">\n<div style=\"height:25px\" aria-hidden=\"true\" class=\"wp-block-spacer\"><\/div>\n\n\n\n<p><\/p>\n\n\n\n<div class=\"wp-block-buttons is-horizontal is-content-justification-left is-layout-flex wp-container-core-buttons-is-layout-c4719c80 wp-block-buttons-is-layout-flex\">\n<div class=\"wp-block-button\"><a class=\"wp-block-button__link has-orange-background-color has-background wp-element-button\" href=\"https:\/\/www.mirabel-crique.com\/photos-camping-crique\/\" target=\"_blank\" rel=\"noreferrer noopener\">Ik ben aan het ontdekken!<\/a><\/div>\n<\/div>\n<\/div>\n<\/div>\n<\/div><\/div>\n\n\n\n<div style=\"height:60px\" aria-hidden=\"true\" class=\"wp-block-spacer\"><\/div>\n\n\n\n<figure class=\"wp-block-image alignleft size-full is-resized\"><img loading=\"lazy\" decoding=\"async\" width=\"100\" height=\"106\" src=\"https:\/\/mirabel-campings.com\/wp-content\/uploads\/2022\/04\/hebergements.png\" alt=\"Prijzen en beschikbaarheid\" class=\"wp-image-1355\" style=\"width:75px;height:80px\"\/><\/figure>\n\n\n\n<h2 class=\"wp-block-heading\">Prijzen en beschikbaarheid<\/h2>\n\n\n\n<p>Verhuur per week in de zomer: van zaterdag tot zaterdag of van woensdag tot woensdag. De rest van het jaar kun je je accommodatie op elke dag boeken voor minimaal 2 nachten.<\/p>\n\n\n\n<ctv-availability data-product-type=\"Accommodation\" data-background-color=\"#FFFFFFFF\" data-id=\"2865\" data-month=\"4\"><\/ctv-availability>\n\n\n\n<div style=\"height:30px\" aria-hidden=\"true\" class=\"wp-block-spacer\"><\/div>\n\n\n\n<figure class=\"wp-block-image alignleft size-full is-resized\"><img loading=\"lazy\" decoding=\"async\" width=\"312\" height=\"275\" src=\"https:\/\/mirabel-campings.com\/wp-content\/uploads\/2022\/04\/tente.png\" alt=\"kampeerplaats\" class=\"wp-image-1557\" style=\"width:78px;height:69px\" srcset=\"https:\/\/mirabel-campings.com\/wp-content\/uploads\/2022\/04\/tente.png 312w, https:\/\/mirabel-campings.com\/wp-content\/uploads\/2022\/04\/tente-300x264.png 300w\" sizes=\"auto, (max-width: 312px) 100vw, 312px\" \/><\/figure>\n\n\n\n<h2 class=\"wp-block-heading\">Kampeerplaatsen<\/h2>\n\n\n\n<ctv-availability data-product-type=\"Pitch\" data-background-color=\"#FFFFFFFF\" data-id=\"2865\" data-month=\"4\"><\/ctv-availability>\n\n\n\n<div style=\"height:60px\" aria-hidden=\"true\" class=\"wp-block-spacer\"><\/div>\n\n\n\n<p class=\"has-text-align-center texte-rond has-large-font-size\">Ontdek de camping<\/p>\n\n\n\n<div class=\"wp-block-columns front-page-section grey is-layout-flex wp-container-core-columns-is-layout-28f84493 wp-block-columns-is-layout-flex\">\n<div class=\"wp-block-column is-layout-flow wp-block-column-is-layout-flow\"><\/div>\n\n\n\n<div class=\"wp-block-column is-layout-flow wp-block-column-is-layout-flow\">\n<div class=\"wp-block-create-block-sevgutenberg-navigation\"><aside class=\"encart-sev-navigation small carre\"><a href=\"https:\/\/www.mirabel-crique.com\/services-camping\/\" class=\"d-flex flex-column align-items-center\" target=\"_blank\" rel=\"noopener\"><div class=\"encart-title\"><span>Activiteiten\/Diensten<\/span><\/div><div class=\"vague\"><\/div><img decoding=\"async\" src=\"https:\/\/mirabel-campings.com\/wp-content\/uploads\/2022\/04\/crique-camping-petanque.jpg\" alt=\"activiteiten camping la crique\"\/><div class=\"ligne\"><\/div><div class=\"hover\"><\/div><\/a><\/aside><\/div>\n<\/div>\n\n\n\n<div class=\"wp-block-column is-layout-flow wp-block-column-is-layout-flow\">\n<div class=\"wp-block-create-block-sevgutenberg-navigation\"><aside class=\"encart-sev-navigation small carre\"><a href=\"https:\/\/www.mirabel-crique.com\/emplacements\/\" class=\"d-flex flex-column align-items-center\" target=\"_blank\" rel=\"noopener\"><div class=\"encart-title\"><span>Kampeerplaatsen<\/span><\/div><div class=\"vague\"><\/div><img decoding=\"async\" src=\"https:\/\/mirabel-campings.com\/wp-content\/uploads\/2022\/05\/BOUTON_EMPLACEMENT-2.jpg\" alt=\"kampeerplaatsen in Bretagne\"\/><div class=\"ligne\"><\/div><div class=\"hover\"><\/div><\/a><\/aside><\/div>\n<\/div>\n\n\n\n<div class=\"wp-block-column is-layout-flow wp-block-column-is-layout-flow\">\n<div class=\"wp-block-create-block-sevgutenberg-navigation\"><aside class=\"encart-sev-navigation small carre\"><a href=\"https:\/\/www.mirabel-crique.com\/tarifs-locations-mobilhomes\/\" class=\"d-flex flex-column align-items-center\" target=\"_blank\" rel=\"noopener\"><div class=\"encart-title\"><span>Accommodatie<\/span><\/div><div class=\"vague\"><\/div><img decoding=\"async\" src=\"https:\/\/mirabel-campings.com\/wp-content\/uploads\/2022\/04\/la-crique-mobil-home1.jpg\" alt=\"verhuur camping la crique\"\/><div class=\"ligne\"><\/div><div class=\"hover\"><\/div><\/a><\/aside><\/div>\n<\/div>\n\n\n\n<div class=\"wp-block-column is-layout-flow wp-block-column-is-layout-flow\">\n<div class=\"wp-block-create-block-sevgutenberg-navigation\"><aside class=\"encart-sev-navigation small carre\"><a href=\"https:\/\/www.mirabel-crique.com\/restaurant-bar-snack\/\" class=\"d-flex flex-column align-items-center\" target=\"_blank\" rel=\"noopener\"><div class=\"encart-title\"><span>Snackbar<\/span><\/div><div class=\"vague\"><\/div><img decoding=\"async\" src=\"https:\/\/mirabel-campings.com\/wp-content\/uploads\/2022\/04\/snack-crique-terrasse-mer.jpg\" alt=\"snackbar la crique\"\/><div class=\"ligne\"><\/div><div class=\"hover\"><\/div><\/a><\/aside><\/div>\n<\/div>\n\n\n\n<div class=\"wp-block-column is-layout-flow wp-block-column-is-layout-flow\"><\/div>\n<\/div>","protected":false},"excerpt":{"rendered":"<p>Votre Camping Mirabel 3 \u00e9toiles La Crique&nbsp;en Bretagne pr\u00e8s du Fort La Latte Bord de Plage Panorama d&rsquo;exception Spot plong\u00e9e [&hellip;]<\/p>\n","protected":false},"author":1,"featured_media":0,"parent":0,"menu_order":0,"comment_status":"closed","ping_status":"closed","template":"custom-campings.php","meta":{"_seopress_robots_primary_cat":"","_seopress_titles_title":"Camping 3 *** La Crique en Bretagne | Saint Cast le Guildo","_seopress_titles_desc":"A seulement quelques dizaines de m\u00e8tres de la mer. Mobil-home, Tit\u2019home, tente, caravane, camping-car ; c\u2019est vous qui choisissez.","_seopress_robots_index":"","footnotes":""},"class_list":["post-370","page","type-page","status-publish","hentry"],"_links":{"self":[{"href":"https:\/\/mirabel-campings.com\/nl\/wp-json\/wp\/v2\/pages\/370","targetHints":{"allow":["GET"]}}],"collection":[{"href":"https:\/\/mirabel-campings.com\/nl\/wp-json\/wp\/v2\/pages"}],"about":[{"href":"https:\/\/mirabel-campings.com\/nl\/wp-json\/wp\/v2\/types\/page"}],"author":[{"embeddable":true,"href":"https:\/\/mirabel-campings.com\/nl\/wp-json\/wp\/v2\/users\/1"}],"replies":[{"embeddable":true,"href":"https:\/\/mirabel-campings.com\/nl\/wp-json\/wp\/v2\/comments?post=370"}],"version-history":[{"count":66,"href":"https:\/\/mirabel-campings.com\/nl\/wp-json\/wp\/v2\/pages\/370\/revisions"}],"predecessor-version":[{"id":11331,"href":"https:\/\/mirabel-campings.com\/nl\/wp-json\/wp\/v2\/pages\/370\/revisions\/11331"}],"wp:attachment":[{"href":"https:\/\/mirabel-campings.com\/nl\/wp-json\/wp\/v2\/media?parent=370"}],"curies":[{"name":"wp","href":"https:\/\/api.w.org\/{rel}","templated":true}]}}