{"id":378,"date":"2022-04-14T11:56:21","date_gmt":"2022-04-14T09:56:21","guid":{"rendered":"https:\/\/mirabel-campings.com\/?page_id=378"},"modified":"2024-01-03T12:06:17","modified_gmt":"2024-01-03T11:06:17","slug":"le-domaine-des-roches-camping-lion-sur-mer","status":"publish","type":"page","link":"https:\/\/mirabel-campings.com\/nl\/camping-le-domaine-des-roches-lion-sur-mer\/","title":{"rendered":"Camping Les Roches"},"content":{"rendered":"<div class=\"wp-block-sev-precontent alignfull\"><img decoding=\"async\" class=\"wp-block-sev-precontent-photo\" src=\"https:\/\/mirabel-campings.com\/wp-content\/uploads\/2022\/05\/header-camping-roche-mobilhome2.png\" alt=\"\"\/><img decoding=\"async\" class=\"wp-block-sev-precontent-logo\" src=\"https:\/\/mirabel-campings.com\/wp-content\/uploads\/2022\/05\/LOGO-Roches-blancombre-1.png\" alt=\"\"\/><div class=\"wp-block-sev-precontent-bottom\"><div class=\"wp-block-sev-precontent-text\">Leef op het ritme van de getijden in je vissershut!<\/div><div class=\"wp-block-sev-precontent-image\"><img decoding=\"async\" src=\"https:\/\/mirabel-campings.com\/wp-content\/uploads\/2022\/04\/carte-normandie.png\" alt=\"\"\/><\/div><div class=\"wp-block-sev-precontent-reviews\"><\/div><\/div><\/div>\n\n\n<ol class=\"breadcrumb breadcrumb--shortcode\">\n\t<li class=\"breadcrumb-item\"><a href=\"https:\/\/mirabel-campings.com\/nl\">Home<\/a><\/li>\n\n\t\n\t\t\t<li class=\"breadcrumb-item\"><a href=\"https:\/\/mirabel-campings.com\/nl\/nos-destinations\/\">Onze bestemmingen<\/a><\/li><li class=\"breadcrumb-item\"><a href=\"https:\/\/mirabel-campings.com\/nl\/normandie\/\">Normandie<\/a><\/li>\n\t\n\n\t\n\t\t\n\t\t\t\t\t<li class=\"breadcrumb-item active\"><a href=\"https:\/\/mirabel-campings.com\/nl\/camping-le-domaine-des-roches-lion-sur-mer\/\">Les Roches<\/a><\/li>\n\t\t\n\t<\/ol>\n\n\n\n<h1 class=\"wp-block-heading\">Camping Mirabel Les Roches: voor eigenaars van stacaravans<\/h1>\n\n\n\n<div class=\"wp-block-columns sev-campings-pictos is-layout-flex wp-container-core-columns-is-layout-28f84493 wp-block-columns-is-layout-flex\">\n<div class=\"wp-block-column is-layout-flow wp-block-column-is-layout-flow\"><\/div>\n\n\n\n<div class=\"wp-block-column is-layout-flow wp-block-column-is-layout-flow\">\n<p class=\"has-text-align-center has-medium-font-size\"><\/p>\n<\/div>\n\n\n\n<div class=\"wp-block-column is-layout-flow wp-block-column-is-layout-flow\">\n<figure class=\"wp-block-image aligncenter size-full is-resized\"><img loading=\"lazy\" decoding=\"async\" width=\"200\" height=\"200\" src=\"https:\/\/mirabel-campings.com\/wp-content\/uploads\/2022\/04\/Picto-Plage-cercle.png\" alt=\"strandkamperen\" class=\"wp-image-1248\" style=\"object-fit:contain;width:100px;height:100px\" srcset=\"https:\/\/mirabel-campings.com\/wp-content\/uploads\/2022\/04\/Picto-Plage-cercle.png 200w, https:\/\/mirabel-campings.com\/wp-content\/uploads\/2022\/04\/Picto-Plage-cercle-150x150.png 150w\" sizes=\"auto, (max-width: 200px) 100vw, 200px\" \/><\/figure>\n\n\n\n<p class=\"has-text-align-center has-medium-font-size\">Directe toegang tot het strand<\/p>\n<\/div>\n\n\n\n<div class=\"wp-block-column is-layout-flow wp-block-column-is-layout-flow\">\n<figure class=\"wp-block-image aligncenter size-full is-resized\"><img loading=\"lazy\" decoding=\"async\" width=\"200\" height=\"200\" src=\"https:\/\/mirabel-campings.com\/wp-content\/uploads\/2022\/04\/Picto-Panorama-cercle.png\" alt=\"zeezicht\" class=\"wp-image-1242\" style=\"object-fit:contain;width:100px;height:100px\" srcset=\"https:\/\/mirabel-campings.com\/wp-content\/uploads\/2022\/04\/Picto-Panorama-cercle.png 200w, https:\/\/mirabel-campings.com\/wp-content\/uploads\/2022\/04\/Picto-Panorama-cercle-150x150.png 150w\" sizes=\"auto, (max-width: 200px) 100vw, 200px\" \/><\/figure>\n\n\n\n<p class=\"has-text-align-center has-medium-font-size\">Uitzicht op zee<\/p>\n<\/div>\n\n\n\n<div class=\"wp-block-column is-layout-flow wp-block-column-is-layout-flow\">\n<p class=\"has-text-align-center has-medium-font-size\"><\/p>\n<\/div>\n\n\n\n<div class=\"wp-block-column is-layout-flow wp-block-column-is-layout-flow\"><\/div>\n<\/div>\n\n\n\n<div class=\"wp-block-columns m-4 is-layout-flex wp-container-core-columns-is-layout-28f84493 wp-block-columns-is-layout-flex\">\n<div class=\"wp-block-column m-4 is-layout-flow wp-block-column-is-layout-flow\">\n<h2 class=\"wp-block-heading\">Je vakantiehuis op een camping met directe toegang tot het strand<\/h2>\n\n\n\n<figure class=\"wp-block-image size-full\"><img loading=\"lazy\" decoding=\"async\" width=\"50\" height=\"8\" src=\"https:\/\/mirabel-campings.com\/wp-content\/uploads\/2022\/05\/barre-bleue.png\" alt=\"\" class=\"wp-image-3044\"\/><\/figure>\n\n\n\n<p>Bezoek <strong>Camping Mirabel Les Roches<\/strong>, Je wilt samenkomen om het beste met je geliefden te delen en in het moment te leven. Onze <strong>familiecamping<\/strong> is de ideale plek om tijdens je verblijf te genieten van de zeelucht. <strong>uw vakanties of weekenden<\/strong>&nbsp;! De boothelling, direct naast de camping, zal vissers en zeilers zeker bevallen. Het domein heeft 54 staanplaatsen met <strong>uitzicht op zee<\/strong> installeren <strong>je stacaravan<\/strong>. Hier worden je buren je vrienden, de mensen met wie je elk seizoen weer afspreekt om te genieten van unieke momenten.<\/p>\n<\/div>\n\n\n\n<div class=\"wp-block-column is-layout-flow wp-block-column-is-layout-flow\">\n<div class=\"wp-block-group card card-body has-white-color has-bleu-background-color has-text-color has-background is-layout-flow wp-block-group-is-layout-flow\">\n<p class=\"texte-rond card-title has-large-font-size\">Praktische informatie<br><img loading=\"lazy\" decoding=\"async\" width=\"54\" height=\"2\" class=\"wp-image-1270\" style=\"width: 54px;\" src=\"https:\/\/mirabel-campings.com\/wp-content\/uploads\/2022\/04\/barre-orange-longue.png\" alt=\"\"><\/p>\n\n\n\n<div class=\"wp-block-columns is-layout-flex wp-container-core-columns-is-layout-28f84493 wp-block-columns-is-layout-flex\">\n<div class=\"wp-block-column is-vertically-aligned-center is-layout-flow wp-block-column-is-layout-flow\" style=\"flex-basis:25px\">\n<figure class=\"wp-block-image size-full is-resized\"><img loading=\"lazy\" decoding=\"async\" width=\"100\" height=\"100\" src=\"https:\/\/mirabel-campings.com\/wp-content\/uploads\/2022\/04\/ouverture.png\" alt=\"opening camping\" class=\"wp-image-1273\" style=\"width:25px;height:25px\"\/><\/figure>\n<\/div>\n\n\n\n<div class=\"wp-block-column is-vertically-aligned-center is-layout-flow wp-block-column-is-layout-flow\">\n<p>Open van 15 maart tot 15 november<\/p>\n<\/div>\n<\/div>\n\n\n\n<div style=\"height:20px\" aria-hidden=\"true\" class=\"wp-block-spacer\"><\/div>\n\n\n\n<div class=\"wp-block-columns are-vertically-aligned-center mt-0 is-layout-flex wp-container-core-columns-is-layout-28f84493 wp-block-columns-is-layout-flex\">\n<div class=\"wp-block-column is-vertically-aligned-center is-layout-flow wp-block-column-is-layout-flow\" style=\"flex-basis:25px\">\n<figure class=\"wp-block-image size-full is-resized\"><img loading=\"lazy\" decoding=\"async\" width=\"100\" height=\"79\" src=\"https:\/\/mirabel-campings.com\/wp-content\/uploads\/2022\/04\/locatifs.png\" alt=\"camping verhuur\" class=\"wp-image-1276\" style=\"width:25px;height:20px\"\/><\/figure>\n<\/div>\n\n\n\n<div class=\"wp-block-column is-vertically-aligned-center is-layout-flow wp-block-column-is-layout-flow\">\n<p>54 woonpercelen<\/p>\n<\/div>\n<\/div>\n\n\n\n<div style=\"height:20px\" aria-hidden=\"true\" class=\"wp-block-spacer\"><\/div>\n\n\n\n<div class=\"wp-block-columns are-vertically-aligned-center mt-0 is-layout-flex wp-container-core-columns-is-layout-28f84493 wp-block-columns-is-layout-flex\">\n<div class=\"wp-block-column is-vertically-aligned-center is-layout-flow wp-block-column-is-layout-flow\" style=\"flex-basis:25px\">\n<figure class=\"wp-block-image size-full\"><img loading=\"lazy\" decoding=\"async\" width=\"100\" height=\"135\" src=\"https:\/\/mirabel-campings.com\/wp-content\/uploads\/2022\/04\/situation.png\" alt=\"ligging camping\" class=\"wp-image-1279\"\/><\/figure>\n<\/div>\n\n\n\n<div class=\"wp-block-column is-vertically-aligned-center is-layout-flow wp-block-column-is-layout-flow\">\n<p>Blagnylaan<br>14 780 LEEUW-SUR-MER<br><a href=\"https:\/\/www.domaine-roches.com\/#descriptif\" target=\"_blank\" rel=\"noreferrer noopener\">Hoe u ons kunt vinden<\/a><\/p>\n<\/div>\n<\/div>\n\n\n\n<p class=\"mr-4 has-white-background-color has-background\" style=\"font-size:0.6px\"><\/p>\n\n\n\n<div class=\"wp-block-columns are-vertically-aligned-center is-layout-flex wp-container-core-columns-is-layout-28f84493 wp-block-columns-is-layout-flex\">\n<div class=\"wp-block-column is-vertically-aligned-center is-layout-flow wp-block-column-is-layout-flow\" style=\"flex-basis:25px\">\n<figure class=\"wp-block-image size-full\"><img loading=\"lazy\" decoding=\"async\" width=\"100\" height=\"102\" src=\"https:\/\/mirabel-campings.com\/wp-content\/uploads\/2022\/04\/email.png\" alt=\"e-mail\" class=\"wp-image-1282\"\/><\/figure>\n<\/div>\n\n\n\n<div class=\"wp-block-column is-vertically-aligned-center is-layout-flow wp-block-column-is-layout-flow\">\n<p class=\"ga-clic-roches-email\"><a href=\"mailto:roches@mirabel-campings.com\">roches@mirabel-campings.com<\/a><\/p>\n<\/div>\n<\/div>\n\n\n\n<div style=\"height:20px\" aria-hidden=\"true\" class=\"wp-block-spacer\"><\/div>\n\n\n\n<div class=\"wp-block-columns are-vertically-aligned-center mt-0 is-layout-flex wp-container-core-columns-is-layout-28f84493 wp-block-columns-is-layout-flex\">\n<div class=\"wp-block-column is-vertically-aligned-center is-layout-flow wp-block-column-is-layout-flow\" style=\"flex-basis:25px\">\n<figure class=\"wp-block-image size-full is-resized\"><img loading=\"lazy\" decoding=\"async\" width=\"100\" height=\"99\" src=\"https:\/\/mirabel-campings.com\/wp-content\/uploads\/2022\/04\/telephone.png\" alt=\"telefoon\" class=\"wp-image-1285\" style=\"width:25px;height:25px\"\/><\/figure>\n<\/div>\n\n\n\n<div class=\"wp-block-column is-vertically-aligned-center is-layout-flow wp-block-column-is-layout-flow\">\n<p class=\"ga-clic-roches-tel has-link-color wp-elements-70cc19729642ac48033499910e362512\"><a href=\"tel:0231972115\">02 31 97 21 15<\/a> <\/p>\n<\/div>\n<\/div>\n\n\n\n<div class=\"wp-block-buttons is-content-justification-center is-nowrap is-layout-flex wp-container-core-buttons-is-layout-12a27398 wp-block-buttons-is-layout-flex\">\n<div class=\"wp-block-button ga-clic-roches-website\"><a class=\"wp-block-button__link has-orange-background-color has-background wp-element-button\" href=\"https:\/\/www.domaine-roches.com\" target=\"_blank\" rel=\"noreferrer noopener\">De website<\/a><\/div>\n<\/div>\n<\/div>\n<\/div>\n<\/div>\n\n\n\n<figure class=\"wp-block-gallery alignfull has-nested-images columns-default is-cropped front-page-section mb-0 pb-0 sev-campings-gallery wp-block-gallery-1 is-layout-flex wp-block-gallery-is-layout-flex\">\n<figure class=\"wp-block-image size-large m-0\"><img loading=\"lazy\" decoding=\"async\" width=\"1024\" height=\"768\" data-id=\"3201\" src=\"https:\/\/mirabel-campings.com\/wp-content\/uploads\/2022\/05\/pele-mele-photo-gauche-1024x768.jpg\" alt=\"camping in de buurt van de stranden van Lion sur Mer\" class=\"wp-image-3201\" srcset=\"https:\/\/mirabel-campings.com\/wp-content\/uploads\/2022\/05\/pele-mele-photo-gauche-1024x768.jpg 1024w, https:\/\/mirabel-campings.com\/wp-content\/uploads\/2022\/05\/pele-mele-photo-gauche-300x225.jpg 300w, https:\/\/mirabel-campings.com\/wp-content\/uploads\/2022\/05\/pele-mele-photo-gauche-768x576.jpg 768w, https:\/\/mirabel-campings.com\/wp-content\/uploads\/2022\/05\/pele-mele-photo-gauche.jpg 1200w\" sizes=\"auto, (max-width: 1024px) 100vw, 1024px\" \/><\/figure>\n\n\n\n<figure class=\"wp-block-image size-large m-0\"><img loading=\"lazy\" decoding=\"async\" width=\"1024\" height=\"768\" data-id=\"1659\" src=\"https:\/\/mirabel-campings.com\/wp-content\/uploads\/2022\/04\/les-roches-direct-plage-1024x768.jpg\" alt=\"Normandische stranden\" class=\"wp-image-1659\" srcset=\"https:\/\/mirabel-campings.com\/wp-content\/uploads\/2022\/04\/les-roches-direct-plage-1024x768.jpg 1024w, https:\/\/mirabel-campings.com\/wp-content\/uploads\/2022\/04\/les-roches-direct-plage-300x225.jpg 300w, https:\/\/mirabel-campings.com\/wp-content\/uploads\/2022\/04\/les-roches-direct-plage-768x576.jpg 768w, https:\/\/mirabel-campings.com\/wp-content\/uploads\/2022\/04\/les-roches-direct-plage.jpg 1200w\" sizes=\"auto, (max-width: 1024px) 100vw, 1024px\" \/><\/figure>\n\n\n\n<figure class=\"wp-block-image size-large\" id=\"m-0\"><img loading=\"lazy\" decoding=\"async\" width=\"1024\" height=\"768\" data-id=\"3198\" src=\"https:\/\/mirabel-campings.com\/wp-content\/uploads\/2022\/05\/pele-mele-photo-droite-camping-vue-mer-1024x768.jpg\" alt=\"camping in de buurt van de stranden van Lion sur Mer\" class=\"wp-image-3198\" srcset=\"https:\/\/mirabel-campings.com\/wp-content\/uploads\/2022\/05\/pele-mele-photo-droite-camping-vue-mer-1024x768.jpg 1024w, https:\/\/mirabel-campings.com\/wp-content\/uploads\/2022\/05\/pele-mele-photo-droite-camping-vue-mer-300x225.jpg 300w, https:\/\/mirabel-campings.com\/wp-content\/uploads\/2022\/05\/pele-mele-photo-droite-camping-vue-mer-768x576.jpg 768w, https:\/\/mirabel-campings.com\/wp-content\/uploads\/2022\/05\/pele-mele-photo-droite-camping-vue-mer.jpg 1200w\" sizes=\"auto, (max-width: 1024px) 100vw, 1024px\" \/><\/figure>\n<\/figure>\n\n\n\n<div style=\"height:60px\" aria-hidden=\"true\" class=\"wp-block-spacer\"><\/div>\n\n\n\n<div class=\"wp-block-media-text alignwide has-media-on-the-right is-stacked-on-mobile is-image-fill animate right\"><div class=\"wp-block-media-text__content\">\n<div style=\"height:20px\" aria-hidden=\"true\" class=\"wp-block-spacer\"><\/div>\n\n\n\n<h2 class=\"wp-block-heading\">Lion-sur-Mer, een klein familieresort in Calvados<\/h2>\n\n\n\n<figure class=\"wp-block-image size-full\"><img loading=\"lazy\" decoding=\"async\" width=\"50\" height=\"8\" src=\"https:\/\/mirabel-campings.com\/wp-content\/uploads\/2022\/05\/barre-bleue.png\" alt=\"\" class=\"wp-image-3044\"\/><\/figure>\n\n\n\n<p>Emblematische kliffen, villa's die dateren uit de 19e<sup>th<\/sup> en 20<sup>th<\/sup> eeuw langs de promenade, een zeilschool en een aantal restaurants met uitzicht op zee dragen bij aan de rijkdom van dit kleine stadje. <strong>Normandisch dorp.<\/strong> De kleine draaimolen voor kinderen, de beroemde \u00abGui-gui\u00bb, waar je kunt genieten van een heerlijke \"Gui-gui\". <strong>goede wafel, pannenkoek<\/strong> of het beroemde ijs voor bij de thee maken <strong>Leeuw-sur-Mer<\/strong> een warme en authentieke plek om je <strong>gezinsvakanties. <\/strong>Je zult genieten van de wandelingen, het strand, het vissen en het strandzeilen. <\/p>\n\n\n\n<p><strong>Het fietspad <\/strong>die aan de camping grenst, zodat je je kunt verplaatsen <strong>zonder de auto<\/strong> zo ver naar het westen als Ouistreham, Caen of Courseulles-sur-Mer. Als je van het goede leven houdt, dan zul je dol zijn op onze <strong>Camping Mirabel Les Roches<\/strong>&nbsp;!<\/p>\n\n\n\n<figure class=\"wp-block-image aligncenter size-full is-resized\"><img loading=\"lazy\" decoding=\"async\" width=\"320\" height=\"306\" src=\"https:\/\/mirabel-campings.com\/wp-content\/uploads\/2022\/04\/Coquillage.png\" alt=\"\" class=\"wp-image-260\" style=\"width:100px\" srcset=\"https:\/\/mirabel-campings.com\/wp-content\/uploads\/2022\/04\/Coquillage.png 320w, https:\/\/mirabel-campings.com\/wp-content\/uploads\/2022\/04\/Coquillage-300x287.png 300w\" sizes=\"auto, (max-width: 320px) 100vw, 320px\" \/><\/figure>\n\n\n\n<div style=\"height:20px\" aria-hidden=\"true\" class=\"wp-block-spacer\"><\/div>\n<\/div><figure class=\"wp-block-media-text__media\" style=\"background-image:url(https:\/\/mirabel-campings.com\/wp-content\/uploads\/2023\/02\/falaises-lion-sur-mer-plage-1-820x1024.jpeg);background-position:50% 50%\"><img loading=\"lazy\" decoding=\"async\" width=\"820\" height=\"1024\" src=\"https:\/\/mirabel-campings.com\/wp-content\/uploads\/2023\/02\/falaises-lion-sur-mer-plage-1-820x1024.jpeg\" alt=\"De kliffen van Lion-sur-mer\" class=\"wp-image-5531 size-full\" srcset=\"https:\/\/mirabel-campings.com\/wp-content\/uploads\/2023\/02\/falaises-lion-sur-mer-plage-1-820x1024.jpeg 820w, https:\/\/mirabel-campings.com\/wp-content\/uploads\/2023\/02\/falaises-lion-sur-mer-plage-1-240x300.jpeg 240w, https:\/\/mirabel-campings.com\/wp-content\/uploads\/2023\/02\/falaises-lion-sur-mer-plage-1-768x959.jpeg 768w, https:\/\/mirabel-campings.com\/wp-content\/uploads\/2023\/02\/falaises-lion-sur-mer-plage-1.jpeg 960w\" sizes=\"auto, (max-width: 820px) 100vw, 820px\" \/><\/figure><\/div>\n\n\n\n<div style=\"height:60px\" aria-hidden=\"true\" class=\"wp-block-spacer\"><\/div>\n\n\n\n<div class=\"wp-block-cover alignfull is-light has-parallax sev-block-cover-camping-images\" style=\"min-height:300px;aspect-ratio:unset;\"><span aria-hidden=\"true\" class=\"wp-block-cover__background has-background-dim\"><\/span><div role=\"img\" class=\"wp-block-cover__image-background wp-image-1638 has-parallax\" style=\"background-position:50% 50%;background-image:url(https:\/\/mirabel-campings.com\/wp-content\/uploads\/2022\/04\/les-roches-residences-mirabel.jpg)\"><\/div><div class=\"wp-block-cover__inner-container is-layout-flow wp-block-cover-is-layout-flow\">\n<div class=\"wp-block-columns is-layout-flex wp-container-core-columns-is-layout-28f84493 wp-block-columns-is-layout-flex\">\n<div class=\"wp-block-column is-layout-flow wp-block-column-is-layout-flow\" style=\"flex-basis:66%\">\n<p class=\"has-text-align-right texte-rond has-white-color has-text-color\" style=\"font-size:4rem\"><img loading=\"lazy\" decoding=\"async\" width=\"211\" height=\"128\" class=\"wp-image-1351\" style=\"\" src=\"https:\/\/mirabel-campings.com\/wp-content\/uploads\/2022\/04\/photo.png\" alt=\"fotogalerij\">De camping in beeld <\/p>\n<\/div>\n\n\n\n<div class=\"wp-block-column pl-sm-5 is-layout-flow wp-block-column-is-layout-flow\" style=\"flex-basis:33%\">\n<div style=\"height:25px\" aria-hidden=\"true\" class=\"wp-block-spacer\"><\/div>\n\n\n\n<p><\/p>\n\n\n\n<div class=\"wp-block-buttons is-horizontal is-content-justification-left is-layout-flex wp-container-core-buttons-is-layout-c4719c80 wp-block-buttons-is-layout-flex\">\n<div class=\"wp-block-button\"><a class=\"wp-block-button__link has-orange-background-color has-background wp-element-button\" href=\"https:\/\/www.domaine-roches.com\" target=\"_blank\" rel=\"noreferrer noopener\">Ik ben aan het ontdekken!<\/a><\/div>\n<\/div>\n<\/div>\n<\/div>\n<\/div><\/div>\n\n\n\n<div style=\"height:60px\" aria-hidden=\"true\" class=\"wp-block-spacer\"><\/div>\n\n\n\n<p class=\"has-text-align-center texte-rond has-large-font-size\">Ontdek de camping<\/p>\n\n\n\n<div class=\"wp-block-columns front-page-section grey is-layout-flex wp-container-core-columns-is-layout-28f84493 wp-block-columns-is-layout-flex\">\n<div class=\"wp-block-column is-layout-flow wp-block-column-is-layout-flow\"><\/div>\n\n\n\n<div class=\"wp-block-column is-layout-flow wp-block-column-is-layout-flow\"><\/div>\n\n\n\n<div class=\"wp-block-column is-layout-flow wp-block-column-is-layout-flow\">\n<div class=\"wp-block-create-block-sevgutenberg-navigation\"><aside class=\"encart-sev-navigation small carre\"><a href=\"https:\/\/www.domaine-roches.com\/#descriptif\" class=\"d-flex flex-column align-items-center\" target=\"_blank\" rel=\"noopener\"><div class=\"encart-title\"><span>Eigenaar worden<\/span><\/div><div class=\"vague\"><\/div><img decoding=\"async\" src=\"https:\/\/mirabel-campings.com\/wp-content\/uploads\/2022\/04\/post-secours-lion-sur-mer.jpg\" alt=\"leeuw in de zee\"\/><div class=\"ligne\"><\/div><div class=\"hover\"><\/div><\/a><\/aside><\/div>\n<\/div>\n\n\n\n<div class=\"wp-block-column is-layout-flow wp-block-column-is-layout-flow\"><\/div>\n\n\n\n<div class=\"wp-block-column is-layout-flow wp-block-column-is-layout-flow\"><\/div>\n<\/div>","protected":false},"excerpt":{"rendered":"<p>Camping Mirabel Les Roches : pour les propri\u00e9taires de mobil-homes Acc\u00e8s direct plage Vue sur mer Votre r\u00e9sidence secondaire en [&hellip;]<\/p>\n","protected":false},"author":1,"featured_media":0,"parent":0,"menu_order":0,"comment_status":"closed","ping_status":"closed","template":"custom-campings.php","meta":{"_seopress_robots_primary_cat":"","_seopress_titles_title":"Camping Les Roches en Normandie | Calvados (14)","_seopress_titles_desc":"Ce petit camping familial est id\u00e9al pour profiter de l\u2019air iod\u00e9 de la mer du Calvados pendant vos vacances ou vos week-ends ! ","_seopress_robots_index":"","footnotes":""},"class_list":["post-378","page","type-page","status-publish","hentry"],"_links":{"self":[{"href":"https:\/\/mirabel-campings.com\/nl\/wp-json\/wp\/v2\/pages\/378","targetHints":{"allow":["GET"]}}],"collection":[{"href":"https:\/\/mirabel-campings.com\/nl\/wp-json\/wp\/v2\/pages"}],"about":[{"href":"https:\/\/mirabel-campings.com\/nl\/wp-json\/wp\/v2\/types\/page"}],"author":[{"embeddable":true,"href":"https:\/\/mirabel-campings.com\/nl\/wp-json\/wp\/v2\/users\/1"}],"replies":[{"embeddable":true,"href":"https:\/\/mirabel-campings.com\/nl\/wp-json\/wp\/v2\/comments?post=378"}],"version-history":[{"count":50,"href":"https:\/\/mirabel-campings.com\/nl\/wp-json\/wp\/v2\/pages\/378\/revisions"}],"predecessor-version":[{"id":8385,"href":"https:\/\/mirabel-campings.com\/nl\/wp-json\/wp\/v2\/pages\/378\/revisions\/8385"}],"wp:attachment":[{"href":"https:\/\/mirabel-campings.com\/nl\/wp-json\/wp\/v2\/media?parent=378"}],"curies":[{"name":"wp","href":"https:\/\/api.w.org\/{rel}","templated":true}]}}