{"id":41,"date":"2022-04-13T14:45:16","date_gmt":"2022-04-13T12:45:16","guid":{"rendered":"https:\/\/mirabel-campings.com\/?page_id=41"},"modified":"2025-10-30T11:17:49","modified_gmt":"2025-10-30T10:17:49","slug":"stacaravans","status":"publish","type":"page","link":"https:\/\/mirabel-campings.com\/nl\/mobil-homes\/","title":{"rendered":"Stacaravans"},"content":{"rendered":"<h1 class=\"wp-block-heading\">Verhuur van stacaravans voor een gezinsvakantie<\/h1>\n\n\n\n<p class=\"has-text-align-center\"><strong>Voor 1 tot 6 personen, onze stacaravans<\/strong> Het nieuwste comfort en gemak geven je het vertrouwen om je vakantie door te brengen alsof je thuis bent in een van onze <strong>Campings Mirabel <\/strong>van het Grote Westen.<\/p>\n\n\n\n<figure class=\"wp-block-image aligncenter size-full\"><img loading=\"lazy\" decoding=\"async\" width=\"50\" height=\"8\" src=\"https:\/\/mirabel-campings.com\/wp-content\/uploads\/2022\/04\/barre-bleue.png\" alt=\"\" class=\"wp-image-309\"\/><\/figure>\n\n\n\n<div style=\"height:20px\" aria-hidden=\"true\" class=\"wp-block-spacer\"><\/div>\n\n\n\n<div class=\"wp-block-media-text alignwide has-media-on-the-right is-stacked-on-mobile is-vertically-aligned-center\"><div class=\"wp-block-media-text__content\">\n<h2 class=\"wp-block-heading\">Verschillende reeksen comfortabele, recent gebouwde stacaravans<\/h2>\n\n\n\n<figure class=\"wp-block-image size-full\"><img loading=\"lazy\" decoding=\"async\" width=\"50\" height=\"8\" src=\"https:\/\/mirabel-campings.com\/wp-content\/uploads\/2022\/05\/barre-bleue.png\" alt=\"\" class=\"wp-image-3044\"\/><\/figure>\n\n\n\n<p><strong>Onze stacaravans met 1 tot 3 slaapkamers<\/strong>, Elk van deze appartementen met 1 of 2 slaapkamers, met halfopen of overdekt terras, is de ideale plek om het beste van het leven te delen met je geliefden.<\/p>\n\n\n\n<p>In de <strong>Campings Mirabel<\/strong>, Ons doel is om voor je te zorgen en je in de best mogelijke omstandigheden te verwelkomen. Voordat je aankomt, bereiden al onze teams je accommodatie voor, zodat je je bagage kunt neerzetten en meteen van je verblijf kunt genieten!<\/p>\n\n\n\n<figure class=\"wp-block-image alignleft size-full is-resized\"><img loading=\"lazy\" decoding=\"async\" width=\"283\" height=\"300\" src=\"https:\/\/mirabel-campings.com\/wp-content\/uploads\/2022\/05\/transat-283x300-1.png\" alt=\"\" class=\"wp-image-3088\" style=\"width:71px;height:75px\"\/><\/figure>\n\n\n\n<p>Voor <strong>vakantie aan zee<\/strong> in een van onze drie regio's <strong>Bretagne<\/strong>, <strong>Normandie<\/strong> of <strong>Pays-de-la-Loire<\/strong>, Onze stacaravans zijn aangepast zodat je er even helemaal tussenuit kunt. <strong>op vakantie <\/strong>2, 4, <strong>met je gezin<\/strong> of met vrienden, en met je<strong> huisdier<\/strong> (zie classificatie).<\/p>\n<\/div><figure class=\"wp-block-media-text__media\"><img loading=\"lazy\" decoding=\"async\" width=\"1024\" height=\"683\" src=\"https:\/\/mirabel-campings.com\/wp-content\/uploads\/2023\/02\/location-mobil-home-3ch-PDM2-1024x683.jpg\" alt=\"Verhuur van stacaravans met alle comfort\" class=\"wp-image-5542 size-full\" srcset=\"https:\/\/mirabel-campings.com\/wp-content\/uploads\/2023\/02\/location-mobil-home-3ch-PDM2-1024x683.jpg 1024w, https:\/\/mirabel-campings.com\/wp-content\/uploads\/2023\/02\/location-mobil-home-3ch-PDM2-300x200.jpg 300w, https:\/\/mirabel-campings.com\/wp-content\/uploads\/2023\/02\/location-mobil-home-3ch-PDM2-768x512.jpg 768w, https:\/\/mirabel-campings.com\/wp-content\/uploads\/2023\/02\/location-mobil-home-3ch-PDM2.jpg 1200w\" sizes=\"auto, (max-width: 1024px) 100vw, 1024px\" \/><\/figure><\/div>\n\n\n\n<div style=\"height:20px\" aria-hidden=\"true\" class=\"wp-block-spacer\"><\/div>\n\n\n\n<div class=\"wp-block-media-text alignwide is-stacked-on-mobile is-vertically-aligned-center front-page-section grey\"><figure class=\"wp-block-media-text__media\"><img loading=\"lazy\" decoding=\"async\" width=\"1024\" height=\"683\" src=\"https:\/\/mirabel-campings.com\/wp-content\/uploads\/2023\/04\/terrasse-locatif-mobil-home-1024x683.jpg\" alt=\"volledig uitgeruste accommodatie\" class=\"wp-image-479 size-full\" srcset=\"https:\/\/mirabel-campings.com\/wp-content\/uploads\/2023\/04\/terrasse-locatif-mobil-home-1024x683.jpg 1024w, https:\/\/mirabel-campings.com\/wp-content\/uploads\/2023\/04\/terrasse-locatif-mobil-home-300x200.jpg 300w, https:\/\/mirabel-campings.com\/wp-content\/uploads\/2023\/04\/terrasse-locatif-mobil-home-768x512.jpg 768w, https:\/\/mirabel-campings.com\/wp-content\/uploads\/2023\/04\/terrasse-locatif-mobil-home.jpg 1200w\" sizes=\"auto, (max-width: 1024px) 100vw, 1024px\" \/><\/figure><div class=\"wp-block-media-text__content\">\n<p class=\"texte-rond has-orange-color has-text-color has-large-font-size\">Onze zorgvuldig ingerichte vakantiewoningen<\/p>\n\n\n\n<p><strong>Onze moderne stacaravans<\/strong> zijn ingericht als kleine huisjes voor de best mogelijke verblijfskwaliteit: <strong>ingerichte keuken<\/strong> met alles wat je nodig hebt om heerlijke maaltijden te bereiden: oven, magnetron, kookplaat, kookgerei, broodrooster, koffiezetapparaat, koelkast met vriesvak, koekenpan en steelpan, servies, snijplank voor die late drankjes!<\/p>\n\n\n\n<figure class=\"wp-block-image aligncenter size-full\"><img loading=\"lazy\" decoding=\"async\" width=\"300\" height=\"51\" src=\"https:\/\/mirabel-campings.com\/wp-content\/uploads\/2022\/05\/Vagues-300x51-1.png\" alt=\"\" class=\"wp-image-3091\"\/><\/figure>\n\n\n\n<p>Voor momenten van ontspanning ga je naar de <strong>tentoonstelling<\/strong> op de comfortabele bank, geniet van de <strong>televisie<\/strong> of uw <strong>terras<\/strong> om rustig te lezen op een <strong>strandbed<\/strong> ! A <strong>barbecue<\/strong> is ook beschikbaar of kan worden gehuurd om te grillen.<strong><\/strong><\/p>\n<\/div><\/div>\n\n\n\n<div style=\"height:20px\" aria-hidden=\"true\" class=\"wp-block-spacer\"><\/div>\n\n\n\n<div class=\"wp-block-media-text alignwide has-media-on-the-right is-stacked-on-mobile is-vertically-aligned-center animate right\"><div class=\"wp-block-media-text__content\">\n<h2 class=\"wp-block-heading\">Onze toegankelijke campings aan zee<\/h2>\n\n\n\n<figure class=\"wp-block-image size-full\"><img loading=\"lazy\" decoding=\"async\" width=\"50\" height=\"8\" src=\"https:\/\/mirabel-campings.com\/wp-content\/uploads\/2022\/05\/barre-bleue.png\" alt=\"\" class=\"wp-image-3044\"\/><\/figure>\n\n\n\n<p>Voor de <strong>mensen met beperkte mobiliteit,<\/strong> voor <strong>gezinnen met kinderen <\/strong>Voor jonge kinderen hebben we speciale stacaravans met oprijplaten voor je rolstoel of kinderwagen. Binnen is de accommodatie volledig uitgerust voor je comfort. <strong>comfort en toegankelijkheid<\/strong> De woonkamer is ruim en gemakkelijk om in te bewegen, en de slaapkamer is geschikt voor je kind. <strong>fauteuil of kinderbed <\/strong>voor baby's indien nodig. <\/p>\n\n\n\n<p>Geniet van uw gemoedsrust op onze campings, die zijn afgestemd op uw behoeften<\/p>\n\n\n\n<figure class=\"wp-block-image aligncenter size-full is-resized\"><img loading=\"lazy\" decoding=\"async\" width=\"320\" height=\"326\" src=\"https:\/\/mirabel-campings.com\/wp-content\/uploads\/2022\/04\/Etoile2.png\" alt=\"\" class=\"wp-image-264\" style=\"width:100px\" srcset=\"https:\/\/mirabel-campings.com\/wp-content\/uploads\/2022\/04\/Etoile2.png 320w, https:\/\/mirabel-campings.com\/wp-content\/uploads\/2022\/04\/Etoile2-294x300.png 294w\" sizes=\"auto, (max-width: 320px) 100vw, 320px\" \/><\/figure>\n<\/div><figure class=\"wp-block-media-text__media\"><img loading=\"lazy\" decoding=\"async\" width=\"1024\" height=\"768\" src=\"https:\/\/mirabel-campings.com\/wp-content\/uploads\/2022\/04\/location-PMR-camping-mirabel-1024x768.jpg\" alt=\"Stacaravans PRM\" class=\"wp-image-482 size-full\" srcset=\"https:\/\/mirabel-campings.com\/wp-content\/uploads\/2022\/04\/location-PMR-camping-mirabel-1024x768.jpg 1024w, https:\/\/mirabel-campings.com\/wp-content\/uploads\/2022\/04\/location-PMR-camping-mirabel-300x225.jpg 300w, https:\/\/mirabel-campings.com\/wp-content\/uploads\/2022\/04\/location-PMR-camping-mirabel-768x576.jpg 768w, https:\/\/mirabel-campings.com\/wp-content\/uploads\/2022\/04\/location-PMR-camping-mirabel.jpg 1200w\" sizes=\"auto, (max-width: 1024px) 100vw, 1024px\" \/><\/figure><\/div>\n\n\n\n<div style=\"height:40px\" aria-hidden=\"true\" class=\"wp-block-spacer\"><\/div>\n\n\n\n<p class=\"has-text-align-center texte-rond has-large-font-size\">Kies uw camping!<\/p>\n\n\n\n<div class=\"wp-block-columns front-page-section grey mb-0 is-layout-flex wp-container-core-columns-is-layout-28f84493 wp-block-columns-is-layout-flex\">\n<div class=\"wp-block-column is-layout-flow wp-block-column-is-layout-flow\"><\/div>\n\n\n\n<div class=\"wp-block-column is-layout-flow wp-block-column-is-layout-flow\">\n<div class=\"wp-block-create-block-sevgutenberg-navigation\"><aside class=\"encart-sev-navigation small carre\"><a href=\"https:\/\/mirabel-campings.com\/nl\/camping-la-crique-saint-cast-le-guildo\/\" class=\"d-flex flex-column align-items-center\"><div class=\"encart-title\"><span>La Crique ***<\/span><\/div><div class=\"vague\"><\/div><img decoding=\"async\" src=\"https:\/\/mirabel-campings.com\/wp-content\/uploads\/2022\/04\/camping-crique-fort-lalatte.jpg\" alt=\"camping la crique bretagne\"\/><div class=\"ligne\"><\/div><div class=\"hover\"><\/div><\/a><\/aside><\/div>\n<\/div>\n\n\n\n<div class=\"wp-block-column is-layout-flow wp-block-column-is-layout-flow\">\n<div class=\"wp-block-create-block-sevgutenberg-navigation\"><aside class=\"encart-sev-navigation small carre\"><a href=\"https:\/\/mirabel-campings.com\/nl\/camping-le-clos-tranquille-saint-cast-le-guildo\/\" class=\"d-flex flex-column align-items-center\"><div class=\"encart-title\"><span>Le Clos Tranquille **<\/span><\/div><div class=\"vague\"><\/div><img decoding=\"async\" src=\"https:\/\/mirabel-campings.com\/wp-content\/uploads\/2022\/04\/20210717_184642-e1652366794366.jpg\" alt=\"rustig gelegen\"\/><div class=\"ligne\"><\/div><div class=\"hover\"><\/div><\/a><\/aside><\/div>\n<\/div>\n\n\n\n<div class=\"wp-block-column is-layout-flow wp-block-column-is-layout-flow\">\n<div class=\"wp-block-create-block-sevgutenberg-navigation\"><aside class=\"encart-sev-navigation small carre\"><a href=\"https:\/\/mirabel-campings.com\/nl\/camping-les-mielles-saint-cast-le-guildo\/\" class=\"d-flex flex-column align-items-center\"><div class=\"encart-title\"><span>Les Mielles ****<\/span><\/div><div class=\"vague\"><\/div><img decoding=\"async\" src=\"https:\/\/mirabel-campings.com\/wp-content\/uploads\/2022\/04\/DSCN6689.jpg\" alt=\"Les Mielles\"\/><div class=\"ligne\"><\/div><div class=\"hover\"><\/div><\/a><\/aside><\/div>\n<\/div>\n\n\n\n<div class=\"wp-block-column is-layout-flow wp-block-column-is-layout-flow\"><\/div>\n<\/div>\n\n\n\n<div class=\"wp-block-columns front-page-section grey pt-0 is-layout-flex wp-container-core-columns-is-layout-28f84493 wp-block-columns-is-layout-flex\">\n<div class=\"wp-block-column is-layout-flow wp-block-column-is-layout-flow\"><\/div>\n\n\n\n<div class=\"wp-block-column is-layout-flow wp-block-column-is-layout-flow\">\n<div class=\"wp-block-create-block-sevgutenberg-navigation\"><aside class=\"encart-sev-navigation small carre\"><a href=\"https:\/\/mirabel-campings.com\/nl\/camping-la-renaudiere-pornic\/\" class=\"d-flex flex-column align-items-center\"><div class=\"encart-title\"><span>La Renaudi\u00e8re ****<\/span><\/div><div class=\"vague\"><\/div><img decoding=\"async\" src=\"https:\/\/mirabel-campings.com\/wp-content\/uploads\/2022\/04\/Home-page-piscine-2000px.jpg\" alt=\"camping la renaudi\u00e8re loire\"\/><div class=\"ligne\"><\/div><div class=\"hover\"><\/div><\/a><\/aside><\/div>\n<\/div>\n\n\n\n<div class=\"wp-block-column is-layout-flow wp-block-column-is-layout-flow\">\n<div class=\"wp-block-create-block-sevgutenberg-navigation\"><aside class=\"encart-sev-navigation small carre\"><a href=\"https:\/\/mirabel-campings.com\/nl\/camping-les-prairies-de-la-mer-ouistreham\/\" class=\"d-flex flex-column align-items-center\"><div class=\"encart-title\"><span>Les Prairies de la Mer ****<\/span><\/div><div class=\"vague\"><\/div><img decoding=\"async\" src=\"https:\/\/mirabel-campings.com\/wp-content\/uploads\/2022\/04\/piscine-transat-ouistreham-camping.jpg\" alt=\"Weiden aan zee\"\/><div class=\"ligne\"><\/div><div class=\"hover\"><\/div><\/a><\/aside><\/div>\n<\/div>\n\n\n\n<div class=\"wp-block-column is-layout-flow wp-block-column-is-layout-flow\">\n<div class=\"wp-block-create-block-sevgutenberg-navigation\"><aside class=\"encart-sev-navigation small carre\"><a href=\"https:\/\/mirabel-campings.com\/nl\/page-camping\/\" class=\"d-flex flex-column align-items-center\"><div class=\"encart-title\"><span>L'Ermitage ***<\/span><\/div><div class=\"vague\"><\/div><img decoding=\"async\" src=\"https:\/\/mirabel-campings.com\/wp-content\/uploads\/2025\/03\/header-camping-ermitage-donville.png\" alt=\"kop camping ermitage donville manche\"\/><div class=\"ligne\"><\/div><div class=\"hover\"><\/div><\/a><\/aside><\/div>\n<\/div>\n\n\n\n<div class=\"wp-block-column is-layout-flow wp-block-column-is-layout-flow\"><\/div>\n<\/div>\n\n\n\n<figure class=\"wp-block-image aligncenter size-full is-resized mt-5\"><img loading=\"lazy\" decoding=\"async\" width=\"1024\" height=\"84\" src=\"https:\/\/mirabel-campings.com\/wp-content\/uploads\/2022\/04\/diapo-photos.png\" alt=\"foto slideshow\" class=\"wp-image-276\" style=\"width:768px;height:63px\" srcset=\"https:\/\/mirabel-campings.com\/wp-content\/uploads\/2022\/04\/diapo-photos.png 1024w, https:\/\/mirabel-campings.com\/wp-content\/uploads\/2022\/04\/diapo-photos-300x25.png 300w, https:\/\/mirabel-campings.com\/wp-content\/uploads\/2022\/04\/diapo-photos-768x63.png 768w\" sizes=\"auto, (max-width: 1024px) 100vw, 1024px\" \/><\/figure>\n\n\n\t\t\t<div id=\"sevgallery-1483355552\" class=\"sev-diaporama sev-diaporama-portfolio\">\n\t\t\t\t<div class=\"row\">\n\n\t\t\t\t\t\n\t\t\t\t\t\t\n\t\t\t\t\t\t<div class=\"sev-diaporama-portfolio-item   btnseeall btnseeall-xl col-12 col-md  col-shrink\">\n\t\t\t\t\t\t\t<a href=\"https:\/\/mirabel-campings.com\/wp-content\/uploads\/2023\/05\/mobil-home-location-vacances.jpg\" data-lightbox=\"sevgallery-1483355552\" style=\"background-image: url(https:\/\/mirabel-campings.com\/wp-content\/uploads\/2023\/05\/mobil-home-location-vacances.jpg)\">\n\t\t\t\t\t\t\t\t<img decoding=\"async\" src=\"https:\/\/mirabel-campings.com\/wp-content\/uploads\/2023\/05\/mobil-home-location-vacances.jpg\" alt=\"verhuur van stacaravans dichtbij Pornic\" loading=\"lazy\">\n\t\t\t\t\t\t\t<\/a>\n\t\t\t\t\t\t<\/div>\n\n\t\t\t\t\t\t\n\t\t\t\t\t\t\t\t\t\t\t\t\t\t\t\t\t\n\t\t\t\t\t\t\n\t\t\t\t\t\t<div class=\"sev-diaporama-portfolio-item   btnseeall btnseeall-xl col-12 col-md\">\n\t\t\t\t\t\t\t<a href=\"https:\/\/mirabel-campings.com\/wp-content\/uploads\/2022\/04\/location-mobil-home-1ch-mirabel.jpg\" data-lightbox=\"sevgallery-1483355552\" style=\"background-image: url(https:\/\/mirabel-campings.com\/wp-content\/uploads\/2022\/04\/location-mobil-home-1ch-mirabel.jpg)\">\n\t\t\t\t\t\t\t\t<img decoding=\"async\" src=\"https:\/\/mirabel-campings.com\/wp-content\/uploads\/2022\/04\/location-mobil-home-1ch-mirabel.jpg\" alt=\"1 slaapkamer stacaravan te huur\" loading=\"lazy\">\n\t\t\t\t\t\t\t<\/a>\n\t\t\t\t\t\t<\/div>\n\n\t\t\t\t\t\t\n\t\t\t\t\t\t\t\t\t\t\t\t\t\t\t\t\t\n\t\t\t\t\t\t\n\t\t\t\t\t\t<div class=\"sev-diaporama-portfolio-item   btnseeall btnseeall-xl col-12 col-md  col-shrink\">\n\t\t\t\t\t\t\t<a href=\"https:\/\/mirabel-campings.com\/wp-content\/uploads\/2023\/08\/location-camping-bord-de-mer-bretagne.jpg\" data-lightbox=\"sevgallery-1483355552\" style=\"background-image: url(https:\/\/mirabel-campings.com\/wp-content\/uploads\/2023\/08\/location-camping-bord-de-mer-bretagne.jpg)\">\n\t\t\t\t\t\t\t\t<img decoding=\"async\" src=\"https:\/\/mirabel-campings.com\/wp-content\/uploads\/2023\/08\/location-camping-bord-de-mer-bretagne.jpg\" alt=\"verhuur Camping aan zee Bretagne\" loading=\"lazy\">\n\t\t\t\t\t\t\t<\/a>\n\t\t\t\t\t\t<\/div>\n\n\t\t\t\t\t\t\n\t\t\t\t\t\t\t\t\t\t\t\t\t\t\t\t\t\n\t\t\t\t\t\t\n\t\t\t\t\t\t<div class=\"sev-diaporama-portfolio-item   btnseeall btnseeall-xl col-12 col-md\">\n\t\t\t\t\t\t\t<a href=\"https:\/\/mirabel-campings.com\/wp-content\/uploads\/2023\/09\/location-vacances-saint-cast.jpg\" data-lightbox=\"sevgallery-1483355552\" style=\"background-image: url(https:\/\/mirabel-campings.com\/wp-content\/uploads\/2023\/09\/location-vacances-saint-cast.jpg)\">\n\t\t\t\t\t\t\t\t<img decoding=\"async\" src=\"https:\/\/mirabel-campings.com\/wp-content\/uploads\/2023\/09\/location-vacances-saint-cast.jpg\" alt=\"aankoop stacaravan camping saint cast le guildo\" loading=\"lazy\">\n\t\t\t\t\t\t\t<\/a>\n\t\t\t\t\t\t<\/div>\n\n\t\t\t\t\t\t\t\t\t\t\t\t\t<div class=\"w-100\"><\/div>\n\t\t\t\t\t\t\t\t\t\t\t\t\t\n\t\t\t\t\t\t\t\t\t\t\t\t\t\t\t\t\t\n\t\t\t\t\t\t\n\t\t\t\t\t\t<div class=\"sev-diaporama-portfolio-item   btnseeall btnseeall-xl col-12 col-md  col-grow\">\n\t\t\t\t\t\t\t<a href=\"https:\/\/mirabel-campings.com\/wp-content\/uploads\/2023\/06\/hebergement-location-mobil-home.jpg\" data-lightbox=\"sevgallery-1483355552\" style=\"background-image: url(https:\/\/mirabel-campings.com\/wp-content\/uploads\/2023\/06\/hebergement-location-mobil-home.jpg)\">\n\t\t\t\t\t\t\t\t<img decoding=\"async\" src=\"https:\/\/mirabel-campings.com\/wp-content\/uploads\/2023\/06\/hebergement-location-mobil-home.jpg\" alt=\"verhuur stacaravan camping mirabel\" loading=\"lazy\">\n\t\t\t\t\t\t\t<\/a>\n\t\t\t\t\t\t<\/div>\n\n\t\t\t\t\t\t\n\t\t\t\t\t\t\t\t\t\t\t\t\t\t\t\t\t\n\t\t\t\t\t\t\n\t\t\t\t\t\t<div class=\"sev-diaporama-portfolio-item   btnseeall btnseeall-xl col-12 col-md  col-shrink\">\n\t\t\t\t\t\t\t<a href=\"https:\/\/mirabel-campings.com\/wp-content\/uploads\/2022\/04\/terrasse-couverte-loc.jpg\" data-lightbox=\"sevgallery-1483355552\" style=\"background-image: url(https:\/\/mirabel-campings.com\/wp-content\/uploads\/2022\/04\/terrasse-couverte-loc.jpg)\">\n\t\t\t\t\t\t\t\t<img decoding=\"async\" src=\"https:\/\/mirabel-campings.com\/wp-content\/uploads\/2022\/04\/terrasse-couverte-loc.jpg\" alt=\"verhuur stacaravan met overdekt terras\" loading=\"lazy\">\n\t\t\t\t\t\t\t<\/a>\n\t\t\t\t\t\t<\/div>\n\n\t\t\t\t\t\t\n\t\t\t\t\t\t\t\t\t\t\t\t\t\t\t\t\t\n\t\t\t\t\t\t\n\t\t\t\t\t\t<div class=\"sev-diaporama-portfolio-item   btnseeall btnseeall-xl col-12 col-md\">\n\t\t\t\t\t\t\t<a href=\"https:\/\/mirabel-campings.com\/wp-content\/uploads\/2022\/04\/mobil-home-camping-mirabel.jpg\" data-lightbox=\"sevgallery-1483355552\" style=\"background-image: url(https:\/\/mirabel-campings.com\/wp-content\/uploads\/2022\/04\/mobil-home-camping-mirabel.jpg)\">\n\t\t\t\t\t\t\t\t<img decoding=\"async\" src=\"https:\/\/mirabel-campings.com\/wp-content\/uploads\/2022\/04\/mobil-home-camping-mirabel.jpg\" alt=\"stacaravan camping Mirabel\" loading=\"lazy\">\n\t\t\t\t\t\t\t<\/a>\n\t\t\t\t\t\t<\/div>\n\n\t\t\t\t\t\t\n\t\t\t\t\t\t\t\t\t\t\t\t\t\t\t\t\t\n\t\t\t\t\t\t\n\t\t\t\t\t\t<div class=\"sev-diaporama-portfolio-item  limitsm btnseeall btnseeall-xl col-12 col-md  last-visible\">\n\t\t\t\t\t\t\t<a href=\"https:\/\/mirabel-campings.com\/wp-content\/uploads\/2022\/04\/mobilhome-chambre-location.jpg\" data-lightbox=\"sevgallery-1483355552\" style=\"background-image: url(https:\/\/mirabel-campings.com\/wp-content\/uploads\/2022\/04\/mobilhome-chambre-location.jpg)\">\n\t\t\t\t\t\t\t\t<img decoding=\"async\" src=\"https:\/\/mirabel-campings.com\/wp-content\/uploads\/2022\/04\/mobilhome-chambre-location.jpg\" alt=\"verhuur stacaravan\" loading=\"lazy\">\n\t\t\t\t\t\t\t<\/a>\n\t\t\t\t\t\t<\/div>\n\n\t\t\t\t\t\t\t\t\t\t\t\t\t<div class=\"w-100\"><\/div>\n\t\t\t\t\t\t\t\t\t\t\t\t\t\n\t\t\t\t\t\t\t\t\t\t\t\t\t\t\t\t\t\t\t\t\t<\/div>\n\t\t\t<\/div>\n\n\t\t\t<script>\n\t\t\tjQuery(function($) {\n\n\t\t\t\tvar marginPortfolio = function() {\n\n\t\t\t\t\tvar $diapo          = $('#sevgallery-1483355552');\n\t\t\t\t\tvar container_width = $diapo.parent().outerWidth();\n\t\t\t\t\tvar side            = ( $(window).innerWidth() - container_width ) \/ 2;\n\n\t\t\t\t\t$diapo.css( {\n\t\t\t\t\t\t'margin-left': '-' + side + 'px',\n\t\t\t\t\t\t'margin-right': '-' + side + 'px',\n\t\t\t\t\t} );\n\t\t\t\t};\n\n\t\t\t\t$( window ).resize( function() {\n\t\t\t\t\tmarginPortfolio();\n\t\t\t\t} );\n\t\t\t\tmarginPortfolio();\n\t\t\t});\n\t\t\t<\/script>","protected":false},"excerpt":{"rendered":"<p>Location de mobil-homes pour vos vacances en famille De 1 \u00e0 6 personnes, nos mobil-homes conforts de derni\u00e8re g\u00e9n\u00e9ration vous [&hellip;]<\/p>\n","protected":false},"author":1,"featured_media":0,"parent":0,"menu_order":0,"comment_status":"closed","ping_status":"closed","template":"","meta":{"_seopress_robots_primary_cat":"","_seopress_titles_title":"Location de mobil-homes en bord de mer - Campings MIRABEL","_seopress_titles_desc":"Mobil-home tout confort 1 \u00e0 3 chambres, 1 ou 2 salles de bains, terrasse semi-ouverte ou couverte, partager le meilleur avec vos proches.","_seopress_robots_index":"","footnotes":""},"class_list":["post-41","page","type-page","status-publish","hentry"],"_links":{"self":[{"href":"https:\/\/mirabel-campings.com\/nl\/wp-json\/wp\/v2\/pages\/41","targetHints":{"allow":["GET"]}}],"collection":[{"href":"https:\/\/mirabel-campings.com\/nl\/wp-json\/wp\/v2\/pages"}],"about":[{"href":"https:\/\/mirabel-campings.com\/nl\/wp-json\/wp\/v2\/types\/page"}],"author":[{"embeddable":true,"href":"https:\/\/mirabel-campings.com\/nl\/wp-json\/wp\/v2\/users\/1"}],"replies":[{"embeddable":true,"href":"https:\/\/mirabel-campings.com\/nl\/wp-json\/wp\/v2\/comments?post=41"}],"version-history":[{"count":41,"href":"https:\/\/mirabel-campings.com\/nl\/wp-json\/wp\/v2\/pages\/41\/revisions"}],"predecessor-version":[{"id":11291,"href":"https:\/\/mirabel-campings.com\/nl\/wp-json\/wp\/v2\/pages\/41\/revisions\/11291"}],"wp:attachment":[{"href":"https:\/\/mirabel-campings.com\/nl\/wp-json\/wp\/v2\/media?parent=41"}],"curies":[{"name":"wp","href":"https:\/\/api.w.org\/{rel}","templated":true}]}}