{"id":5736,"date":"2023-02-17T11:08:06","date_gmt":"2023-02-17T10:08:06","guid":{"rendered":"https:\/\/mirabel-campings.com\/?page_id=5736"},"modified":"2024-04-08T14:10:43","modified_gmt":"2024-04-08T12:10:43","slug":"onze-service-en-onderhoudsbedrijven","status":"publish","type":"page","link":"https:\/\/mirabel-campings.com\/nl\/nos-metiers-dentretien-et-maintenance\/","title":{"rendered":"Onze service- en onderhoudsbedrijven"},"content":{"rendered":"<h1 class=\"wp-block-heading\">Onze service- en onderhoudsbedrijven<\/h1>\n\n\n\n<p class=\"has-text-align-center\"> Er is maar \u00e9\u00e9n stap van duisternis naar licht! Jij bent de belangrijkste troef van de camping als het gaat om het verfraaien en inrichten van onze faciliteiten.<br>Zorgen voor onze klanten is jouw prioriteit!<\/p>\n\n\n\n<figure class=\"wp-block-image aligncenter size-full\"><img loading=\"lazy\" decoding=\"async\" width=\"50\" height=\"8\" src=\"https:\/\/mirabel-campings.com\/wp-content\/uploads\/2022\/05\/barre-bleue.png\" alt=\"\" class=\"wp-image-3044\"\/><\/figure>\n\n\n\n<div class=\"wp-block-media-text alignwide has-media-on-the-right is-stacked-on-mobile\"><div class=\"wp-block-media-text__content\">\n<h2 class=\"wp-block-heading\"><strong>Groene ruimtes, voor plantenliefhebbers<\/strong><\/h2>\n\n\n\n<figure class=\"wp-block-image size-full\"><img loading=\"lazy\" decoding=\"async\" width=\"50\" height=\"8\" src=\"https:\/\/mirabel-campings.com\/wp-content\/uploads\/2022\/05\/barre-bleue.png\" alt=\"\" class=\"wp-image-3044\"\/><\/figure>\n\n\n\n<p>Op onze Mirabel campings maken we er een erezaak van om ervoor te zorgen dat onze <strong>aangelegde gebieden zijn harmonieus en goed onderhouden<\/strong>. Een camping in bloei maakt hem warmer en aantrekkelijker. Onze \u00abgroene handen\u00bb op de campings zijn echte <strong>natuurliefhebbers<\/strong>. Elk bed, elke beplanting is meesterlijk uitgevoerd, als een waar kunstwerk. Je hoeft geen kenner te zijn om onze jonge planten te verzorgen, het enige wat je hoeft te doen is <strong>geduld en tederheid<\/strong>. Soms moet je echter een beetje zwaarder durven maaien en heggen snoeien.<\/p>\n<\/div><figure class=\"wp-block-media-text__media\"><img loading=\"lazy\" decoding=\"async\" width=\"600\" height=\"450\" src=\"https:\/\/mirabel-campings.com\/wp-content\/uploads\/2023\/02\/espace-vert-plantation-paysager.jpg\" alt=\"groenvoorziening camping\" class=\"wp-image-5742 size-full\" srcset=\"https:\/\/mirabel-campings.com\/wp-content\/uploads\/2023\/02\/espace-vert-plantation-paysager.jpg 600w, https:\/\/mirabel-campings.com\/wp-content\/uploads\/2023\/02\/espace-vert-plantation-paysager-300x225.jpg 300w\" sizes=\"auto, (max-width: 600px) 100vw, 600px\" \/><\/figure><\/div>\n\n\n\n<div style=\"height:30px\" aria-hidden=\"true\" class=\"wp-block-spacer\"><\/div>\n\n\n\n<div class=\"wp-block-media-text alignwide is-stacked-on-mobile front-page-section grey\"><figure class=\"wp-block-media-text__media\"><img loading=\"lazy\" decoding=\"async\" width=\"600\" height=\"420\" src=\"https:\/\/mirabel-campings.com\/wp-content\/uploads\/2023\/04\/metier-entretien-menage.jpg\" alt=\"onderhoud stacaravan hygi\u00ebne schoonmaken\" class=\"wp-image-5746 size-full\" srcset=\"https:\/\/mirabel-campings.com\/wp-content\/uploads\/2023\/04\/metier-entretien-menage.jpg 600w, https:\/\/mirabel-campings.com\/wp-content\/uploads\/2023\/04\/metier-entretien-menage-300x210.jpg 300w\" sizes=\"auto, (max-width: 600px) 100vw, 600px\" \/><\/figure><div class=\"wp-block-media-text__content\">\n<h2 class=\"wp-block-heading\"><strong>Onderhoud en hygi\u00ebne, om uw camping te laten schitteren<\/strong><\/h2>\n\n\n\n<figure class=\"wp-block-image size-full\"><img loading=\"lazy\" decoding=\"async\" width=\"50\" height=\"8\" src=\"https:\/\/mirabel-campings.com\/wp-content\/uploads\/2022\/05\/barre-bleue.png\" alt=\"\" class=\"wp-image-3044\"\/><\/figure>\n\n\n\n<p>Heeft u wel eens gekeken naar de beoordelingen van onze campings? De meeste beginnen met de netheid van de accommodatie en faciliteiten. Onderhoud en hygi\u00ebne zijn belangrijk omdat <strong>het is het beeld van kamperen<\/strong> die resultaten oplevert. Bij Mirabel horen we graag van onze teams <strong>fluiten tijdens het stofzuigen<\/strong>, Kortom, net als bij al onze andere banen zien we graag dat je plezier hebt in je werk en zin hebt in avontuur. <strong>goed gedaan<\/strong>. Wat is er beter dan een <strong>schone stacaravan<\/strong> en een <strong>opgeruimde flat<\/strong> om onze vakantiegangers te verwelkomen? Dat kleine beetje extra maakt het verschil!<\/p>\n<\/div><\/div>\n\n\n\n<div style=\"height:30px\" aria-hidden=\"true\" class=\"wp-block-spacer\"><\/div>\n\n\n\n<div class=\"wp-block-media-text alignwide has-media-on-the-right is-stacked-on-mobile is-style-default animate right\"><div class=\"wp-block-media-text__content\">\n<p class=\"texte-rond has-corail-color has-text-color has-large-font-size\">Technologie is het Zwitserse zakmes van kamperen<\/p>\n\n\n\n<figure class=\"wp-block-image size-full\"><img loading=\"lazy\" decoding=\"async\" width=\"50\" height=\"8\" src=\"https:\/\/mirabel-campings.com\/wp-content\/uploads\/2022\/05\/barre-bleue.png\" alt=\"\" class=\"wp-image-3044\"\/><\/figure>\n\n\n\n<p>Een lamp losdraaien, een stacaravan vastzetten en watervoorzieningen repareren: niets vat het werk beter samen dan dat. <strong>veelzijdig technisch agent <\/strong>van onze campings. Voor echte <strong>\u00abEen vleugje van alles<\/strong>&nbsp;\u00bbOnze agenten onderhouden elk apparaat, elk huis, ze grijpen in en ondernemen actie. <strong>ervoor zorgen dat uw verblijf soepel verloopt<\/strong> van onze vakantiegangers door trampolines, zwembadwater en speeltuinen te controleren. De zomer is ook een tijd voor onze logistiek medewerkers. <strong>de evenementen opzetten<\/strong> avondwerk (licht, geluid, decor, enz.). Een CAP in loodgieterswerk en elektriciteit is niet vereist, zolang je beschikt over <strong>je bent leergierig en vindingrijk<\/strong>. MacGyver kan maar beter uitkijken, want dankzij je avontuur bij Mirabel weet je hoe je een verbinding moet maken met een paperclip en een touwtje, laten we eerlijk zijn!<\/p>\n\n\n\n<p><\/p>\n<\/div><figure class=\"wp-block-media-text__media\"><img loading=\"lazy\" decoding=\"async\" width=\"600\" height=\"400\" src=\"https:\/\/mirabel-campings.com\/wp-content\/uploads\/2023\/04\/equipe-technique-polyvalent.jpg\" alt=\"technisch team plot werk\" class=\"wp-image-5760 size-full\" srcset=\"https:\/\/mirabel-campings.com\/wp-content\/uploads\/2023\/04\/equipe-technique-polyvalent.jpg 600w, https:\/\/mirabel-campings.com\/wp-content\/uploads\/2023\/04\/equipe-technique-polyvalent-300x200.jpg 300w\" sizes=\"auto, (max-width: 600px) 100vw, 600px\" \/><\/figure><\/div>\n\n\n\n<p><\/p>\n\n\n\n<div class=\"wp-block-buttons is-layout-flex wp-block-buttons-is-layout-flex\">\n<div class=\"wp-block-button aligncenter has-custom-font-size has-medium-font-size\"><a class=\"wp-block-button__link has-corail-background-color has-background wp-element-button\" href=\"https:\/\/mirabel-campings.com\/nl\/onze-vacatures\/\"><strong>Onze vacatures<\/strong><\/a><\/div>\n<\/div>\n\n\n\n<p><\/p>\n\n\n\n<div class=\"wp-block-buttons is-layout-flex wp-block-buttons-is-layout-flex\">\n<div class=\"wp-block-button aligncenter has-custom-font-size has-medium-font-size\"><a class=\"wp-block-button__link has-corail-background-color has-background wp-element-button\"><strong>Ik solliciteer<\/strong><\/a><\/div>\n<\/div>","protected":false},"excerpt":{"rendered":"<p>Nos m\u00e9tiers d&rsquo;entretien et maintenance De l\u2019ombre \u00e0 la lumi\u00e8re il n\u2019y a qu\u2019un pas&nbsp;! Vous \u00eates l\u2019atout principal du [&hellip;]<\/p>\n","protected":false},"author":1,"featured_media":0,"parent":0,"menu_order":0,"comment_status":"closed","ping_status":"closed","template":"","meta":{"_seopress_robots_primary_cat":"","_seopress_titles_title":"Nos m\u00e9tiers d'entretien et de maintenance dans les Campings Mirabel","_seopress_titles_desc":"Au sein de nos campings, nos \u00e9quipes techniques et d'entretien assurent le bon fonctionnement de tous nos \u00e9quipements.","_seopress_robots_index":"","footnotes":""},"class_list":["post-5736","page","type-page","status-publish","hentry"],"_links":{"self":[{"href":"https:\/\/mirabel-campings.com\/nl\/wp-json\/wp\/v2\/pages\/5736","targetHints":{"allow":["GET"]}}],"collection":[{"href":"https:\/\/mirabel-campings.com\/nl\/wp-json\/wp\/v2\/pages"}],"about":[{"href":"https:\/\/mirabel-campings.com\/nl\/wp-json\/wp\/v2\/types\/page"}],"author":[{"embeddable":true,"href":"https:\/\/mirabel-campings.com\/nl\/wp-json\/wp\/v2\/users\/1"}],"replies":[{"embeddable":true,"href":"https:\/\/mirabel-campings.com\/nl\/wp-json\/wp\/v2\/comments?post=5736"}],"version-history":[{"count":21,"href":"https:\/\/mirabel-campings.com\/nl\/wp-json\/wp\/v2\/pages\/5736\/revisions"}],"predecessor-version":[{"id":8946,"href":"https:\/\/mirabel-campings.com\/nl\/wp-json\/wp\/v2\/pages\/5736\/revisions\/8946"}],"wp:attachment":[{"href":"https:\/\/mirabel-campings.com\/nl\/wp-json\/wp\/v2\/media?parent=5736"}],"curies":[{"name":"wp","href":"https:\/\/api.w.org\/{rel}","templated":true}]}}