{"id":5775,"date":"2023-02-17T12:33:06","date_gmt":"2023-02-17T11:33:06","guid":{"rendered":"https:\/\/mirabel-campings.com\/?page_id=5775"},"modified":"2024-04-08T14:10:51","modified_gmt":"2024-04-08T12:10:51","slug":"onze-entertainment-en-cateringberoepen","status":"publish","type":"page","link":"https:\/\/mirabel-campings.com\/nl\/nos-metiers-danimation-et-restauration\/","title":{"rendered":"Onze entertainment- en cateringberoepen"},"content":{"rendered":"<h1 class=\"wp-block-heading\">Onze entertainment- en cateringberoepen<\/h1>\n\n\n\n<p class=\"has-text-align-center\">Het is jouw missie om droomvakanties te cre\u00ebren voor jong en oud, door onvergetelijke momenten te delen.<\/p>\n\n\n\n<figure class=\"wp-block-image aligncenter size-full is-resized\"><img loading=\"lazy\" decoding=\"async\" src=\"https:\/\/mirabel-campings.com\/wp-content\/uploads\/2022\/05\/barre-bleue.png\" alt=\"\" class=\"wp-image-3044\" width=\"50\" height=\"8\"\/><\/figure>\n\n\n\n<div class=\"wp-block-media-text alignwide has-media-on-the-right is-stacked-on-mobile\"><div class=\"wp-block-media-text__content\">\n<p class=\"texte-rond has-corail-color has-text-color has-large-font-size\">Entertainment is de dosis plezier op de camping!<\/p>\n\n\n\n<figure class=\"wp-block-image size-full\"><img loading=\"lazy\" decoding=\"async\" width=\"50\" height=\"8\" src=\"https:\/\/mirabel-campings.com\/wp-content\/uploads\/2022\/05\/barre-bleue.png\" alt=\"\" class=\"wp-image-3044\"\/><\/figure>\n\n\n\n<p>Van 7 tot 77 jaar (en ouder, natuurlijk), onze 4-sterrencampings brengen de zomer tot leven met teams van <strong>dynamisch en gemotiveerd personeel<\/strong>. Sporters, kunstenaars, <strong>sterren van de microfoon<\/strong>, Al deze talenten zorgen ervoor dat onze animatieschema's geschikt zijn voor alle smaken en alle leeftijdsgroepen. Het belangrijkste hier is niet het aantal jaren ervaring, maar het verlangen en de energie die je steekt in <strong>de camping tot leven brengen<\/strong> en dat onze vakantiegangers je niet vergeten! Als je geen 2 voeten in dezelfde schoen hebt, is het nog beter, want dan help je de andere teams op de camping een handje!<\/p>\n<\/div><figure class=\"wp-block-media-text__media\"><img loading=\"lazy\" decoding=\"async\" width=\"600\" height=\"400\" src=\"https:\/\/mirabel-campings.com\/wp-content\/uploads\/2023\/02\/photo-equipe-animation-saisonniers.jpg\" alt=\"seizoensgebonden animatieteam camping\" class=\"wp-image-5789 size-full\" srcset=\"https:\/\/mirabel-campings.com\/wp-content\/uploads\/2023\/02\/photo-equipe-animation-saisonniers.jpg 600w, https:\/\/mirabel-campings.com\/wp-content\/uploads\/2023\/02\/photo-equipe-animation-saisonniers-300x200.jpg 300w\" sizes=\"auto, (max-width: 600px) 100vw, 600px\" \/><\/figure><\/div>\n\n\n\n<div style=\"height:30px\" aria-hidden=\"true\" class=\"wp-block-spacer\"><\/div>\n\n\n\n<div class=\"wp-block-media-text alignwide is-stacked-on-mobile is-style-default animate left front-page-section grey\"><figure class=\"wp-block-media-text__media\"><img loading=\"lazy\" decoding=\"async\" width=\"600\" height=\"449\" src=\"https:\/\/mirabel-campings.com\/wp-content\/uploads\/2023\/02\/aquagym-piscine-animation.jpg\" alt=\"aquagym sessie zomer zwembad badmeester\" class=\"wp-image-5792 size-full\" srcset=\"https:\/\/mirabel-campings.com\/wp-content\/uploads\/2023\/02\/aquagym-piscine-animation.jpg 600w, https:\/\/mirabel-campings.com\/wp-content\/uploads\/2023\/02\/aquagym-piscine-animation-300x225.jpg 300w\" sizes=\"auto, (max-width: 600px) 100vw, 600px\" \/><\/figure><div class=\"wp-block-media-text__content\">\n<h2 class=\"wp-block-heading\"><strong>Zwembadbewaking draait om veiligheid<\/strong><\/h2>\n\n\n\n<figure class=\"wp-block-image size-full\"><img loading=\"lazy\" decoding=\"async\" width=\"50\" height=\"8\" src=\"https:\/\/mirabel-campings.com\/wp-content\/uploads\/2022\/05\/barre-bleue.png\" alt=\"\" class=\"wp-image-3044\"\/><\/figure>\n\n\n\n<p>Onze verwarmde wateroppervlakken zijn een van onze <strong>de favoriete ruimtes van onze klanten<\/strong>. Kinderen en volwassenen komen hier om te zwemmen, te duiken of gewoon te zonnebaden. Op elk moment van de dag zitten deze plekken vol met mensen en de <strong>waakzaamheid is geboden<\/strong>, Het is essentieel! Van onze badmeesters wordt verwacht dat ze de regels van het water perfect beheersen. <strong>veiligheidsinstructies<\/strong>, waakzaamheid en een sterk gevoel voor humor. <strong>zeer goede relaties met vakantiegangers<\/strong>. Jouw sportieve en dynamische geest zal een echte aanwinst zijn als het gaat om het leiden van de <strong>aquafitness-sessies<\/strong> van de week. In het zwembad draait alles om plezier en veiligheid!<\/p>\n<\/div><\/div>\n\n\n\n<div style=\"height:30px\" aria-hidden=\"true\" class=\"wp-block-spacer\"><\/div>\n\n\n\n<div class=\"wp-block-media-text alignwide has-media-on-the-right is-stacked-on-mobile\"><div class=\"wp-block-media-text__content\">\n<h2 class=\"wp-block-heading\"><strong>Het restaurant is de place to be voor het plezier van vakantiegangers.<\/strong><\/h2>\n\n\n\n<figure class=\"wp-block-image size-full\"><img loading=\"lazy\" decoding=\"async\" width=\"50\" height=\"8\" src=\"https:\/\/mirabel-campings.com\/wp-content\/uploads\/2022\/05\/barre-bleue.png\" alt=\"\" class=\"wp-image-3044\"\/><\/figure>\n\n\n\n<p>Het bar-restaurant van de camping is de plek om te ontspannen, te genieten van een drankje en te relaxen. <strong>delen en gezelligheid<\/strong> bij uitstek. Het is d\u00e9 plek om na het zwemmen af te spreken voor een drankje. <strong>klein aperitief<\/strong>, of 's middags voor de <strong>kindertheekransje<\/strong>. We hechten er veel waarde aan dat ons team klantgericht, warm en vriendelijk is. De functies serveerster\/kelner en cr\u00eapemaker\/crepe maker vereisen een hoog ervaringsniveau. <strong>grote veelzijdigheid<\/strong> want je serveert cocktails aan de bar, maakt pannenkoeken en wafels (met zelfgemaakt beslag), neemt bestellingen op en bedient 's avonds tafels. Je moet <strong>streng en georganiseerd zijn<\/strong> en hebben de <strong>sociale vaardigheden<\/strong> om onze vakantiegangers de best mogelijke service te bieden.<\/p>\n<\/div><figure class=\"wp-block-media-text__media\"><img loading=\"lazy\" decoding=\"async\" width=\"900\" height=\"600\" src=\"https:\/\/mirabel-campings.com\/wp-content\/uploads\/2023\/04\/serveur-emploi-saisonnier-bar.jpg\" alt=\"seizoensgebonden snackbar service\" class=\"wp-image-5798 size-full\" srcset=\"https:\/\/mirabel-campings.com\/wp-content\/uploads\/2023\/04\/serveur-emploi-saisonnier-bar.jpg 900w, https:\/\/mirabel-campings.com\/wp-content\/uploads\/2023\/04\/serveur-emploi-saisonnier-bar-300x200.jpg 300w, https:\/\/mirabel-campings.com\/wp-content\/uploads\/2023\/04\/serveur-emploi-saisonnier-bar-768x512.jpg 768w\" sizes=\"auto, (max-width: 900px) 100vw, 900px\" \/><\/figure><\/div>\n\n\n\n<p><\/p>\n\n\n\n<div class=\"wp-block-buttons is-layout-flex wp-block-buttons-is-layout-flex\">\n<div class=\"wp-block-button aligncenter has-custom-font-size has-medium-font-size\"><a class=\"wp-block-button__link has-corail-background-color has-background wp-element-button\" href=\"https:\/\/mirabel-campings.com\/nl\/onze-vacatures\/\"><strong>Onze vacatures<\/strong><\/a><\/div>\n<\/div>\n\n\n\n<p><\/p>\n\n\n\n<div class=\"wp-block-buttons is-layout-flex wp-block-buttons-is-layout-flex\">\n<div class=\"wp-block-button aligncenter has-custom-font-size has-medium-font-size\"><a class=\"wp-block-button__link has-corail-background-color has-background wp-element-button\" href=\"mailto:rh@mirabel-campings.com\"><strong>Ik solliciteer<\/strong><\/a><\/div>\n<\/div>","protected":false},"excerpt":{"rendered":"<p>Nos m\u00e9tiers d&rsquo;animation et restauration Faire vivre des vacances de r\u00eave aux petits comme aux grands, en leur cr\u00e9ant des [&hellip;]<\/p>\n","protected":false},"author":1,"featured_media":0,"parent":0,"menu_order":0,"comment_status":"closed","ping_status":"closed","template":"","meta":{"_seopress_robots_primary_cat":"","_seopress_titles_title":"Mirabel recrute dans l'animation et la restauration","_seopress_titles_desc":"Pour un job \u00e9tudiant ou job d'\u00e9t\u00e9, rejoignez l'aventure Mirabel pour nos postes d'animateurs, serveurs ou encore surveillant de baignade.","_seopress_robots_index":"","footnotes":""},"class_list":["post-5775","page","type-page","status-publish","hentry"],"_links":{"self":[{"href":"https:\/\/mirabel-campings.com\/nl\/wp-json\/wp\/v2\/pages\/5775","targetHints":{"allow":["GET"]}}],"collection":[{"href":"https:\/\/mirabel-campings.com\/nl\/wp-json\/wp\/v2\/pages"}],"about":[{"href":"https:\/\/mirabel-campings.com\/nl\/wp-json\/wp\/v2\/types\/page"}],"author":[{"embeddable":true,"href":"https:\/\/mirabel-campings.com\/nl\/wp-json\/wp\/v2\/users\/1"}],"replies":[{"embeddable":true,"href":"https:\/\/mirabel-campings.com\/nl\/wp-json\/wp\/v2\/comments?post=5775"}],"version-history":[{"count":16,"href":"https:\/\/mirabel-campings.com\/nl\/wp-json\/wp\/v2\/pages\/5775\/revisions"}],"predecessor-version":[{"id":8947,"href":"https:\/\/mirabel-campings.com\/nl\/wp-json\/wp\/v2\/pages\/5775\/revisions\/8947"}],"wp:attachment":[{"href":"https:\/\/mirabel-campings.com\/nl\/wp-json\/wp\/v2\/media?parent=5775"}],"curies":[{"name":"wp","href":"https:\/\/api.w.org\/{rel}","templated":true}]}}