{"id":7927,"date":"2023-12-11T10:01:50","date_gmt":"2023-12-11T09:01:50","guid":{"rendered":"https:\/\/mirabel-campings.com\/?page_id=7927"},"modified":"2024-12-24T14:50:46","modified_gmt":"2024-12-24T13:50:46","slug":"uitlenen-van-apparatuur","status":"publish","type":"page","link":"https:\/\/mirabel-campings.com\/nl\/pret-de-materiel\/","title":{"rendered":"Uitleen van apparatuur"},"content":{"rendered":"<h1 class=\"wp-block-heading\"><strong>Uitleen van kampeeruitrusting<\/strong><\/h1>\n\n\n\n<p class=\"has-text-align-center\">Op al onze Mirabel campings stellen we gratis materiaal en faciliteiten ter beschikking om uw verblijf en uw vakantie zo comfortabel mogelijk te maken. <\/p>\n\n\n\n<figure class=\"wp-block-image aligncenter size-full\"><img loading=\"lazy\" decoding=\"async\" width=\"50\" height=\"8\" src=\"https:\/\/mirabel-campings.com\/wp-content\/uploads\/2022\/05\/barre-bleue.png\" alt=\"\" class=\"wp-image-3044\"\/><\/figure>\n\n\n\n<div class=\"wp-block-media-text alignwide has-media-on-the-right is-stacked-on-mobile animate\"><div class=\"wp-block-media-text__content\">\n<h2 class=\"wp-block-heading\"><strong>Campings met barbecues voor maaltijden met vrienden<\/strong><\/h2>\n\n\n\n<figure class=\"wp-block-image size-full\"><img loading=\"lazy\" decoding=\"async\" width=\"50\" height=\"8\" src=\"https:\/\/mirabel-campings.com\/wp-content\/uploads\/2022\/05\/barre-bleue.png\" alt=\"\" class=\"wp-image-3044\"\/><\/figure>\n\n\n\n<p>We weten dat je graag goede maaltijden deelt met je geliefden. Daarom kunt u op de campings <a href=\"https:\/\/mirabel-renaudiere.com\/\" target=\"_blank\" rel=\"noreferrer noopener\">La Renaudi\u00e8re<\/a> (44), <a href=\"https:\/\/www.mirabel-mielles.com\/\" target=\"_blank\" rel=\"noreferrer noopener\">Les Mielles<\/a> &amp; <a href=\"https:\/\/www.mirabel-clostranquille.com\/\" target=\"_blank\" rel=\"noreferrer noopener\">Le Clos Tranquille<\/a> (22) we bieden gratis <strong>collectieve barbecues<\/strong>. Gebruik ze zoals je wilt voor je spelletjes van <strong>grills<\/strong> zomer.<\/p>\n\n\n\n<figure class=\"wp-block-image aligncenter size-full\"><img loading=\"lazy\" decoding=\"async\" width=\"300\" height=\"51\" src=\"https:\/\/mirabel-campings.com\/wp-content\/uploads\/2022\/05\/Vagues-300x51-1.png\" alt=\"\" class=\"wp-image-3091\"\/><\/figure>\n\n\n\n<p>Op elk van onze 7 verhuurcampings vindt u ook <strong>picknicktafels<\/strong> om een hapje te eten met je vakantieburen of gewoon om <strong>een snack nemen<\/strong> naast het zwembad of de speeltuin.<\/p>\n<\/div><figure class=\"wp-block-media-text__media\"><img loading=\"lazy\" decoding=\"async\" width=\"1024\" height=\"768\" src=\"https:\/\/mirabel-campings.com\/wp-content\/uploads\/2022\/04\/baerbecue-mielles-1024x768.jpg\" alt=\"gratis collectieve barbecue\" class=\"wp-image-1074 size-full\" srcset=\"https:\/\/mirabel-campings.com\/wp-content\/uploads\/2022\/04\/baerbecue-mielles-1024x768.jpg 1024w, https:\/\/mirabel-campings.com\/wp-content\/uploads\/2022\/04\/baerbecue-mielles-300x225.jpg 300w, https:\/\/mirabel-campings.com\/wp-content\/uploads\/2022\/04\/baerbecue-mielles-768x576.jpg 768w, https:\/\/mirabel-campings.com\/wp-content\/uploads\/2022\/04\/baerbecue-mielles.jpg 1200w\" sizes=\"auto, (max-width: 1024px) 100vw, 1024px\" \/><\/figure><\/div>\n\n\n\n<p><\/p>\n\n\n\n<div class=\"wp-block-media-text alignwide is-stacked-on-mobile front-page-section grey animate right\"><figure class=\"wp-block-media-text__media\"><img loading=\"lazy\" decoding=\"async\" width=\"600\" height=\"400\" src=\"https:\/\/mirabel-campings.com\/wp-content\/uploads\/2023\/12\/pret-jeux-palets-breton-camping.jpg\" alt=\"gratis uitleen van sjoelbakken op de camping\" class=\"wp-image-7935 size-full\" srcset=\"https:\/\/mirabel-campings.com\/wp-content\/uploads\/2023\/12\/pret-jeux-palets-breton-camping.jpg 600w, https:\/\/mirabel-campings.com\/wp-content\/uploads\/2023\/12\/pret-jeux-palets-breton-camping-300x200.jpg 300w\" sizes=\"auto, (max-width: 600px) 100vw, 600px\" \/><\/figure><div class=\"wp-block-media-text__content\">\n<div style=\"height:14px\" aria-hidden=\"true\" class=\"wp-block-spacer\"><\/div>\n\n\n\n<h2 class=\"wp-block-heading\"><strong>Uitleen van buitenspellen voor familieplezier<\/strong><\/h2>\n\n\n\n<figure class=\"wp-block-image size-full\"><img loading=\"lazy\" decoding=\"async\" width=\"50\" height=\"8\" src=\"https:\/\/mirabel-campings.com\/wp-content\/uploads\/2022\/05\/barre-bleue.png\" alt=\"\" class=\"wp-image-3044\"\/><\/figure>\n\n\n\n<p>Je bent er bijna en je bent de ballen vergeten. <strong>jeu de boules<\/strong> ? Geen paniek! In al onze ontvangstruimten kunnen we <strong>spelletjes uitlenen<\/strong> voor je spelletjes met vrienden en familie. Je vindt er petanque-boules, Fins kegelen voor het traditionele bowlingspel en een assortiment bowlingaccessoires.<strong> M\u00f6lkky <\/strong>of set van <strong>paletten bretons<\/strong> ! Je hoeft alleen nog maar plaats te nemen op een van onze <strong>boulodromes <\/strong>(soms met uitzicht op zee!!) om je tegenstanders uit te dagen! <\/p>\n\n\n\n<p><\/p>\n\n\n\n<div style=\"height:14px\" aria-hidden=\"true\" class=\"wp-block-spacer\"><\/div>\n<\/div><\/div>\n\n\n\n<p><\/p>\n\n\n\n<div class=\"wp-block-media-text has-media-on-the-right is-stacked-on-mobile\"><div class=\"wp-block-media-text__content\">\n<h2 class=\"wp-block-heading\"><strong>Leen onze bordspellen en boeken<\/strong> <strong>gratis<\/strong><\/h2>\n\n\n\n<p>Als je meer de <strong>binnenactiviteit<\/strong>,  <strong>lezen bij het zwembad of op het strand<\/strong>, Ook voor jou hebben we iets! Onze teams hebben ge\u00efnstalleerd <strong>boekendozen<\/strong> en <strong>bibliotheken<\/strong> bij de receptie van onze campings. Voel je vrij om boeken te lenen of zelfs af te geven die je leuk vindt en wilt delen met andere vakantiegangers! U vindt er ook<strong> bordspellen<\/strong> voor elk <strong>de familie<\/strong> te maken hebben met volwassenen of kinderen. Natuurlijk is dit alles <strong>gratis<\/strong>, Maak er het beste van!<\/p>\n\n\n\n<figure class=\"wp-block-image size-full is-resized\"><img loading=\"lazy\" decoding=\"async\" width=\"320\" height=\"214\" src=\"https:\/\/mirabel-campings.com\/wp-content\/uploads\/2022\/04\/Smile.png\" alt=\"glimlach\" class=\"wp-image-272\" style=\"width:112px;height:auto\" srcset=\"https:\/\/mirabel-campings.com\/wp-content\/uploads\/2022\/04\/Smile.png 320w, https:\/\/mirabel-campings.com\/wp-content\/uploads\/2022\/04\/Smile-300x201.png 300w\" sizes=\"auto, (max-width: 320px) 100vw, 320px\" \/><\/figure>\n<\/div><figure class=\"wp-block-media-text__media\"><img loading=\"lazy\" decoding=\"async\" width=\"600\" height=\"400\" src=\"https:\/\/mirabel-campings.com\/wp-content\/uploads\/2023\/12\/lecture-piscine-pret-livre.jpg\" alt=\"boeken uitlenen camping\" class=\"wp-image-7931 size-full\" srcset=\"https:\/\/mirabel-campings.com\/wp-content\/uploads\/2023\/12\/lecture-piscine-pret-livre.jpg 600w, https:\/\/mirabel-campings.com\/wp-content\/uploads\/2023\/12\/lecture-piscine-pret-livre-300x200.jpg 300w\" sizes=\"auto, (max-width: 600px) 100vw, 600px\" \/><\/figure><\/div>","protected":false},"excerpt":{"rendered":"<p>Pr\u00eat de mat\u00e9riel pour le camping Dans tous nos Campings Mirabel, pour faciliter vos s\u00e9jours et vos vacances, nous mettons [&hellip;]<\/p>\n","protected":false},"author":1,"featured_media":0,"parent":0,"menu_order":0,"comment_status":"closed","ping_status":"closed","template":"","meta":{"_seopress_robots_primary_cat":"","_seopress_titles_title":"Pr\u00eat de mat\u00e9riel gratuit au camping","_seopress_titles_desc":"Dans nos campings mirabel, nous pretons gratuitement des jeux de soci\u00e9t\u00e9, livres, et jeux sportifs comme la p\u00e9tanque ou le molkky","_seopress_robots_index":"","footnotes":""},"class_list":["post-7927","page","type-page","status-publish","hentry"],"_links":{"self":[{"href":"https:\/\/mirabel-campings.com\/nl\/wp-json\/wp\/v2\/pages\/7927","targetHints":{"allow":["GET"]}}],"collection":[{"href":"https:\/\/mirabel-campings.com\/nl\/wp-json\/wp\/v2\/pages"}],"about":[{"href":"https:\/\/mirabel-campings.com\/nl\/wp-json\/wp\/v2\/types\/page"}],"author":[{"embeddable":true,"href":"https:\/\/mirabel-campings.com\/nl\/wp-json\/wp\/v2\/users\/1"}],"replies":[{"embeddable":true,"href":"https:\/\/mirabel-campings.com\/nl\/wp-json\/wp\/v2\/comments?post=7927"}],"version-history":[{"count":8,"href":"https:\/\/mirabel-campings.com\/nl\/wp-json\/wp\/v2\/pages\/7927\/revisions"}],"predecessor-version":[{"id":10510,"href":"https:\/\/mirabel-campings.com\/nl\/wp-json\/wp\/v2\/pages\/7927\/revisions\/10510"}],"wp:attachment":[{"href":"https:\/\/mirabel-campings.com\/nl\/wp-json\/wp\/v2\/media?parent=7927"}],"curies":[{"name":"wp","href":"https:\/\/api.w.org\/{rel}","templated":true}]}}