{"id":7941,"date":"2023-12-11T10:01:28","date_gmt":"2023-12-11T09:01:28","guid":{"rendered":"https:\/\/mirabel-campings.com\/?page_id=7941"},"modified":"2023-12-11T10:01:28","modified_gmt":"2023-12-11T09:01:28","slug":"materiaalverhuur","status":"publish","type":"page","link":"https:\/\/mirabel-campings.com\/nl\/location-de-materiel\/","title":{"rendered":"Uitrusting huren"},"content":{"rendered":"<h1 class=\"wp-block-heading\">Verhuur van materiaal op de camping<\/h1>\n\n\n\n<p class=\"has-text-align-center\">Om uw reizen en vooral uw voertuigen te verlichten, bieden onze Mirabel campings verhuur van materiaal en verkoop van producten voor nog meer comfort en service. Pak uw koffers en begin uw vakantie!<\/p>\n\n\n\n<figure class=\"wp-block-image aligncenter size-full\"><img loading=\"lazy\" decoding=\"async\" width=\"50\" height=\"8\" src=\"https:\/\/mirabel-campings.com\/wp-content\/uploads\/2022\/05\/barre-bleue.png\" alt=\"\" class=\"wp-image-3044\"\/><\/figure>\n\n\n\n<div class=\"wp-block-media-text alignwide has-media-on-the-right is-stacked-on-mobile is-image-fill\"><div class=\"wp-block-media-text__content\">\n<div style=\"height:14px\" aria-hidden=\"true\" class=\"wp-block-spacer\"><\/div>\n\n\n\n<h2 class=\"wp-block-heading\"><strong><strong>Verhuur van platen<\/strong><\/strong><\/h2>\n\n\n\n<figure class=\"wp-block-image size-full\"><img loading=\"lazy\" decoding=\"async\" width=\"50\" height=\"8\" src=\"https:\/\/mirabel-campings.com\/wp-content\/uploads\/2022\/05\/barre-bleue.png\" alt=\"\" class=\"wp-image-3044\"\/><\/figure>\n\n\n\n<p>We weten dat, heel vaak, voor \u00e9\u00e9n of twee weken vakantie, de auto erg vol zit en er niet veel plaats meer is! Daarom hebben we op onze Mirabel campings de oplossing: we verhuren <strong>beddengoed<\/strong>* voor uw <strong>vakantieverhuur<\/strong>. Je hoeft je koffers niet in te pakken - alles wordt in je stacaravan of bungalow gezet voordat je aankomt op de camping. <\/p>\n\n\n\n<p>Voor de <strong>gezinnen met kinderen<\/strong> jonge kinderen, kunnen we je ook een <strong>babypakket<\/strong>* (kinderbed en -stoel). <\/p>\n\n\n\n<p><em>*zie prijzen en voorwaarden volgens camping<\/em><\/p>\n\n\n\n<div style=\"height:14px\" aria-hidden=\"true\" class=\"wp-block-spacer\"><\/div>\n<\/div><figure class=\"wp-block-media-text__media\" style=\"background-image:url(https:\/\/mirabel-campings.com\/wp-content\/uploads\/2023\/12\/location-draps-camping-1024x683.jpeg);background-position:50% 50%\"><img loading=\"lazy\" decoding=\"async\" width=\"1024\" height=\"683\" src=\"https:\/\/mirabel-campings.com\/wp-content\/uploads\/2023\/12\/location-draps-camping-1024x683.jpeg\" alt=\"verhuur van lakens en beddengoed camping\" class=\"wp-image-7957 size-full\" srcset=\"https:\/\/mirabel-campings.com\/wp-content\/uploads\/2023\/12\/location-draps-camping-1024x683.jpeg 1024w, https:\/\/mirabel-campings.com\/wp-content\/uploads\/2023\/12\/location-draps-camping-300x200.jpeg 300w, https:\/\/mirabel-campings.com\/wp-content\/uploads\/2023\/12\/location-draps-camping-768x512.jpeg 768w, https:\/\/mirabel-campings.com\/wp-content\/uploads\/2023\/12\/location-draps-camping-1536x1024.jpeg 1536w, https:\/\/mirabel-campings.com\/wp-content\/uploads\/2023\/12\/location-draps-camping.jpeg 1920w\" sizes=\"auto, (max-width: 1024px) 100vw, 1024px\" \/><\/figure><\/div>\n\n\n\n<p><\/p>\n\n\n\n<div class=\"wp-block-media-text is-stacked-on-mobile front-page-section grey animate right\"><figure class=\"wp-block-media-text__media\"><img loading=\"lazy\" decoding=\"async\" width=\"600\" height=\"400\" src=\"https:\/\/mirabel-campings.com\/wp-content\/uploads\/2023\/12\/location-velo-renaudiere-yakavelo.jpg\" alt=\"fietsverhuur op camping mirabel\" class=\"wp-image-7964 size-full\" srcset=\"https:\/\/mirabel-campings.com\/wp-content\/uploads\/2023\/12\/location-velo-renaudiere-yakavelo.jpg 600w, https:\/\/mirabel-campings.com\/wp-content\/uploads\/2023\/12\/location-velo-renaudiere-yakavelo-300x200.jpg 300w\" sizes=\"auto, (max-width: 600px) 100vw, 600px\" \/><\/figure><div class=\"wp-block-media-text__content\">\n<h2 class=\"wp-block-heading\">Fietsverhuur<\/h2>\n\n\n\n<figure class=\"wp-block-image size-full\"><img loading=\"lazy\" decoding=\"async\" width=\"50\" height=\"8\" src=\"https:\/\/mirabel-campings.com\/wp-content\/uploads\/2022\/05\/barre-bleue.png\" alt=\"\" class=\"wp-image-3044\"\/><\/figure>\n\n\n\n<p>2 van onze 4-sterren Mirabel campings bieden de <strong>fietsverhuur <\/strong>rechtstreeks <strong>op de camping<\/strong> :<\/p>\n\n\n\n<p>Op de <strong>Plaine-sur-Mer<\/strong>, de <a href=\"https:\/\/mirabel-renaudiere.com\/services-location-velos\" target=\"_blank\" rel=\"noreferrer noopener\">Camping Mirabel La Renaudi\u00e8re,<\/a> in samenwerking met <a href=\"https:\/\/yakaveloloc.com\/\" target=\"_blank\" rel=\"noreferrer noopener\"><strong>Yakav\u00e9lo<\/strong><\/a>, Met ons assortiment huurfietsen voor volwassenen en kinderen en de juiste uitrusting kun je het hele gezin meenemen op een fietstocht. <\/p>\n\n\n\n<p><strong>In Sables d'Olonne<\/strong>, Je kunt ook een of meer fietsen huren bij de receptie van het <a href=\"https:\/\/mirabel-baiedecayola.com\/camping-vendee-services-4-etoiles\/\" target=\"_blank\" rel=\"noreferrer noopener\">Camping Mirabel La Baie de Cayola.<\/a> Vraag ons team direct naar de prijzen.<\/p>\n<\/div><\/div>\n\n\n\n<p><\/p>\n\n\n\n<div class=\"wp-block-media-text has-media-on-the-right is-stacked-on-mobile is-image-fill animate right\"><div class=\"wp-block-media-text__content\">\n<h2 class=\"wp-block-heading\">Wasmachines en wasdrogers<\/h2>\n\n\n\n<figure class=\"wp-block-image size-full\"><img loading=\"lazy\" decoding=\"async\" width=\"50\" height=\"8\" src=\"https:\/\/mirabel-campings.com\/wp-content\/uploads\/2022\/05\/barre-bleue.png\" alt=\"\" class=\"wp-image-3044\"\/><\/figure>\n\n\n\n<p>Het is niet altijd gemakkelijk om je <strong>schone kleren<\/strong> tijdens de hele vakantie. Voor optimaal comfort en om je favoriete T-shirt of zwemkleding te beschermen, zijn onze campings uitgerust met <strong>wasmachines<\/strong> en wasdrogers voor je spullen. <\/p>\n\n\n\n<p>Van <strong>penningen <\/strong>zijn <strong>te koop bij de receptie<\/strong> campings. Ze zijn gratis beschikbaar voor alle vakantiegangers. Het is de ideale uitrusting voor een comfortabele vakantie en lichtere bagage. <\/p>\n\n\n\n<p><\/p>\n\n\n\n<p><\/p>\n<\/div><figure class=\"wp-block-media-text__media\" style=\"background-image:url(https:\/\/mirabel-campings.com\/wp-content\/uploads\/2023\/12\/machine-a-laver-linge-camping.jpg);background-position:50% 50%\"><img loading=\"lazy\" decoding=\"async\" width=\"600\" height=\"900\" src=\"https:\/\/mirabel-campings.com\/wp-content\/uploads\/2023\/12\/machine-a-laver-linge-camping.jpg\" alt=\"wasmachine beschikbaar\" class=\"wp-image-7960 size-full\" srcset=\"https:\/\/mirabel-campings.com\/wp-content\/uploads\/2023\/12\/machine-a-laver-linge-camping.jpg 600w, https:\/\/mirabel-campings.com\/wp-content\/uploads\/2023\/12\/machine-a-laver-linge-camping-200x300.jpg 200w\" sizes=\"auto, (max-width: 600px) 100vw, 600px\" \/><\/figure><\/div>\n\n\n\n<div style=\"height:67px\" aria-hidden=\"true\" class=\"wp-block-spacer\"><\/div>\n\n\n\n<div class=\"wp-block-group border border-info card p-4 is-layout-constrained wp-block-group-is-layout-constrained\">\n<h2 class=\"wp-block-heading has-text-align-center texte-rond has-corail-color has-text-color has-link-color has-large-font-size wp-elements-f895c39c2063433c38a428f9e189eb3e\">Goed om te weten! <\/h2>\n\n\n\n<p class=\"has-text-align-center\">In elk van onze receptieruimtes vind je ook een winkeltje en\/of kruidenierswinkeltje met basisbenodigdheden, Mirabel goodies, etc. Je kunt genieten van <strong>lokale producten<\/strong> van onze prachtige regio's, neem een <strong>Mirabel souvenir <\/strong>thuis zoals onze <strong>sleutelhanger<\/strong> of strandlakens, of zelfs helpen met boodschappen doen! <\/p>\n<\/div>","protected":false},"excerpt":{"rendered":"<p>Location de mat\u00e9riel au camping Pour all\u00e9ger vos voyages et surtout vos v\u00e9hicules, nos Campings Mirabel proposent la location de [&hellip;]<\/p>\n","protected":false},"author":1,"featured_media":0,"parent":0,"menu_order":0,"comment_status":"closed","ping_status":"closed","template":"","meta":{"_seopress_robots_primary_cat":"","_seopress_titles_title":"Location de mat\u00e9riel dans les Campings Mirabel pour vos vacances","_seopress_titles_desc":"Pour des vacances r\u00e9ussies et conforts, profitez de nos locations de mat\u00e9riel, v\u00e9los, et services comme les machines \u00e0 laver, vente de bouteille de gaz.","_seopress_robots_index":"","footnotes":""},"class_list":["post-7941","page","type-page","status-publish","hentry"],"_links":{"self":[{"href":"https:\/\/mirabel-campings.com\/nl\/wp-json\/wp\/v2\/pages\/7941","targetHints":{"allow":["GET"]}}],"collection":[{"href":"https:\/\/mirabel-campings.com\/nl\/wp-json\/wp\/v2\/pages"}],"about":[{"href":"https:\/\/mirabel-campings.com\/nl\/wp-json\/wp\/v2\/types\/page"}],"author":[{"embeddable":true,"href":"https:\/\/mirabel-campings.com\/nl\/wp-json\/wp\/v2\/users\/1"}],"replies":[{"embeddable":true,"href":"https:\/\/mirabel-campings.com\/nl\/wp-json\/wp\/v2\/comments?post=7941"}],"version-history":[{"count":14,"href":"https:\/\/mirabel-campings.com\/nl\/wp-json\/wp\/v2\/pages\/7941\/revisions"}],"predecessor-version":[{"id":7986,"href":"https:\/\/mirabel-campings.com\/nl\/wp-json\/wp\/v2\/pages\/7941\/revisions\/7986"}],"wp:attachment":[{"href":"https:\/\/mirabel-campings.com\/nl\/wp-json\/wp\/v2\/media?parent=7941"}],"curies":[{"name":"wp","href":"https:\/\/api.w.org\/{rel}","templated":true}]}}