{"id":9526,"date":"2024-05-06T09:05:52","date_gmt":"2024-05-06T07:05:52","guid":{"rendered":"https:\/\/mirabel-campings.com\/?page_id=9526"},"modified":"2024-05-06T09:52:14","modified_gmt":"2024-05-06T07:52:14","slug":"een-verblijf-op-een-bretons-schiereiland","status":"publish","type":"page","link":"https:\/\/mirabel-campings.com\/nl\/idees-vacances\/sejour-sur-une-presquile-bretonne\/","title":{"rendered":"Verblijf op een Bretons schiereiland"},"content":{"rendered":"<h1 class=\"wp-block-heading\"><strong>Saint-Cast-le-Guildo - Badplaats in C\u00f4tes d'Armor<\/strong><\/h1>\n\n\n\n<h2 class=\"wp-block-heading\">Hoe zou je het vinden om een paar dagen te ontsnappen naar een schiereiland in Bretagne? Droom je van turquoise wateren, wilde baaien en lange zandstranden? De badplaats Saint-Cast-le-Guildo zal je betoveren!<\/h2>\n\n\n\n<div class=\"wp-block-media-text is-stacked-on-mobile\"><figure class=\"wp-block-media-text__media\"><img loading=\"lazy\" decoding=\"async\" width=\"600\" height=\"451\" src=\"https:\/\/mirabel-campings.com\/wp-content\/uploads\/2024\/04\/crique-plage-vue-mer.jpg\" alt=\"Plage de la Mare, baai in Saint-Cast-le-Guildo met uitzicht op Fort Lalatte\" class=\"wp-image-9530 size-full\" srcset=\"https:\/\/mirabel-campings.com\/wp-content\/uploads\/2024\/04\/crique-plage-vue-mer.jpg 600w, https:\/\/mirabel-campings.com\/wp-content\/uploads\/2024\/04\/crique-plage-vue-mer-300x226.jpg 300w\" sizes=\"auto, (max-width: 600px) 100vw, 600px\" \/><\/figure><div class=\"wp-block-media-text__content\">\n<h2 class=\"wp-block-heading\">De 7 stranden van Saint-Cast-le-Guildo<\/h2>\n\n\n\n<p>Fijn zand, lange kreken, inhammen, vlak, rotsachtig, zonnig of schaduwrijk... er is geen tekort aan stranden om uit te kiezen tijdens je verblijf in Saint-Cast. Hier is een kort overzicht:<\/p>\n\n\n\n<ul class=\"wp-block-list\">\n<li><strong>La Grande Plage (2 km fijn zand)<\/strong> waar je onder toezicht kunt zwemmen, de <strong>strandclub<\/strong> en <strong><a href=\"http:\/\/centre-nautique-saint-cast.fr\">nautisch centrum<\/a><\/strong>. Wilt u uw kinderen kennis laten maken met zeilen? Kies uit een reeks cursussen of priv\u00e9lessen bij de piratenclub op Point Passion Plage: optimist, catamaran, windsurfen, rubberboot, funboard en, voor de groteren, J80 zeilboot, maar ook windsurfen, waterski\u00ebn, wakeboarden, wakesurfen, kano\u00ebn en donutpeddels. <\/li>\n\n\n\n<li><strong>La Plage de la Mare<\/strong> charmant <strong>baai tegenover Fort Lalatte<\/strong> die je kunt bewonderen vanuit je stacaravan of kampeerplaats in onze <a href=\"https:\/\/mirabel-campings.com\/nl\/camping-la-crique-saint-cast-le-guildo\/\">Camping La Crique<\/a>. Het is ook een must voor vissers en duikers, een ideale plek om de zon onder te zien gaan boven Fort Lalatte en om te duiken.<\/li>\n\n\n\n<li><strong>Pen Guen Strand<\/strong> Het uitzicht vanaf de hoogten als je Saint-Cast nadert is prachtig! Het is ook een zwemstrand tussen de Pointe du Bay en de Pointe de la Garde.<\/li>\n\n\n\n<li><strong>De 4 Vaulx Strand<\/strong> Het is ideaal om te voet te vissen, charmant bij vloed, tegenover de Ebihens eilanden. Op slechts enkele tientallen meters van de <a href=\"https:\/\/mirabel-campings.com\/nl\/camping-les-4-vaulx\/\">Camping Mirabel des 4 Vaulx<\/a>, Je wordt wakker met het geluid van de golven. Schelpdier- en mosselkweek zijn belangrijke activiteiten als de getijden hoog zijn.<\/li>\n\n\n\n<li><strong>Plage de la Pissotte, Plage de la Fresnaye, Plage de la Fosse<\/strong> In de baai van La Fresnaye.<\/li>\n<\/ul>\n<\/div><\/div>\n\n\n\n<div class=\"wp-block-group is-layout-constrained wp-block-group-is-layout-constrained\">\n<div class=\"wp-block-media-text has-media-on-the-right is-stacked-on-mobile\"><div class=\"wp-block-media-text__content\">\n<h2 class=\"wp-block-heading\">Le Port d'Armor<\/h2>\n\n\n\n<p>De Esplanade du Port de p\u00eache et de plaisance bruist van de restaurants, bars, cr\u00eaperies, tearooms en winkels, op 800 meter van het hoofdstrand via de voetgangersverbinding Soleil levant.<\/p>\n\n\n\n<p><strong>Boot huren :<\/strong><\/p>\n\n\n\n<ul class=\"wp-block-list\">\n<li>Uitje aan boord van de&nbsp;<a href=\"https:\/\/www.centre-nautique-saint-cast.fr\/bateaux-collectifs.html\" target=\"_blank\" rel=\"noreferrer noopener\">Dragous<\/a>, old-gear<\/li>\n\n\n\n<li>Excursies op de 12-persoons RIB \u2018Perlezenn Du\u2019 met&nbsp;<a href=\"https:\/\/www.emeraude-emotions.com\/\" target=\"_blank\" rel=\"noreferrer noopener\">Emoties van smaragd<\/a>&nbsp;(halfstijve 12-persoons): de Discovery, de Unmissable of de Unforgettable, of uitstapjes \u00e0 la carte ...<\/li>\n\n\n\n<li>Vertrek voor overtocht naar Saint Malo (taxi, pendeldienst), zeewandeling aan de voet van Fort Lalatte en Cap Fr\u00e9hel<\/li>\n\n\n\n<li>Nautisch centrum, Duikscholen (<a href=\"http:\/\/www.saintcastplongee.eu\/\" target=\"_blank\" rel=\"noreferrer noopener\">Saint Cast duiken<\/a>&nbsp;en&nbsp;<a href=\"http:\/\/www.plongevasion.com\/\" target=\"_blank\" rel=\"noreferrer noopener\">plong'\u00e9vasion<\/a>),<\/li>\n<\/ul>\n<\/div><figure class=\"wp-block-media-text__media\"><img loading=\"lazy\" decoding=\"async\" width=\"1024\" height=\"768\" src=\"https:\/\/mirabel-campings.com\/wp-content\/uploads\/2024\/04\/port-saint-cast-club-nautique.jpeg\" alt=\"haven bij de camping in Saint Cast le Guildo\" class=\"wp-image-9192 size-full\" srcset=\"https:\/\/mirabel-campings.com\/wp-content\/uploads\/2024\/04\/port-saint-cast-club-nautique.jpeg 1024w, https:\/\/mirabel-campings.com\/wp-content\/uploads\/2024\/04\/port-saint-cast-club-nautique-300x225.jpeg 300w, https:\/\/mirabel-campings.com\/wp-content\/uploads\/2024\/04\/port-saint-cast-club-nautique-768x576.jpeg 768w\" sizes=\"auto, (max-width: 1024px) 100vw, 1024px\" \/><\/figure><\/div>\n<\/div>\n\n\n\n<div class=\"wp-block-media-text is-stacked-on-mobile\"><figure class=\"wp-block-media-text__media\"><img loading=\"lazy\" decoding=\"async\" width=\"800\" height=\"533\" src=\"https:\/\/mirabel-campings.com\/wp-content\/uploads\/2024\/04\/st-cast-digue-villas.jpg\" alt=\"Golfbreker tussen de haven en de badplaats Saint-Cast\" class=\"wp-image-9555 size-full\" srcset=\"https:\/\/mirabel-campings.com\/wp-content\/uploads\/2024\/04\/st-cast-digue-villas.jpg 800w, https:\/\/mirabel-campings.com\/wp-content\/uploads\/2024\/04\/st-cast-digue-villas-300x200.jpg 300w, https:\/\/mirabel-campings.com\/wp-content\/uploads\/2024\/04\/st-cast-digue-villas-768x512.jpg 768w\" sizes=\"auto, (max-width: 800px) 100vw, 800px\" \/><\/figure><div class=\"wp-block-media-text__content\">\n<h2 class=\"wp-block-heading\">Villa's in de badplaats<\/h2>\n\n\n\n<p>De badplaats Saint-Cast-le-Guildo was erg populair in de 19e eeuw en het was in die tijd dat de <strong>Hotels en villa's met uitzicht op de Smaragdzee<\/strong>. Het schiereiland is rijk aan toeristische routes en GR34 wandelpaden. De wijk Pointe de la Garde herbergt een aantal prachtige villa's met een opmerkelijk uitzicht over de zee.&nbsp;<strong>de Ebihens archipel&nbsp;<\/strong>en het schiereiland Saint-Jacut. Elke wandeling op het schiereiland biedt je een uitzicht op contrasterende en adembenemende landschappen en panorama's!<\/p>\n<\/div><\/div>\n\n\n\n<p><\/p>\n\n\n\n<p class=\"has-text-align-center texte-rond has-large-font-size\">Onze 4 campings in Saint-Cast-le-Guildo<\/p>\n\n\n\n<div class=\"wp-block-columns front-page-section grey is-layout-flex wp-container-core-columns-is-layout-28f84493 wp-block-columns-is-layout-flex\">\n<div class=\"wp-block-column is-layout-flow wp-block-column-is-layout-flow\"><\/div>\n\n\n\n<div class=\"wp-block-column is-layout-flow wp-block-column-is-layout-flow\">\n<div class=\"wp-block-create-block-sevgutenberg-navigation\"><aside class=\"encart-sev-navigation small carre\"><a href=\"https:\/\/mirabel-campings.com\/nl\/camping-les-mielles-saint-cast-le-guildo\/\" class=\"d-flex flex-column align-items-center\"><div class=\"encart-title\"><span>Les Mielles ****<\/span><\/div><div class=\"vague\"><\/div><img decoding=\"async\" src=\"https:\/\/mirabel-campings.com\/wp-content\/uploads\/2024\/03\/piscine-chauffee-mielles-bretagne-camping-Personnalise.jpg\" alt=\"Camping met directe toegang tot het strand Bretagne\"\/><div class=\"ligne\"><\/div><div class=\"hover\"><\/div><\/a><\/aside><\/div>\n<\/div>\n\n\n\n<div class=\"wp-block-column is-layout-flow wp-block-column-is-layout-flow\">\n<div class=\"wp-block-create-block-sevgutenberg-navigation\"><aside class=\"encart-sev-navigation small carre\"><a href=\"https:\/\/mirabel-campings.com\/nl\/camping-la-crique-saint-cast-le-guildo\/\" class=\"d-flex flex-column align-items-center\"><div class=\"encart-title\"><span>La Crique***<\/span><\/div><div class=\"vague\"><\/div><img decoding=\"async\" src=\"https:\/\/mirabel-campings.com\/wp-content\/uploads\/2022\/04\/camping-crique-fort-lalatte.jpg\" alt=\"camping la crique bretagne\"\/><div class=\"ligne\"><\/div><div class=\"hover\"><\/div><\/a><\/aside><\/div>\n<\/div>\n\n\n\n<div class=\"wp-block-column is-layout-flow wp-block-column-is-layout-flow\">\n<div class=\"wp-block-create-block-sevgutenberg-navigation\"><aside class=\"encart-sev-navigation small carre\"><a href=\"https:\/\/mirabel-campings.com\/nl\/camping-le-clos-tranquille-saint-cast-le-guildo\/\" class=\"d-flex flex-column align-items-center\"><div class=\"encart-title\"><span>Le Clos Tranquille **<\/span><\/div><div class=\"vague\"><\/div><img decoding=\"async\" src=\"https:\/\/mirabel-campings.com\/wp-content\/uploads\/2022\/04\/clos-tranquille-emplacement-tente.jpg\" alt=\"tentplaatsen le clos tranquille\"\/><div class=\"ligne\"><\/div><div class=\"hover\"><\/div><\/a><\/aside><\/div>\n<\/div>\n\n\n\n<div class=\"wp-block-column is-layout-flow wp-block-column-is-layout-flow\">\n<div class=\"wp-block-create-block-sevgutenberg-navigation\"><aside class=\"encart-sev-navigation small carre\"><a href=\"https:\/\/mirabel-campings.com\/nl\/camping-les-4-vaulx\/\" class=\"d-flex flex-column align-items-center\"><div class=\"encart-title\"><span>De 4 Vaulx **<\/span><\/div><div class=\"vague\"><\/div><img decoding=\"async\" src=\"https:\/\/mirabel-campings.com\/wp-content\/uploads\/2022\/04\/4-vaulx-1.jpg\" alt=\"\"\/><div class=\"ligne\"><\/div><div class=\"hover\"><\/div><\/a><\/aside><\/div>\n<\/div>\n\n\n\n<div class=\"wp-block-column is-layout-flow wp-block-column-is-layout-flow\"><\/div>\n<\/div>\n\n\n\n<p class=\"has-text-align-center texte-rond mt-5 has-large-font-size\"><\/p>","protected":false},"excerpt":{"rendered":"<p>Saint-Cast-le-Guildo &#8211; Station baln\u00e9aire en C\u00f4tes d&rsquo;Armor Que diriez-vous de vous \u00e9vader quelques jours sur une presqu&rsquo;\u00eele en Bretagne ? [&hellip;]<\/p>\n","protected":false},"author":1,"featured_media":0,"parent":1901,"menu_order":0,"comment_status":"closed","ping_status":"closed","template":"","meta":{"_seopress_robots_primary_cat":"","_seopress_titles_title":"Saint-Cast-le-Guildo - Station baln\u00e9aire en C\u00f4tes d'Armor","_seopress_titles_desc":"Profitez de nos campings Mirabel situ\u00e9s dans la petite commune de Saint Cast le Guildo. D\u00e9couvrez le Port d'Armor et ses 7 plages.","_seopress_robots_index":"","footnotes":""},"class_list":["post-9526","page","type-page","status-publish","hentry"],"_links":{"self":[{"href":"https:\/\/mirabel-campings.com\/nl\/wp-json\/wp\/v2\/pages\/9526","targetHints":{"allow":["GET"]}}],"collection":[{"href":"https:\/\/mirabel-campings.com\/nl\/wp-json\/wp\/v2\/pages"}],"about":[{"href":"https:\/\/mirabel-campings.com\/nl\/wp-json\/wp\/v2\/types\/page"}],"author":[{"embeddable":true,"href":"https:\/\/mirabel-campings.com\/nl\/wp-json\/wp\/v2\/users\/1"}],"replies":[{"embeddable":true,"href":"https:\/\/mirabel-campings.com\/nl\/wp-json\/wp\/v2\/comments?post=9526"}],"version-history":[{"count":12,"href":"https:\/\/mirabel-campings.com\/nl\/wp-json\/wp\/v2\/pages\/9526\/revisions"}],"predecessor-version":[{"id":9575,"href":"https:\/\/mirabel-campings.com\/nl\/wp-json\/wp\/v2\/pages\/9526\/revisions\/9575"}],"up":[{"embeddable":true,"href":"https:\/\/mirabel-campings.com\/nl\/wp-json\/wp\/v2\/pages\/1901"}],"wp:attachment":[{"href":"https:\/\/mirabel-campings.com\/nl\/wp-json\/wp\/v2\/media?parent=9526"}],"curies":[{"name":"wp","href":"https:\/\/api.w.org\/{rel}","templated":true}]}}